{"id":78928,"date":"2024-11-24T14:38:24","date_gmt":"2024-11-24T14:38:24","guid":{"rendered":"https:\/\/electromenagerexpress.com\/product\/mini-fourmoulinexyy2917fb-optimo\/"},"modified":"2025-01-08T17:25:46","modified_gmt":"2025-01-08T17:25:46","slug":"mini-fourmoulinexyy2917fb-optimo","status":"publish","type":"product","link":"https:\/\/electromenagerexpress.com\/en\/product\/mini-fourmoulinexyy2917fb-optimo\/","title":{"rendered":"Mini four\tMOULINEX YY2917FB optimo"},"content":{"rendered":"<div class=\"product-features__content\">\n<ul role=\"list\">\n<li class=\"product-features__item\" role=\"listitem\">\n<h3 class=\"product-features__label\">Caract\u00e9ristiques<\/h3>\n<ul role=\"list\">\n<li class=\"product-features__item-list__item\" role=\"listitem\"><span class=\"is--medium\">Type :<\/span> Mini four<\/li>\n<li class=\"product-features__item-list__item\" role=\"listitem\"><span class=\"is--medium\">Capacit\u00e9 utile :<\/span> 60 L<\/li>\n<li class=\"product-features__item-list__item\" role=\"listitem\"><span class=\"is--medium\">Porte :<\/span> Abattante<\/li>\n<li class=\"product-features__item-list__item\" role=\"listitem\"><span class=\"is--medium\">Colori :<\/span> Noir<\/li>\n<\/ul>\n<\/li>\n<li class=\"product-features__item\" role=\"listitem\">\n<h3 class=\"product-features__label\">Mode de Cuisson<\/h3>\n<ul role=\"list\">\n<li class=\"product-features__item-list__item\" role=\"listitem\"><span class=\"is--medium\">Puissance gril :<\/span> 1.200 W<\/li>\n<li class=\"product-features__item-list__item\" role=\"listitem\"><span class=\"is--medium\">Puissance r\u00e9sistances de chauffe :<\/span> 2.200 W<\/li>\n<li class=\"product-features__item-list__item\" role=\"listitem\"><span class=\"is--medium\">Type de chaleur :<\/span> Chaleur tournante<\/li>\n<li class=\"product-features__item-list__item\" role=\"listitem\"><span class=\"is--medium\">Puissance :<\/span> 2.200 W<\/li>\n<\/ul>\n<\/li>\n<li class=\"product-features__item\" role=\"listitem\">\n<h3 class=\"product-features__label\">Programmation<\/h3>\n<ul role=\"list\">\n<li class=\"product-features__item-list__item\" role=\"listitem\"><span class=\"is--medium\">Type de commande :<\/span> Electronique<\/li>\n<li class=\"product-features__item-list__item\" role=\"listitem\"><span class=\"is--medium\">Thermostat r\u00e9glable (en degr\u00e8s) :<\/span> Jusque 240\u00b0C<\/li>\n<li class=\"product-features__item-list__item\" role=\"listitem\"><span class=\"is--medium\">Arr\u00eat automatique :<\/span> Non<\/li>\n<li class=\"product-features__item-list__item\" role=\"listitem\"><span class=\"is--medium\">Minuterie :<\/span> 120 minutes<\/li>\n<\/ul>\n<\/li>\n<li class=\"product-features__item\" role=\"listitem\">\n<h3 class=\"product-features__label\">Fonctions sp\u00e9cifiques<\/h3>\n<ul role=\"list\">\n<li class=\"product-features__item-list__item\" role=\"listitem\"><span class=\"is--medium\">D\u00e9cong\u00e9lation :<\/span> Non<\/li>\n<li class=\"product-features__item-list__item\" role=\"listitem\"><span class=\"is--medium\">Tournebroche :<\/span> Non<\/li>\n<\/ul>\n<\/li>\n<li class=\"product-features__item\" role=\"listitem\">\n<h3 class=\"product-features__label\">Nettoyage<\/h3>\n<ul role=\"list\">\n<li class=\"product-features__item-list__item\" role=\"listitem\"><span class=\"is--medium\">Nettoyage :<\/span> Manuel<\/li>\n<\/ul>\n<\/li>\n<li class=\"product-features__item\" role=\"listitem\">\n<h3 class=\"product-features__label\">Informations compl\u00e9mentaires<\/h3>\n<ul role=\"list\">\n<li class=\"product-features__item-list__item\" role=\"listitem\"><span class=\"is--medium\">Fabriqu\u00e9 en :<\/span> Chine<\/li>\n<li class=\"product-features__item-list__item\" role=\"listitem\"><span class=\"is--medium\">Garantie :<\/span> 2 ans<\/li>\n<li class=\"product-features__item-list__item\" role=\"listitem\"><span class=\"is--medium\">Disponibilit\u00e9 des pi\u00e8ces d\u00e9tach\u00e9es :<\/span> Pendant 15 ans, \u00e0 compter de la date d&rsquo;achat<\/li>\n<li class=\"product-features__item-list__item\" role=\"listitem\"><span class=\"is--medium\">R\u00e9f\u00e9rence constructeur :<\/span> YY2917FB optimo<\/li>\n<li class=\"product-features__item-list__item\" role=\"listitem\"><span class=\"is--medium\">Marque :<\/span> MOULINEX<\/li>\n<\/ul>\n<\/li>\n<li class=\"product-features__item\" role=\"listitem\">\n<h3 class=\"product-features__label\">Dimensions<\/h3>\n<ul role=\"list\">\n<li class=\"product-features__item-list__item\" role=\"listitem\"><span class=\"is--medium\">Dimensions l x h x p :<\/span> 62.2 x 41.6 x 44 cm<\/li>\n<li class=\"product-features__item-list__item\" role=\"listitem\"><span class=\"is--medium\">Poids Net :<\/span> 16,10 Kg<\/li>\n<\/ul>\n<\/li>\n<\/ul>\n<\/div>\n<div class=\"product__disclosure-content\">\n<div class=\"js-read-more product-description__content read-more read-more--truncated\" style=\"max-height: 500px; overflow: hidden;\" data-read-more-name=\"description\">\n<p>Le Four chaleur tournante 60l Optimo Moulinex YY2917FB est un four tr\u00e8s grande capacit\u00e9 facile \u00e0 utiliser au quotidien.Four 60 L \u00e0 convection avec 7 modes de cuissonAvec ses 7 modes de cuisson, ce four \u00e0 chaleur tournante cuit tous les plats !1. Chaleur tournante, pour une cuisson rapide et homog\u00e8ne2. Convection naturelle, pour des pizzas ou quiches3. Grill, pour les saucisses, c\u00f4telettes ou gratins4. P\u00e2tisserie, pour de savoureuses recettes de desserts5. Bain-marie, pour r\u00e9aliser des cr\u00e8mes renvers\u00e9es et des terrines6. D\u00e9cong\u00e9lation pour d\u00e9congeler des aliments rapidement et uniform\u00e9ment7. Tournebroche, pour des volailles parfaitement r\u00f4ties. Son \u00e9l\u00e9gant design d?inspiration vintage est mis en valeur par une vitre fum\u00e9e qui ajoute une note de distinction \u00e0 ce four compact et n\u00e9anmoins de grande capacit\u00e9.Moulinex Optimo 60 L : le four \u00e0 convection ultra simple, de tr\u00e8s grande capacit\u00e9, pour une cuisson rapide et de plusieurs plats simultan\u00e9ment. Avec son design d?inspiration vintage, Optimo 60L est le four \u00e9lectrique \u00e0 chaleur tournante id\u00e9al pour cuisiner au quotidien. S\u00e9lectionnez ais\u00e9ment la temp\u00e9rature, la dur\u00e9e et le mode de cuisson souhait\u00e9s \u00e0 partir des 7 programmes existants et profitez de tous vos plats pr\u00e9f\u00e9r\u00e9s. Sa tr\u00e8s grande capacit\u00e9 permet de cuire deux plats en m\u00eame temps.Un four convivialFonctions m\u00e9caniques faciles \u00e0 utiliser avec 3 boutons : thermostat jusqu?\u00e0 240\u00b0C, minuteur jusqu?\u00e0 120 min, selection du type de cuisson.Four \u00e0 chaleur tournante avec fonction tournebrocheAvec ses 7 modes de cuisson, ce four \u00e0 chaleur tournante cuit et r\u00e9chauffe tous les plats !1. Chaleur tournante, pour une cuisson rapide et homog\u00e8ne2. Convection naturelle, pour des pizzas ou quiches3. Grill, pour les saucisses, c\u00f4telettes ou gratins4. P\u00e2tisserie, pour de savoureuses recettes de desserts5. Bain-marie, pour r\u00e9aliser des cr\u00e8mes renvers\u00e9es et des terrines6. D\u00e9cong\u00e9lation pour d\u00e9congeler des aliments rapidement et uniform\u00e9ment7. Tournebroche, pour des volailles parfaitement r\u00f4ties.Tr\u00e8s<\/p>\n<\/div>\n<\/div>\n<p>grandecapacit\u00e9 de 60 LSa g\u00e9n\u00e9reuse contenance de 60 L vous permet de cuire deux plats en m\u00eame temps gr\u00e2ce au mode chaleur tournante, pour une cuisson rapide et homog\u00e8ne.Un four pratiqueLe produit est accompagn\u00e9 de deux grilles r\u00e9versibles, d&rsquo;un l\u00e8che frites et d&rsquo;un kit tournebroche pour une grande vari\u00e9t\u00e9 de plats.Un design moderneCe design moderne, d?inspiration vintage, s&rsquo;int\u00e8gre parfaitement \u00e0 votre cuisine. L?\u00e9clairage int\u00e9rieur et la vitre fum\u00e9e ajoutent une touche d&rsquo;\u00e9l\u00e9gance.? Con\u00e7ue pour \u00eatre r\u00e9par\u00e9e facilement? Livraison rapide et \u00e9conomique de pi\u00e8ces d\u00e9tach\u00e9es pendant 10 ans? 6 500 centres de r\u00e9paration dans le mondeAvec le four \u00e0 chaleur tournante Optimo 60 l, chauffez et r\u00e9chauffez facilement tous vos plats. Son thermostatm\u00e9canique intuitif, son minuteur et ses fonctions de r\u00e9glage rendent simple son utilisation tandis que ses septmodes de cuisson ? chaleur tournante, chaleur traditionnelle, gril, p\u00e2tisserie, bain-marie, d\u00e9cong\u00e9lation ettournebroche ? permettent de r\u00e9aliser toutes les recettes. Pour parfaire le tout, il est dot\u00e9 de deux grillesr\u00e9versibles positionnables sur six hauteurs diff\u00e9rentes tandis que sa tr\u00e8s grande capacit\u00e9 de 60 l est id\u00e9ale pourune cuisson simultan\u00e9e. Son design d?inspiration vintage et ses \u00e9l\u00e9gantes finitions, dont une vitre fum\u00e9e et un\u00e9clairage int\u00e9rieur, font qu?il s?int\u00e8gre dans toute cuisine.<br \/>\nPuissance : 2200 W.<\/p>\n<div class=\"product__disclosure-content\">\n<div class=\"js-read-more product-description__content read-more read-more--truncated\" style=\"max-height: 500px; overflow: hidden;\" data-read-more-name=\"description\">\n<p>&nbsp;<\/p>\n<p>Puissance du gril : 1200 W.<br \/>\nCapacit\u00e9 totale : 60 L.<br \/>\nType de chauffage : Chaleur tournante.<br \/>\nThermostat : OUI.<br \/>\nTemp\u00e9rature max. : 240 \u00b0C.<br \/>\nDur\u00e9e du minuteur : 120 min.<br \/>\n\u00c9clairage int\u00e9rieur : OUI.<br \/>\nDimensions utiles de la cavit\u00e9 int\u00e9rieure (L x P x H) : 46 x 35.8 x 36.1 cm.<br \/>\nAccessoire 1 : Grille r\u00e9versible.<br \/>\nAccessoire 2 : Grille r\u00e9versible.<br \/>\nAccessoire 3 : L\u00e8che frites.<br \/>\nAutres : Tournebroche.<br \/>\nAutres caract\u00e9ristiques : Vitre fum\u00e9.<br \/>\n\u00c9clairage int\u00e9rieur : OUI.<br \/>\nLabel Thermorespect : OUI.<br \/>\nNombre de vitrage de la porte : 2.<br \/>\nColoris : Noir.<br \/>\nDimensions (L x l x H) : 622 x 440 x 416 (MM).<br \/>\nPoids net : 10.5 (KG).<br \/>\nPoids brut : 16,1 (KG).<\/p>\n<\/div>\n<\/div>\n<div class=\"product__disclosure-content\">\n<p>&nbsp;<\/p>\n<\/div>","protected":false},"excerpt":{"rendered":"<div class=\"keypoints\">\n<h3 class=\"keypoints__title\">Les points cl\u00e9s<\/h3>\n<ul role=\"list\">\n<li class=\"keypoints__item\" role=\"listitem\">62.2 x 41.6 x 44 cm<\/li>\n<li class=\"keypoints__item\" role=\"listitem\">Capacit\u00e9 utile : 60 L<\/li>\n<li class=\"keypoints__item\" role=\"listitem\">Chaleur tournante<\/li>\n<li class=\"keypoints__item\" role=\"listitem\">Puissance : 2.200 W<\/li>\n<li class=\"keypoints__item keypoints__item--advantage\" role=\"listitem\"><strong>Le + :<\/strong> La polyvalence de ses 7 modes de cuisson, sa large capacit\u00e9 et ses nombreux accessoires inclus<\/li>\n<\/ul>\n<\/div>","protected":false},"featured_media":78927,"template":"","meta":{"_glsr_average":0,"_glsr_ranking":0,"_glsr_reviews":0},"product_cat":[411],"product_tag":[230,412],"class_list":{"0":"post-78928","1":"product","2":"type-product","3":"status-publish","4":"has-post-thumbnail","6":"product_cat-mini-four","7":"product_tag-cuisine-et-cuisson","8":"product_tag-mini-four","10":"first","11":"instock","12":"sale","13":"shipping-taxable","14":"purchasable","15":"product-type-simple"},"_links":{"self":[{"href":"https:\/\/electromenagerexpress.com\/en\/wp-json\/wp\/v2\/product\/78928","targetHints":{"allow":["GET"]}}],"collection":[{"href":"https:\/\/electromenagerexpress.com\/en\/wp-json\/wp\/v2\/product"}],"about":[{"href":"https:\/\/electromenagerexpress.com\/en\/wp-json\/wp\/v2\/types\/product"}],"wp:featuredmedia":[{"embeddable":true,"href":"https:\/\/electromenagerexpress.com\/en\/wp-json\/wp\/v2\/media\/78927"}],"wp:attachment":[{"href":"https:\/\/electromenagerexpress.com\/en\/wp-json\/wp\/v2\/media?parent=78928"}],"wp:term":[{"taxonomy":"product_cat","embeddable":true,"href":"https:\/\/electromenagerexpress.com\/en\/wp-json\/wp\/v2\/product_cat?post=78928"},{"taxonomy":"product_tag","embeddable":true,"href":"https:\/\/electromenagerexpress.com\/en\/wp-json\/wp\/v2\/product_tag?post=78928"}],"curies":[{"name":"wp","href":"https:\/\/api.w.org\/{rel}","templated":true}]}}