{"id":78872,"date":"2024-11-24T14:37:35","date_gmt":"2024-11-24T14:37:35","guid":{"rendered":"https:\/\/electromenagerexpress.com\/product\/mini-foursmegcof01bleu\/"},"modified":"2025-01-08T17:16:01","modified_gmt":"2025-01-08T17:16:01","slug":"mini-foursmegcof01bleu","status":"publish","type":"product","link":"https:\/\/electromenagerexpress.com\/en\/product\/mini-foursmegcof01bleu\/","title":{"rendered":"Mini four\tSMEG\tCOF01BLEU"},"content":{"rendered":"<div class=\"product-features__content\">\n<ul role=\"list\">\n<li class=\"product-features__item\" role=\"listitem\">\n<h3 class=\"product-features__label\">Caract\u00e9ristiques<\/h3>\n<ul role=\"list\">\n<li class=\"product-features__item-list__item\" role=\"listitem\"><span class=\"is--medium\">Type :<\/span> Four combin\u00e9<\/li>\n<li class=\"product-features__item-list__item\" role=\"listitem\"><span class=\"is--medium\">Capacit\u00e9 utile :<\/span> 30 L<\/li>\n<li class=\"product-features__item-list__item\" role=\"listitem\"><span class=\"is--medium\">Porte :<\/span> Abattante<\/li>\n<li class=\"product-features__item-list__item\" role=\"listitem\"><span class=\"is--medium\">Eclairage int\u00e9rieur :<\/span> Oui<\/li>\n<li class=\"product-features__item-list__item\" role=\"listitem\"><span class=\"is--medium\">Horloge :<\/span> Oui<\/li>\n<li class=\"product-features__item-list__item\" role=\"listitem\"><span class=\"is--medium\">S\u00e9curit\u00e9 enfant :<\/span> Non<\/li>\n<li class=\"product-features__item-list__item\" role=\"listitem\"><span class=\"is--medium\">Nature de la cavit\u00e9 :<\/span> Email<\/li>\n<li class=\"product-features__item-list__item\" role=\"listitem\"><span class=\"is--medium\">Longueur du cordon :<\/span> 0 m<\/li>\n<li class=\"product-features__item-list__item\" role=\"listitem\"><span class=\"is--medium\">Colori :<\/span> Noir<\/li>\n<\/ul>\n<\/li>\n<li class=\"product-features__item\" role=\"listitem\">\n<h3 class=\"product-features__label\">Mode de Cuisson<\/h3>\n<ul role=\"list\">\n<li class=\"product-features__item-list__item\" role=\"listitem\"><span class=\"is--medium\">Convection naturelle :<\/span> 1.600 W<\/li>\n<li class=\"product-features__item-list__item\" role=\"listitem\"><span class=\"is--medium\">Puissance gril :<\/span> 900 W<\/li>\n<li class=\"product-features__item-list__item\" role=\"listitem\"><span class=\"is--medium\">Basse Temp\u00e9rature :<\/span> Non<\/li>\n<li class=\"product-features__item-list__item\" role=\"listitem\"><span class=\"is--medium\">Halog\u00e8ne :<\/span> Non<\/li>\n<li class=\"product-features__item-list__item\" role=\"listitem\"><span class=\"is--medium\">Type de chaleur :<\/span> Cuisson vapeur<\/li>\n<li class=\"product-features__item-list__item\" role=\"listitem\"><span class=\"is--medium\">Puissance :<\/span> 1.800 W<\/li>\n<li class=\"product-features__item-list__item\" role=\"listitem\"><span class=\"is--medium\">Fonction Airfryer :<\/span> oui, pour une cuisson saine, optimale et croustillante des frites, ailes de poulet&#8230;<\/li>\n<\/ul>\n<\/li>\n<li class=\"product-features__item\" role=\"listitem\">\n<h3 class=\"product-features__label\">Programmation<\/h3>\n<ul role=\"list\">\n<li class=\"product-features__item-list__item\" role=\"listitem\"><span class=\"is--medium\">Type de commande :<\/span> Electro-m\u00e9canique<\/li>\n<li class=\"product-features__item-list__item\" role=\"listitem\"><span class=\"is--medium\">Thermostat r\u00e9glable (en degr\u00e8s) :<\/span> 60 \u00e0 230<\/li>\n<li class=\"product-features__item-list__item\" role=\"listitem\"><span class=\"is--medium\">Arr\u00eat automatique :<\/span> Oui<\/li>\n<li class=\"product-features__item-list__item\" role=\"listitem\"><span class=\"is--medium\">Signal sonore de fin de cuisson :<\/span> Oui<\/li>\n<li class=\"product-features__item-list__item\" role=\"listitem\"><span class=\"is--medium\">D\u00e9part diff\u00e9r\u00e9 (en h) :<\/span> Non<\/li>\n<li class=\"product-features__item-list__item\" role=\"listitem\"><span class=\"is--medium\">Minuterie :<\/span> 12 heures<\/li>\n<\/ul>\n<\/li>\n<li class=\"product-features__item\" role=\"listitem\">\n<h3 class=\"product-features__label\">Fonctions sp\u00e9cifiques<\/h3>\n<ul role=\"list\">\n<li class=\"product-features__item-list__item\" role=\"listitem\"><span class=\"is--medium\">D\u00e9cong\u00e9lation :<\/span> Non<\/li>\n<li class=\"product-features__item-list__item\" role=\"listitem\"><span class=\"is--medium\">Cuisson vapeur :<\/span> Permet de cuisiner sainement vos aliments et de ne pas les dess\u00e9cher pendant la cuisson et de pr\u00e9server de nombreuses vitamines.<\/li>\n<li class=\"product-features__item-list__item\" role=\"listitem\"><span class=\"is--medium\">Capacit\u00e9 du r\u00e9servoir \u00e0 vapeur :<\/span> 0,80 L<\/li>\n<li class=\"product-features__item-list__item\" role=\"listitem\"><span class=\"is--medium\">Tournebroche :<\/span> Non<\/li>\n<li class=\"product-features__item-list__item\" role=\"listitem\"><span class=\"is--medium\">Recettes programm\u00e9es :<\/span> Non<\/li>\n<li class=\"product-features__item-list__item\" role=\"listitem\"><span class=\"is--medium\">P\u00e2tisserie :<\/span> Non<\/li>\n<li class=\"product-features__item-list__item\" role=\"listitem\"><span class=\"is--medium\">Fonction maintien au chaud :<\/span> Non<\/li>\n<li class=\"product-features__item-list__item\" role=\"listitem\"><span class=\"is--medium\">Fonction pizza :<\/span> Non<\/li>\n<li class=\"product-features__item-list__item\" role=\"listitem\"><span class=\"is--medium\">Fonction chaleur tournante :<\/span> Non<\/li>\n<li class=\"product-features__item-list__item\" role=\"listitem\"><span class=\"is--medium\">Fonction friteuse :<\/span> Non<\/li>\n<li class=\"product-features__item-list__item\" role=\"listitem\"><span class=\"is--medium\">Fonction grill :<\/span> Non<\/li>\n<li class=\"product-features__item-list__item\" role=\"listitem\"><span class=\"is--medium\">Fonction r\u00e9chauffage :<\/span> Oui<\/li>\n<\/ul>\n<\/li>\n<li class=\"product-features__item\" role=\"listitem\">\n<h3 class=\"product-features__label\">Nettoyage<\/h3>\n<ul role=\"list\">\n<li class=\"product-features__item-list__item\" role=\"listitem\"><span class=\"is--medium\">Plateau ramasse-miettes amovible :<\/span> Non<\/li>\n<li class=\"product-features__item-list__item\" role=\"listitem\"><span class=\"is--medium\">Nettoyage :<\/span> Manuel<\/li>\n<\/ul>\n<\/li>\n<li class=\"product-features__item\" role=\"listitem\">\n<h3 class=\"product-features__label\">Informations compl\u00e9mentaires<\/h3>\n<ul role=\"list\">\n<li class=\"product-features__item-list__item\" role=\"listitem\"><span class=\"is--medium\">Fabriqu\u00e9 en :<\/span> Italie<\/li>\n<li class=\"product-features__item-list__item\" role=\"listitem\"><span class=\"is--medium\">Garantie :<\/span> 2 ans<\/li>\n<li class=\"product-features__item-list__item\" role=\"listitem\"><span class=\"is--medium\">Disponibilit\u00e9 des pi\u00e8ces d\u00e9tach\u00e9es\u00a0 :<\/span> Pendant 10 ans, \u00e0 compter de la date d&rsquo;achat<\/li>\n<li class=\"product-features__item-list__item\" role=\"listitem\"><span class=\"is--medium\">R\u00e9f\u00e9rence constructeur :<\/span> COF01BLEU<\/li>\n<li class=\"product-features__item-list__item\" role=\"listitem\"><span class=\"is--medium\">Marque :<\/span> SMEG<\/li>\n<\/ul>\n<\/li>\n<li class=\"product-features__item\" role=\"listitem\">\n<h3 class=\"product-features__label\">Dimensions<\/h3>\n<ul role=\"list\">\n<li class=\"product-features__item-list__item\" role=\"listitem\"><span class=\"is--medium\">Dimensions l x h x p :<\/span> 50 x 40 x 51 cm<\/li>\n<li class=\"product-features__item-list__item\" role=\"listitem\"><span class=\"is--medium\">Poids Net :<\/span> 19,00 Kg<\/li>\n<li class=\"product-features__item-list__item\" role=\"listitem\"><span class=\"is--medium\">Poids Brut :<\/span> 26,20 Kg<\/li>\n<\/ul>\n<\/li>\n<\/ul>\n<\/div>\n<div class=\"product__disclosure-content\">\n<div class=\"js-read-more product-description__content read-more read-more--truncated\" style=\"max-height: 500px; overflow: hidden;\" data-read-more-name=\"description\">\n<div class=\"product__description-content read-more\">\n<p>Mini four SMEG COF01BLEU : l&rsquo;alliance de l&rsquo;\u00e9l\u00e9gance et de la polyvalence<\/p>\n<h3>Design r\u00e9tro et technologie moderne<\/h3>\n<p>Le Mini four SMEG COF01BLEU se distingue par son esth\u00e9tique inspir\u00e9e des ann\u00e9es 50, offrant une touche d&rsquo;\u00e9l\u00e9gance intemporelle \u00e0 votre cuisine. Dot\u00e9 de touches grises et d&rsquo;un levier en plastique noir, ce mod\u00e8le arbore un corps noir avec une finition brillante et une porte transparente \u00e0 la face mate, encadr\u00e9e de plastique poli. L&rsquo;int\u00e9rieur en inox garantit une durabilit\u00e9 et une facilit\u00e9 de nettoyage exceptionnelles. Avec son \u00e9clairage halog\u00e8ne et sa porte abattante \u00e9quip\u00e9e de trois vitres, ce mini four combine avec brio le charme du pass\u00e9 et les avanc\u00e9es technologiques actuelles.<\/p>\n<h3>Performances culinaires et facilit\u00e9 d&rsquo;utilisation<\/h3>\n<p>Le COF01BLEU excelle dans la diversit\u00e9 de ses fonctions de cuisson, avec 10 programmes incluant des options de vapeur pure et combin\u00e9e, Air Fry, et un menu Chef de 33 recettes automatiques. Sa capacit\u00e9 de 30 litres et sa temp\u00e9rature r\u00e9glable \u00e9lectroniquement de 40 \u00e0 230 \u00b0C permettent de s&rsquo;adapter \u00e0 tous les besoins culinaires. L&rsquo;appareil est \u00e9galement \u00e9quip\u00e9 d&rsquo;un r\u00e9servoir d&rsquo;eau amovible de 0,8 litre et d&rsquo;une fonction de d\u00e9tartrage, assurant une maintenance ais\u00e9e. Les commandes intuitives, l&rsquo;affichage LCD couleur et les manettes chrom\u00e9es brillantes facilitent la s\u00e9lection des programmes, tandis que les accessoires inclus, tels que la grille en inox et les l\u00e8chefrites, offrent une grande vari\u00e9t\u00e9 d&rsquo;options de cuisson pour explorer toutes vos envies gastronomiques.<\/p>\n<\/div>\n<\/div>\n<\/div>\n<p>&nbsp;<\/p>\n<p>&nbsp;<\/p>\n<p>&nbsp;<\/p>\n<p>&nbsp;<\/p>\n<div class=\"product__disclosure-content\">\n<p>&nbsp;<\/p>\n<p>&nbsp;<\/p>\n<\/div>","protected":false},"excerpt":{"rendered":"<div class=\"keypoints\">\n<h3 class=\"keypoints__title\">Les points cl\u00e9s<\/h3>\n<ul role=\"list\">\n<li class=\"keypoints__item\" role=\"listitem\">50 x 40 x 51 cm<\/li>\n<li class=\"keypoints__item\" role=\"listitem\">Capacit\u00e9 utile : 30 L<\/li>\n<li class=\"keypoints__item\" role=\"listitem\">Cuisson vapeur<\/li>\n<li class=\"keypoints__item\" role=\"listitem\">Puissance : 1.800 W<\/li>\n<li class=\"keypoints__item keypoints__item--advantage\" role=\"listitem\"><strong>Le + :<\/strong> 3 menus multi-cuisson avec 33 recettes int\u00e9gr\u00e9es &#8211; Fonction vapeur<\/li>\n<\/ul>\n<p>&nbsp;<\/p>\n<\/div>","protected":false},"featured_media":78871,"template":"","meta":{"_glsr_average":0,"_glsr_ranking":0,"_glsr_reviews":0},"product_cat":[411],"product_tag":[230,412],"class_list":{"0":"post-78872","1":"product","2":"type-product","3":"status-publish","4":"has-post-thumbnail","6":"product_cat-mini-four","7":"product_tag-cuisine-et-cuisson","8":"product_tag-mini-four","10":"first","11":"instock","12":"sale","13":"shipping-taxable","14":"purchasable","15":"product-type-simple"},"_links":{"self":[{"href":"https:\/\/electromenagerexpress.com\/en\/wp-json\/wp\/v2\/product\/78872","targetHints":{"allow":["GET"]}}],"collection":[{"href":"https:\/\/electromenagerexpress.com\/en\/wp-json\/wp\/v2\/product"}],"about":[{"href":"https:\/\/electromenagerexpress.com\/en\/wp-json\/wp\/v2\/types\/product"}],"wp:featuredmedia":[{"embeddable":true,"href":"https:\/\/electromenagerexpress.com\/en\/wp-json\/wp\/v2\/media\/78871"}],"wp:attachment":[{"href":"https:\/\/electromenagerexpress.com\/en\/wp-json\/wp\/v2\/media?parent=78872"}],"wp:term":[{"taxonomy":"product_cat","embeddable":true,"href":"https:\/\/electromenagerexpress.com\/en\/wp-json\/wp\/v2\/product_cat?post=78872"},{"taxonomy":"product_tag","embeddable":true,"href":"https:\/\/electromenagerexpress.com\/en\/wp-json\/wp\/v2\/product_tag?post=78872"}],"curies":[{"name":"wp","href":"https:\/\/api.w.org\/{rel}","templated":true}]}}