{"id":78844,"date":"2024-11-24T14:37:09","date_gmt":"2024-11-24T14:37:09","guid":{"rendered":"https:\/\/electromenagerexpress.com\/product\/mini-fourmoulinexdelicio-ox283810-39l\/"},"modified":"2025-01-08T17:27:26","modified_gmt":"2025-01-08T17:27:26","slug":"mini-fourmoulinexdelicio-ox283810-39l","status":"publish","type":"product","link":"https:\/\/electromenagerexpress.com\/en\/product\/mini-fourmoulinexdelicio-ox283810-39l\/","title":{"rendered":"Mini four\tMOULINEX\tDELICIO OX283810 39L"},"content":{"rendered":"<div class=\"product-features__content\">\n<ul role=\"list\">\n<li class=\"product-features__item\" role=\"listitem\">\n<h3 class=\"product-features__label\">Caract\u00e9ristiques<\/h3>\n<ul role=\"list\">\n<li class=\"product-features__item-list__item\" role=\"listitem\"><span class=\"is--medium\">Type :<\/span> Mini four<\/li>\n<li class=\"product-features__item-list__item\" role=\"listitem\"><span class=\"is--medium\">Capacit\u00e9 utile :<\/span> 39 L<\/li>\n<li class=\"product-features__item-list__item\" role=\"listitem\"><span class=\"is--medium\">Porte :<\/span> Abattante<\/li>\n<li class=\"product-features__item-list__item\" role=\"listitem\"><span class=\"is--medium\">Eclairage int\u00e9rieur :<\/span> Oui<\/li>\n<li class=\"product-features__item-list__item\" role=\"listitem\"><span class=\"is--medium\">Horloge :<\/span> Oui<\/li>\n<li class=\"product-features__item-list__item\" role=\"listitem\"><span class=\"is--medium\">S\u00e9curit\u00e9 enfant :<\/span> Non<\/li>\n<li class=\"product-features__item-list__item\" role=\"listitem\"><span class=\"is--medium\">Nature de la cavit\u00e9 :<\/span> Anti-adh\u00e9rente<\/li>\n<li class=\"product-features__item-list__item\" role=\"listitem\"><span class=\"is--medium\">Longueur du cordon :<\/span> 1 m<\/li>\n<li class=\"product-features__item-list__item\" role=\"listitem\"><span class=\"is--medium\">Gamme :<\/span> MOULINEX DELICIO OX283810<\/li>\n<li class=\"product-features__item-list__item\" role=\"listitem\"><span class=\"is--medium\">Colori :<\/span> Noir<\/li>\n<\/ul>\n<\/li>\n<li class=\"product-features__item\" role=\"listitem\">\n<h3 class=\"product-features__label\">Mode de Cuisson<\/h3>\n<ul role=\"list\">\n<li class=\"product-features__item-list__item\" role=\"listitem\"><span class=\"is--medium\">Chaleur tournante :<\/span> 2.200 W<\/li>\n<li class=\"product-features__item-list__item\" role=\"listitem\"><span class=\"is--medium\">Puissance gril :<\/span> 1.200 W<\/li>\n<li class=\"product-features__item-list__item\" role=\"listitem\"><span class=\"is--medium\">Basse Temp\u00e9rature :<\/span> Un r\u00e9sultat tendre et juteux : la cuisson basse temp\u00e9rature (inf\u00e9rieure \u00e0 100\u00b0C) est utilis\u00e9 pour les viandes et poissons. Cette cuisson offre un moelleux unique, des saveurs conserv\u00e9s et pr\u00e9serve votre four de la salissure<\/li>\n<li class=\"product-features__item-list__item\" role=\"listitem\"><span class=\"is--medium\">Type de chaleur :<\/span> Chaleur tournante<\/li>\n<li class=\"product-features__item-list__item\" role=\"listitem\"><span class=\"is--medium\">Puissance :<\/span> 2.200 W<\/li>\n<\/ul>\n<\/li>\n<li class=\"product-features__item\" role=\"listitem\">\n<h3 class=\"product-features__label\">Programmation<\/h3>\n<ul role=\"list\">\n<li class=\"product-features__item-list__item\" role=\"listitem\"><span class=\"is--medium\">Type de commande :<\/span> M\u00e9canique<\/li>\n<li class=\"product-features__item-list__item\" role=\"listitem\"><span class=\"is--medium\">Thermostat r\u00e9glable (en degr\u00e8s) :<\/span> Jusque 240\u00b0C<\/li>\n<li class=\"product-features__item-list__item\" role=\"listitem\"><span class=\"is--medium\">Arr\u00eat automatique :<\/span> Oui<\/li>\n<li class=\"product-features__item-list__item\" role=\"listitem\"><span class=\"is--medium\">Signal sonore de fin de cuisson :<\/span> Oui<\/li>\n<li class=\"product-features__item-list__item\" role=\"listitem\"><span class=\"is--medium\">D\u00e9part diff\u00e9r\u00e9 (en h) :<\/span> Jusqu&rsquo;\u00e0 3h<\/li>\n<li class=\"product-features__item-list__item\" role=\"listitem\"><span class=\"is--medium\">Minuterie :<\/span> 8 heures<\/li>\n<\/ul>\n<\/li>\n<li class=\"product-features__item\" role=\"listitem\">\n<h3 class=\"product-features__label\">Fonctions sp\u00e9cifiques<\/h3>\n<ul role=\"list\">\n<li class=\"product-features__item-list__item\" role=\"listitem\"><span class=\"is--medium\">D\u00e9cong\u00e9lation :<\/span> Non<\/li>\n<li class=\"product-features__item-list__item\" role=\"listitem\"><span class=\"is--medium\">Tournebroche :<\/span> Non<\/li>\n<li class=\"product-features__item-list__item\" role=\"listitem\"><span class=\"is--medium\">Fonction maintien au chaud :<\/span> Non<\/li>\n<li class=\"product-features__item-list__item\" role=\"listitem\"><span class=\"is--medium\">Fonction chaleur tournante :<\/span> Oui<\/li>\n<li class=\"product-features__item-list__item\" role=\"listitem\"><span class=\"is--medium\">Fonction Bain Marie :<\/span> Non<\/li>\n<li class=\"product-features__item-list__item\" role=\"listitem\"><span class=\"is--medium\">Fonction grill :<\/span> Oui<\/li>\n<\/ul>\n<\/li>\n<li class=\"product-features__item\" role=\"listitem\">\n<h3 class=\"product-features__label\">Nettoyage<\/h3>\n<ul role=\"list\">\n<li class=\"product-features__item-list__item\" role=\"listitem\"><span class=\"is--medium\">Type de rev\u00eatement :<\/span> Antiadh\u00e9sif<\/li>\n<li class=\"product-features__item-list__item\" role=\"listitem\"><span class=\"is--medium\">Nettoyage :<\/span> Manuel<\/li>\n<\/ul>\n<\/li>\n<li class=\"product-features__item\" role=\"listitem\">\n<h3 class=\"product-features__label\">Informations compl\u00e9mentaires<\/h3>\n<ul role=\"list\">\n<li class=\"product-features__item-list__item\" role=\"listitem\"><span class=\"is--medium\">Fabriqu\u00e9 en :<\/span> Chine<\/li>\n<li class=\"product-features__item-list__item\" role=\"listitem\"><span class=\"is--medium\">Garantie :<\/span> 2 ans<\/li>\n<li class=\"product-features__item-list__item\" role=\"listitem\"><span class=\"is--medium\">Disponibilit\u00e9 des pi\u00e8ces d\u00e9tach\u00e9es (donn\u00e9es fournisseur) :<\/span> Pendant 15 ans, \u00e0 compter de la date d&rsquo;achat<\/li>\n<li class=\"product-features__item-list__item\" role=\"listitem\"><span class=\"is--medium\">R\u00e9f\u00e9rence constructeur :<\/span> DELICIO OX283810 39L<\/li>\n<li class=\"product-features__item-list__item\" role=\"listitem\"><span class=\"is--medium\">Marque :<\/span> MOULINEX<\/li>\n<\/ul>\n<\/li>\n<li class=\"product-features__item\" role=\"listitem\">\n<h3 class=\"product-features__label\">Dimensions<\/h3>\n<ul role=\"list\">\n<li class=\"product-features__item-list__item\" role=\"listitem\"><span class=\"is--medium\">Dimensions l x h x p :<\/span> 55.7 x 37 x 43.3 cm<\/li>\n<li class=\"product-features__item-list__item\" role=\"listitem\"><span class=\"is--medium\">Poids Net :<\/span> 13,50 Kg<\/li>\n<li class=\"product-features__item-list__item\" role=\"listitem\"><span class=\"is--medium\">Poids Brut :<\/span> 16,50 Kg<\/li>\n<\/ul>\n<\/li>\n<\/ul>\n<\/div>\n<div class=\"product__disclosure-content\">\n<div class=\"js-read-more product-description__content read-more read-more--truncated\" style=\"max-height: 500px; overflow: hidden;\" data-read-more-name=\"description\">\n<p>\u00c0 la recherche d&rsquo;un four pr\u00eat \u00e0 satisfaire tous vos besoins en mati\u00e8re de cuisson et de r\u00f4tissage ? Avec sa largeur de 55,7 cm et sa hauteur de 37 cm combin\u00e9es \u00e0 sa profondeur de 43,3 cm, le four MOULINEX DELICIO OX283810 accueillera les repas copieux de toute votre famille !<\/p>\n<h3>4 modes de cuisson pour des plats r\u00e9ussis haut la main<\/h3>\n<p>Le four MOULINEX DELICIO OX283810 vous permettra de <b>b\u00e9n\u00e9ficier de 4 modes de cuisson compl\u00e9mentaires<\/b>, gages de recettes croustillantes en surface et fondantes \u00e0 coeur en un temps record ! La chaleur tournante sera id\u00e9ale pour cuisiner 2 plats simultan\u00e9ment ou pour mettre le poulet et le poisson en valeur, tandis que la chaleur traditionnelle se chargera de sublimer votre r\u00f4ti de porc ou de boeuf.<\/p>\n<p>Vous souhaitez faire griller des saucisses, des c\u00f4telettes ou encore faire dorer vos gratins ? Faites confiance \u00e0 la chaleur Turbo Gril propos\u00e9e par le four MOULINEX DELICIO OX283810 pour vous offrir des r\u00e9sultats dor\u00e9s \u00e0 souhait ! <b>La cuisson \u00e0 basse temp\u00e9rature sous 75 \u00b0C<\/b>, quant \u00e0 elle, vous garantira une cuisson douce et homog\u00e8ne, synonyme de plats aux saveurs et aux qualit\u00e9s nutritives conserv\u00e9es.<\/p>\n<h3>Une cavit\u00e9 d&rsquo;une capacit\u00e9 de 39 L, mais pas seulement<\/h3>\n<\/div>\n<\/div>\n<div class=\"product__disclosure-content\">\n<div class=\"js-read-more product-description__content read-more read-more--truncated\" style=\"max-height: 500px; overflow: hidden;\" data-read-more-name=\"description\">\n<p>En plus de vous offrir ??des performances de chauffe capables d&rsquo;atteindre les 240 \u00b0C pour des r\u00e9sultats de cuisson parfaits, le four MOULINEX DELICIO OX283810 d\u00e9voilera \u00e9galement un <b>minuteur digital vous offrant la possibilit\u00e9 de programmer un d\u00e9part diff\u00e9r\u00e9 jusqu&rsquo;\u00e0 3 h apr\u00e8s son lancement<\/b> : optimal pour renforcer votre autonomie.<\/p>\n<p>Ne perdez plus votre temps \u00e0 d\u00e9sencrasser votre four. Le rev\u00eatement anti-adh\u00e9sif qui compose le MOULINEX DELICIO OX283810 vous garantira <b>un nettoyage de sa cavit\u00e9 en toute simplicit\u00e9<\/b>. Sa vitre int\u00e9rieure amovible, quant \u00e0 elle, passera volontiers au lave-vaisselle, pour que vous n&rsquo;ayez d\u00e9finitivement plus besoin d&rsquo;huile de coude !<\/p>\n<\/div>\n<p>&nbsp;<\/p>\n<\/div>","protected":false},"excerpt":{"rendered":"<div class=\"keypoints\">\n<h3 class=\"keypoints__title\">Les points cl\u00e9s<\/h3>\n<ul role=\"list\">\n<li class=\"keypoints__item\" role=\"listitem\">55.7 x 37 x 43.3 cm<\/li>\n<li class=\"keypoints__item\" role=\"listitem\">Capacit\u00e9 utile : 39 L<\/li>\n<li class=\"keypoints__item\" role=\"listitem\">Chaleur tournante<\/li>\n<li class=\"keypoints__item\" role=\"listitem\">Puissance : 2.200 W<\/li>\n<li class=\"keypoints__item keypoints__item--advantage\" role=\"listitem\"><strong>Le + :<\/strong> 4 modes de cuisson pour des plats r\u00e9ussis<\/li>\n<\/ul>\n<\/div>","protected":false},"featured_media":78843,"template":"","meta":{"_glsr_average":0,"_glsr_ranking":0,"_glsr_reviews":0},"product_cat":[411],"product_tag":[230,412],"class_list":{"0":"post-78844","1":"product","2":"type-product","3":"status-publish","4":"has-post-thumbnail","6":"product_cat-mini-four","7":"product_tag-cuisine-et-cuisson","8":"product_tag-mini-four","10":"first","11":"instock","12":"sale","13":"shipping-taxable","14":"purchasable","15":"product-type-simple"},"_links":{"self":[{"href":"https:\/\/electromenagerexpress.com\/en\/wp-json\/wp\/v2\/product\/78844","targetHints":{"allow":["GET"]}}],"collection":[{"href":"https:\/\/electromenagerexpress.com\/en\/wp-json\/wp\/v2\/product"}],"about":[{"href":"https:\/\/electromenagerexpress.com\/en\/wp-json\/wp\/v2\/types\/product"}],"wp:featuredmedia":[{"embeddable":true,"href":"https:\/\/electromenagerexpress.com\/en\/wp-json\/wp\/v2\/media\/78843"}],"wp:attachment":[{"href":"https:\/\/electromenagerexpress.com\/en\/wp-json\/wp\/v2\/media?parent=78844"}],"wp:term":[{"taxonomy":"product_cat","embeddable":true,"href":"https:\/\/electromenagerexpress.com\/en\/wp-json\/wp\/v2\/product_cat?post=78844"},{"taxonomy":"product_tag","embeddable":true,"href":"https:\/\/electromenagerexpress.com\/en\/wp-json\/wp\/v2\/product_tag?post=78844"}],"curies":[{"name":"wp","href":"https:\/\/api.w.org\/{rel}","templated":true}]}}