{"id":78827,"date":"2024-11-24T14:36:53","date_gmt":"2024-11-24T14:36:53","guid":{"rendered":"https:\/\/electromenagerexpress.com\/product\/extracteur-de-jusbiochefatlas-pro-juicer-noir\/"},"modified":"2024-11-24T14:36:56","modified_gmt":"2024-11-24T14:36:56","slug":"extracteur-de-jusbiochefatlas-pro-juicer-noir","status":"publish","type":"product","link":"https:\/\/electromenagerexpress.com\/en\/product\/extracteur-de-jusbiochefatlas-pro-juicer-noir\/","title":{"rendered":"Extracteur de jus\t\t\t\t\t\t\tBIOCHEF\t\t\t\tAtlas Pro Juicer &#8211; Noir"},"content":{"rendered":"<div class=\"product-features__content\">\n<ul role=\"list\">\n<li class=\"product-features__item\" role=\"listitem\">\n<h3 class=\"product-features__label\">Caract\u00e9ristiques g\u00e9n\u00e9rales<\/h3>\n<ul role=\"list\">\n<li class=\"product-features__item-list__item\" role=\"listitem\"><span class=\"is--medium\">Type produit :<\/span> Extracteur de jus\t\t\t\t\t<\/li>\n<li class=\"product-features__item-list__item\" role=\"listitem\"><span class=\"is--medium\">Mati\u00e8re du corps :<\/span> Plastique\t\t\t\t\t<\/li>\n<li class=\"product-features__item-list__item\" role=\"listitem\"><span class=\"is--medium\">Couleur :<\/span> Noir\t\t\t\t\t<\/li>\n<li class=\"product-features__item-list__item\" role=\"listitem\"><span class=\"is--medium\">Goulotte extra large :<\/span> Oui\t\t\t\t\t<\/li>\n<li class=\"product-features__item-list__item\" role=\"listitem\"><span class=\"is--medium\">Rangement cordon :<\/span> Non\t\t\t\t\t<\/li>\n<li class=\"product-features__item-list__item\" role=\"listitem\"><span class=\"is--medium\">Longueur du cordon :<\/span> 1,00 m\t\t\t\t\t<\/li>\n<li class=\"product-features__item-list__item\" role=\"listitem\"><span class=\"is--medium\">Certaines pi\u00e8ces compatibles au lave vaisselle :<\/span> Oui\t\t\t\t\t<\/li>\n<li class=\"product-features__item-list__item\" role=\"listitem\"><span class=\"is--medium\">Particularit\u00e9 :<\/span> Extracteur de jus de qulit\u00e9 professionnelle, puissance moteur 400 watts\t\t\t\t\t<\/li>\n<li class=\"product-features__item-list__item\" role=\"listitem\"><span class=\"is--medium\">Position de l&rsquo;appareil :<\/span> Vertical\t\t\t\t\t<\/li>\n<\/ul>\n<\/li>\n<li class=\"product-features__item\" role=\"listitem\">\n<h3 class=\"product-features__label\">Moteur<\/h3>\n<ul role=\"list\">\n<li class=\"product-features__item-list__item\" role=\"listitem\"><span class=\"is--medium\">Puissance :<\/span> 400 W\t\t\t\t\t<\/li>\n<li class=\"product-features__item-list__item\" role=\"listitem\"><span class=\"is--medium\">Nombre de vitesses :<\/span> 1\t\t\t\t\t<\/li>\n<li class=\"product-features__item-list__item\" role=\"listitem\"><span class=\"is--medium\">Vitesse mini :<\/span> 40 tr\/mn\t\t\t\t\t<\/li>\n<li class=\"product-features__item-list__item\" role=\"listitem\"><span class=\"is--medium\">Vitesse maxi :<\/span> 40 tr\/mn\t\t\t\t\t<\/li>\n<li class=\"product-features__item-list__item\" role=\"listitem\"><span class=\"is--medium\">Moteur asynchrone :<\/span> Moteur asynchrone : Il permet une faible consommation et une puissance d&rsquo;extraction importante\t\t\t\t\t<\/li>\n<li class=\"product-features__item-list__item\" role=\"listitem\"><span class=\"is--medium\">Fonction reverse :<\/span> Oui\t\t\t\t\t<\/li>\n<\/ul>\n<\/li>\n<li class=\"product-features__item\" role=\"listitem\">\n<h3 class=\"product-features__label\">Pichet verseur<\/h3>\n<ul role=\"list\">\n<li class=\"product-features__item-list__item\" role=\"listitem\"><span class=\"is--medium\">Capacit\u00e9 :<\/span> 0,75 L\t\t\t\t\t<\/li>\n<li class=\"product-features__item-list__item\" role=\"listitem\"><span class=\"is--medium\">S\u00e9parateur de pulpe :<\/span> Oui\t\t\t\t\t<\/li>\n<li class=\"product-features__item-list__item\" role=\"listitem\"><span class=\"is--medium\">Herm\u00e9tique :<\/span> Non\t\t\t\t\t<\/li>\n<li class=\"product-features__item-list__item\" role=\"listitem\"><span class=\"is--medium\">S\u00e9parateur de mousse :<\/span> Non\t\t\t\t\t<\/li>\n<li class=\"product-features__item-list__item\" role=\"listitem\"><span class=\"is--medium\">Pichet verseur :<\/span> Oui\t\t\t\t\t<\/li>\n<\/ul>\n<\/li>\n<li class=\"product-features__item\" role=\"listitem\">\n<h3 class=\"product-features__label\">Bec verseur<\/h3>\n<ul role=\"list\">\n<li class=\"product-features__item-list__item\" role=\"listitem\"><span class=\"is--medium\">Mati\u00e8re :<\/span> Plastique\t\t\t\t\t<\/li>\n<li class=\"product-features__item-list__item\" role=\"listitem\"><span class=\"is--medium\">Syst\u00e8me anti gouttes :<\/span> Oui\t\t\t\t\t<\/li>\n<li class=\"product-features__item-list__item\" role=\"listitem\"><span class=\"is--medium\">Ecoulement direct :<\/span> Oui\t\t\t\t\t<\/li>\n<\/ul>\n<\/li>\n<li class=\"product-features__item\" role=\"listitem\">\n<h3 class=\"product-features__label\">Informations compl\u00e9mentaires<\/h3>\n<ul role=\"list\">\n<li class=\"product-features__item-list__item\" role=\"listitem\"><span class=\"is--medium\">Disponibilit\u00e9 des pi\u00e8ces d\u00e9tach\u00e9es (donn\u00e9es fournisseur) :<\/span> Non communiqu\u00e9e\t\t\t\t\t<\/li>\n<li class=\"product-features__item-list__item\" role=\"listitem\"><span class=\"is--medium\">Fabriqu\u00e9 en :<\/span> Chine\t\t\t\t\t<\/li>\n<\/ul>\n<\/li>\n<li class=\"product-features__item\" role=\"listitem\">\n<h3 class=\"product-features__label\">Dimensions<\/h3>\n<ul role=\"list\">\n<li class=\"product-features__item-list__item\" role=\"listitem\"><span class=\"is--medium\">Dimensions l x h x p :<\/span> 16 x 45 x 21 cm\t\t\t\t\t<\/li>\n<li class=\"product-features__item-list__item\" role=\"listitem\"><span class=\"is--medium\">Poids Net :<\/span> 7,10 Kg\t\t\t\t\t<\/li>\n<li class=\"product-features__item-list__item\" role=\"listitem\"><span class=\"is--medium\">Poids Brut :<\/span> 7,10 Kg\t\t\t\t\t<\/li>\n<\/ul>\n<\/li>\n<\/ul>\n<\/div>\n<div class=\"product__disclosure-content\">\n<div class=\"js-read-more product-description__content\" data-read-more-name=\"description\" style=\"max-height: 500px; overflow: hidden;\">\n<p>L&rsquo;extracteur de jus BioChef Atlas Pro offre une vis sans fin nouvelle g\u00e9n\u00e9ration, un moteur de qualit\u00e9 commerciale d&rsquo;une puissance maximale de 400w, des pi\u00e8ces tr\u00e8s robustes et sans BPA lavables au lave-vaisselle et un nouveau design tr\u00e8s \u00e9l\u00e9gant.<br \/>La bouche d&rsquo;alimentation plus large, sp\u00e9cifiquement con\u00e7ue, r\u00e9volutionne le processus de jus par pression \u00e0 froid, vous permettant de faire des jus de fruits et l\u00e9gumes entiers avec une pr\u00e9paration minimale.<br \/>Tr\u00e8s silencieux avec une rotation \u00e0 40 tr\/min. Le moteur plus puissant permet d&rsquo;obtenir un jus continu pendant 60 minutes par rapport aux 30 minutes standard de fonctionnement avec d&rsquo;autres mod\u00e8les domestiques. <br \/>Le BioChef Atlas Whole Pro offre une polyvalence compl\u00e8te avec trois tamis \u00e0 jus en Tritan. Les tamis fins et \u00e0 gros trous vous permettent de cr\u00e9er une consistance de jus et un niveau de pulpe qui vous convient. Le nouveau tamis \u00e0 sorbet vous donne la possibilit\u00e9 de faire des sorbets de fruits\/cr\u00e8me glac\u00e9es et beurres de noix pour toute la famille.<\/p>\n<\/div>\n<\/div>","protected":false},"excerpt":{"rendered":"<div class=\"keypoints\">\n<h3 class=\"keypoints__title\">Les points cl\u00e9s<\/h3>\n<ul role=\"list\">\n<li class=\"keypoints__item\" role=\"listitem\">                          Capacit\u00e9 : 0,75 L &#8211;                                                      Puissance : 400 W                      <\/li>\n<li class=\"keypoints__item\" role=\"listitem\">                                        Vitesse maxi : 40 tr\/mn                      <\/li>\n<li class=\"keypoints__item\" role=\"listitem\">                                        Goulotte extra large                      <\/li>\n<li class=\"keypoints__item\" role=\"listitem\">                                        Ecoulement direct                      <\/li>\n<\/ul>","protected":false},"featured_media":78826,"template":"","meta":{"_glsr_average":0,"_glsr_ranking":0,"_glsr_reviews":0},"product_cat":[406],"product_tag":[230,408,407],"class_list":{"0":"post-78827","1":"product","2":"type-product","3":"status-publish","4":"has-post-thumbnail","6":"product_cat-extracteur-de-jus","7":"product_tag-cuisine-et-cuisson","8":"product_tag-extracteur-de-jus","9":"product_tag-machine-a-jus","11":"first","12":"instock","13":"sale","14":"shipping-taxable","15":"purchasable","16":"product-type-simple"},"_links":{"self":[{"href":"https:\/\/electromenagerexpress.com\/en\/wp-json\/wp\/v2\/product\/78827","targetHints":{"allow":["GET"]}}],"collection":[{"href":"https:\/\/electromenagerexpress.com\/en\/wp-json\/wp\/v2\/product"}],"about":[{"href":"https:\/\/electromenagerexpress.com\/en\/wp-json\/wp\/v2\/types\/product"}],"wp:featuredmedia":[{"embeddable":true,"href":"https:\/\/electromenagerexpress.com\/en\/wp-json\/wp\/v2\/media\/78826"}],"wp:attachment":[{"href":"https:\/\/electromenagerexpress.com\/en\/wp-json\/wp\/v2\/media?parent=78827"}],"wp:term":[{"taxonomy":"product_cat","embeddable":true,"href":"https:\/\/electromenagerexpress.com\/en\/wp-json\/wp\/v2\/product_cat?post=78827"},{"taxonomy":"product_tag","embeddable":true,"href":"https:\/\/electromenagerexpress.com\/en\/wp-json\/wp\/v2\/product_tag?post=78827"}],"curies":[{"name":"wp","href":"https:\/\/api.w.org\/{rel}","templated":true}]}}