{"id":78697,"date":"2024-11-24T14:35:01","date_gmt":"2024-11-24T14:35:01","guid":{"rendered":"https:\/\/electromenagerexpress.com\/product\/extracteur-de-juskuvingsevo820cg-champagne\/"},"modified":"2024-11-24T14:35:09","modified_gmt":"2024-11-24T14:35:09","slug":"extracteur-de-juskuvingsevo820cg-champagne","status":"publish","type":"product","link":"https:\/\/electromenagerexpress.com\/en\/product\/extracteur-de-juskuvingsevo820cg-champagne\/","title":{"rendered":"Extracteur de jus\t\t\t\t\t\t\tKUVINGS\t\t\t\tEVO820CG Champagne"},"content":{"rendered":"<div class=\"product-features__content\">\n<ul role=\"list\">\n<li class=\"product-features__item\" role=\"listitem\">\n<h3 class=\"product-features__label\">Et en plus<\/h3>\n<ul role=\"list\">\n<li class=\"product-features__item-list__item\" role=\"listitem\"><span class=\"is--medium\">D\u00e9couvrez :<\/span> <a href=\"https:\/\/commeunchef.boulanger.com\/\" target=\"_blank\"> Comme un Chef<\/a><\/li>\n<\/ul>\n<\/li>\n<li class=\"product-features__item\" role=\"listitem\">\n<h3 class=\"product-features__label\">Caract\u00e9ristiques g\u00e9n\u00e9rales<\/h3>\n<ul role=\"list\">\n<li class=\"product-features__item-list__item\" role=\"listitem\"><span class=\"is--medium\">Type produit :<\/span> Extracteur de jus\t\t\t\t\t<\/li>\n<li class=\"product-features__item-list__item\" role=\"listitem\"><span class=\"is--medium\">Mati\u00e8re du corps :<\/span> Plastique\t\t\t\t\t<\/li>\n<li class=\"product-features__item-list__item\" role=\"listitem\"><span class=\"is--medium\">Couleur :<\/span> Cr\u00e8me\t\t\t\t\t<\/li>\n<li class=\"product-features__item-list__item\" role=\"listitem\"><span class=\"is--medium\">Goulotte extra large :<\/span> Oui\t\t\t\t\t<\/li>\n<li class=\"product-features__item-list__item\" role=\"listitem\"><span class=\"is--medium\">Position de l&rsquo;appareil :<\/span> Horizontal\t\t\t\t\t<\/li>\n<\/ul>\n<\/li>\n<li class=\"product-features__item\" role=\"listitem\">\n<h3 class=\"product-features__label\">Moteur<\/h3>\n<ul role=\"list\">\n<li class=\"product-features__item-list__item\" role=\"listitem\"><span class=\"is--medium\">Puissance :<\/span> 240 W\t\t\t\t\t<\/li>\n<li class=\"product-features__item-list__item\" role=\"listitem\"><span class=\"is--medium\">Nombre de vitesses :<\/span> 1\t\t\t\t\t<\/li>\n<li class=\"product-features__item-list__item\" role=\"listitem\"><span class=\"is--medium\">Vitesse maxi :<\/span> 48 tr\/mn\t\t\t\t\t<\/li>\n<\/ul>\n<\/li>\n<li class=\"product-features__item\" role=\"listitem\">\n<h3 class=\"product-features__label\">Pichet verseur<\/h3>\n<ul role=\"list\">\n<li class=\"product-features__item-list__item\" role=\"listitem\"><span class=\"is--medium\">Capacit\u00e9 :<\/span> 1,00 L\t\t\t\t\t<\/li>\n<\/ul>\n<\/li>\n<li class=\"product-features__item\" role=\"listitem\">\n<h3 class=\"product-features__label\">Bec verseur<\/h3>\n<ul role=\"list\">\n<li class=\"product-features__item-list__item\" role=\"listitem\"><span class=\"is--medium\">Syst\u00e8me anti gouttes :<\/span> Non\t\t\t\t\t<\/li>\n<li class=\"product-features__item-list__item\" role=\"listitem\"><span class=\"is--medium\">Ecoulement direct :<\/span> Oui\t\t\t\t\t<\/li>\n<\/ul>\n<\/li>\n<li class=\"product-features__item\" role=\"listitem\">\n<h3 class=\"product-features__label\">Informations compl\u00e9mentaires<\/h3>\n<ul role=\"list\">\n<li class=\"product-features__item-list__item\" role=\"listitem\"><span class=\"is--medium\">Disponibilit\u00e9 des pi\u00e8ces d\u00e9tach\u00e9es (donn\u00e9es fournisseur) :<\/span> Pendant 10 ans, \u00e0 compter de la date d&rsquo;achat\t\t\t\t\t<\/li>\n<li class=\"product-features__item-list__item\" role=\"listitem\"><span class=\"is--medium\">Garantie :<\/span> 2 ans\t\t\t\t\t<\/li>\n<li class=\"product-features__item-list__item\" role=\"listitem\"><span class=\"is--medium\">R\u00e9f\u00e9rence constructeur :<\/span> EVO820CG Champagne\t\t\t\t\t<\/li>\n<li class=\"product-features__item-list__item\" role=\"listitem\"><span class=\"is--medium\">Marque :<\/span> KUVINGS\t\t\t\t\t<\/li>\n<\/ul>\n<\/li>\n<\/ul>\n<\/div>\n<div class=\"product__disclosure-content\">\n<div class=\"js-read-more product-description__content read-more read-more--truncated\" data-read-more-name=\"description\" style=\"max-height: 500px; overflow: hidden;\">\n<p>Profitez d&rsquo;un cocktail riche en vitamines et en nutriments tous les matins gr\u00e2ce \u00e0 l&rsquo;extracteur de jus KUVINGS EVO820CG Champagne. Robuste, il est capable de r\u00e9aliser des boissons v\u00e9g\u00e9tales \u00e0 base de fruits, de l\u00e9gumes, d&rsquo;herbes et d&rsquo;autres aliments fibreux. Cet appareil puissant et design deviendra vite un essentiel pour faire le plein d&rsquo;\u00e9nergie au quotidien. <\/p>\n<h3>Un appareil design et puissant<img fetchpriority=\"high\" decoding=\"async\" alt=\"extracteur jus KUVINGS EVO820CG Champagne\" class=\"wy_tableau_gauche\" height=\"270\" src=\"https:\/\/boulanger.scene7.com\/is\/image\/Boulanger\/8809597080073_h_f_l_0?wid=400&amp;hei=270\" width=\"400\"\/><\/h3>\n<p>L&rsquo;extracteur de jus KUVINGS EVO820CG Champagne d\u00e9voile une <b>apparence \u00e9l\u00e9gante<\/b>. Son design luxueux en fait un appareil facile \u00e0 int\u00e9grer dans n&rsquo;importe quelle cuisine. Il trouve ais\u00e9ment sa place sur un plan de travail et vous fait profiter de d\u00e9licieux jus.<\/p>\n<p>Capable d&rsquo;atteindre une <b>vitesse maximum de 48 tours\/min<\/b>, cet extracteur de jus vient \u00e0 bout de tous les aliments, m\u00eame les plus difficiles \u00e0 r\u00e9duire. Robuste, il int\u00e8gre diff\u00e9rentes pi\u00e8ces \u00e0 la solidit\u00e9 accrue comme son syst\u00e8me de fermeture \u00e0 4 points, ou pratiques, comme son embouchure plus large. Cet appareil est \u00e9galement \u00e9quip\u00e9 d&rsquo;un moteur r\u00e9sistant garanti pendant 10 ans.<\/p>\n<h3>Une multitude de pr\u00e9parations \u00e0 votre port\u00e9e<img decoding=\"async\" alt=\"extracteur jus KUVINGS EVO820CG Champagne\" class=\"wy_tableau_right\" height=\"270\" src=\"https:\/\/boulanger.scene7.com\/is\/image\/Boulanger\/8809597080073_h_f_l_1?wid=400&amp;hei=270\" width=\"400\"\/><\/h3>\n<p>Avec sa <b>capacit\u00e9 de 1 L<\/b>, l&rsquo;extracteur de jus KUVINGS EVO820CG Champagne vous permet de r\u00e9aliser une grande vari\u00e9t\u00e9 de recettes. Avec lui, vous profitez de d\u00e9licieuses boissons fra\u00eeches pr\u00e9par\u00e9es avec des fruits, des l\u00e9gumes, des herbes ou d&rsquo;autres aliments plus fibreux. Laissez parler votre cr\u00e9ativit\u00e9 en cuisine et savourez un v\u00e9ritable cocktail vitamin\u00e9 tous les matins pour faire le plein d&rsquo;\u00e9nergie.<\/p>\n<p>Et avec son capuchon dispos\u00e9 sur la sortie de jus, cet extracteur de jus est \u00e9galement capable de r\u00e9aliser des <b>laits v\u00e9g\u00e9taux<\/b>.<\/p>\n<\/p>\n<\/div>\n<p><bl-button a11yexpanded=\"false\" arialabel=\"Afficher toute la description\" class=\"read-more__btn\" full=\"false\" link=\"true\"><\/bl-button><\/div>","protected":false},"excerpt":{"rendered":"<div class=\"keypoints\">\n<h3 class=\"keypoints__title\">Les points cl\u00e9s<\/h3>\n<ul role=\"list\">\n<li class=\"keypoints__item\" role=\"listitem\">                          Capacit\u00e9 : 1,00 L &#8211;                                                      Puissance : 240 W                      <\/li>\n<li class=\"keypoints__item\" role=\"listitem\">                                        Vitesse maxi : 48 tr\/mn                      <\/li>\n<li class=\"keypoints__item\" role=\"listitem\">                                        Goulotte extra large                      <\/li>\n<li class=\"keypoints__item\" role=\"listitem\">                                        Ecoulement direct                      <\/li>\n<li class=\"keypoints__item keypoints__item--advantage\" role=\"listitem\"><strong>Le + :<\/strong> Fonctionnement en continu 1h      <\/li>\n<\/ul>","protected":false},"featured_media":78696,"template":"","meta":{"_glsr_average":0,"_glsr_ranking":0,"_glsr_reviews":0},"product_cat":[406],"product_tag":[230,408,407],"class_list":{"0":"post-78697","1":"product","2":"type-product","3":"status-publish","4":"has-post-thumbnail","6":"product_cat-extracteur-de-jus","7":"product_tag-cuisine-et-cuisson","8":"product_tag-extracteur-de-jus","9":"product_tag-machine-a-jus","11":"first","12":"instock","13":"sale","14":"shipping-taxable","15":"purchasable","16":"product-type-simple"},"_links":{"self":[{"href":"https:\/\/electromenagerexpress.com\/en\/wp-json\/wp\/v2\/product\/78697","targetHints":{"allow":["GET"]}}],"collection":[{"href":"https:\/\/electromenagerexpress.com\/en\/wp-json\/wp\/v2\/product"}],"about":[{"href":"https:\/\/electromenagerexpress.com\/en\/wp-json\/wp\/v2\/types\/product"}],"wp:featuredmedia":[{"embeddable":true,"href":"https:\/\/electromenagerexpress.com\/en\/wp-json\/wp\/v2\/media\/78696"}],"wp:attachment":[{"href":"https:\/\/electromenagerexpress.com\/en\/wp-json\/wp\/v2\/media?parent=78697"}],"wp:term":[{"taxonomy":"product_cat","embeddable":true,"href":"https:\/\/electromenagerexpress.com\/en\/wp-json\/wp\/v2\/product_cat?post=78697"},{"taxonomy":"product_tag","embeddable":true,"href":"https:\/\/electromenagerexpress.com\/en\/wp-json\/wp\/v2\/product_tag?post=78697"}],"curies":[{"name":"wp","href":"https:\/\/api.w.org\/{rel}","templated":true}]}}