{"id":78668,"date":"2024-11-24T14:34:37","date_gmt":"2024-11-24T14:34:37","guid":{"rendered":"https:\/\/electromenagerexpress.com\/product\/extracteur-de-juskuvingsevo820gm-gris-mat\/"},"modified":"2024-11-24T14:34:49","modified_gmt":"2024-11-24T14:34:49","slug":"extracteur-de-juskuvingsevo820gm-gris-mat","status":"publish","type":"product","link":"https:\/\/electromenagerexpress.com\/en\/product\/extracteur-de-juskuvingsevo820gm-gris-mat\/","title":{"rendered":"Extracteur de jus\t\t\t\t\t\t\tKUVINGS\t\t\t\tEVO820GM Gris Mat"},"content":{"rendered":"<div class=\"product-features__content\">\n<ul role=\"list\">\n<li class=\"product-features__item\" role=\"listitem\">\n<h3 class=\"product-features__label\">Et en plus<\/h3>\n<ul role=\"list\">\n<li class=\"product-features__item-list__item\" role=\"listitem\"><span class=\"is--medium\">D\u00e9couvrez :<\/span> <a href=\"https:\/\/commeunchef.boulanger.com\/\" target=\"_blank\"> Comme un Chef<\/a><\/li>\n<\/ul>\n<\/li>\n<li class=\"product-features__item\" role=\"listitem\">\n<h3 class=\"product-features__label\">Caract\u00e9ristiques g\u00e9n\u00e9rales<\/h3>\n<ul role=\"list\">\n<li class=\"product-features__item-list__item\" role=\"listitem\"><span class=\"is--medium\">Type produit :<\/span> Extracteur de jus\t\t\t\t\t<\/li>\n<li class=\"product-features__item-list__item\" role=\"listitem\"><span class=\"is--medium\">Mati\u00e8re du corps :<\/span> Plastique\t\t\t\t\t<\/li>\n<li class=\"product-features__item-list__item\" role=\"listitem\"><span class=\"is--medium\">Couleur :<\/span> Gris\t\t\t\t\t<\/li>\n<li class=\"product-features__item-list__item\" role=\"listitem\"><span class=\"is--medium\">Goulotte extra large :<\/span> Oui\t\t\t\t\t<\/li>\n<li class=\"product-features__item-list__item\" role=\"listitem\"><span class=\"is--medium\">Position de l&rsquo;appareil :<\/span> Horizontal\t\t\t\t\t<\/li>\n<\/ul>\n<\/li>\n<li class=\"product-features__item\" role=\"listitem\">\n<h3 class=\"product-features__label\">Moteur<\/h3>\n<ul role=\"list\">\n<li class=\"product-features__item-list__item\" role=\"listitem\"><span class=\"is--medium\">Puissance :<\/span> 240 W\t\t\t\t\t<\/li>\n<li class=\"product-features__item-list__item\" role=\"listitem\"><span class=\"is--medium\">Nombre de vitesses :<\/span> 1\t\t\t\t\t<\/li>\n<li class=\"product-features__item-list__item\" role=\"listitem\"><span class=\"is--medium\">Vitesse maxi :<\/span> 48 tr\/mn\t\t\t\t\t<\/li>\n<\/ul>\n<\/li>\n<li class=\"product-features__item\" role=\"listitem\">\n<h3 class=\"product-features__label\">Pichet verseur<\/h3>\n<ul role=\"list\">\n<li class=\"product-features__item-list__item\" role=\"listitem\"><span class=\"is--medium\">Capacit\u00e9 :<\/span> 1,00 L\t\t\t\t\t<\/li>\n<\/ul>\n<\/li>\n<li class=\"product-features__item\" role=\"listitem\">\n<h3 class=\"product-features__label\">Bec verseur<\/h3>\n<ul role=\"list\">\n<li class=\"product-features__item-list__item\" role=\"listitem\"><span class=\"is--medium\">Syst\u00e8me anti gouttes :<\/span> Non\t\t\t\t\t<\/li>\n<li class=\"product-features__item-list__item\" role=\"listitem\"><span class=\"is--medium\">Ecoulement direct :<\/span> Oui\t\t\t\t\t<\/li>\n<\/ul>\n<\/li>\n<li class=\"product-features__item\" role=\"listitem\">\n<h3 class=\"product-features__label\">Informations compl\u00e9mentaires<\/h3>\n<ul role=\"list\">\n<li class=\"product-features__item-list__item\" role=\"listitem\"><span class=\"is--medium\">Disponibilit\u00e9 des pi\u00e8ces d\u00e9tach\u00e9es (donn\u00e9es fournisseur) :<\/span> Pendant 10 ans, \u00e0 compter de la date d&rsquo;achat\t\t\t\t\t<\/li>\n<li class=\"product-features__item-list__item\" role=\"listitem\"><span class=\"is--medium\">Garantie :<\/span> 2 ans\t\t\t\t\t<\/li>\n<li class=\"product-features__item-list__item\" role=\"listitem\"><span class=\"is--medium\">R\u00e9f\u00e9rence constructeur :<\/span> EVO820GM Gris Mat\t\t\t\t\t<\/li>\n<li class=\"product-features__item-list__item\" role=\"listitem\"><span class=\"is--medium\">Marque :<\/span> KUVINGS\t\t\t\t\t<\/li>\n<\/ul>\n<\/li>\n<\/ul>\n<\/div>\n<div class=\"product__disclosure-content\">\n<div class=\"js-read-more product-description__content read-more read-more--truncated\" data-read-more-name=\"description\" style=\"max-height: 500px; overflow: hidden;\">\n<p>Derni\u00e8re \u00e9volution des extracteurs de jus KUVINGS, l&rsquo;EVO820GM Gris Mat est id\u00e9al pour r\u00e9aliser de savoureuses boissons \u00e0 base de fruits et de l\u00e9gumes. Facile \u00e0 utiliser, stable et puissant, il a tout pour plaire.<\/p>\n<h3>Un extracteur de jus haut de gamme<img fetchpriority=\"high\" decoding=\"async\" alt=\"extracteur jus KUVINGS EVO820GM Gris Mat\" class=\"wy_tableau_gauche\" height=\"270\" src=\"https:\/\/boulanger.scene7.com\/is\/image\/Boulanger\/8809597080080_h_f_l_0?wid=400&amp;hei=270\" width=\"400\"\/><\/h3>\n<p>Par\u00e9 d&rsquo;un <b>\u00e9l\u00e9gant rev\u00eatement gris mat<\/b>, l&rsquo;extracteur de jus KUVINGS\u00a0EVO820GM donnera assur\u00e9ment du charme \u00e0 votre cuisine. Il est \u00e9labor\u00e9 dans des mat\u00e9riaux de qualit\u00e9, comme la r\u00e9sine \u00e9paisse sans BPA, qui lui garantissent une robustesse \u00e0 toute \u00e9preuve. C\u00f4t\u00e9 efficacit\u00e9, il est le seul appareil du march\u00e9 \u00e0 disposer de la technologie Max Filter, qui \u00e9vite l&rsquo;accumulation des fibres sous la vis, souvent \u00e0 l&rsquo;origine de blocages.<\/p>\n<p>L&rsquo;utilisation de cet extracteur de jus a \u00e9t\u00e9 revue afin d&rsquo;\u00eatre toujours plus intuitive. Avec un diam\u00e8tre de 8,2\u00a0cm, l&#8217;embouchure peut laisser passer des <b>fruits entiers<\/b>. Elle convient aussi aux principaux l\u00e9gumes, dont le c\u00e9leri, et aux racines.<\/p>\n<h3>Des boissons d\u00e9licieuses et vitamin\u00e9es<img decoding=\"async\" alt=\"extracteur jus KUVINGS EVO820GM Gris Mat\" class=\"wy_tableau_right\" height=\"270\" src=\"https:\/\/boulanger.scene7.com\/is\/image\/Boulanger\/8809597080080_h_f_l_1?wid=400&amp;hei=270\" width=\"400\"\/><\/h3>\n<p>Gr\u00e2ce \u00e0 sa <b>rotation lente \u00e0 froid (48\u00a0tr\/min) <\/b>, l&rsquo;extracteur de jus KUVINGS\u00a0EVO820GM recueille tous les nutriments et vitamines pr\u00e9sents dans les fruits, sans conserver les fibres. De cette mani\u00e8re, vous obtenez un jus \u00e0 la fois l\u00e9ger et gourmand, \u00e0 boire d\u00e8s le petit-d\u00e9jeuner. Pour varier les recettes, vous pouvez consulter le livre offert avec l&rsquo;appareil.<\/p>\n<p>Pratique, il <b>se nettoie facilement apr\u00e8s utilisation<\/b>. Le bol d&rsquo;extraction a \u00e9t\u00e9 remani\u00e9 par rapport aux mod\u00e8les pr\u00e9c\u00e9dents, afin d&rsquo;\u00eatre plus simple \u00e0 retirer et \u00e0 entretenir. La languette en silicone a disparu, permettant ainsi d&rsquo;acc\u00e9der ais\u00e9ment au fond de la cuve.<\/p>\n<\/p>\n<\/div>\n<p><bl-button a11yexpanded=\"false\" arialabel=\"Afficher toute la description\" class=\"read-more__btn\" full=\"false\" link=\"true\"><\/bl-button><\/div>","protected":false},"excerpt":{"rendered":"<div class=\"keypoints\">\n<h3 class=\"keypoints__title\">Les points cl\u00e9s<\/h3>\n<ul role=\"list\">\n<li class=\"keypoints__item\" role=\"listitem\">                          Capacit\u00e9 : 1,00 L &#8211;                                                      Puissance : 240 W                      <\/li>\n<li class=\"keypoints__item\" role=\"listitem\">                                        Vitesse maxi : 48 tr\/mn                      <\/li>\n<li class=\"keypoints__item\" role=\"listitem\">                                        Goulotte extra large                      <\/li>\n<li class=\"keypoints__item\" role=\"listitem\">                                        Ecoulement direct                      <\/li>\n<li class=\"keypoints__item keypoints__item--advantage\" role=\"listitem\"><strong>Le + :<\/strong> La nouvelle conception du produit pour plus de fiabilit\u00e9, praticit\u00e9 et s\u00e9curit\u00e9      <\/li>\n<\/ul>","protected":false},"featured_media":78667,"template":"","meta":{"_glsr_average":0,"_glsr_ranking":0,"_glsr_reviews":0},"product_cat":[406],"product_tag":[230,408,407],"class_list":{"0":"post-78668","1":"product","2":"type-product","3":"status-publish","4":"has-post-thumbnail","6":"product_cat-extracteur-de-jus","7":"product_tag-cuisine-et-cuisson","8":"product_tag-extracteur-de-jus","9":"product_tag-machine-a-jus","11":"first","12":"instock","13":"sale","14":"shipping-taxable","15":"purchasable","16":"product-type-simple"},"_links":{"self":[{"href":"https:\/\/electromenagerexpress.com\/en\/wp-json\/wp\/v2\/product\/78668","targetHints":{"allow":["GET"]}}],"collection":[{"href":"https:\/\/electromenagerexpress.com\/en\/wp-json\/wp\/v2\/product"}],"about":[{"href":"https:\/\/electromenagerexpress.com\/en\/wp-json\/wp\/v2\/types\/product"}],"wp:featuredmedia":[{"embeddable":true,"href":"https:\/\/electromenagerexpress.com\/en\/wp-json\/wp\/v2\/media\/78667"}],"wp:attachment":[{"href":"https:\/\/electromenagerexpress.com\/en\/wp-json\/wp\/v2\/media?parent=78668"}],"wp:term":[{"taxonomy":"product_cat","embeddable":true,"href":"https:\/\/electromenagerexpress.com\/en\/wp-json\/wp\/v2\/product_cat?post=78668"},{"taxonomy":"product_tag","embeddable":true,"href":"https:\/\/electromenagerexpress.com\/en\/wp-json\/wp\/v2\/product_tag?post=78668"}],"curies":[{"name":"wp","href":"https:\/\/api.w.org\/{rel}","templated":true}]}}