{"id":78646,"date":"2024-11-24T14:34:17","date_gmt":"2024-11-24T14:34:17","guid":{"rendered":"https:\/\/electromenagerexpress.com\/product\/extracteur-de-jusmagimix18080f-juice-expert-2-blanc\/"},"modified":"2024-11-24T14:34:27","modified_gmt":"2024-11-24T14:34:27","slug":"extracteur-de-jusmagimix18080f-juice-expert-2-blanc","status":"publish","type":"product","link":"https:\/\/electromenagerexpress.com\/en\/product\/extracteur-de-jusmagimix18080f-juice-expert-2-blanc\/","title":{"rendered":"Extracteur de jus\t\t\t\t\t\t\tMAGIMIX\t\t\t\t18080F Juice Expert 2 Blanc"},"content":{"rendered":"<div class=\"product-features__content\">\n<ul role=\"list\">\n<li class=\"product-features__item\" role=\"listitem\">\n<h3 class=\"product-features__label\">Et en plus<\/h3>\n<ul role=\"list\">\n<li class=\"product-features__item-list__item\" role=\"listitem\"><span class=\"is--medium\">D\u00e9couvrez :<\/span> <a href=\"https:\/\/commeunchef.boulanger.com\/\" target=\"_blank\"> Comme un Chef<\/a><\/li>\n<\/ul>\n<\/li>\n<li class=\"product-features__item\" role=\"listitem\">\n<h3 class=\"product-features__label\">Caract\u00e9ristiques g\u00e9n\u00e9rales<\/h3>\n<ul role=\"list\">\n<li class=\"product-features__item-list__item\" role=\"listitem\"><span class=\"is--medium\">Type produit :<\/span> Extracteur de jus\t\t\t\t\t<\/li>\n<li class=\"product-features__item-list__item\" role=\"listitem\"><span class=\"is--medium\">Mati\u00e8re du corps :<\/span> M\u00e9tal\t\t\t\t\t<\/li>\n<li class=\"product-features__item-list__item\" role=\"listitem\"><span class=\"is--medium\">Couleur :<\/span> Blanc\t\t\t\t\t<\/li>\n<li class=\"product-features__item-list__item\" role=\"listitem\"><span class=\"is--medium\">Ecran LCD :<\/span> Non\t\t\t\t\t<\/li>\n<li class=\"product-features__item-list__item\" role=\"listitem\"><span class=\"is--medium\">Goulotte extra large :<\/span> Oui\t\t\t\t\t<\/li>\n<li class=\"product-features__item-list__item\" role=\"listitem\"><span class=\"is--medium\">Rangement cordon :<\/span> Oui\t\t\t\t\t<\/li>\n<li class=\"product-features__item-list__item\" role=\"listitem\"><span class=\"is--medium\">Longueur du cordon :<\/span> 1,00 m\t\t\t\t\t<\/li>\n<li class=\"product-features__item-list__item\" role=\"listitem\"><span class=\"is--medium\">Certaines pi\u00e8ces compatibles au lave vaisselle :<\/span> Oui\t\t\t\t\t<\/li>\n<li class=\"product-features__item-list__item\" role=\"listitem\"><span class=\"is--medium\">Particularit\u00e9 :<\/span> Conseils de nutritionnistes, Appli Apple et Android tous mobiles et tablettes\t\t\t\t\t<\/li>\n<li class=\"product-features__item-list__item\" role=\"listitem\"><span class=\"is--medium\">Position de l&rsquo;appareil :<\/span> Vertical\t\t\t\t\t<\/li>\n<\/ul>\n<\/li>\n<li class=\"product-features__item\" role=\"listitem\">\n<h3 class=\"product-features__label\">Moteur<\/h3>\n<ul role=\"list\">\n<li class=\"product-features__item-list__item\" role=\"listitem\"><span class=\"is--medium\">Puissance :<\/span> 400 W\t\t\t\t\t<\/li>\n<li class=\"product-features__item-list__item\" role=\"listitem\"><span class=\"is--medium\">Nombre de vitesses :<\/span> 1\t\t\t\t\t<\/li>\n<li class=\"product-features__item-list__item\" role=\"listitem\"><span class=\"is--medium\">Vitesse mini :<\/span> 1.500 tr\/mn\t\t\t\t\t<\/li>\n<li class=\"product-features__item-list__item\" role=\"listitem\"><span class=\"is--medium\">Vitesse maxi :<\/span> 1.500 tr\/mn\t\t\t\t\t<\/li>\n<li class=\"product-features__item-list__item\" role=\"listitem\"><span class=\"is--medium\">Moteur asynchrone :<\/span> Moteur asynchrone : Il permet une faible consommation et une puissance d&rsquo;extraction importante\t\t\t\t\t<\/li>\n<li class=\"product-features__item-list__item\" role=\"listitem\"><span class=\"is--medium\">Fonction reverse :<\/span> Non\t\t\t\t\t<\/li>\n<\/ul>\n<\/li>\n<li class=\"product-features__item\" role=\"listitem\">\n<h3 class=\"product-features__label\">Pichet verseur<\/h3>\n<ul role=\"list\">\n<li class=\"product-features__item-list__item\" role=\"listitem\"><span class=\"is--medium\">S\u00e9parateur de pulpe :<\/span> Non\t\t\t\t\t<\/li>\n<li class=\"product-features__item-list__item\" role=\"listitem\"><span class=\"is--medium\">S\u00e9parateur de mousse :<\/span> Non\t\t\t\t\t<\/li>\n<li class=\"product-features__item-list__item\" role=\"listitem\"><span class=\"is--medium\">Pichet verseur :<\/span> Non\t\t\t\t\t<\/li>\n<\/ul>\n<\/li>\n<li class=\"product-features__item\" role=\"listitem\">\n<h3 class=\"product-features__label\">Bec verseur<\/h3>\n<ul role=\"list\">\n<li class=\"product-features__item-list__item\" role=\"listitem\"><span class=\"is--medium\">Mati\u00e8re :<\/span> M\u00e9tal\t\t\t\t\t<\/li>\n<li class=\"product-features__item-list__item\" role=\"listitem\"><span class=\"is--medium\">Syst\u00e8me anti gouttes :<\/span> Non\t\t\t\t\t<\/li>\n<li class=\"product-features__item-list__item\" role=\"listitem\"><span class=\"is--medium\">Ecoulement direct :<\/span> Oui\t\t\t\t\t<\/li>\n<\/ul>\n<\/li>\n<li class=\"product-features__item\" role=\"listitem\">\n<h3 class=\"product-features__label\">Fonctions sp\u00e9cifiques<\/h3>\n<ul role=\"list\">\n<li class=\"product-features__item-list__item\" role=\"listitem\"><span class=\"is--medium\">Fonction presse agrumes :<\/span> Oui\t\t\t\t\t<\/li>\n<li class=\"product-features__item-list__item\" role=\"listitem\"><span class=\"is--medium\">Coulis \/ nectar :<\/span> Oui\t\t\t\t\t<\/li>\n<\/ul>\n<\/li>\n<li class=\"product-features__item\" role=\"listitem\">\n<h3 class=\"product-features__label\">S\u00e9curit\u00e9<\/h3>\n<ul role=\"list\">\n<li class=\"product-features__item-list__item\" role=\"listitem\"><span class=\"is--medium\">Pieds anti-d\u00e9rapants :<\/span> Oui\t\t\t\t\t<\/li>\n<li class=\"product-features__item-list__item\" role=\"listitem\"><span class=\"is--medium\">Marche \/ arr\u00eat :<\/span> Oui\t\t\t\t\t<\/li>\n<li class=\"product-features__item-list__item\" role=\"listitem\"><span class=\"is--medium\">Verrouillage couvercle :<\/span> Oui\t\t\t\t\t<\/li>\n<li class=\"product-features__item-list__item\" role=\"listitem\"><span class=\"is--medium\">Verrouillage cuve :<\/span> Oui\t\t\t\t\t<\/li>\n<\/ul>\n<\/li>\n<li class=\"product-features__item\" role=\"listitem\">\n<h3 class=\"product-features__label\">Informations compl\u00e9mentaires<\/h3>\n<ul role=\"list\">\n<li class=\"product-features__item-list__item\" role=\"listitem\"><span class=\"is--medium\">Disponibilit\u00e9 des pi\u00e8ces d\u00e9tach\u00e9es (donn\u00e9es fournisseur) :<\/span> Pendant 30 ans\t\t\t\t\t<\/li>\n<li class=\"product-features__item-list__item\" role=\"listitem\"><span class=\"is--medium\">Garantie :<\/span> 2 ans\t\t\t\t\t<\/li>\n<li class=\"product-features__item-list__item\" role=\"listitem\"><span class=\"is--medium\">Fabriqu\u00e9 en :<\/span> France\t\t\t\t\t<\/li>\n<li class=\"product-features__item-list__item\" role=\"listitem\"><span class=\"is--medium\">R\u00e9f\u00e9rence constructeur :<\/span> 18080F Juice Expert 2 Blanc\t\t\t\t\t<\/li>\n<li class=\"product-features__item-list__item\" role=\"listitem\"><span class=\"is--medium\">Marque :<\/span> MAGIMIX\t\t\t\t\t<\/li>\n<\/ul>\n<\/li>\n<li class=\"product-features__item\" role=\"listitem\">\n<h3 class=\"product-features__label\">Dimensions<\/h3>\n<ul role=\"list\">\n<li class=\"product-features__item-list__item\" role=\"listitem\"><span class=\"is--medium\">Dimensions l x h x p :<\/span> 21.4 x 41.5 x 18.3 cm\t\t\t\t\t<\/li>\n<li class=\"product-features__item-list__item\" role=\"listitem\"><span class=\"is--medium\">Poids Net :<\/span> 7,50 Kg\t\t\t\t\t<\/li>\n<li class=\"product-features__item-list__item\" role=\"listitem\"><span class=\"is--medium\">Poids Brut :<\/span> 8,25 Kg\t\t\t\t\t<\/li>\n<\/ul>\n<\/li>\n<\/ul>\n<\/div>\n<div class=\"product__disclosure-content\">\n<div class=\"js-read-more product-description__content read-more read-more--truncated\" data-read-more-name=\"description\" style=\"max-height: 500px; overflow: hidden;\">\n<p>Profitez de cette centrifugeuse pour r\u00e9aliser d&rsquo;excellents jus de fruits et de l\u00e9gumes en \u00e9tant certain de r\u00e9cup\u00e9rer tous les \u00e9l\u00e9ments nutritifs et ainsi de faire du bien \u00e0 votre sant\u00e9.<\/p>\n<h3>Une centrifugeuse experte en jus<img fetchpriority=\"high\" decoding=\"async\" alt=\"Centrifugeuse MAGIMIX 18080F Juice Expert 2 Blanc\" class=\"wy_tableau_gauche\" height=\"270\" src=\"https:\/\/boulanger.scene7.com\/is\/image\/Boulanger\/3519280180809_h_f_l_0?wid=400&amp;hei=270\" width=\"400\"\/><\/h3>\n<p>Que vous souhaitiez r\u00e9aliser des jus de fruits ou des jus de l\u00e9gumes, voire un m\u00e9lange des deux, sachez que la centrifugeuse MAGIMIX 18080F Juice Expert 2 Blanc est le produit qu&rsquo;il vous faut. Elle permet de r\u00e9cup\u00e9rer un maximum de vitamines, de min\u00e9raux et d&rsquo;antioxydants gr\u00e2ce \u00e0 sa <b>technologie Filtre Jus<\/b> lorsque vous pressez des fruits et des l\u00e9gumes.<\/p>\n<p>Cette derni\u00e8re est con\u00e7ue pour extraire \u00e0 froid les jus des l\u00e9gumes et des fruits assurant ainsi de ne pas perdre les nutriments qu&rsquo;ils contiennent. Il vous suffit ensuite de choisir gr\u00e2ce au <b>Pulp System<\/b> si vous voulez un jus avec ou sans pulpe, selon vos envies du moment.<\/p>\n<h3>Le savoir-faire fran\u00e7ais Magimix<img decoding=\"async\" alt=\"Centrifugeuse MAGIMIX 18080F Juice Expert 2 Blanc\" class=\"wy_tableau_right\" height=\"270\" src=\"https:\/\/boulanger.scene7.com\/is\/image\/Boulanger\/3519280180809_h_z_l_0?wid=400&amp;hei=270\" width=\"400\"\/><\/h3>\n<p>La centrifugeuse MAGIMIX 18080F Juice Expert 2 Blanc est tr\u00e8s pratique et fonctionnelle. Elle est dot\u00e9e de <b>2 c\u00f4nes<\/b> qui emp\u00eachent les p\u00e9pins de tomber dans le jus lorsque vous pressez vos fruits. De plus, gr\u00e2ce \u00e0 la <b>goulotte XL<\/b>, vous pouvez ins\u00e9rer de nombreux l\u00e9gumes sans avoir \u00e0 les couper au pr\u00e9alable.<\/p>\n<p>La centrifugeuse MAGIMIX 18080F Juice Expert 2 Blanc est totalement fabriqu\u00e9e en France. Elle poss\u00e8de un <b>moteur professionnel tr\u00e8s silencieux<\/b> qui est garanti 30 ans\u00a0! Vous profitez ainsi de tout le savoir-faire Magimix en vous procurant cette centrifugeuse qui, en plus, est peu gourmande en \u00e9nergie.<\/p>\n<\/p>\n<p><video class=\"s7Video\" controls=\"\" controlslist=\"nodownload\" poster=\"https:\/\/boulanger.scene7.com\/is\/image\/Boulanger\/3519280180830_v_1?scl=1\" preload=\"metadata\" src=\"https:\/\/boulanger.scene7.com\/is\/content\/Boulanger\/3519280180830_v_1\" width=\"100%\"><\/video><\/p>\n<\/div>\n<p><bl-button a11yexpanded=\"false\" arialabel=\"Afficher toute la description\" class=\"read-more__btn\" full=\"false\" link=\"true\">Voir plus<\/bl-button><\/div>","protected":false},"excerpt":{"rendered":"<div class=\"keypoints\">\n<h3 class=\"keypoints__title\">Les points cl\u00e9s<\/h3>\n<ul role=\"list\">\n<li class=\"keypoints__item\" role=\"listitem\">                                        Puissance : 400 W                      <\/li>\n<li class=\"keypoints__item\" role=\"listitem\">                                        Vitesse maxi : 1.500 tr\/mn                      <\/li>\n<li class=\"keypoints__item\" role=\"listitem\">                                        Goulotte extra large                      <\/li>\n<li class=\"keypoints__item\" role=\"listitem\">                                        Ecoulement direct                      <\/li>\n<li class=\"keypoints__item keypoints__item--advantage\" role=\"listitem\"><strong>Le + :<\/strong> 2 en 1 : la fonction presse agrumes et filtre \u00e0 jus      <\/li>\n<\/ul>","protected":false},"featured_media":78645,"template":"","meta":{"_glsr_average":0,"_glsr_ranking":0,"_glsr_reviews":0},"product_cat":[406],"product_tag":[230,408,407],"class_list":{"0":"post-78646","1":"product","2":"type-product","3":"status-publish","4":"has-post-thumbnail","6":"product_cat-extracteur-de-jus","7":"product_tag-cuisine-et-cuisson","8":"product_tag-extracteur-de-jus","9":"product_tag-machine-a-jus","11":"first","12":"instock","13":"sale","14":"shipping-taxable","15":"purchasable","16":"product-type-simple"},"_links":{"self":[{"href":"https:\/\/electromenagerexpress.com\/en\/wp-json\/wp\/v2\/product\/78646","targetHints":{"allow":["GET"]}}],"collection":[{"href":"https:\/\/electromenagerexpress.com\/en\/wp-json\/wp\/v2\/product"}],"about":[{"href":"https:\/\/electromenagerexpress.com\/en\/wp-json\/wp\/v2\/types\/product"}],"wp:featuredmedia":[{"embeddable":true,"href":"https:\/\/electromenagerexpress.com\/en\/wp-json\/wp\/v2\/media\/78645"}],"wp:attachment":[{"href":"https:\/\/electromenagerexpress.com\/en\/wp-json\/wp\/v2\/media?parent=78646"}],"wp:term":[{"taxonomy":"product_cat","embeddable":true,"href":"https:\/\/electromenagerexpress.com\/en\/wp-json\/wp\/v2\/product_cat?post=78646"},{"taxonomy":"product_tag","embeddable":true,"href":"https:\/\/electromenagerexpress.com\/en\/wp-json\/wp\/v2\/product_tag?post=78646"}],"curies":[{"name":"wp","href":"https:\/\/api.w.org\/{rel}","templated":true}]}}