{"id":78610,"date":"2024-11-24T14:33:46","date_gmt":"2024-11-24T14:33:46","guid":{"rendered":"https:\/\/electromenagerexpress.com\/product\/extracteur-de-jusmagimix18082f-juice-expert-3-chrome-et-noir\/"},"modified":"2024-11-24T14:33:58","modified_gmt":"2024-11-24T14:33:58","slug":"extracteur-de-jusmagimix18082f-juice-expert-3-chrome-et-noir","status":"publish","type":"product","link":"https:\/\/electromenagerexpress.com\/en\/product\/extracteur-de-jusmagimix18082f-juice-expert-3-chrome-et-noir\/","title":{"rendered":"Extracteur de jus\t\t\t\t\t\t\tMAGIMIX\t\t\t\t18082F Juice Expert 3 Chrome et Noir"},"content":{"rendered":"<div class=\"product-features__content\">\n<ul role=\"list\">\n<li class=\"product-features__item\" role=\"listitem\">\n<h3 class=\"product-features__label\">Et en plus<\/h3>\n<ul role=\"list\">\n<li class=\"product-features__item-list__item\" role=\"listitem\"><span class=\"is--medium\">D\u00e9couvrez :<\/span> <a href=\"https:\/\/commeunchef.boulanger.com\/\" target=\"_blank\"> Comme un Chef<\/a><\/li>\n<\/ul>\n<\/li>\n<li class=\"product-features__item\" role=\"listitem\">\n<h3 class=\"product-features__label\">Caract\u00e9ristiques g\u00e9n\u00e9rales<\/h3>\n<ul role=\"list\">\n<li class=\"product-features__item-list__item\" role=\"listitem\"><span class=\"is--medium\">Type produit :<\/span> Extracteur de jus\t\t\t\t\t<\/li>\n<li class=\"product-features__item-list__item\" role=\"listitem\"><span class=\"is--medium\">Mati\u00e8re du corps :<\/span> M\u00e9tal\t\t\t\t\t<\/li>\n<li class=\"product-features__item-list__item\" role=\"listitem\"><span class=\"is--medium\">Couleur :<\/span> Noir\/chrome mat\t\t\t\t\t<\/li>\n<li class=\"product-features__item-list__item\" role=\"listitem\"><span class=\"is--medium\">Ecran LCD :<\/span> Non\t\t\t\t\t<\/li>\n<li class=\"product-features__item-list__item\" role=\"listitem\"><span class=\"is--medium\">Goulotte extra large :<\/span> Oui\t\t\t\t\t<\/li>\n<li class=\"product-features__item-list__item\" role=\"listitem\"><span class=\"is--medium\">Rangement cordon :<\/span> Oui\t\t\t\t\t<\/li>\n<li class=\"product-features__item-list__item\" role=\"listitem\"><span class=\"is--medium\">Longueur du cordon :<\/span> 1,00 m\t\t\t\t\t<\/li>\n<li class=\"product-features__item-list__item\" role=\"listitem\"><span class=\"is--medium\">Certaines pi\u00e8ces compatibles au lave vaisselle :<\/span> Oui\t\t\t\t\t<\/li>\n<li class=\"product-features__item-list__item\" role=\"listitem\"><span class=\"is--medium\">Particularit\u00e9 :<\/span> Conseils de nutritionnistes, Appli Apple et Android tous mobiles et tablettes\t\t\t\t\t<\/li>\n<li class=\"product-features__item-list__item\" role=\"listitem\"><span class=\"is--medium\">Position de l&rsquo;appareil :<\/span> Vertical\t\t\t\t\t<\/li>\n<\/ul>\n<\/li>\n<li class=\"product-features__item\" role=\"listitem\">\n<h3 class=\"product-features__label\">Moteur<\/h3>\n<ul role=\"list\">\n<li class=\"product-features__item-list__item\" role=\"listitem\"><span class=\"is--medium\">Puissance :<\/span> 400 W\t\t\t\t\t<\/li>\n<li class=\"product-features__item-list__item\" role=\"listitem\"><span class=\"is--medium\">Nombre de vitesses :<\/span> 1\t\t\t\t\t<\/li>\n<li class=\"product-features__item-list__item\" role=\"listitem\"><span class=\"is--medium\">Vitesse mini :<\/span> 1.500 tr\/mn\t\t\t\t\t<\/li>\n<li class=\"product-features__item-list__item\" role=\"listitem\"><span class=\"is--medium\">Vitesse maxi :<\/span> 1.500 tr\/mn\t\t\t\t\t<\/li>\n<li class=\"product-features__item-list__item\" role=\"listitem\"><span class=\"is--medium\">Moteur asynchrone :<\/span> Moteur asynchrone : Il permet une faible consommation et une puissance d&rsquo;extraction importante\t\t\t\t\t<\/li>\n<li class=\"product-features__item-list__item\" role=\"listitem\"><span class=\"is--medium\">Fonction reverse :<\/span> Non\t\t\t\t\t<\/li>\n<\/ul>\n<\/li>\n<li class=\"product-features__item\" role=\"listitem\">\n<h3 class=\"product-features__label\">Pichet verseur<\/h3>\n<ul role=\"list\">\n<li class=\"product-features__item-list__item\" role=\"listitem\"><span class=\"is--medium\">S\u00e9parateur de pulpe :<\/span> Non\t\t\t\t\t<\/li>\n<li class=\"product-features__item-list__item\" role=\"listitem\"><span class=\"is--medium\">S\u00e9parateur de mousse :<\/span> Non\t\t\t\t\t<\/li>\n<li class=\"product-features__item-list__item\" role=\"listitem\"><span class=\"is--medium\">Pichet verseur :<\/span> Non\t\t\t\t\t<\/li>\n<\/ul>\n<\/li>\n<li class=\"product-features__item\" role=\"listitem\">\n<h3 class=\"product-features__label\">Bec verseur<\/h3>\n<ul role=\"list\">\n<li class=\"product-features__item-list__item\" role=\"listitem\"><span class=\"is--medium\">Mati\u00e8re :<\/span> M\u00e9tal\t\t\t\t\t<\/li>\n<li class=\"product-features__item-list__item\" role=\"listitem\"><span class=\"is--medium\">Syst\u00e8me anti gouttes :<\/span> Non\t\t\t\t\t<\/li>\n<li class=\"product-features__item-list__item\" role=\"listitem\"><span class=\"is--medium\">Ecoulement direct :<\/span> Oui\t\t\t\t\t<\/li>\n<\/ul>\n<\/li>\n<li class=\"product-features__item\" role=\"listitem\">\n<h3 class=\"product-features__label\">Fonctions sp\u00e9cifiques<\/h3>\n<ul role=\"list\">\n<li class=\"product-features__item-list__item\" role=\"listitem\"><span class=\"is--medium\">Fonction presse agrumes :<\/span> Oui\t\t\t\t\t<\/li>\n<li class=\"product-features__item-list__item\" role=\"listitem\"><span class=\"is--medium\">Coulis \/ nectar :<\/span> Oui\t\t\t\t\t<\/li>\n<\/ul>\n<\/li>\n<li class=\"product-features__item\" role=\"listitem\">\n<h3 class=\"product-features__label\">S\u00e9curit\u00e9<\/h3>\n<ul role=\"list\">\n<li class=\"product-features__item-list__item\" role=\"listitem\"><span class=\"is--medium\">Pieds anti-d\u00e9rapants :<\/span> Oui\t\t\t\t\t<\/li>\n<li class=\"product-features__item-list__item\" role=\"listitem\"><span class=\"is--medium\">Marche \/ arr\u00eat :<\/span> Oui\t\t\t\t\t<\/li>\n<li class=\"product-features__item-list__item\" role=\"listitem\"><span class=\"is--medium\">Verrouillage couvercle :<\/span> Oui\t\t\t\t\t<\/li>\n<li class=\"product-features__item-list__item\" role=\"listitem\"><span class=\"is--medium\">Verrouillage cuve :<\/span> Oui\t\t\t\t\t<\/li>\n<\/ul>\n<\/li>\n<li class=\"product-features__item\" role=\"listitem\">\n<h3 class=\"product-features__label\">Informations compl\u00e9mentaires<\/h3>\n<ul role=\"list\">\n<li class=\"product-features__item-list__item\" role=\"listitem\"><span class=\"is--medium\">Disponibilit\u00e9 des pi\u00e8ces d\u00e9tach\u00e9es (donn\u00e9es fournisseur) :<\/span> Pendant 30 ans, \u00e0 compter de la date d&rsquo;achat\t\t\t\t\t<\/li>\n<li class=\"product-features__item-list__item\" role=\"listitem\"><span class=\"is--medium\">Garantie :<\/span> 2 ans\t\t\t\t\t<\/li>\n<li class=\"product-features__item-list__item\" role=\"listitem\"><span class=\"is--medium\">Fabriqu\u00e9 en :<\/span> France\t\t\t\t\t<\/li>\n<li class=\"product-features__item-list__item\" role=\"listitem\"><span class=\"is--medium\">R\u00e9f\u00e9rence constructeur :<\/span> 18082F Juice Expert 3 Chrome et Noir\t\t\t\t\t<\/li>\n<li class=\"product-features__item-list__item\" role=\"listitem\"><span class=\"is--medium\">Marque :<\/span> MAGIMIX\t\t\t\t\t<\/li>\n<\/ul>\n<\/li>\n<li class=\"product-features__item\" role=\"listitem\">\n<h3 class=\"product-features__label\">Dimensions<\/h3>\n<ul role=\"list\">\n<li class=\"product-features__item-list__item\" role=\"listitem\"><span class=\"is--medium\">Dimensions l x h x p :<\/span> 21.4 x 41.5 x 18.3 cm\t\t\t\t\t<\/li>\n<li class=\"product-features__item-list__item\" role=\"listitem\"><span class=\"is--medium\">Poids Net :<\/span> 7,50 Kg\t\t\t\t\t<\/li>\n<li class=\"product-features__item-list__item\" role=\"listitem\"><span class=\"is--medium\">Poids Brut :<\/span> 8,30 Kg\t\t\t\t\t<\/li>\n<\/ul>\n<\/li>\n<\/ul>\n<\/div>\n<div class=\"product__disclosure-content\">\n<div class=\"js-read-more product-description__content read-more read-more--truncated\" data-read-more-name=\"description\" style=\"max-height: 500px; overflow: hidden;\">\n<p>Mettez de la magie dans votre quotidien gr\u00e2ce \u00e0 la centrifugeuse et extracteur de jus MAGIMIX 18082F Juice Expert 3. Vous profiterez ainsi d&rsquo;un maximum de vitamines en buvant des jus de fruits et de l\u00e9gumes faits maisons.<\/p>\n<h3>Un maximum de vitamines dans votre verre<img fetchpriority=\"high\" decoding=\"async\" alt=\"MAGIMIX 18082F Juice Expert 3 Chrome\" class=\"wy_tableau_gauche\" height=\"270\" src=\"https:\/\/boulanger.scene7.com\/is\/image\/Boulanger\/3519280180823_p1?wid=400&amp;hei=270\" width=\"400\"\/><\/h3>\n<p>Gr\u00e2ce \u00e0 la  l&rsquo;extracteur de jus MAGIMIX 18082F Juice Expert 3, vous serez certain de r\u00e9cup\u00e9rer un maximum de vitamines, de min\u00e9raux, d&rsquo;antioxydants et de nutriments essentiels tout en profitant de bons jus de fruits et de l\u00e9gumes. Il fonctionne gr\u00e2ce \u00e0 la technique de <b>l&rsquo;extraction \u00e0 froid<\/b>, plus efficace et respectueuse des denr\u00e9es alimentaires.<\/p>\n<p>Vous d\u00e9couvrirez, en plus, tous les bienfaits des jus et <b>plus de 100 recettes<\/b> gr\u00e2ce au livre fourni avec l&rsquo;appareil. Mais ce n&rsquo;est pas tout, une application pour votre smartphone ou votre tablette existe \u00e9galement pour vous permettre de profiter au maximum de votre extracteur.<\/p>\n<h3>Un extracteur 3-en-1<img decoding=\"async\" alt=\"MAGIMIX 18082F Juice Expert 3 Chrome\" class=\"wy_tableau_right\" height=\"270\" src=\"https:\/\/boulanger.scene7.com\/is\/image\/Boulanger\/3519280180823_p2?wid=400&amp;hei=270\" width=\"400\"\/><\/h3>\n<p>Cet appareil vous accompagnera au quotidien gr\u00e2ce \u00e0 son moteur professionnel ultra-silencieux et garantit 30 ans. En plus, L&rsquo;extracteur de jus MAGIMIX 18082F Juice Expert 3 est multifonctions et 3-en-1 ! En effet, il se compose de plusieurs technologies qui vont vous faciliter la vie.<\/p>\n<p> L&rsquo;<b>Extra Press<\/b> agit comme un extracteur de jus pour permettre l&rsquo;extraction \u00e0 froid et la conservation des vitamines. Le<b> Filtre Jus XL<\/b>, fonctionne plut\u00f4t comme une centrifugeuse pour r\u00e9aliser des jus rapidement. Et gr\u00e2ce au <b>Pulp System<\/b>, vous d\u00e9gusterez de d\u00e9licieux jus d&rsquo;agrumes, avec ou sans pulpe selon vos go\u00fbts.<\/p>\n<h3>Eva de @foooodiiizz a test\u00e9 pour vous<img decoding=\"async\" alt=\"MAGIMIX 18082F Juice Expert 3 Chrome\" class=\"wy_tableau_gauche\" height=\"230\" src=\"https:\/\/boulanger.scene7.com\/is\/image\/Boulanger\/3519280180823_p3?wid=325&amp;hei=230\" width=\"325\"\/><\/h3>\n<p><i>Un extracteur de jus super pratique au quotidien : Cet extracteur de jus est tr\u00e8s <b>pratique<\/b> et <b>simple<\/b> d&rsquo;utilisation. Facile \u00e0 laver, ce qui est un bon point&#8230; et les \u00e9l\u00e9ments passent au lave vaisselle !! \ud83d\ude09 Un petit livre de recettes est fourni avec pour donner des id\u00e9es d&rsquo;associations de fruits et de l\u00e9gumes pour r\u00e9aliser de bons <b>jus frais<\/b> avec des produits de saison. Tr\u00e8s <b>esth\u00e9tique<\/b>, je le laisse dans la cuisine pour m&rsquo;en servir au quotidien !! \ud83d\ude42 Je recommande donc ce produit de qualit\u00e9 pour r\u00e9aliser des jus, des smoothies mais aussi des milkshakes ou des laits v\u00e9g\u00e9taux par exemple ! Il y a une fonction presse agrumes et un \u00ab\u00a0pulp system\u00a0\u00bb pour choisir d&rsquo;avoir la pulpe des fruits ou non.<b>En r\u00e9sum\u00e9<\/b>: un produit de qualit\u00e9, <b>facile \u00e0 nettoyer<\/b> et tr\u00e8s pratique!!<\/i><\/p>\n<\/p>\n<p><video class=\"s7Video\" controls=\"\" controlslist=\"nodownload\" poster=\"https:\/\/boulanger.scene7.com\/is\/image\/Boulanger\/3519280180830_v_1?scl=1\" preload=\"metadata\" src=\"https:\/\/boulanger.scene7.com\/is\/content\/Boulanger\/3519280180830_v_1\" width=\"100%\"><\/video><\/p>\n<\/div>\n<p><bl-button a11yexpanded=\"false\" arialabel=\"Afficher toute la description\" class=\"read-more__btn\" full=\"false\" link=\"true\">Voir plus<\/bl-button><\/div>","protected":false},"excerpt":{"rendered":"<div class=\"keypoints\">\n<h3 class=\"keypoints__title\">Les points cl\u00e9s<\/h3>\n<ul role=\"list\">\n<li class=\"keypoints__item\" role=\"listitem\">                                        Puissance : 400 W                      <\/li>\n<li class=\"keypoints__item\" role=\"listitem\">                                        Vitesse maxi : 1.500 tr\/mn                      <\/li>\n<li class=\"keypoints__item\" role=\"listitem\">                                        Goulotte extra large                      <\/li>\n<li class=\"keypoints__item\" role=\"listitem\">                                        Ecoulement direct                      <\/li>\n<li class=\"keypoints__item keypoints__item--advantage\" role=\"listitem\"><strong>Le + :<\/strong> 3 en 1 : extraction des fruits et l\u00e9gumes crus et cuits pour r\u00e9aliser des jus, smoothies, laits v\u00e9g\u00e9taux et syst\u00e8me presse agrumes      <\/li>\n<\/ul>","protected":false},"featured_media":78609,"template":"","meta":{"_glsr_average":0,"_glsr_ranking":0,"_glsr_reviews":0},"product_cat":[406],"product_tag":[230,408,407],"class_list":{"0":"post-78610","1":"product","2":"type-product","3":"status-publish","4":"has-post-thumbnail","6":"product_cat-extracteur-de-jus","7":"product_tag-cuisine-et-cuisson","8":"product_tag-extracteur-de-jus","9":"product_tag-machine-a-jus","11":"first","12":"instock","13":"sale","14":"shipping-taxable","15":"purchasable","16":"product-type-simple"},"_links":{"self":[{"href":"https:\/\/electromenagerexpress.com\/en\/wp-json\/wp\/v2\/product\/78610","targetHints":{"allow":["GET"]}}],"collection":[{"href":"https:\/\/electromenagerexpress.com\/en\/wp-json\/wp\/v2\/product"}],"about":[{"href":"https:\/\/electromenagerexpress.com\/en\/wp-json\/wp\/v2\/types\/product"}],"wp:featuredmedia":[{"embeddable":true,"href":"https:\/\/electromenagerexpress.com\/en\/wp-json\/wp\/v2\/media\/78609"}],"wp:attachment":[{"href":"https:\/\/electromenagerexpress.com\/en\/wp-json\/wp\/v2\/media?parent=78610"}],"wp:term":[{"taxonomy":"product_cat","embeddable":true,"href":"https:\/\/electromenagerexpress.com\/en\/wp-json\/wp\/v2\/product_cat?post=78610"},{"taxonomy":"product_tag","embeddable":true,"href":"https:\/\/electromenagerexpress.com\/en\/wp-json\/wp\/v2\/product_tag?post=78610"}],"curies":[{"name":"wp","href":"https:\/\/api.w.org\/{rel}","templated":true}]}}