{"id":78587,"date":"2024-11-24T14:33:27","date_gmt":"2024-11-24T14:33:27","guid":{"rendered":"https:\/\/electromenagerexpress.com\/product\/extracteur-de-juskuvingsrevo830b-noir-mat\/"},"modified":"2024-11-24T14:33:34","modified_gmt":"2024-11-24T14:33:34","slug":"extracteur-de-juskuvingsrevo830b-noir-mat","status":"publish","type":"product","link":"https:\/\/electromenagerexpress.com\/en\/product\/extracteur-de-juskuvingsrevo830b-noir-mat\/","title":{"rendered":"Extracteur de jus\t\t\t\t\t\t\tKUVINGS\t\t\t\tREVO830B noir mat"},"content":{"rendered":"<div class=\"product-features__content\">\n<ul role=\"list\">\n<li class=\"product-features__item\" role=\"listitem\">\n<h3 class=\"product-features__label\">Caract\u00e9ristiques g\u00e9n\u00e9rales<\/h3>\n<ul role=\"list\">\n<li class=\"product-features__item-list__item\" role=\"listitem\"><span class=\"is--medium\">Type produit :<\/span> Extracteur de jus\t\t\t\t\t<\/li>\n<li class=\"product-features__item-list__item\" role=\"listitem\"><span class=\"is--medium\">Mati\u00e8re du corps :<\/span> Plastique \/ Inox\t\t\t\t\t<\/li>\n<li class=\"product-features__item-list__item\" role=\"listitem\"><span class=\"is--medium\">Couleur :<\/span> Noir\t\t\t\t\t<\/li>\n<li class=\"product-features__item-list__item\" role=\"listitem\"><span class=\"is--medium\">Goulotte extra large :<\/span> Oui\t\t\t\t\t<\/li>\n<li class=\"product-features__item-list__item\" role=\"listitem\"><span class=\"is--medium\">Rangement cordon :<\/span> Non\t\t\t\t\t<\/li>\n<li class=\"product-features__item-list__item\" role=\"listitem\"><span class=\"is--medium\">Longueur du cordon :<\/span> 1,50 m\t\t\t\t\t<\/li>\n<li class=\"product-features__item-list__item\" role=\"listitem\"><span class=\"is--medium\">Certaines pi\u00e8ces compatibles au lave vaisselle :<\/span> Oui\t\t\t\t\t<\/li>\n<li class=\"product-features__item-list__item\" role=\"listitem\"><span class=\"is--medium\">Position de l&rsquo;appareil :<\/span> Vertical\t\t\t\t\t<\/li>\n<\/ul>\n<\/li>\n<li class=\"product-features__item\" role=\"listitem\">\n<h3 class=\"product-features__label\">Moteur<\/h3>\n<ul role=\"list\">\n<li class=\"product-features__item-list__item\" role=\"listitem\"><span class=\"is--medium\">Puissance :<\/span> 200 W\t\t\t\t\t<\/li>\n<li class=\"product-features__item-list__item\" role=\"listitem\"><span class=\"is--medium\">Nombre de vitesses :<\/span> 1\t\t\t\t\t<\/li>\n<li class=\"product-features__item-list__item\" role=\"listitem\"><span class=\"is--medium\">Vitesse mini :<\/span> 48 tr\/mn\t\t\t\t\t<\/li>\n<li class=\"product-features__item-list__item\" role=\"listitem\"><span class=\"is--medium\">Vitesse maxi :<\/span> 48 tr\/mn\t\t\t\t\t<\/li>\n<li class=\"product-features__item-list__item\" role=\"listitem\"><span class=\"is--medium\">Moteur asynchrone :<\/span> Non\t\t\t\t\t<\/li>\n<li class=\"product-features__item-list__item\" role=\"listitem\"><span class=\"is--medium\">Silencieux :<\/span> Oui\t\t\t\t\t<\/li>\n<li class=\"product-features__item-list__item\" role=\"listitem\"><span class=\"is--medium\">Fonction reverse :<\/span> Oui\t\t\t\t\t<\/li>\n<\/ul>\n<\/li>\n<li class=\"product-features__item\" role=\"listitem\">\n<h3 class=\"product-features__label\">Pichet verseur<\/h3>\n<ul role=\"list\">\n<li class=\"product-features__item-list__item\" role=\"listitem\"><span class=\"is--medium\">Capacit\u00e9 :<\/span> 1,00 L\t\t\t\t\t<\/li>\n<li class=\"product-features__item-list__item\" role=\"listitem\"><span class=\"is--medium\">S\u00e9parateur de pulpe :<\/span> Oui\t\t\t\t\t<\/li>\n<li class=\"product-features__item-list__item\" role=\"listitem\"><span class=\"is--medium\">S\u00e9parateur de mousse :<\/span> Non\t\t\t\t\t<\/li>\n<li class=\"product-features__item-list__item\" role=\"listitem\"><span class=\"is--medium\">Pichet verseur :<\/span> Oui\t\t\t\t\t<\/li>\n<\/ul>\n<\/li>\n<li class=\"product-features__item\" role=\"listitem\">\n<h3 class=\"product-features__label\">Bec verseur<\/h3>\n<ul role=\"list\">\n<li class=\"product-features__item-list__item\" role=\"listitem\"><span class=\"is--medium\">Mati\u00e8re :<\/span> Plastique\t\t\t\t\t<\/li>\n<li class=\"product-features__item-list__item\" role=\"listitem\"><span class=\"is--medium\">Syst\u00e8me anti gouttes :<\/span> Oui\t\t\t\t\t<\/li>\n<li class=\"product-features__item-list__item\" role=\"listitem\"><span class=\"is--medium\">Ecoulement direct :<\/span> Oui\t\t\t\t\t<\/li>\n<\/ul>\n<\/li>\n<li class=\"product-features__item\" role=\"listitem\">\n<h3 class=\"product-features__label\">R\u00e9servoir \u00e0 pulpe<\/h3>\n<ul role=\"list\">\n<li class=\"product-features__item-list__item\" role=\"listitem\"><span class=\"is--medium\">R\u00e9servoir amovible :<\/span> Oui\t\t\t\t\t<\/li>\n<\/ul>\n<\/li>\n<li class=\"product-features__item\" role=\"listitem\">\n<h3 class=\"product-features__label\">Fonctions sp\u00e9cifiques<\/h3>\n<ul role=\"list\">\n<li class=\"product-features__item-list__item\" role=\"listitem\"><span class=\"is--medium\">Coupe-l\u00e9gumes :<\/span> Oui\t\t\t\t\t<\/li>\n<\/ul>\n<\/li>\n<li class=\"product-features__item\" role=\"listitem\">\n<h3 class=\"product-features__label\">S\u00e9curit\u00e9<\/h3>\n<ul role=\"list\">\n<li class=\"product-features__item-list__item\" role=\"listitem\"><span class=\"is--medium\">Pieds anti-d\u00e9rapants :<\/span> Oui\t\t\t\t\t<\/li>\n<li class=\"product-features__item-list__item\" role=\"listitem\"><span class=\"is--medium\">Marche \/ arr\u00eat :<\/span> Oui\t\t\t\t\t<\/li>\n<\/ul>\n<\/li>\n<li class=\"product-features__item\" role=\"listitem\">\n<h3 class=\"product-features__label\">Informations compl\u00e9mentaires<\/h3>\n<ul role=\"list\">\n<li class=\"product-features__item-list__item\" role=\"listitem\"><span class=\"is--medium\">Disponibilit\u00e9 des pi\u00e8ces d\u00e9tach\u00e9es (donn\u00e9es fournisseur) :<\/span> Pendant 7 ans, \u00e0 compter de la date d&rsquo;achat\t\t\t\t\t<\/li>\n<li class=\"product-features__item-list__item\" role=\"listitem\"><span class=\"is--medium\">Garantie :<\/span> 2 ans\t\t\t\t\t<\/li>\n<li class=\"product-features__item-list__item\" role=\"listitem\"><span class=\"is--medium\">Fabriqu\u00e9 en :<\/span> Cor\u00e9e du Sud\t\t\t\t\t<\/li>\n<li class=\"product-features__item-list__item\" role=\"listitem\"><span class=\"is--medium\">R\u00e9f\u00e9rence constructeur :<\/span> REVO830B noir mat\t\t\t\t\t<\/li>\n<li class=\"product-features__item-list__item\" role=\"listitem\"><span class=\"is--medium\">Marque :<\/span> KUVINGS\t\t\t\t\t<\/li>\n<\/ul>\n<\/li>\n<li class=\"product-features__item\" role=\"listitem\">\n<h3 class=\"product-features__label\">Dimensions<\/h3>\n<ul role=\"list\">\n<li class=\"product-features__item-list__item\" role=\"listitem\"><span class=\"is--medium\">Dimensions l x h x p :<\/span> 37 x 46.3 x 28.5 cm\t\t\t\t\t<\/li>\n<li class=\"product-features__item-list__item\" role=\"listitem\"><span class=\"is--medium\">Poids Net :<\/span> 7,50 Kg\t\t\t\t\t<\/li>\n<li class=\"product-features__item-list__item\" role=\"listitem\"><span class=\"is--medium\">Poids Brut :<\/span> 9,60 Kg\t\t\t\t\t<\/li>\n<\/ul>\n<\/li>\n<\/ul>\n<\/div>\n<div class=\"product__disclosure-content\">\n<div class=\"js-read-more product-description__content read-more read-more--truncated\" data-read-more-name=\"description\" style=\"max-height: 500px; overflow: hidden;\">\n<p>L&rsquo;extracteur de jus Kuvings REVO830B vous transformera en v\u00e9ritable expert des jus et autres boissons. \u00c0 la fois puissant et silencieux, il s&rsquo;impose dans votre cuisine et vous fait profiter de ses diff\u00e9rents programmes.<\/p>\n<h3><img fetchpriority=\"high\" decoding=\"async\" ,=\"\" alt=\"Extracteur jus KUVINGS REVO830B noir mat\" class=\"wy_tableau_gauche\" height=\"270\" src=\"https:\/\/boulanger.scene7.com\/is\/image\/Boulanger\/8809597083487_h_f_l_0?wid=400&amp;hei=270\" width=\"400\"\/>Un extracteur puissant pour faire des jus comme un professionnel<\/h3>\n<p>La vis de d\u00e9coupe automatique de l&rsquo;extracteur de jus Kuvings REVO830B est con\u00e7ue pour extraire le jus en quelques instants sans que vous n&rsquo;ayez \u00e0 r\u00e9aliser le moindre effort. Son moteur durable et puissant poss\u00e8de une vitesse progressive de 48\u00a0tr\/min. Ainsi, il vous permet de profiter de boissons fra\u00eeches en un instant, et ce, pour de longues ann\u00e9es.<\/p>\n<p>L&rsquo;extracteur de jus Kuvings REVO830B vous offre <b>une double embouchure pour accueillir les fruits de toutes les tailles : entre 45 et 88 mm<\/b>. Avec \u00e0 cet extracteur de jus sign\u00e9 Kuvings, vous r\u00e9ussirez tous vos jus avec ou sans pulpe, vos boissons v\u00e9g\u00e9tales et vos sorbets. Une fois votre recette termin\u00e9e, vous pouvez d\u00e9monter et nettoyer facilement chacun des \u00e9l\u00e9ments de l&rsquo;appareil pour un entretien simple.<\/p>\n<h3><img decoding=\"async\" ,=\"\" alt=\"Extracteur jus KUVINGS REVO830B noir mat\" class=\"wy_tableau_right\" height=\"270\" src=\"https:\/\/boulanger.scene7.com\/is\/image\/Boulanger\/8809597083487_h_f_l_1?wid=400&amp;hei=270\" width=\"400\"\/>Un appareil cr\u00e9\u00e9 pour votre confort et votre s\u00e9curit\u00e9<\/h3>\n<p>L&rsquo;extracteur de jus Kuvings REVO830B dispose d&rsquo;une technologie Max Filter pour vous offrir des jus sans fibres ni pulpe si vous le souhaitez. Vous pouvez donc mixer les aliments, quelle que soit leur ampleur. Avec des commandes simplissimes et un moteur ultra-silencieux, contr\u00f4lez votre extracteur en quelques gestes.<\/p>\n<p>L&rsquo;extracteur Kuvings REVO830B est \u00e9quip\u00e9 d&rsquo;une fermeture s\u00e9curis\u00e9e pour plus de s\u00e9r\u00e9nit\u00e9 et une utilisation s\u00e9cure. En outre, il pr\u00e9serve \u00e9galement votre sant\u00e9 : en effet, tous les \u00e9l\u00e9ments en contact avec les aliments sont garantis sans BPA.<\/p>\n<\/p>\n<\/div>\n<p><bl-button a11yexpanded=\"false\" arialabel=\"Afficher toute la description\" class=\"read-more__btn\" full=\"false\" link=\"true\">Voir plus<\/bl-button><\/div>","protected":false},"excerpt":{"rendered":"<div class=\"keypoints\">\n<h3 class=\"keypoints__title\">Les points cl\u00e9s<\/h3>\n<ul role=\"list\">\n<li class=\"keypoints__item\" role=\"listitem\">                          Capacit\u00e9 : 1,00 L &#8211;                                                      Puissance : 200 W                      <\/li>\n<li class=\"keypoints__item\" role=\"listitem\">                                        Vitesse maxi : 48 tr\/mn                      <\/li>\n<li class=\"keypoints__item\" role=\"listitem\">                                        Goulotte extra large                      <\/li>\n<li class=\"keypoints__item\" role=\"listitem\">                                        Ecoulement direct                      <\/li>\n<li class=\"keypoints__item keypoints__item--advantage\" role=\"listitem\"><strong>Le + :<\/strong> Syst\u00e8me de vis auto-cut pour des jus rapides \u00e0 r\u00e9aliser      <\/li>\n<\/ul>","protected":false},"featured_media":78586,"template":"","meta":{"_glsr_average":0,"_glsr_ranking":0,"_glsr_reviews":0},"product_cat":[406],"product_tag":[230,408,407],"class_list":{"0":"post-78587","1":"product","2":"type-product","3":"status-publish","4":"has-post-thumbnail","6":"product_cat-extracteur-de-jus","7":"product_tag-cuisine-et-cuisson","8":"product_tag-extracteur-de-jus","9":"product_tag-machine-a-jus","11":"first","12":"instock","13":"sale","14":"shipping-taxable","15":"purchasable","16":"product-type-simple"},"_links":{"self":[{"href":"https:\/\/electromenagerexpress.com\/en\/wp-json\/wp\/v2\/product\/78587","targetHints":{"allow":["GET"]}}],"collection":[{"href":"https:\/\/electromenagerexpress.com\/en\/wp-json\/wp\/v2\/product"}],"about":[{"href":"https:\/\/electromenagerexpress.com\/en\/wp-json\/wp\/v2\/types\/product"}],"wp:featuredmedia":[{"embeddable":true,"href":"https:\/\/electromenagerexpress.com\/en\/wp-json\/wp\/v2\/media\/78586"}],"wp:attachment":[{"href":"https:\/\/electromenagerexpress.com\/en\/wp-json\/wp\/v2\/media?parent=78587"}],"wp:term":[{"taxonomy":"product_cat","embeddable":true,"href":"https:\/\/electromenagerexpress.com\/en\/wp-json\/wp\/v2\/product_cat?post=78587"},{"taxonomy":"product_tag","embeddable":true,"href":"https:\/\/electromenagerexpress.com\/en\/wp-json\/wp\/v2\/product_tag?post=78587"}],"curies":[{"name":"wp","href":"https:\/\/api.w.org\/{rel}","templated":true}]}}