{"id":78576,"date":"2024-11-24T14:33:19","date_gmt":"2024-11-24T14:33:19","guid":{"rendered":"https:\/\/electromenagerexpress.com\/product\/extracteur-de-juskuvingsb9700-gris-mat-ns626ces-gm\/"},"modified":"2024-11-24T14:33:26","modified_gmt":"2024-11-24T14:33:26","slug":"extracteur-de-juskuvingsb9700-gris-mat-ns626ces-gm","status":"publish","type":"product","link":"https:\/\/electromenagerexpress.com\/en\/product\/extracteur-de-juskuvingsb9700-gris-mat-ns626ces-gm\/","title":{"rendered":"Extracteur de jus\t\t\t\t\t\t\tKUVINGS\t\t\t\tB9700 Gris mat \/ NS626CES GM"},"content":{"rendered":"<div class=\"product-features__content\">\n<ul role=\"list\">\n<li class=\"product-features__item\" role=\"listitem\">\n<h3 class=\"product-features__label\">Et en plus<\/h3>\n<ul role=\"list\">\n<li class=\"product-features__item-list__item\" role=\"listitem\"><span class=\"is--medium\">D\u00e9couvrez :<\/span> <a href=\"https:\/\/commeunchef.boulanger.com\/\" target=\"_blank\"> Comme un Chef<\/a><\/li>\n<\/ul>\n<\/li>\n<li class=\"product-features__item\" role=\"listitem\">\n<h3 class=\"product-features__label\">Caract\u00e9ristiques g\u00e9n\u00e9rales<\/h3>\n<ul role=\"list\">\n<li class=\"product-features__item-list__item\" role=\"listitem\"><span class=\"is--medium\">Type produit :<\/span> Extracteur de jus\t\t\t\t\t<\/li>\n<li class=\"product-features__item-list__item\" role=\"listitem\"><span class=\"is--medium\">Mati\u00e8re du corps :<\/span> Plastique\t\t\t\t\t<\/li>\n<li class=\"product-features__item-list__item\" role=\"listitem\"><span class=\"is--medium\">Couleur :<\/span> Gris\t\t\t\t\t<\/li>\n<li class=\"product-features__item-list__item\" role=\"listitem\"><span class=\"is--medium\">Goulotte extra large :<\/span> Oui\t\t\t\t\t<\/li>\n<li class=\"product-features__item-list__item\" role=\"listitem\"><span class=\"is--medium\">Position de l&rsquo;appareil :<\/span> Horizontal\t\t\t\t\t<\/li>\n<\/ul>\n<\/li>\n<li class=\"product-features__item\" role=\"listitem\">\n<h3 class=\"product-features__label\">Moteur<\/h3>\n<ul role=\"list\">\n<li class=\"product-features__item-list__item\" role=\"listitem\"><span class=\"is--medium\">Puissance :<\/span> 240 W\t\t\t\t\t<\/li>\n<li class=\"product-features__item-list__item\" role=\"listitem\"><span class=\"is--medium\">Nombre de vitesses :<\/span> 1\t\t\t\t\t<\/li>\n<li class=\"product-features__item-list__item\" role=\"listitem\"><span class=\"is--medium\">Vitesse mini :<\/span> 48 tr\/mn\t\t\t\t\t<\/li>\n<li class=\"product-features__item-list__item\" role=\"listitem\"><span class=\"is--medium\">Vitesse maxi :<\/span> 48 tr\/mn\t\t\t\t\t<\/li>\n<li class=\"product-features__item-list__item\" role=\"listitem\"><span class=\"is--medium\">Moteur asynchrone :<\/span> Moteur asynchrone : Il permet une faible consommation et une puissance d&rsquo;extraction importante\t\t\t\t\t<\/li>\n<\/ul>\n<\/li>\n<li class=\"product-features__item\" role=\"listitem\">\n<h3 class=\"product-features__label\">Bec verseur<\/h3>\n<ul role=\"list\">\n<li class=\"product-features__item-list__item\" role=\"listitem\"><span class=\"is--medium\">Syst\u00e8me anti gouttes :<\/span> Non\t\t\t\t\t<\/li>\n<li class=\"product-features__item-list__item\" role=\"listitem\"><span class=\"is--medium\">Ecoulement direct :<\/span> Oui\t\t\t\t\t<\/li>\n<\/ul>\n<\/li>\n<li class=\"product-features__item\" role=\"listitem\">\n<h3 class=\"product-features__label\">Informations compl\u00e9mentaires<\/h3>\n<ul role=\"list\">\n<li class=\"product-features__item-list__item\" role=\"listitem\"><span class=\"is--medium\">Disponibilit\u00e9 des pi\u00e8ces d\u00e9tach\u00e9es (donn\u00e9es fournisseur) :<\/span> Pendant 5 ans, \u00e0 compter de la date d&rsquo;achat\t\t\t\t\t<\/li>\n<li class=\"product-features__item-list__item\" role=\"listitem\"><span class=\"is--medium\">Garantie :<\/span> 2 ans\t\t\t\t\t<\/li>\n<li class=\"product-features__item-list__item\" role=\"listitem\"><span class=\"is--medium\">R\u00e9f\u00e9rence constructeur :<\/span> B9700 Gris mat \/ NS626CES GM\t\t\t\t\t<\/li>\n<li class=\"product-features__item-list__item\" role=\"listitem\"><span class=\"is--medium\">Marque :<\/span> KUVINGS\t\t\t\t\t<\/li>\n<\/ul>\n<\/li>\n<li class=\"product-features__item\" role=\"listitem\">\n<h3 class=\"product-features__label\">Dimensions<\/h3>\n<ul role=\"list\">\n<li class=\"product-features__item-list__item\" role=\"listitem\"><span class=\"is--medium\">Poids Net :<\/span> 6,00 Kg\t\t\t\t\t<\/li>\n<\/ul>\n<\/li>\n<\/ul>\n<\/div>\n<div class=\"product__disclosure-content\">\n<div class=\"js-read-more product-description__content read-more read-more--truncated\" data-read-more-name=\"description\" style=\"max-height: 500px; overflow: hidden;\">\n<p>Profitez d&rsquo;un jus de fruits ou de l\u00e9gumes frais et savoureux, gr\u00e2ce \u00e0 l&rsquo;extracteur de jus KUVINGS B9700. Facile \u00e0 utiliser et performant, il sera votre alli\u00e9 au quotidien pour des journ\u00e9es vitamin\u00e9es !<\/p>\n<h3>Des jus frais en un tour de main<img fetchpriority=\"high\" decoding=\"async\" alt=\"extracteur jus KUVINGS B9700 Gris mat\" class=\"wy_tableau_gauche\" height=\"270\" src=\"https:\/\/boulanger.scene7.com\/is\/image\/Boulanger\/8809597080462_h_f_l_0?wid=400&amp;hei=270\" width=\"400\"\/><\/h3>\n<p>L&rsquo;extracteur de jus KUVINGS B9700, c&rsquo;est avant tout un appareil performant qui vous promet des jus parfaitement ex\u00e9cut\u00e9s, gr\u00e2ce \u00e0 son <b>moteur asynchrone de 240 W<\/b> et sa <b>vitesse de rotation de 48 tours\/minute<\/b>. Il vous garantit ainsi une extraction parfaite de chaque goutte de jus, quel que soit le type d&rsquo;aliment : fruits, l\u00e9gumes, racines, herbes de bl\u00e9, feuilles&#8230; Un livre de recettes est inclus. De quoi varier les plaisirs ! <\/p>\n<p>De plus, il est dot\u00e9 d&rsquo;une <b>large embouchure<\/b> pour ins\u00e9rer certains aliments sans les couper comme les kiwis, les petites pommes et les oranges. Ainsi, vous \u00e9conomisez du temps en d\u00e9coupe et n&rsquo;avez plus besoin de vous fatiguer d\u00e8s le matin.<\/p>\n<h3>Pratique et s\u00fbr<img decoding=\"async\" alt=\"extracteur jus KUVINGS B9700 Gris mat\" class=\"wy_tableau_right\" height=\"270\" src=\"https:\/\/boulanger.scene7.com\/is\/image\/Boulanger\/8809597080462_h_z_l_1?wid=400&amp;hei=270\" width=\"400\"\/><\/h3>\n<p>L&rsquo;extracteur de jus KUVINGS B9700 est \u00e9galement tr\u00e8s pratique avec ses <b>bacs amovibles<\/b> qui permettent de r\u00e9cup\u00e9rer la pulpe et le jus s\u00e9par\u00e9ment. L&rsquo;un d&rsquo;eux est con\u00e7u sous la forme d&rsquo;un pichet afin de vous faciliter le service. Le jus s&rsquo;y \u00e9coule directement par le biais d&rsquo;un <b>bec verseur anti-goutte<\/b> pour un fonctionnement plus propre. L&rsquo;ensemble est en plastique <b>ultra r\u00e9sistant et sans BPA<\/b>.<\/p>\n<p>Pour une utilisation s\u00fbre, l&rsquo;appareil est dot\u00e9 de <b>pieds anti-d\u00e9rapants<\/b> et d&rsquo;un syst\u00e8me de verrouillage du couvercle et de la cuve. De plus, il est <b>extr\u00eamement silencieux<\/b> et vous permet ainsi de pr\u00e9parer votre boisson sans g\u00eaner les habitants de la maison le matin.<\/p>\n<\/p>\n<\/div>\n<p><bl-button a11yexpanded=\"false\" arialabel=\"Afficher toute la description\" class=\"read-more__btn\" full=\"false\" link=\"true\"><\/bl-button><\/div>","protected":false},"excerpt":{"rendered":"<div class=\"keypoints\">\n<h3 class=\"keypoints__title\">Les points cl\u00e9s<\/h3>\n<ul role=\"list\">\n<li class=\"keypoints__item\" role=\"listitem\">                                        Puissance : 240 W                      <\/li>\n<li class=\"keypoints__item\" role=\"listitem\">                                        Vitesse maxi : 48 tr\/mn                      <\/li>\n<li class=\"keypoints__item\" role=\"listitem\">                                        Goulotte extra large                      <\/li>\n<li class=\"keypoints__item\" role=\"listitem\">                                        Ecoulement direct                      <\/li>\n<li class=\"keypoints__item keypoints__item--advantage\" role=\"listitem\"><strong>Le + :<\/strong> la garantie d&rsquo;une extraction parfaite : fruits, l\u00e9gumes, racines, herbes de bl\u00e9, feuilles&#8230;.      <\/li>\n<\/ul>","protected":false},"featured_media":78575,"template":"","meta":{"_glsr_average":0,"_glsr_ranking":0,"_glsr_reviews":0},"product_cat":[406],"product_tag":[230,408,407],"class_list":{"0":"post-78576","1":"product","2":"type-product","3":"status-publish","4":"has-post-thumbnail","6":"product_cat-extracteur-de-jus","7":"product_tag-cuisine-et-cuisson","8":"product_tag-extracteur-de-jus","9":"product_tag-machine-a-jus","11":"first","12":"instock","13":"sale","14":"shipping-taxable","15":"purchasable","16":"product-type-simple"},"_links":{"self":[{"href":"https:\/\/electromenagerexpress.com\/en\/wp-json\/wp\/v2\/product\/78576","targetHints":{"allow":["GET"]}}],"collection":[{"href":"https:\/\/electromenagerexpress.com\/en\/wp-json\/wp\/v2\/product"}],"about":[{"href":"https:\/\/electromenagerexpress.com\/en\/wp-json\/wp\/v2\/types\/product"}],"wp:featuredmedia":[{"embeddable":true,"href":"https:\/\/electromenagerexpress.com\/en\/wp-json\/wp\/v2\/media\/78575"}],"wp:attachment":[{"href":"https:\/\/electromenagerexpress.com\/en\/wp-json\/wp\/v2\/media?parent=78576"}],"wp:term":[{"taxonomy":"product_cat","embeddable":true,"href":"https:\/\/electromenagerexpress.com\/en\/wp-json\/wp\/v2\/product_cat?post=78576"},{"taxonomy":"product_tag","embeddable":true,"href":"https:\/\/electromenagerexpress.com\/en\/wp-json\/wp\/v2\/product_tag?post=78576"}],"curies":[{"name":"wp","href":"https:\/\/api.w.org\/{rel}","templated":true}]}}