{"id":78424,"date":"2024-11-24T14:31:01","date_gmt":"2024-11-24T14:31:01","guid":{"rendered":"https:\/\/electromenagerexpress.com\/product\/friteuse-sans-huileklarsteinvigor-air-1800w-30l-blanc\/"},"modified":"2024-11-24T14:31:07","modified_gmt":"2024-11-24T14:31:07","slug":"friteuse-sans-huileklarsteinvigor-air-1800w-30l-blanc","status":"publish","type":"product","link":"https:\/\/electromenagerexpress.com\/en\/product\/friteuse-sans-huileklarsteinvigor-air-1800w-30l-blanc\/","title":{"rendered":"Friteuse sans huile\t\t\t\t\t\t\tKLARSTEIN\t\t\t\tVigor Air 1800W 30L Blanc"},"content":{"rendered":"<div class=\"product-features__content\">\n<ul role=\"list\">\n<li class=\"product-features__item\" role=\"listitem\">\n<h3 class=\"product-features__label\">Choisir ce produit pour quels usages<\/h3>\n<ul role=\"list\">\n<li class=\"product-features__item-list__item\" role=\"listitem\"><span class=\"is--medium\">Cuisson :<\/span> avec une cuill\u00e8re d&rsquo;huile ou sans huile\t\t\t\t\t<\/li>\n<\/ul>\n<\/li>\n<li class=\"product-features__item\" role=\"listitem\">\n<h3 class=\"product-features__label\">Volume et capacit\u00e9<\/h3>\n<ul role=\"list\">\n<li class=\"product-features__item-list__item\" role=\"listitem\"><span class=\"is--medium\">Capacit\u00e9 de frites fra\u00eeches :<\/span> 1,0 kg\t\t\t\t\t<\/li>\n<li class=\"product-features__item-list__item\" role=\"listitem\"><span class=\"is--medium\">Capacit\u00e9 de frites surgel\u00e9es :<\/span> 1,0 kg\t\t\t\t\t<\/li>\n<li class=\"product-features__item-list__item\" role=\"listitem\"><span class=\"is--medium\">Le saviez vous :<\/span> pour 3-4 personnes pr\u00e9voyez 1kg de frites fraiches ou 1,250 kg de frites surgel\u00e9es\t\t\t\t\t<\/li>\n<li class=\"product-features__item-list__item\" role=\"listitem\"><span class=\"is--medium\">Type de friture :<\/span> air chaud\t\t\t\t\t<\/li>\n<li class=\"product-features__item-list__item\" role=\"listitem\"><span class=\"is--medium\">Nombre de bacs et paniers :<\/span> 1 bac et 1 panier\t\t\t\t\t<\/li>\n<\/ul>\n<\/li>\n<li class=\"product-features__item\" role=\"listitem\">\n<h3 class=\"product-features__label\">Confort d&rsquo;utilisation<\/h3>\n<ul role=\"list\">\n<li class=\"product-features__item-list__item\" role=\"listitem\"><span class=\"is--medium\">Puissance :<\/span> 1.800 W\t\t\t\t\t<\/li>\n<li class=\"product-features__item-list__item\" role=\"listitem\"><span class=\"is--medium\">Le saviez vous :<\/span> plus la puissance est \u00e9lev\u00e9e, plus le temps de chauffe est rapide\t\t\t\t\t<\/li>\n<li class=\"product-features__item-list__item\" role=\"listitem\"><span class=\"is--medium\">Chaleur puls\u00e9e :<\/span> oui, l&rsquo;air chaud circule dans la cuve et permet une uniformit\u00e9 de la cuisson comme dans un four\t\t\t\t\t<\/li>\n<li class=\"product-features__item-list__item\" role=\"listitem\"><span class=\"is--medium\">Voyant de temp\u00e9rature :<\/span> Oui\t\t\t\t\t<\/li>\n<li class=\"product-features__item-list__item\" role=\"listitem\"><span class=\"is--medium\">Thermostat r\u00e9glable :<\/span> De 30\u00b0C \u00e0 230\u00b0C\t\t\t\t\t<\/li>\n<li class=\"product-features__item-list__item\" role=\"listitem\"><span class=\"is--medium\">Minuterie :<\/span> oui, permet d&rsquo;avoir le signal de la fin du temps programm\u00e9\t\t\t\t\t<\/li>\n<li class=\"product-features__item-list__item\" role=\"listitem\"><span class=\"is--medium\">Mode de cuisson :<\/span> automatique\t\t\t\t\t<\/li>\n<li class=\"product-features__item-list__item\" role=\"listitem\"><span class=\"is--medium\">Maintien au chaud :<\/span> Oui\t\t\t\t\t<\/li>\n<li class=\"product-features__item-list__item\" role=\"listitem\"><span class=\"is--medium\">Ecran :<\/span> tactile\t\t\t\t\t<\/li>\n<li class=\"product-features__item-list__item\" role=\"listitem\"><span class=\"is--medium\">Fonction pause :<\/span> oui, permet d&rsquo;\u00eatre activ\u00e9e pour remuer ou retourner les aliments si besoin\t\t\t\t\t<\/li>\n<li class=\"product-features__item-list__item\" role=\"listitem\"><span class=\"is--medium\">Arr\u00eat automatique :<\/span> oui, suite au programme choisi, la friteuse s&rsquo;arr\u00eate pour avoir une recette r\u00e9ussie\t\t\t\t\t<\/li>\n<\/ul>\n<\/li>\n<li class=\"product-features__item\" role=\"listitem\">\n<h3 class=\"product-features__label\">Entretien<\/h3>\n<ul role=\"list\">\n<li class=\"product-features__item-list__item\" role=\"listitem\"><span class=\"is--medium\">R\u00e9sistance : :<\/span> cach\u00e9e\t\t\t\t\t<\/li>\n<li class=\"product-features__item-list__item\" role=\"listitem\"><span class=\"is--medium\">Cuve amovible :<\/span> Non\t\t\t\t\t<\/li>\n<li class=\"product-features__item-list__item\" role=\"listitem\"><span class=\"is--medium\">Filtration d&rsquo;huile :<\/span> nettoyage facile\t\t\t\t\t<\/li>\n<\/ul>\n<\/li>\n<li class=\"product-features__item\" role=\"listitem\">\n<h3 class=\"product-features__label\">Dimensions<\/h3>\n<ul role=\"list\">\n<li class=\"product-features__item-list__item\" role=\"listitem\"><span class=\"is--medium\">Dimensions l x h x p :<\/span> 46 x 43.4 x 37.5 cm\t\t\t\t\t<\/li>\n<li class=\"product-features__item-list__item\" role=\"listitem\"><span class=\"is--medium\">Poids net :<\/span> 9,50 Kg\t\t\t\t\t<\/li>\n<\/ul>\n<\/li>\n<li class=\"product-features__item\" role=\"listitem\">\n<h3 class=\"product-features__label\">Informations et services<\/h3>\n<ul role=\"list\">\n<li class=\"product-features__item-list__item\" role=\"listitem\"><span class=\"is--medium\">Fabriqu\u00e9 en :<\/span> Chine\t\t\t\t\t<\/li>\n<li class=\"product-features__item-list__item\" role=\"listitem\"><span class=\"is--medium\">Disponibilit\u00e9 des pi\u00e8ces d\u00e9tach\u00e9es (donn\u00e9es fournisseur) :<\/span> Non communiqu\u00e9e\t\t\t\t\t<\/li>\n<li class=\"product-features__item-list__item\" role=\"listitem\"><span class=\"is--medium\">R\u00e9f\u00e9rence constructeur :<\/span> Vigor Air 1800W 30L Blanc\t\t\t\t\t<\/li>\n<li class=\"product-features__item-list__item\" role=\"listitem\"><span class=\"is--medium\">Marque :<\/span> KLARSTEIN\t\t\t\t\t<\/li>\n<\/ul>\n<\/li>\n<\/ul>\n<\/div>\n<div class=\"product__disclosure-content\">\n<div class=\"js-read-more product-description__content read-more read-more--truncated\" data-read-more-name=\"description\" style=\"max-height: 500px; overflow: hidden;\">\n<p>Un grand espace de cuisson pour une d\u00e9licieuse diversit\u00e9\u00a0: avec la friteuse \u00e0 air<br \/>chaud Vigor Air <b><\/b> de <b>Klarstein<\/b>, vous pouvez pr\u00e9parer d&rsquo;innombrables plats pour vous et<br \/>votre famille. <\/p>\n<p>Frire, cuire, griller ou r\u00f4tir\u00a0: toutes ces fonctions ne posent aucun probl\u00e8me au<br \/>Vigor Air gr\u00e2ce \u00e0 ses deux \u00e9l\u00e9ments chauffants (chaleur sup\u00e9rieure et inf\u00e9rieure).<br \/>Avec ses 18\u00a0programmes pr\u00e9r\u00e9gl\u00e9s et un panneau tactile intuitif, vous pouvez<br \/>facilement et confortablement profiter de nombreux plats d\u00e9licieux. Gr\u00e2ce \u00e0 son<br \/>volume de 30\u00a0litres, ce remarquable appareil est tr\u00e8s spacieux et convient<br \/>particuli\u00e8rement aux familles ou aux grands m\u00e9nages. Des fonctions sp\u00e9ciales comme la<br \/>double cuisson ainsi qu&rsquo;un vaste set d&rsquo;accessoires permettent de r\u00e9pondre \u00e0 tous les<br \/>souhaits. <\/p>\n<p>Plus que de l&rsquo;air chaud\u00a0: la <b>friteuse \u00e0 air chaud<\/b> Vigor Air <b> de Klarstein<\/b> convainc<br \/>par sa forte puissance, sa grande capacit\u00e9 et ses nombreux programmes.<\/p>\n<p><b>Top Features:<\/b><\/p>\n<p>\u2022 <b>Cuisson double\u00a0:<\/b> Combinaison pratique de programmes pour des r\u00e9sultats<br \/>parfaits<b>Simplicit\u00e9 d&rsquo;utilisation\u00a0:<\/b> \u00e9cran tactile intuitif et commande par bouton<br \/>rotatif<b>18\u00a0programmes s\u00e9lectionnables :<\/b> pour les plats les plus divers<b>Beaucoup de<br \/>place\u00a0:<\/b> convient aux familles et aux grands m\u00e9nages avec ses 30\u00a0litres de volume<b>C&rsquo;est<br \/>ici que \u00e7a se passe\u00a0:<\/b> avec tournebroche pour des poulets r\u00f4tis croustillants et bien<br \/>plus encore.<b>4\u00a0tiroirs :<\/b> pr\u00e9paration simultan\u00e9e de diff\u00e9rents plats<b>Cuisson s\u00fbre\u00a0:<br \/><\/b>double couche de verre tremp\u00e9 pour une temp\u00e9rature de surface basse<b>Complet\u00a0:<\/b> grille,<br \/>panier \u00e0 friture, plaque de cuisson, tournebroche et poign\u00e9e de tournebroche<\/p>\n<p><b>Caract\u00e9ristiques:<\/b><\/p>\n<p>\u2022 Puissance\u00a0: 1800\u00a0watts<br \/>\u2022 Capacit\u00e9 de remplissage\u00a0: 30\u00a0litres (id\u00e9al pour les familles et les grands foyers)<br \/>\u2022 panneau de commande num\u00e9rique avec \u00e9cran tactile<br \/>\u2022 Chaleur sup\u00e9rieure et inf\u00e9rieure, y compris ventilateur de circulation d&rsquo;air <br \/>\u2022 Temp\u00e9rature\u00a0: 30 \u00e0 230\u00a0\u00b0C<br \/>\u2022 18\u00a0programmes s\u00e9lectionnables ainsi que r\u00e9glage manuel du temps de cuisson et de la<br \/>temp\u00e9rature<br \/>\u2022 Cuisine duale\u00a0: Combinaison de diff\u00e9rents programmes<br \/>\u2022 Volet frontal avec fen\u00eatre panoramique<br \/>\u2022 ouverture facile du chargeur frontal<br \/>\u2022 Grande fen\u00eatre t\u00e9moin<br \/>\u2022 double couche de verre tremp\u00e9<br \/>\u2022 Set d&rsquo;accessoires\u00a0: grille, panier \u00e0 friture, plaque de cuisson, tournebroche et<br \/>poign\u00e9e de tournebroche<br \/>\u2022 Bo\u00eetier r\u00e9sistant \u00e0 la chaleur en acier inoxydable<br \/>\u2022 quatre pieds <\/p>\n<p><b>Inclus dans la livraison:<\/b><\/p>\n<p>\u2022 1 x friteuse \u00e0 air chaud1 x grille de cuisson1 x panier \u00e0 friture1 x plaque de<br \/>cuisson1 x tournebroche1 x tourne-brocheMode d&#8217;emploi en fran\u00e7ais<\/p>\n<p><b>Dimensions:<\/b><\/p>\n<p>\u2022 Dimensions\u00a0: environ 46 x 43,4 x 37,5\u00a0cm (LxHxP)<br \/>\u2022 Dimensions int\u00e9rieures\u00a0: env. 36 x 34,7 x 23,5\u00a0cm (LxHxP)<br \/>\u2022 Longueur de l&rsquo;adaptateur secteur\u00a0: env. 85\u00a0cm<br \/>\u2022 Poids\u00a0: env. 9,5 kg<br \/>\u2022 Alimentation \u00e9lectrique\u00a0: 220-240\u00a0V~ | 50\/60\u00a0Hz<\/p>\n<\/div>\n<p><bl-button a11yexpanded=\"false\" arialabel=\"Afficher toute la description\" class=\"read-more__btn\" full=\"false\" link=\"true\">Voir plus<\/bl-button><\/div>","protected":false},"excerpt":{"rendered":"<div class=\"keypoints\">\n<h3 class=\"keypoints__title\">Les points cl\u00e9s<\/h3>\n<ul role=\"list\">\n<li class=\"keypoints__item\" role=\"listitem\">                          Capacit\u00e9 de frites fra\u00eeches : 1,0 kg &#8211;                                                      Cuisson : avec une cuill\u00e8re d&rsquo;huile ou sans huile                      <\/li>\n<li class=\"keypoints__item\" role=\"listitem\">                          1.800 W &#8211;                                                      Thermostat r\u00e9glable : De 30\u00b0C \u00e0 230\u00b0C                      <\/li>\n<li class=\"keypoints__item\" role=\"listitem\">                                        Filtration de l&rsquo;huile : nettoyage facile                      <\/li>\n<li class=\"keypoints__item\" role=\"listitem\">                                        1 bac et 1 panier                      <\/li>\n<\/ul>","protected":false},"featured_media":78423,"template":"","meta":{"_glsr_average":0,"_glsr_ranking":0,"_glsr_reviews":0},"product_cat":[229],"product_tag":[230,231],"class_list":{"0":"post-78424","1":"product","2":"type-product","3":"status-publish","4":"has-post-thumbnail","6":"product_cat-friteuse","7":"product_tag-cuisine-et-cuisson","8":"product_tag-friteuse","10":"first","11":"instock","12":"sale","13":"shipping-taxable","14":"purchasable","15":"product-type-simple"},"_links":{"self":[{"href":"https:\/\/electromenagerexpress.com\/en\/wp-json\/wp\/v2\/product\/78424","targetHints":{"allow":["GET"]}}],"collection":[{"href":"https:\/\/electromenagerexpress.com\/en\/wp-json\/wp\/v2\/product"}],"about":[{"href":"https:\/\/electromenagerexpress.com\/en\/wp-json\/wp\/v2\/types\/product"}],"wp:featuredmedia":[{"embeddable":true,"href":"https:\/\/electromenagerexpress.com\/en\/wp-json\/wp\/v2\/media\/78423"}],"wp:attachment":[{"href":"https:\/\/electromenagerexpress.com\/en\/wp-json\/wp\/v2\/media?parent=78424"}],"wp:term":[{"taxonomy":"product_cat","embeddable":true,"href":"https:\/\/electromenagerexpress.com\/en\/wp-json\/wp\/v2\/product_cat?post=78424"},{"taxonomy":"product_tag","embeddable":true,"href":"https:\/\/electromenagerexpress.com\/en\/wp-json\/wp\/v2\/product_tag?post=78424"}],"curies":[{"name":"wp","href":"https:\/\/api.w.org\/{rel}","templated":true}]}}