{"id":78418,"date":"2024-11-24T14:30:56","date_gmt":"2024-11-24T14:30:56","guid":{"rendered":"https:\/\/electromenagerexpress.com\/product\/friteuse-sans-huiledelonghifh2184-idealfry\/"},"modified":"2024-11-24T14:30:59","modified_gmt":"2024-11-24T14:30:59","slug":"friteuse-sans-huiledelonghifh2184-idealfry","status":"publish","type":"product","link":"https:\/\/electromenagerexpress.com\/en\/product\/friteuse-sans-huiledelonghifh2184-idealfry\/","title":{"rendered":"Friteuse sans huile\t\t\t\t\t\t\tDELONGHI\t\t\t\tFH2184 IDEALFRY"},"content":{"rendered":"<div class=\"product-features__content\">\n<ul role=\"list\">\n<li class=\"product-features__item\" role=\"listitem\">\n<h3 class=\"product-features__label\">Volume et capacit\u00e9<\/h3>\n<ul role=\"list\">\n<li class=\"product-features__item-list__item\" role=\"listitem\"><span class=\"is--medium\">Le saviez vous :<\/span> pour 3-4 personnes pr\u00e9voyez 1kg de frites fraiches ou 1,250 kg de frites surgel\u00e9es\t\t\t\t\t<\/li>\n<\/ul>\n<\/li>\n<li class=\"product-features__item\" role=\"listitem\">\n<h3 class=\"product-features__label\">Confort d&rsquo;utilisation<\/h3>\n<ul role=\"list\">\n<li class=\"product-features__item-list__item\" role=\"listitem\"><span class=\"is--medium\">Le saviez vous :<\/span> plus la puissance est \u00e9lev\u00e9e, plus le temps de chauffe est rapide\t\t\t\t\t<\/li>\n<\/ul>\n<\/li>\n<li class=\"product-features__item\" role=\"listitem\">\n<h3 class=\"product-features__label\">Dimensions<\/h3>\n<ul role=\"list\">\n<li class=\"product-features__item-list__item\" role=\"listitem\"><span class=\"is--medium\">Dimensions l x h x p :<\/span> 35 x 32 x 45 cm\t\t\t\t\t<\/li>\n<li class=\"product-features__item-list__item\" role=\"listitem\"><span class=\"is--medium\">Poids net :<\/span> 5,12 Kg\t\t\t\t\t<\/li>\n<li class=\"product-features__item-list__item\" role=\"listitem\"><span class=\"is--medium\">Poids brut :<\/span> 6,58 Kg\t\t\t\t\t<\/li>\n<\/ul>\n<\/li>\n<li class=\"product-features__item\" role=\"listitem\">\n<h3 class=\"product-features__label\">Informations et services<\/h3>\n<ul role=\"list\">\n<li class=\"product-features__item-list__item\" role=\"listitem\"><span class=\"is--medium\">Fabriqu\u00e9 en :<\/span> Chine\t\t\t\t\t<\/li>\n<li class=\"product-features__item-list__item\" role=\"listitem\"><span class=\"is--medium\">Garantie :<\/span> 2 ans\t\t\t\t\t<\/li>\n<li class=\"product-features__item-list__item\" role=\"listitem\"><span class=\"is--medium\">Disponibilit\u00e9 des pi\u00e8ces d\u00e9tach\u00e9es (donn\u00e9es fournisseur) :<\/span> Pas de pi\u00e8ce disponible\t\t\t\t\t<\/li>\n<li class=\"product-features__item-list__item\" role=\"listitem\"><span class=\"is--medium\">R\u00e9f\u00e9rence constructeur :<\/span> FH2184 IDEALFRY\t\t\t\t\t<\/li>\n<li class=\"product-features__item-list__item\" role=\"listitem\"><span class=\"is--medium\">Marque :<\/span> DELONGHI\t\t\t\t\t<\/li>\n<\/ul>\n<\/li>\n<\/ul>\n<\/div>\n<div class=\"product__disclosure-content\">\n<div class=\"js-read-more product-description__content read-more read-more--truncated\" data-read-more-name=\"description\" style=\"max-height: 500px; overflow: hidden;\">\n<p>Sous le design moderne du DELONGHI FH2184 IDEALFRY se cache un multi-cuiseur et une friteuse sans huile. Il proposera des cuissons saines, homog\u00e8nes et rapides gr\u00e2ce aux innovations apport\u00e9es par le constructeur. Sa polyvalence fera de cet appareil un incontournable dans votre cuisine.<\/p>\n<h3><img fetchpriority=\"high\" decoding=\"async\" ,=\"\" alt=\"Friteuse DELONGHI FH2184 IDEALFRY\" class=\"wy_tableau_gauche\" height=\"270\" src=\"https:\/\/boulanger.scene7.com\/is\/image\/Boulanger\/8004399253155_h_f_l_0?wid=400&amp;hei=270\" width=\"400\"\/>Un multi-cuiseur\/friteuse compact mais \u00e0 grande capacit\u00e9<\/h3>\n<p>Avec le FH2184 IDEALFRY, DELONGHI lance un <b>multi-cuiseur\/friteuse compact \u00e0 grande capacit\u00e9<\/b>. Vous pourrez <b>r\u00e9aliser jusqu&rsquo;\u00e0 1,25 kg de frites fra\u00eeches en une seule fourn\u00e9e<\/b>. Son <b>double syst\u00e8me de chauffe SHS<\/b> vous fera gagner du temps lors de vos pr\u00e9parations tout en s&rsquo;assurant de cuissons saines, homog\u00e8nes et croustillantes le tout avec peu d&rsquo;huile.<\/p>\n<p>Pour des cuissons parfaites, le DELONGHI FH2184 IDEALFRY permet de d\u00e9sactiver l&rsquo;\u00e9l\u00e9ment de chauffe inf\u00e9rieure pour n&rsquo;utiliser que l&rsquo;\u00e9l\u00e9ment de chauffe sup\u00e9rieure. Le constructeur a pens\u00e9 \u00e0 placer un <b>hublot de contr\u00f4le<\/b> vous permettant de surveiller vos cuissons sans ouvrir le couvercle.<\/p>\n<h3><img decoding=\"async\" ,=\"\" alt=\"Friteuse DELONGHI FH2184 IDEALFRY\" class=\"wy_tableau_right\" height=\"270\" src=\"https:\/\/boulanger.scene7.com\/is\/image\/Boulanger\/8004399253155_h_f_l_1?wid=400&amp;hei=270\" width=\"400\"\/>Profitez des programmes pr\u00e9d\u00e9finis pour des cuissons parfaites<\/h3>\n<p>Le DELONGHI FH2184 IDEALFRY dispose de <b>5 programmes pr\u00e9programm\u00e9s<\/b> correspondant \u00e0 divers types d&rsquo;aliments. Impossible d\u00e8s lors de rater vos cuissons de frites, viandes, poissons, pizzas, tartes ou encore g\u00e2teaux. Un mode libre est disponible pour celles et ceux qui veulent donner libre cours \u00e0 leur cr\u00e9ativit\u00e9 culinaire. <\/p>\n<p>Toutes les cuissons du DELONGHI FH2184 IDEALFRY se font dans la cuve couverte d&rsquo;un rev\u00eatement anti-adh\u00e9rent en c\u00e9ramique. Facile d&rsquo;entretien, <b>la cuve et le couvercle sont amovibles pour faciliter leur nettoyage<\/b>. Ils sont m\u00eame compatibles avec un nettoyage au lave-vaisselle.<\/p>\n<\/p>\n<\/div>\n<p><bl-button a11yexpanded=\"false\" arialabel=\"Afficher toute la description\" class=\"read-more__btn\" full=\"false\" link=\"true\"><\/bl-button><\/div>","protected":false},"excerpt":{"rendered":"<div class=\"keypoints\">\n<h3 class=\"keypoints__title\">Les points cl\u00e9s<\/h3>\n<ul role=\"list\">\n<li class=\"keypoints__item keypoints__item--advantage\" role=\"listitem\"><strong>Le + :<\/strong> Polyvalence gr\u00e2ce aux programmes accessibles directement depuis l&rsquo;interface digitale (frites, viande\/poisson, pizzas, tartes\/g\u00e2teaux)      <\/li>\n<\/ul>","protected":false},"featured_media":78417,"template":"","meta":{"_glsr_average":0,"_glsr_ranking":0,"_glsr_reviews":0},"product_cat":[229],"product_tag":[230,231],"class_list":{"0":"post-78418","1":"product","2":"type-product","3":"status-publish","4":"has-post-thumbnail","6":"product_cat-friteuse","7":"product_tag-cuisine-et-cuisson","8":"product_tag-friteuse","10":"first","11":"instock","12":"sale","13":"shipping-taxable","14":"purchasable","15":"product-type-simple"},"_links":{"self":[{"href":"https:\/\/electromenagerexpress.com\/en\/wp-json\/wp\/v2\/product\/78418","targetHints":{"allow":["GET"]}}],"collection":[{"href":"https:\/\/electromenagerexpress.com\/en\/wp-json\/wp\/v2\/product"}],"about":[{"href":"https:\/\/electromenagerexpress.com\/en\/wp-json\/wp\/v2\/types\/product"}],"wp:featuredmedia":[{"embeddable":true,"href":"https:\/\/electromenagerexpress.com\/en\/wp-json\/wp\/v2\/media\/78417"}],"wp:attachment":[{"href":"https:\/\/electromenagerexpress.com\/en\/wp-json\/wp\/v2\/media?parent=78418"}],"wp:term":[{"taxonomy":"product_cat","embeddable":true,"href":"https:\/\/electromenagerexpress.com\/en\/wp-json\/wp\/v2\/product_cat?post=78418"},{"taxonomy":"product_tag","embeddable":true,"href":"https:\/\/electromenagerexpress.com\/en\/wp-json\/wp\/v2\/product_tag?post=78418"}],"curies":[{"name":"wp","href":"https:\/\/api.w.org\/{rel}","templated":true}]}}