{"id":78409,"date":"2024-11-24T14:30:49","date_gmt":"2024-11-24T14:30:49","guid":{"rendered":"https:\/\/electromenagerexpress.com\/product\/friteuse-sans-huiledelonghifh2133-idealfry\/"},"modified":"2024-11-24T14:30:54","modified_gmt":"2024-11-24T14:30:54","slug":"friteuse-sans-huiledelonghifh2133-idealfry","status":"publish","type":"product","link":"https:\/\/electromenagerexpress.com\/en\/product\/friteuse-sans-huiledelonghifh2133-idealfry\/","title":{"rendered":"Friteuse sans huile\t\t\t\t\t\t\tDELONGHI\t\t\t\tFH2133 IDEALFRY"},"content":{"rendered":"<div class=\"product-features__content\">\n<ul role=\"list\">\n<li class=\"product-features__item\" role=\"listitem\">\n<h3 class=\"product-features__label\">Volume et capacit\u00e9<\/h3>\n<ul role=\"list\">\n<li class=\"product-features__item-list__item\" role=\"listitem\"><span class=\"is--medium\">Le saviez vous :<\/span> pour 3-4 personnes pr\u00e9voyez 1kg de frites fraiches ou 1,250 kg de frites surgel\u00e9es\t\t\t\t\t<\/li>\n<\/ul>\n<\/li>\n<li class=\"product-features__item\" role=\"listitem\">\n<h3 class=\"product-features__label\">Confort d&rsquo;utilisation<\/h3>\n<ul role=\"list\">\n<li class=\"product-features__item-list__item\" role=\"listitem\"><span class=\"is--medium\">Le saviez vous :<\/span> plus la puissance est \u00e9lev\u00e9e, plus le temps de chauffe est rapide\t\t\t\t\t<\/li>\n<\/ul>\n<\/li>\n<li class=\"product-features__item\" role=\"listitem\">\n<h3 class=\"product-features__label\">Dimensions<\/h3>\n<ul role=\"list\">\n<li class=\"product-features__item-list__item\" role=\"listitem\"><span class=\"is--medium\">Dimensions l x h x p :<\/span> 35 x 32 x 45 cm\t\t\t\t\t<\/li>\n<li class=\"product-features__item-list__item\" role=\"listitem\"><span class=\"is--medium\">Poids net :<\/span> 5,78 Kg\t\t\t\t\t<\/li>\n<li class=\"product-features__item-list__item\" role=\"listitem\"><span class=\"is--medium\">Poids brut :<\/span> 7,23 Kg\t\t\t\t\t<\/li>\n<\/ul>\n<\/li>\n<li class=\"product-features__item\" role=\"listitem\">\n<h3 class=\"product-features__label\">Informations et services<\/h3>\n<ul role=\"list\">\n<li class=\"product-features__item-list__item\" role=\"listitem\"><span class=\"is--medium\">Fabriqu\u00e9 en :<\/span> Chine\t\t\t\t\t<\/li>\n<li class=\"product-features__item-list__item\" role=\"listitem\"><span class=\"is--medium\">Garantie :<\/span> 2 ans\t\t\t\t\t<\/li>\n<li class=\"product-features__item-list__item\" role=\"listitem\"><span class=\"is--medium\">Disponibilit\u00e9 des pi\u00e8ces d\u00e9tach\u00e9es (donn\u00e9es fournisseur) :<\/span> Pas de pi\u00e8ce disponible\t\t\t\t\t<\/li>\n<li class=\"product-features__item-list__item\" role=\"listitem\"><span class=\"is--medium\">R\u00e9f\u00e9rence constructeur :<\/span> FH2133 IDEALFRY\t\t\t\t\t<\/li>\n<li class=\"product-features__item-list__item\" role=\"listitem\"><span class=\"is--medium\">Marque :<\/span> DELONGHI\t\t\t\t\t<\/li>\n<\/ul>\n<\/li>\n<\/ul>\n<\/div>\n<div class=\"product__disclosure-content\">\n<div class=\"js-read-more product-description__content read-more read-more--truncated\" data-read-more-name=\"description\" style=\"max-height: 500px; overflow: hidden;\">\n<p>Retrouvez le plaisir de d\u00e9guster de savoureuses frites dor\u00e9es et croustillantes sans compter les calories, avec la friteuse DELONGHI FH2133 IDEALFRY. D\u00e9sormais, plus besoin d&rsquo;huile pour frire vos aliments pr\u00e9f\u00e9r\u00e9s.<\/p>\n<h3>Faites frire vos aliments sans huile<img fetchpriority=\"high\" decoding=\"async\" alt=\"Friteuse DELONGHI FH2133 IDEALFRY\" class=\"wy_tableau_gauche\" height=\"270\" src=\"https:\/\/boulanger.scene7.com\/is\/image\/Boulanger\/8004399253148_h_f_l_0?wid=400&amp;hei=270\" width=\"400\"\/><\/h3>\n<p>Parce que plaisir ne doit pas signifier calories, la friteuse DELONGHI FH2133 IDEALFRY vous propose une m\u00e9thode cuisson d\u00e9pourvue de mati\u00e8re grasse. En effet, elle vous permet de <b>cuire sans huile<\/b> ou tr\u00e8s peu, pour un plat plus \u00e9quilibr\u00e9. Et pour satisfaire toutes vos envies, elle vous offre la possibilit\u00e9 de pr\u00e9parer toutes sortes d&rsquo;aliments facilement : viandes, l\u00e9gumes, cupcakes et bien plus encore.<\/p>\n<p>Gr\u00e2ce \u00e0 ses <b>4 niveaux de temp\u00e9rature et diff\u00e9rents modes de cuisson<\/b>, vous pourrez r\u00e9aliser une grande vari\u00e9t\u00e9 de recettes en toute simplicit\u00e9. Sa grande cuve vous garantit, quant \u00e0 elle, de pr\u00e9parer l&rsquo;\u00e9quivalent de 1 kg de frites.<\/p>\n<h3>Agr\u00e9able \u00e0 utiliser et facile \u00e0 entretenir<img decoding=\"async\" alt=\"Friteuse DELONGHI FH2133 IDEALFRY\" class=\"wy_tableau_right\" height=\"270\" src=\"https:\/\/boulanger.scene7.com\/is\/image\/Boulanger\/8004399253148_h_f_l_1?wid=400&amp;hei=270\" width=\"400\"\/><\/h3>\n<p>La friteuse DELONGHI FH2133 IDEALFRY a \u00e9t\u00e9 con\u00e7ue pour rendre la pr\u00e9paration des aliments frits plus facile et plus agr\u00e9able. Pour cela, elle se dote d&rsquo;un panier et d&rsquo;une poign\u00e9e permettant de le descendre et de le monter \u00e0 votre guise. Aussi, un <b>hublot<\/b> vous offre une bonne visibilit\u00e9 de vos aliments pour un meilleur contr\u00f4le de votre cuisson.<\/p>\n<p>De plus, elle est \u00e9quip\u00e9e de diff\u00e9rents filtres vous \u00e9vitant de subir les odeurs de cuisson, satur\u00e9es de graisses. Pour aller encore plus loin, cette friteuse se montrera facile \u00e0 entretenir, gr\u00e2ce \u00e0 ses <b>\u00e9l\u00e9ments amovibles compatibles avec le lave-vaisselle<\/b>.<\/p>\n<\/p>\n<\/div>\n<p><bl-button a11yexpanded=\"false\" arialabel=\"Afficher toute la description\" class=\"read-more__btn\" full=\"false\" link=\"true\"><\/bl-button><\/div>","protected":false},"excerpt":{"rendered":"<p>None<\/p>","protected":false},"featured_media":78408,"template":"","meta":{"_glsr_average":0,"_glsr_ranking":0,"_glsr_reviews":0},"product_cat":[229],"product_tag":[230,231],"class_list":{"0":"post-78409","1":"product","2":"type-product","3":"status-publish","4":"has-post-thumbnail","6":"product_cat-friteuse","7":"product_tag-cuisine-et-cuisson","8":"product_tag-friteuse","10":"first","11":"instock","12":"sale","13":"shipping-taxable","14":"purchasable","15":"product-type-simple"},"_links":{"self":[{"href":"https:\/\/electromenagerexpress.com\/en\/wp-json\/wp\/v2\/product\/78409","targetHints":{"allow":["GET"]}}],"collection":[{"href":"https:\/\/electromenagerexpress.com\/en\/wp-json\/wp\/v2\/product"}],"about":[{"href":"https:\/\/electromenagerexpress.com\/en\/wp-json\/wp\/v2\/types\/product"}],"wp:featuredmedia":[{"embeddable":true,"href":"https:\/\/electromenagerexpress.com\/en\/wp-json\/wp\/v2\/media\/78408"}],"wp:attachment":[{"href":"https:\/\/electromenagerexpress.com\/en\/wp-json\/wp\/v2\/media?parent=78409"}],"wp:term":[{"taxonomy":"product_cat","embeddable":true,"href":"https:\/\/electromenagerexpress.com\/en\/wp-json\/wp\/v2\/product_cat?post=78409"},{"taxonomy":"product_tag","embeddable":true,"href":"https:\/\/electromenagerexpress.com\/en\/wp-json\/wp\/v2\/product_tag?post=78409"}],"curies":[{"name":"wp","href":"https:\/\/api.w.org\/{rel}","templated":true}]}}