{"id":78378,"date":"2024-11-24T14:30:21","date_gmt":"2024-11-24T14:30:21","guid":{"rendered":"https:\/\/electromenagerexpress.com\/product\/airfryerphilipsairfryer-hd9867-90\/"},"modified":"2024-11-24T14:30:28","modified_gmt":"2024-11-24T14:30:28","slug":"airfryerphilipsairfryer-hd9867-90","status":"publish","type":"product","link":"https:\/\/electromenagerexpress.com\/en\/product\/airfryerphilipsairfryer-hd9867-90\/","title":{"rendered":"Airfryer\t\t\t\t\t\t\tPHILIPS\t\t\t\tAirfryer HD9867\/90"},"content":{"rendered":"<div class=\"product-features__content\">\n<ul role=\"list\">\n<li class=\"product-features__item\" role=\"listitem\">\n<h3 class=\"product-features__label\">Bien choisir<\/h3>\n<ul role=\"list\">\n<li class=\"product-features__item-list__item\" role=\"listitem\"><span class=\"is--medium\">Accessoires compatibles :<\/span> <a href=\"https:\/\/www.boulanger.com\/ref\/1198033\" target=\"_blank\">Kit de cuisson Philips HD9957\/00<\/a><\/li>\n<\/ul>\n<\/li>\n<li class=\"product-features__item\" role=\"listitem\">\n<h3 class=\"product-features__label\">Choisir ce produit pour quels usages<\/h3>\n<ul role=\"list\">\n<li class=\"product-features__item-list__item\" role=\"listitem\"><span class=\"is--medium\">Cuisson :<\/span> avec une cuill\u00e8re d&rsquo;huile ou sans huile\t\t\t\t\t<\/li>\n<\/ul>\n<\/li>\n<li class=\"product-features__item\" role=\"listitem\">\n<h3 class=\"product-features__label\">Volume et capacit\u00e9<\/h3>\n<ul role=\"list\">\n<li class=\"product-features__item-list__item\" role=\"listitem\"><span class=\"is--medium\">Capacit\u00e9 de frites fra\u00eeches :<\/span> 1,4 kg\t\t\t\t\t<\/li>\n<li class=\"product-features__item-list__item\" role=\"listitem\"><span class=\"is--medium\">Capacit\u00e9 de frites surgel\u00e9es :<\/span> 1,4 kg\t\t\t\t\t<\/li>\n<li class=\"product-features__item-list__item\" role=\"listitem\"><span class=\"is--medium\">Le saviez vous :<\/span> pour 3-4 personnes pr\u00e9voyez 1kg de frites fraiches ou 1,250 kg de frites surgel\u00e9es\t\t\t\t\t<\/li>\n<li class=\"product-features__item-list__item\" role=\"listitem\"><span class=\"is--medium\">Type de friture :<\/span> air chaud\t\t\t\t\t<\/li>\n<li class=\"product-features__item-list__item\" role=\"listitem\"><span class=\"is--medium\">Nombre de bacs et paniers :<\/span> 1 bac et 1 panier\t\t\t\t\t<\/li>\n<li class=\"product-features__item-list__item\" role=\"listitem\"><span class=\"is--medium\">Volume de la cuve :<\/span> 7,3 L\t\t\t\t\t<\/li>\n<\/ul>\n<\/li>\n<li class=\"product-features__item\" role=\"listitem\">\n<h3 class=\"product-features__label\">Confort d&rsquo;utilisation<\/h3>\n<ul role=\"list\">\n<li class=\"product-features__item-list__item\" role=\"listitem\"><span class=\"is--medium\">Puissance :<\/span> 2.225 W\t\t\t\t\t<\/li>\n<li class=\"product-features__item-list__item\" role=\"listitem\"><span class=\"is--medium\">Le saviez vous :<\/span> plus la puissance est \u00e9lev\u00e9e, plus le temps de chauffe est rapide\t\t\t\t\t<\/li>\n<li class=\"product-features__item-list__item\" role=\"listitem\"><span class=\"is--medium\">Chaleur puls\u00e9e :<\/span> oui, l&rsquo;air chaud circule dans la cuve et permet une uniformit\u00e9 de la cuisson comme dans un four\t\t\t\t\t<\/li>\n<li class=\"product-features__item-list__item\" role=\"listitem\"><span class=\"is--medium\">Voyant de temp\u00e9rature :<\/span> Oui\t\t\t\t\t<\/li>\n<li class=\"product-features__item-list__item\" role=\"listitem\"><span class=\"is--medium\">Thermostat r\u00e9glable :<\/span> de 40\u00b0C \u00e0 220\u00b0C\t\t\t\t\t<\/li>\n<li class=\"product-features__item-list__item\" role=\"listitem\"><span class=\"is--medium\">Minuterie :<\/span> oui, permet d&rsquo;avoir le signal de la fin du temps programm\u00e9\t\t\t\t\t<\/li>\n<li class=\"product-features__item-list__item\" role=\"listitem\"><span class=\"is--medium\">Mode de cuisson :<\/span> automatique et manuel\t\t\t\t\t<\/li>\n<li class=\"product-features__item-list__item\" role=\"listitem\"><span class=\"is--medium\">Nombre de programmes pr\u00e9d\u00e9finis :<\/span> 5\t\t\t\t\t<\/li>\n<li class=\"product-features__item-list__item\" role=\"listitem\"><span class=\"is--medium\">Maintien au chaud :<\/span> Oui\t\t\t\t\t<\/li>\n<li class=\"product-features__item-list__item\" role=\"listitem\"><span class=\"is--medium\">S\u00e9curit\u00e9 :<\/span> parois froides\t\t\t\t\t<\/li>\n<li class=\"product-features__item-list__item\" role=\"listitem\"><span class=\"is--medium\">Ecran :<\/span> digital\t\t\t\t\t<\/li>\n<li class=\"product-features__item-list__item\" role=\"listitem\"><span class=\"is--medium\">Fonction pause :<\/span> oui, permet d&rsquo;\u00eatre activ\u00e9e pour remuer ou retourner les aliments si besoin\t\t\t\t\t<\/li>\n<li class=\"product-features__item-list__item\" role=\"listitem\"><span class=\"is--medium\">Arr\u00eat automatique :<\/span> oui, suite au programme choisi, la friteuse s&rsquo;arr\u00eate pour avoir une recette r\u00e9ussie\t\t\t\t\t<\/li>\n<\/ul>\n<\/li>\n<li class=\"product-features__item\" role=\"listitem\">\n<h3 class=\"product-features__label\">Entretien<\/h3>\n<ul role=\"list\">\n<li class=\"product-features__item-list__item\" role=\"listitem\"><span class=\"is--medium\">R\u00e9sistance : :<\/span> apparente\t\t\t\t\t<\/li>\n<li class=\"product-features__item-list__item\" role=\"listitem\"><span class=\"is--medium\">Cuve amovible :<\/span> Oui\t\t\t\t\t<\/li>\n<li class=\"product-features__item-list__item\" role=\"listitem\"><span class=\"is--medium\">Filtration d&rsquo;huile :<\/span> nettoyage facile\t\t\t\t\t<\/li>\n<li class=\"product-features__item-list__item\" role=\"listitem\"><span class=\"is--medium\">Compatible lave vaisselle :<\/span> cuve, panier, poign\u00e9e et couvercle\t\t\t\t\t<\/li>\n<\/ul>\n<\/li>\n<li class=\"product-features__item\" role=\"listitem\">\n<h3 class=\"product-features__label\">Dimensions<\/h3>\n<ul role=\"list\">\n<li class=\"product-features__item-list__item\" role=\"listitem\"><span class=\"is--medium\">Dimensions l x h x p :<\/span> 32.16 x 31.5 x 43.31 cm\t\t\t\t\t<\/li>\n<li class=\"product-features__item-list__item\" role=\"listitem\"><span class=\"is--medium\">Poids net :<\/span> 7,99 Kg\t\t\t\t\t<\/li>\n<\/ul>\n<\/li>\n<li class=\"product-features__item\" role=\"listitem\">\n<h3 class=\"product-features__label\">Informations et services<\/h3>\n<ul role=\"list\">\n<li class=\"product-features__item-list__item\" role=\"listitem\"><span class=\"is--medium\">Fabriqu\u00e9 en :<\/span> Chine\t\t\t\t\t<\/li>\n<li class=\"product-features__item-list__item\" role=\"listitem\"><span class=\"is--medium\">Garantie :<\/span> 2 ans\t\t\t\t\t<\/li>\n<li class=\"product-features__item-list__item\" role=\"listitem\"><span class=\"is--medium\">Disponibilit\u00e9 des pi\u00e8ces d\u00e9tach\u00e9es (donn\u00e9es fournisseur) :<\/span> Pendant 11 ans, \u00e0 compter de la date d&rsquo;achat\t\t\t\t\t<\/li>\n<li class=\"product-features__item-list__item\" role=\"listitem\"><span class=\"is--medium\">Garantie constructeur :<\/span> 2 ans\t\t\t\t\t<\/li>\n<li class=\"product-features__item-list__item\" role=\"listitem\"><span class=\"is--medium\">R\u00e9f\u00e9rence constructeur :<\/span> Airfryer HD9867\/90\t\t\t\t\t<\/li>\n<li class=\"product-features__item-list__item\" role=\"listitem\"><span class=\"is--medium\">Marque :<\/span> PHILIPS\t\t\t\t\t<\/li>\n<li class=\"product-features__item-list__item\" role=\"listitem\"><span class=\"is--medium\">Coloris :<\/span> Noir\t\t\t\t\t<\/li>\n<\/ul>\n<\/li>\n<\/ul>\n<\/div>\n<div class=\"product__disclosure-content\">\n<div class=\"js-read-more product-description__content read-more read-more--truncated\" data-read-more-name=\"description\" style=\"max-height: 500px; overflow: hidden;\">\n<p>Cuisinez des plats savoureux sans ajouts de mati\u00e8res grasses avec la friteuse PHILIPS Airfryer HD9867\/90.<\/p>\n<h3><img fetchpriority=\"high\" decoding=\"async\" ,=\"\" alt=\"Friteuse PHILIPS Airfryer HD9867\/90\" class=\"wy_tableau_gauche\" height=\"270\" src=\"https:\/\/boulanger.scene7.com\/is\/image\/Boulanger\/8710103934813_h_f_l_0?wid=400&amp;hei=270\" width=\"400\"\/>Une friteuse \u00e0 air chaud performante<\/h3>\n<p>Avec l&rsquo;application NutriU exclusive, explorez des centaines de recettes pour devenir un v\u00e9ritable chef. La friteuse PHILIPS Airfryer HD9867\/90 offre une <b>circulation d&rsquo;air 7 fois plus rapide que dans une friteuse traditionnelle<\/b>. Elle assure donc une cuisson uniforme pour des aliments croustillants \u00e0 l&rsquo;ext\u00e9rieur et tendres \u00e0 l&rsquo;int\u00e9rieur.<\/p>\n<p>La friteuse PHILIPS Airfryer HD9867\/90 simplifie votre fa\u00e7on de cuisiner. Enregistrez votre plat favori pour une pr\u00e9paration optimale \u00e0 chaque pression sur un bouton. Les <b>programmes Smart Chef<\/b> proposent notamment des options d\u00e9licieuses pour les plats courants, tandis que la technologie Smart Sensing garantit des r\u00e9sultats savoureux \u00e0 chaque fois.<\/p>\n<h3><img decoding=\"async\" ,=\"\" alt=\"Friteuse PHILIPS Airfryer HD9867\/90\" class=\"wy_tableau_right\" height=\"270\" src=\"https:\/\/boulanger.scene7.com\/is\/image\/Boulanger\/8710103934813_h_f_l_1?wid=400&amp;hei=270\" width=\"400\"\/>Polyvalence et praticit\u00e9<\/h3>\n<p>La friteuse PHILIPS Airfryer HD9867\/90 est id\u00e9ale pour <b>frire, cuire, griller, r\u00f4tir et m\u00eame r\u00e9chauffer<\/b> vos plats pr\u00e9f\u00e9r\u00e9s. Gr\u00e2ce \u00e0 la technologie Rapid Air de Philips, chaque bouch\u00e9e est un r\u00e9gal. Les programmes de cet appareil vous simplifient la vie en planifiant et en cuisant vos plats pour des r\u00e9sultats parfaits.<\/p>\n<p>La friteuse PHILIPS Airfryer HD9867\/90 int\u00e8gre <b>technologie Fat Removal<\/b> qui \u00e9limine l&rsquo;exc\u00e8s de graisse des aliments, vous permettant de d\u00e9guster des plats d\u00e9licieusement croustillants tout en l\u00e9g\u00e8ret\u00e9. Imaginez savourer un poulet r\u00f4ti parfaitement cuit, avec une peau croustillante et une viande tendre, tout en sachant que chaque bouch\u00e9e est meilleure pour votre sant\u00e9.<\/p>\n<\/p>\n<\/div>\n<p><bl-button a11yexpanded=\"false\" arialabel=\"Afficher toute la description\" class=\"read-more__btn\" full=\"false\" link=\"true\">Voir plus<\/bl-button><\/div>","protected":false},"excerpt":{"rendered":"<div class=\"keypoints\">\n<h3 class=\"keypoints__title\">Les points cl\u00e9s<\/h3>\n<ul role=\"list\">\n<li class=\"keypoints__item\" role=\"listitem\">                          Volume de la cuve : 7,3 L &#8211;                                        Capacit\u00e9 de frites fra\u00eeches : 1,4 kg &#8211;                                                      Cuisson : avec une cuill\u00e8re d&rsquo;huile ou sans huile                      <\/li>\n<li class=\"keypoints__item\" role=\"listitem\">                          2.225 W &#8211;                                                      Thermostat r\u00e9glable : de 40\u00b0C \u00e0 220\u00b0C                      <\/li>\n<li class=\"keypoints__item\" role=\"listitem\">                          Cuve amovible &#8211;                                                      Filtration de l&rsquo;huile : nettoyage facile                      <\/li>\n<li class=\"keypoints__item\" role=\"listitem\">                          5 programmes pr\u00e9d\u00e9finis &#8211;                                                      1 bac et 1 panier                      <\/li>\n<li class=\"keypoints__item keypoints__item--advantage\" role=\"listitem\"><strong>Le + :<\/strong> La technologie Smart Sensing ajuste automatiquement le temps de cuisson et la temp\u00e9rature      <\/li>\n<\/ul>","protected":false},"featured_media":78377,"template":"","meta":{"_glsr_average":0,"_glsr_ranking":0,"_glsr_reviews":0},"product_cat":[229],"product_tag":[230,231],"class_list":{"0":"post-78378","1":"product","2":"type-product","3":"status-publish","4":"has-post-thumbnail","6":"product_cat-friteuse","7":"product_tag-cuisine-et-cuisson","8":"product_tag-friteuse","10":"first","11":"instock","12":"sale","13":"shipping-taxable","14":"purchasable","15":"product-type-simple"},"_links":{"self":[{"href":"https:\/\/electromenagerexpress.com\/en\/wp-json\/wp\/v2\/product\/78378","targetHints":{"allow":["GET"]}}],"collection":[{"href":"https:\/\/electromenagerexpress.com\/en\/wp-json\/wp\/v2\/product"}],"about":[{"href":"https:\/\/electromenagerexpress.com\/en\/wp-json\/wp\/v2\/types\/product"}],"wp:featuredmedia":[{"embeddable":true,"href":"https:\/\/electromenagerexpress.com\/en\/wp-json\/wp\/v2\/media\/78377"}],"wp:attachment":[{"href":"https:\/\/electromenagerexpress.com\/en\/wp-json\/wp\/v2\/media?parent=78378"}],"wp:term":[{"taxonomy":"product_cat","embeddable":true,"href":"https:\/\/electromenagerexpress.com\/en\/wp-json\/wp\/v2\/product_cat?post=78378"},{"taxonomy":"product_tag","embeddable":true,"href":"https:\/\/electromenagerexpress.com\/en\/wp-json\/wp\/v2\/product_tag?post=78378"}],"curies":[{"name":"wp","href":"https:\/\/api.w.org\/{rel}","templated":true}]}}