{"id":78364,"date":"2024-11-24T14:30:09","date_gmt":"2024-11-24T14:30:09","guid":{"rendered":"https:\/\/electromenagerexpress.com\/product\/friteuse-sans-huilecosori10l-twinfry-chef-edition-kosp0027eun\/"},"modified":"2024-11-24T14:30:20","modified_gmt":"2024-11-24T14:30:20","slug":"friteuse-sans-huilecosori10l-twinfry-chef-edition-kosp0027eun","status":"publish","type":"product","link":"https:\/\/electromenagerexpress.com\/en\/product\/friteuse-sans-huilecosori10l-twinfry-chef-edition-kosp0027eun\/","title":{"rendered":"Friteuse sans huile\t\t\t\t\t\t\tCOSORI\t\t\t\t10L Twinfry Chef \u00c9dition KOSP0027EUN"},"content":{"rendered":"<div class=\"product-features__content\">\n<ul role=\"list\">\n<li class=\"product-features__item\" role=\"listitem\">\n<h3 class=\"product-features__label\">Volume et capacit\u00e9<\/h3>\n<ul role=\"list\">\n<li class=\"product-features__item-list__item\" role=\"listitem\"><span class=\"is--medium\">Capacit\u00e9 de frites fra\u00eeches :<\/span> 2,3 kg\t\t\t\t\t<\/li>\n<li class=\"product-features__item-list__item\" role=\"listitem\"><span class=\"is--medium\">Capacit\u00e9 de frites surgel\u00e9es :<\/span> 2,3 kg\t\t\t\t\t<\/li>\n<li class=\"product-features__item-list__item\" role=\"listitem\"><span class=\"is--medium\">Le saviez vous :<\/span> pour 3-4 personnes pr\u00e9voyez 1kg de frites fraiches ou 1,250 kg de frites surgel\u00e9es\t\t\t\t\t<\/li>\n<li class=\"product-features__item-list__item\" role=\"listitem\"><span class=\"is--medium\">Type de friture :<\/span> air chaud\t\t\t\t\t<\/li>\n<li class=\"product-features__item-list__item\" role=\"listitem\"><span class=\"is--medium\">Capacit\u00e9 pour un poulet :<\/span> 2,0 kg\t\t\t\t\t<\/li>\n<li class=\"product-features__item-list__item\" role=\"listitem\"><span class=\"is--medium\">Nombre de bacs et paniers :<\/span> 1 bac et 2 paniers\t\t\t\t\t<\/li>\n<li class=\"product-features__item-list__item\" role=\"listitem\"><span class=\"is--medium\">Nombre de cuves :<\/span> 1\t\t\t\t\t<\/li>\n<li class=\"product-features__item-list__item\" role=\"listitem\"><span class=\"is--medium\">Volume de la cuve :<\/span> 10,0 L\t\t\t\t\t<\/li>\n<\/ul>\n<\/li>\n<li class=\"product-features__item\" role=\"listitem\">\n<h3 class=\"product-features__label\">Fonctionnalit\u00e9s<\/h3>\n<ul role=\"list\">\n<li class=\"product-features__item-list__item\" role=\"listitem\"><span class=\"is--medium\">Fonction copie :<\/span> oui, permet de dupliquer la temp\u00e9rature et le temps sur les 2 zones de cuisson\t\t\t\t\t<\/li>\n<li class=\"product-features__item-list__item\" role=\"listitem\"><span class=\"is--medium\">Connect\u00e9 :<\/span> oui, permet de pr\u00e9parer facilement de d\u00e9licieux repas en connectant votre Airfryer \u00e0 l&rsquo;application d\u00e9di\u00e9e\t\t\t\t\t<\/li>\n<li class=\"product-features__item-list__item\" role=\"listitem\"><span class=\"is--medium\">Synchronisation :<\/span> oui, pour pr\u00e9parer 2 recettes diff\u00e9rentes et qu&rsquo;elles soient pr\u00eates en m\u00eame temps\t\t\t\t\t<\/li>\n<li class=\"product-features__item-list__item\" role=\"listitem\"><span class=\"is--medium\">S\u00e9parateur :<\/span> oui, zone de cuisson ajustable gr\u00e2ce \u00e0 son s\u00e9pareur amovile , id\u00e9al pour pr\u00e9parer de grandes capacit\u00e9s ou une grosse pi\u00e8ce de viande\t\t\t\t\t<\/li>\n<\/ul>\n<\/li>\n<li class=\"product-features__item\" role=\"listitem\">\n<h3 class=\"product-features__label\">Confort d&rsquo;utilisation<\/h3>\n<ul role=\"list\">\n<li class=\"product-features__item-list__item\" role=\"listitem\"><span class=\"is--medium\">Puissance :<\/span> 2.800 W\t\t\t\t\t<\/li>\n<li class=\"product-features__item-list__item\" role=\"listitem\"><span class=\"is--medium\">Le saviez vous :<\/span> plus la puissance est \u00e9lev\u00e9e, plus le temps de chauffe est rapide\t\t\t\t\t<\/li>\n<li class=\"product-features__item-list__item\" role=\"listitem\"><span class=\"is--medium\">Chaleur puls\u00e9e :<\/span> oui, l&rsquo;air chaud circule dans la cuve et permet une uniformit\u00e9 de la cuisson comme dans un four\t\t\t\t\t<\/li>\n<li class=\"product-features__item-list__item\" role=\"listitem\"><span class=\"is--medium\">Voyant de temp\u00e9rature :<\/span> Non\t\t\t\t\t<\/li>\n<li class=\"product-features__item-list__item\" role=\"listitem\"><span class=\"is--medium\">Thermostat r\u00e9glable :<\/span> de 35\u00b0C \u00e0 240\u00b0C\t\t\t\t\t<\/li>\n<li class=\"product-features__item-list__item\" role=\"listitem\"><span class=\"is--medium\">Minuterie :<\/span> oui, permet d&rsquo;avoir le signal de la fin du temps programm\u00e9\t\t\t\t\t<\/li>\n<li class=\"product-features__item-list__item\" role=\"listitem\"><span class=\"is--medium\">Mode de cuisson :<\/span> automatique et manuel\t\t\t\t\t<\/li>\n<li class=\"product-features__item-list__item\" role=\"listitem\"><span class=\"is--medium\">Nombre de programmes pr\u00e9d\u00e9finis :<\/span> 8\t\t\t\t\t<\/li>\n<li class=\"product-features__item-list__item\" role=\"listitem\"><span class=\"is--medium\">Maintien au chaud :<\/span> Non\t\t\t\t\t<\/li>\n<li class=\"product-features__item-list__item\" role=\"listitem\"><span class=\"is--medium\">S\u00e9curit\u00e9 :<\/span> poign\u00e9es de transport et parois froides\t\t\t\t\t<\/li>\n<li class=\"product-features__item-list__item\" role=\"listitem\"><span class=\"is--medium\">Ecran :<\/span> tactile\t\t\t\t\t<\/li>\n<li class=\"product-features__item-list__item\" role=\"listitem\"><span class=\"is--medium\">Fonction pause :<\/span> oui, permet d&rsquo;\u00eatre activ\u00e9e pour remuer ou retourner les aliments si besoin\t\t\t\t\t<\/li>\n<li class=\"product-features__item-list__item\" role=\"listitem\"><span class=\"is--medium\">Arr\u00eat automatique :<\/span> oui, suite au programme choisi, la friteuse s&rsquo;arr\u00eate pour avoir une recette r\u00e9ussie\t\t\t\t\t<\/li>\n<\/ul>\n<\/li>\n<li class=\"product-features__item\" role=\"listitem\">\n<h3 class=\"product-features__label\">Entretien<\/h3>\n<ul role=\"list\">\n<li class=\"product-features__item-list__item\" role=\"listitem\"><span class=\"is--medium\">R\u00e9sistance : :<\/span> apparente\t\t\t\t\t<\/li>\n<li class=\"product-features__item-list__item\" role=\"listitem\"><span class=\"is--medium\">Cuve amovible :<\/span> Oui\t\t\t\t\t<\/li>\n<li class=\"product-features__item-list__item\" role=\"listitem\"><span class=\"is--medium\">Filtration d&rsquo;huile :<\/span> non\t\t\t\t\t<\/li>\n<li class=\"product-features__item-list__item\" role=\"listitem\"><span class=\"is--medium\">Compatible lave vaisselle :<\/span> Panier, plaque grill\t\t\t\t\t<\/li>\n<\/ul>\n<\/li>\n<li class=\"product-features__item\" role=\"listitem\">\n<h3 class=\"product-features__label\">Dimensions<\/h3>\n<ul role=\"list\">\n<li class=\"product-features__item-list__item\" role=\"listitem\"><span class=\"is--medium\">Dimensions l x h x p :<\/span> 51.8 x 31.3 x 33.8 cm\t\t\t\t\t<\/li>\n<li class=\"product-features__item-list__item\" role=\"listitem\"><span class=\"is--medium\">Poids net :<\/span> 6,22 Kg\t\t\t\t\t<\/li>\n<\/ul>\n<\/li>\n<li class=\"product-features__item\" role=\"listitem\">\n<h3 class=\"product-features__label\">Informations et services<\/h3>\n<ul role=\"list\">\n<li class=\"product-features__item-list__item\" role=\"listitem\"><span class=\"is--medium\">Fabriqu\u00e9 en :<\/span> Chine\t\t\t\t\t<\/li>\n<li class=\"product-features__item-list__item\" role=\"listitem\"><span class=\"is--medium\">Garantie :<\/span> 2 ans\t\t\t\t\t<\/li>\n<li class=\"product-features__item-list__item\" role=\"listitem\"><span class=\"is--medium\">Disponibilit\u00e9 des pi\u00e8ces d\u00e9tach\u00e9es (donn\u00e9es fournisseur) :<\/span> Pendant 10 ans, \u00e0 compter de la date d&rsquo;achat\t\t\t\t\t<\/li>\n<li class=\"product-features__item-list__item\" role=\"listitem\"><span class=\"is--medium\">Garantie constructeur :<\/span> 3 ans de garantie\t\t\t\t\t<\/li>\n<li class=\"product-features__item-list__item\" role=\"listitem\"><span class=\"is--medium\">R\u00e9f\u00e9rence constructeur :<\/span> 10L Twinfry Chef \u00c9dition KOSP0027EUN\t\t\t\t\t<\/li>\n<li class=\"product-features__item-list__item\" role=\"listitem\"><span class=\"is--medium\">Marque :<\/span> COSORI\t\t\t\t\t<\/li>\n<li class=\"product-features__item-list__item\" role=\"listitem\"><span class=\"is--medium\">Coloris :<\/span> Noir &#8211; dor\u00e9\t\t\t\t\t<\/li>\n<\/ul>\n<\/li>\n<\/ul>\n<\/div>\n<div class=\"product__disclosure-content\">\n<div class=\"js-read-more product-description__content read-more read-more--truncated\" data-read-more-name=\"description\" style=\"max-height: 500px; overflow: hidden;\">\n<p>Introduisant le Cosori Dual Blaze TwinFry\u2122, la friteuse sans huile qui red\u00e9finit la fa\u00e7on de cuisiner chez vous. Avec une puissance de 2800W et une capacit\u00e9 de 10 litres r\u00e9partie en deux paniers ind\u00e9pendants de 5 litres chacun, elle offre une polyvalence incomparable.<\/p>\n<p>Sa pr\u00e9cision et sa polyvalence sont in\u00e9gal\u00e9es. Avec une plage de temp\u00e9rature allant de 35\u00b0C \u00e0 240\u00b0C et une plage de temps allant de 1 minute \u00e0 48 heures, vous pourrez frire, cuire au four, r\u00f4tir, griller et bien plus encore, le tout avec un seul appareil.<\/p>\n<p>Le design intelligent et pratique du Cosori Dual Blaze TwinFry\u2122  vous surprendra. Avec une interface intuitive et un \u00e9cran tactile complet, il est facile \u00e0 utiliser. De plus, sa poign\u00e9e et sa base am\u00e9lior\u00e9es garantissent une maniabilit\u00e9 et une s\u00e9curit\u00e9 accrues pendant son utilisation. <\/p>\n<p>Mais ce n&rsquo;est pas tout, la cuisson efficace et saine est une priorit\u00e9. Gr\u00e2ce \u00e0 la distribution uniforme de la chaleur avec des \u00e9l\u00e9ments chauffants sup\u00e9rieurs et inf\u00e9rieurs, et \u00e0 la technologie Dual Blaze qui permet de cuire des aliments croustillants et juteux sans avoir besoin de pr\u00e9chauffer, vos plats seront irr\u00e9sistibles et sains.<\/p>\n<p>Elle est livr\u00e9e avec des accessoires et des ressources suppl\u00e9mentaires pour rendre votre exp\u00e9rience culinaire encore plus agr\u00e9able. Inclut des pinces en silicone et un plateau amovible GRANDZONE pour faciliter le processus de cuisson et la manipulation des aliments, ainsi qu&rsquo;un acc\u00e8s \u00e0 une large s\u00e9lection de recettes en ligne.<\/p>\n<p><meta charset=\"utf-8\"\/><span>Real-Time cooking smart control<\/span><\/p>\n<\/p>\n<\/div>\n<p><bl-button a11yexpanded=\"false\" arialabel=\"Afficher toute la description\" class=\"read-more__btn\" full=\"false\" link=\"true\">Voir plus<\/bl-button><\/div>","protected":false},"excerpt":{"rendered":"<div class=\"keypoints\">\n<h3 class=\"keypoints__title\">Les points cl\u00e9s<\/h3>\n<ul role=\"list\">\n<li class=\"keypoints__item\" role=\"listitem\">                          Volume de la cuve : 10,0 L &#8211;                                                      Capacit\u00e9 de frites fra\u00eeches : 2,3 kg                      <\/li>\n<li class=\"keypoints__item\" role=\"listitem\">                          2.800 W &#8211;                                                      Thermostat r\u00e9glable : de 35\u00b0C \u00e0 240\u00b0C                      <\/li>\n<li class=\"keypoints__item\" role=\"listitem\">                          Cuve amovible &#8211;                                                      Filtration de l&rsquo;huile : non                      <\/li>\n<li class=\"keypoints__item\" role=\"listitem\">                          8 programmes pr\u00e9d\u00e9finis &#8211;                                                      1 bac et 2 paniers                      <\/li>\n<li class=\"keypoints__item keypoints__item--advantage\" role=\"listitem\"><strong>Le + :<\/strong> Id\u00e9ale pour familles nombreuses, cuisson rapide, 6 fonctions, 2 zones pour des repas vari\u00e9s      <\/li>\n<\/ul>","protected":false},"featured_media":78363,"template":"","meta":{"_glsr_average":0,"_glsr_ranking":0,"_glsr_reviews":0},"product_cat":[229],"product_tag":[230,231],"class_list":{"0":"post-78364","1":"product","2":"type-product","3":"status-publish","4":"has-post-thumbnail","6":"product_cat-friteuse","7":"product_tag-cuisine-et-cuisson","8":"product_tag-friteuse","10":"first","11":"instock","12":"sale","13":"shipping-taxable","14":"purchasable","15":"product-type-simple"},"_links":{"self":[{"href":"https:\/\/electromenagerexpress.com\/en\/wp-json\/wp\/v2\/product\/78364","targetHints":{"allow":["GET"]}}],"collection":[{"href":"https:\/\/electromenagerexpress.com\/en\/wp-json\/wp\/v2\/product"}],"about":[{"href":"https:\/\/electromenagerexpress.com\/en\/wp-json\/wp\/v2\/types\/product"}],"wp:featuredmedia":[{"embeddable":true,"href":"https:\/\/electromenagerexpress.com\/en\/wp-json\/wp\/v2\/media\/78363"}],"wp:attachment":[{"href":"https:\/\/electromenagerexpress.com\/en\/wp-json\/wp\/v2\/media?parent=78364"}],"wp:term":[{"taxonomy":"product_cat","embeddable":true,"href":"https:\/\/electromenagerexpress.com\/en\/wp-json\/wp\/v2\/product_cat?post=78364"},{"taxonomy":"product_tag","embeddable":true,"href":"https:\/\/electromenagerexpress.com\/en\/wp-json\/wp\/v2\/product_tag?post=78364"}],"curies":[{"name":"wp","href":"https:\/\/api.w.org\/{rel}","templated":true}]}}