{"id":78306,"date":"2024-11-24T14:29:17","date_gmt":"2024-11-24T14:29:17","guid":{"rendered":"https:\/\/electromenagerexpress.com\/product\/friteuse-sans-huileninjafoodi-max-dualzone-95l-af400eu\/"},"modified":"2024-11-24T14:29:27","modified_gmt":"2024-11-24T14:29:27","slug":"friteuse-sans-huileninjafoodi-max-dualzone-95l-af400eu","status":"publish","type":"product","link":"https:\/\/electromenagerexpress.com\/en\/product\/friteuse-sans-huileninjafoodi-max-dualzone-95l-af400eu\/","title":{"rendered":"Friteuse sans huile\t\t\t\t\t\t\tNINJA\t\t\t\tFoodi Max DualZone 9,5L AF400EU"},"content":{"rendered":"<div class=\"product-features__content\">\n<ul role=\"list\">\n<li class=\"product-features__item\" role=\"listitem\">\n<h3 class=\"product-features__label\">Choisir ce produit pour quels usages<\/h3>\n<ul role=\"list\">\n<li class=\"product-features__item-list__item\" role=\"listitem\"><span class=\"is--medium\">Cuisson :<\/span> avec une cuill\u00e8re d&rsquo;huile ou sans huile\t\t\t\t\t<\/li>\n<\/ul>\n<\/li>\n<li class=\"product-features__item\" role=\"listitem\">\n<h3 class=\"product-features__label\">Volume et capacit\u00e9<\/h3>\n<ul role=\"list\">\n<li class=\"product-features__item-list__item\" role=\"listitem\"><span class=\"is--medium\">Capacit\u00e9 de frites fra\u00eeches :<\/span> 2,8 kg\t\t\t\t\t<\/li>\n<li class=\"product-features__item-list__item\" role=\"listitem\"><span class=\"is--medium\">Capacit\u00e9 de frites surgel\u00e9es :<\/span> 2,8 kg\t\t\t\t\t<\/li>\n<li class=\"product-features__item-list__item\" role=\"listitem\"><span class=\"is--medium\">Le saviez vous :<\/span> pour 3-4 personnes pr\u00e9voyez 1kg de frites fraiches ou 1,250 kg de frites surgel\u00e9es\t\t\t\t\t<\/li>\n<li class=\"product-features__item-list__item\" role=\"listitem\"><span class=\"is--medium\">Type de friture :<\/span> air chaud\t\t\t\t\t<\/li>\n<li class=\"product-features__item-list__item\" role=\"listitem\"><span class=\"is--medium\">Capacit\u00e9 pour un poulet :<\/span> 2,0 kg\t\t\t\t\t<\/li>\n<li class=\"product-features__item-list__item\" role=\"listitem\"><span class=\"is--medium\">Nombre de bacs et paniers :<\/span> 2 bacs\t\t\t\t\t<\/li>\n<li class=\"product-features__item-list__item\" role=\"listitem\"><span class=\"is--medium\">Nombre de cuves :<\/span> 2\t\t\t\t\t<\/li>\n<li class=\"product-features__item-list__item\" role=\"listitem\"><span class=\"is--medium\">Volume de la cuve :<\/span> 9,5 L\t\t\t\t\t<\/li>\n<\/ul>\n<\/li>\n<li class=\"product-features__item\" role=\"listitem\">\n<h3 class=\"product-features__label\">Fonctionnalit\u00e9s<\/h3>\n<ul role=\"list\">\n<li class=\"product-features__item-list__item\" role=\"listitem\"><span class=\"is--medium\">Fonction copie :<\/span> oui, permet de dupliquer la temp\u00e9rature et le temps sur les 2 zones de cuisson\t\t\t\t\t<\/li>\n<li class=\"product-features__item-list__item\" role=\"listitem\"><span class=\"is--medium\">Synchronisation :<\/span> oui, pour pr\u00e9parer 2 recettes diff\u00e9rentes et qu&rsquo;elles soient pr\u00eates en m\u00eame temps\t\t\t\t\t<\/li>\n<\/ul>\n<\/li>\n<li class=\"product-features__item\" role=\"listitem\">\n<h3 class=\"product-features__label\">Confort d&rsquo;utilisation<\/h3>\n<ul role=\"list\">\n<li class=\"product-features__item-list__item\" role=\"listitem\"><span class=\"is--medium\">Puissance :<\/span> 2.470 W\t\t\t\t\t<\/li>\n<li class=\"product-features__item-list__item\" role=\"listitem\"><span class=\"is--medium\">Le saviez vous :<\/span> plus la puissance est \u00e9lev\u00e9e, plus le temps de chauffe est rapide\t\t\t\t\t<\/li>\n<li class=\"product-features__item-list__item\" role=\"listitem\"><span class=\"is--medium\">Chaleur puls\u00e9e :<\/span> oui, l&rsquo;air chaud circule dans la cuve et permet une uniformit\u00e9 de la cuisson comme dans un four\t\t\t\t\t<\/li>\n<li class=\"product-features__item-list__item\" role=\"listitem\"><span class=\"is--medium\">Voyant de temp\u00e9rature :<\/span> Oui\t\t\t\t\t<\/li>\n<li class=\"product-features__item-list__item\" role=\"listitem\"><span class=\"is--medium\">Thermostat r\u00e9glable :<\/span> de 40\u00b0C \u00e0 240\u00b0C\t\t\t\t\t<\/li>\n<li class=\"product-features__item-list__item\" role=\"listitem\"><span class=\"is--medium\">Minuterie :<\/span> oui, permet d&rsquo;avoir le signal de la fin du temps programm\u00e9\t\t\t\t\t<\/li>\n<li class=\"product-features__item-list__item\" role=\"listitem\"><span class=\"is--medium\">Mode de cuisson :<\/span> automatique et manuel\t\t\t\t\t<\/li>\n<li class=\"product-features__item-list__item\" role=\"listitem\"><span class=\"is--medium\">Nombre de programmes pr\u00e9d\u00e9finis :<\/span> 6\t\t\t\t\t<\/li>\n<li class=\"product-features__item-list__item\" role=\"listitem\"><span class=\"is--medium\">Maintien au chaud :<\/span> Non\t\t\t\t\t<\/li>\n<li class=\"product-features__item-list__item\" role=\"listitem\"><span class=\"is--medium\">Ecran :<\/span> digital\t\t\t\t\t<\/li>\n<li class=\"product-features__item-list__item\" role=\"listitem\"><span class=\"is--medium\">Fonction pause :<\/span> oui, permet d&rsquo;\u00eatre activ\u00e9e pour remuer ou retourner les aliments si besoin\t\t\t\t\t<\/li>\n<li class=\"product-features__item-list__item\" role=\"listitem\"><span class=\"is--medium\">Arr\u00eat automatique :<\/span> oui, suite au programme choisi, la friteuse s&rsquo;arr\u00eate pour avoir une recette r\u00e9ussie\t\t\t\t\t<\/li>\n<\/ul>\n<\/li>\n<li class=\"product-features__item\" role=\"listitem\">\n<h3 class=\"product-features__label\">Entretien<\/h3>\n<ul role=\"list\">\n<li class=\"product-features__item-list__item\" role=\"listitem\"><span class=\"is--medium\">R\u00e9sistance : :<\/span> cach\u00e9e\t\t\t\t\t<\/li>\n<li class=\"product-features__item-list__item\" role=\"listitem\"><span class=\"is--medium\">Cuve amovible :<\/span> Oui\t\t\t\t\t<\/li>\n<li class=\"product-features__item-list__item\" role=\"listitem\"><span class=\"is--medium\">Filtre :<\/span> le filtre m\u00e9tallique retient les graisses. Il se nettoie \u00e0 l&rsquo;eau chaude ou au lave vaisselle\t\t\t\t\t<\/li>\n<li class=\"product-features__item-list__item\" role=\"listitem\"><span class=\"is--medium\">Filtration d&rsquo;huile :<\/span> non\t\t\t\t\t<\/li>\n<li class=\"product-features__item-list__item\" role=\"listitem\"><span class=\"is--medium\">Compatible lave vaisselle :<\/span> cuve\t\t\t\t\t<\/li>\n<\/ul>\n<\/li>\n<li class=\"product-features__item\" role=\"listitem\">\n<h3 class=\"product-features__label\">Dimensions<\/h3>\n<ul role=\"list\">\n<li class=\"product-features__item-list__item\" role=\"listitem\"><span class=\"is--medium\">Dimensions l x h x p :<\/span> 41.5 x 32.5 x 27 cm\t\t\t\t\t<\/li>\n<li class=\"product-features__item-list__item\" role=\"listitem\"><span class=\"is--medium\">Poids net :<\/span> 8,90 Kg\t\t\t\t\t<\/li>\n<\/ul>\n<\/li>\n<li class=\"product-features__item\" role=\"listitem\">\n<h3 class=\"product-features__label\">Informations et services<\/h3>\n<ul role=\"list\">\n<li class=\"product-features__item-list__item\" role=\"listitem\"><span class=\"is--medium\">Fabriqu\u00e9 en :<\/span> Chine\t\t\t\t\t<\/li>\n<li class=\"product-features__item-list__item\" role=\"listitem\"><span class=\"is--medium\">Garantie :<\/span> 2 ans\t\t\t\t\t<\/li>\n<li class=\"product-features__item-list__item\" role=\"listitem\"><span class=\"is--medium\">Disponibilit\u00e9 des pi\u00e8ces d\u00e9tach\u00e9es (donn\u00e9es fournisseur) :<\/span> Pendant 2 ans, \u00e0 compter de la date d&rsquo;achat\t\t\t\t\t<\/li>\n<li class=\"product-features__item-list__item\" role=\"listitem\"><span class=\"is--medium\">Garantie constructeur :<\/span> 2 ans\t\t\t\t\t<\/li>\n<li class=\"product-features__item-list__item\" role=\"listitem\"><span class=\"is--medium\">R\u00e9f\u00e9rence constructeur :<\/span> Dual Air Fryer AF400EU\t\t\t\t\t<\/li>\n<li class=\"product-features__item-list__item\" role=\"listitem\"><span class=\"is--medium\">Marque :<\/span> NINJA\t\t\t\t\t<\/li>\n<li class=\"product-features__item-list__item\" role=\"listitem\"><span class=\"is--medium\">Coloris :<\/span> Noir\t\t\t\t\t<\/li>\n<\/ul>\n<\/li>\n<\/ul>\n<\/div>\n<div class=\"product__disclosure-content\">\n<div class=\"js-read-more product-description__content read-more read-more--truncated\" data-read-more-name=\"description\" style=\"max-height: 500px; overflow: hidden;\">\n<p>Savourez de d\u00e9licieux aliments frits \u00e0 la perfection sans culpabiliser gr\u00e2ce \u00e0 la friteuse Dual Air Fryer AF400EU de Ninja.<\/p>\n<h3><img fetchpriority=\"high\" decoding=\"async\" ,=\"\" alt=\"Friteuse NINJA Dual Air Fryer AF400EU\" class=\"wy_tableau_gauche\" height=\"270\" src=\"https:\/\/boulanger.scene7.com\/is\/image\/Boulanger\/0622356245272_h_f_l_0?wid=400&amp;hei=270\" width=\"400\"\/>Se faire plaisir sans culpabiliser<\/h3>\n<p>L&rsquo;innovation Ninja met \u00e0 votre disposition une friteuse Dual Air Fryer AF400EU qui <b>remplace l&rsquo;huile par l&rsquo;air chaud, pour cuire vos aliments \u00e0 la perfection<\/b> en utilisant jusqu&rsquo;\u00e0 90% de mati\u00e8res grasses en moins. Cuits, r\u00f4tis, grill\u00e9s, maintenus au chaud et m\u00eame r\u00e9chauff\u00e9s, <b>tous vos aliments sont sublim\u00e9s avec les six modes de cuisson <\/b>de la friteuse Dual Air Fryer AF400EU de Ninja !<\/p>\n<p>La technologie Ninja dote l&rsquo;appareil Dual Air Fryer AF400EU d&rsquo;une double cuve, qui garantit une <b>polyvalence hors pair : cuisez deux types d&rsquo;aliments diff\u00e9rents \u00e0 la fois !<\/b> R\u00e9sultat, vous obtenez de savoureuses recettes, croustillantes \u00e0 l&rsquo;ext\u00e9rieur et moelleuses \u00e0 l&rsquo;int\u00e9rieur avec <b>un minimum de mati\u00e8re grasse ajout\u00e9e<\/b>. Le plus : une fonction d\u00e9shydratation s&rsquo;adapte \u00e0 toutes vos envies et vos go\u00fbts.<\/p>\n<h3><img decoding=\"async\" ,=\"\" alt=\"Friteuse NINJA Dual Air Fryer AF400EU\" class=\"wy_tableau_right\" height=\"270\" src=\"https:\/\/boulanger.scene7.com\/is\/image\/Boulanger\/0622356245272_h_f_l_1?wid=400&amp;hei=270\" width=\"400\"\/>Pens\u00e9e pour le quotidien<\/h3>\n<p><b>Pr\u00e9parez de d\u00e9licieux plats jour apr\u00e8s jour et r\u00e9galez votre entourage<\/b> avec la friteuse Dual Air Fryer AF400EU de Ninja. <b>Les 6 programmes personnalisables de l&rsquo;appareil se plient en quatre <\/b>pour vous faire gagner du temps : le design et la <b>conception Dual Zone<\/b> de la friteuse AF160EU vous permet de choisir entre deux zones de cuisson ind\u00e9pendantes pour une cuisson dupliqu\u00e9e ou synchronis\u00e9e !<\/p>\n<p><b>Con\u00e7ue pour s&rsquo;ins\u00e9rer parfaitement dans votre quotidien<\/b>, la friteuse Dual Air Fryer AF400EU de Ninja est <b>\u00e9quip\u00e9e de touches de fonctions et de r\u00e9glages qui vous offrent une navigation intuitive<\/b> \u00e0 travers ses diff\u00e9rentes possibilit\u00e9s : max fry, air fry, r\u00f4ti, cuisson, r\u00e9chauffage et d\u00e9shydratation. C&rsquo;est <b>l&rsquo;alli\u00e9e de vos repas savoureux et sains au quotidien.<\/b><\/p>\n<\/p>\n<\/div>\n<p><bl-button a11yexpanded=\"false\" arialabel=\"Afficher toute la description\" class=\"read-more__btn\" full=\"false\" link=\"true\">Voir plus<\/bl-button><\/div>","protected":false},"excerpt":{"rendered":"<div class=\"keypoints\">\n<h3 class=\"keypoints__title\">Les points cl\u00e9s<\/h3>\n<ul role=\"list\">\n<li class=\"keypoints__item\" role=\"listitem\">                          Volume de la cuve : 9,5 L &#8211;                                        Capacit\u00e9 de frites fra\u00eeches : 2,8 kg &#8211;                                                      Cuisson : avec une cuill\u00e8re d&rsquo;huile ou sans huile                      <\/li>\n<li class=\"keypoints__item\" role=\"listitem\">                          2.470 W &#8211;                                                      Thermostat r\u00e9glable : de 40\u00b0C \u00e0 240\u00b0C                      <\/li>\n<li class=\"keypoints__item\" role=\"listitem\">                          Cuve amovible &#8211;                                                      Filtration de l&rsquo;huile : non                      <\/li>\n<li class=\"keypoints__item\" role=\"listitem\">                          6 programmes pr\u00e9d\u00e9finis &#8211;                                                      2 bacs                      <\/li>\n<li class=\"keypoints__item keypoints__item--advantage\" role=\"listitem\"><strong>Le + :<\/strong> 2 tiroirs pour r\u00e9aliser vos pr\u00e9parations avec des cuissons diff\u00e9rentes et les savourer en m\u00eame temps      <\/li>\n<\/ul>","protected":false},"featured_media":78305,"template":"","meta":{"_glsr_average":0,"_glsr_ranking":0,"_glsr_reviews":0},"product_cat":[229],"product_tag":[230,231],"class_list":{"0":"post-78306","1":"product","2":"type-product","3":"status-publish","4":"has-post-thumbnail","6":"product_cat-friteuse","7":"product_tag-cuisine-et-cuisson","8":"product_tag-friteuse","10":"first","11":"instock","12":"sale","13":"shipping-taxable","14":"purchasable","15":"product-type-simple"},"_links":{"self":[{"href":"https:\/\/electromenagerexpress.com\/en\/wp-json\/wp\/v2\/product\/78306","targetHints":{"allow":["GET"]}}],"collection":[{"href":"https:\/\/electromenagerexpress.com\/en\/wp-json\/wp\/v2\/product"}],"about":[{"href":"https:\/\/electromenagerexpress.com\/en\/wp-json\/wp\/v2\/types\/product"}],"wp:featuredmedia":[{"embeddable":true,"href":"https:\/\/electromenagerexpress.com\/en\/wp-json\/wp\/v2\/media\/78305"}],"wp:attachment":[{"href":"https:\/\/electromenagerexpress.com\/en\/wp-json\/wp\/v2\/media?parent=78306"}],"wp:term":[{"taxonomy":"product_cat","embeddable":true,"href":"https:\/\/electromenagerexpress.com\/en\/wp-json\/wp\/v2\/product_cat?post=78306"},{"taxonomy":"product_tag","embeddable":true,"href":"https:\/\/electromenagerexpress.com\/en\/wp-json\/wp\/v2\/product_tag?post=78306"}],"curies":[{"name":"wp","href":"https:\/\/api.w.org\/{rel}","templated":true}]}}