{"id":78288,"date":"2024-11-24T14:29:02","date_gmt":"2024-11-24T14:29:02","guid":{"rendered":"https:\/\/electromenagerexpress.com\/product\/friteuse-sans-huileninjafoodi-dualzone-af451eu-avec-sonde\/"},"modified":"2024-11-24T14:29:06","modified_gmt":"2024-11-24T14:29:06","slug":"friteuse-sans-huileninjafoodi-dualzone-af451eu-avec-sonde","status":"publish","type":"product","link":"https:\/\/electromenagerexpress.com\/en\/product\/friteuse-sans-huileninjafoodi-dualzone-af451eu-avec-sonde\/","title":{"rendered":"Friteuse sans huile\t\t\t\t\t\t\tNINJA\t\t\t\tFoodi DualZone AF451EU avec sonde"},"content":{"rendered":"<div class=\"product-features__content\">\n<ul role=\"list\">\n<li class=\"product-features__item\" role=\"listitem\">\n<h3 class=\"product-features__label\">Choisir ce produit pour quels usages<\/h3>\n<ul role=\"list\">\n<li class=\"product-features__item-list__item\" role=\"listitem\"><span class=\"is--medium\">Cuisson :<\/span> avec une cuill\u00e8re d&rsquo;huile ou sans huile\t\t\t\t\t<\/li>\n<\/ul>\n<\/li>\n<li class=\"product-features__item\" role=\"listitem\">\n<h3 class=\"product-features__label\">Volume et capacit\u00e9<\/h3>\n<ul role=\"list\">\n<li class=\"product-features__item-list__item\" role=\"listitem\"><span class=\"is--medium\">Capacit\u00e9 de frites fra\u00eeches :<\/span> 2,0 kg\t\t\t\t\t<\/li>\n<li class=\"product-features__item-list__item\" role=\"listitem\"><span class=\"is--medium\">Le saviez vous :<\/span> pour 3-4 personnes pr\u00e9voyez 1kg de frites fraiches ou 1,250 kg de frites surgel\u00e9es\t\t\t\t\t<\/li>\n<li class=\"product-features__item-list__item\" role=\"listitem\"><span class=\"is--medium\">Type de friture :<\/span> air chaud\t\t\t\t\t<\/li>\n<li class=\"product-features__item-list__item\" role=\"listitem\"><span class=\"is--medium\">Nombre de bacs et paniers :<\/span> 2 bacs\t\t\t\t\t<\/li>\n<li class=\"product-features__item-list__item\" role=\"listitem\"><span class=\"is--medium\">Nombre de cuves :<\/span> 2\t\t\t\t\t<\/li>\n<li class=\"product-features__item-list__item\" role=\"listitem\"><span class=\"is--medium\">Volume de la cuve :<\/span> 9,6 L\t\t\t\t\t<\/li>\n<\/ul>\n<\/li>\n<li class=\"product-features__item\" role=\"listitem\">\n<h3 class=\"product-features__label\">Confort d&rsquo;utilisation<\/h3>\n<ul role=\"list\">\n<li class=\"product-features__item-list__item\" role=\"listitem\"><span class=\"is--medium\">Puissance :<\/span> 2.600 W\t\t\t\t\t<\/li>\n<li class=\"product-features__item-list__item\" role=\"listitem\"><span class=\"is--medium\">Le saviez vous :<\/span> plus la puissance est \u00e9lev\u00e9e, plus le temps de chauffe est rapide\t\t\t\t\t<\/li>\n<li class=\"product-features__item-list__item\" role=\"listitem\"><span class=\"is--medium\">Thermostat r\u00e9glable :<\/span> de 40\u00b0C \u00e0 240\u00b0C\t\t\t\t\t<\/li>\n<\/ul>\n<\/li>\n<li class=\"product-features__item\" role=\"listitem\">\n<h3 class=\"product-features__label\">Entretien<\/h3>\n<ul role=\"list\">\n<li class=\"product-features__item-list__item\" role=\"listitem\"><span class=\"is--medium\">Cuve amovible :<\/span> Oui\t\t\t\t\t<\/li>\n<li class=\"product-features__item-list__item\" role=\"listitem\"><span class=\"is--medium\">Compatible lave vaisselle :<\/span> cuve\t\t\t\t\t<\/li>\n<\/ul>\n<\/li>\n<li class=\"product-features__item\" role=\"listitem\">\n<h3 class=\"product-features__label\">Dimensions<\/h3>\n<ul role=\"list\">\n<li class=\"product-features__item-list__item\" role=\"listitem\"><span class=\"is--medium\">Dimensions l x h x p :<\/span> 41.5 x 32.5 x 27 cm\t\t\t\t\t<\/li>\n<\/ul>\n<\/li>\n<li class=\"product-features__item\" role=\"listitem\">\n<h3 class=\"product-features__label\">Informations et services<\/h3>\n<ul role=\"list\">\n<li class=\"product-features__item-list__item\" role=\"listitem\"><span class=\"is--medium\">Fabriqu\u00e9 en :<\/span> Chine\t\t\t\t\t<\/li>\n<li class=\"product-features__item-list__item\" role=\"listitem\"><span class=\"is--medium\">Garantie :<\/span> 2 ans\t\t\t\t\t<\/li>\n<li class=\"product-features__item-list__item\" role=\"listitem\"><span class=\"is--medium\">Disponibilit\u00e9 des pi\u00e8ces d\u00e9tach\u00e9es (donn\u00e9es fournisseur) :<\/span> Pendant 7 ans, \u00e0 compter de la date d&rsquo;achat\t\t\t\t\t<\/li>\n<li class=\"product-features__item-list__item\" role=\"listitem\"><span class=\"is--medium\">R\u00e9f\u00e9rence constructeur :<\/span> Dual Air Fryer Megazone 9.5L avec sonde\t\t\t\t\t<\/li>\n<li class=\"product-features__item-list__item\" role=\"listitem\"><span class=\"is--medium\">Marque :<\/span> NINJA\t\t\t\t\t<\/li>\n<li class=\"product-features__item-list__item\" role=\"listitem\"><span class=\"is--medium\">Coloris :<\/span> Noir\t\t\t\t\t<\/li>\n<\/ul>\n<\/li>\n<\/ul>\n<\/div>\n<div class=\"product__disclosure-content\">\n<div class=\"js-read-more product-description__content read-more read-more--truncated\" data-read-more-name=\"description\" style=\"max-height: 500px; overflow: hidden;\">\n<div class=\"product__description-content read-more\">\n<p>NINJA Foodi DualZone AF451EU : La R\u00e9volution de la Friture Saine<\/p>\n<h3><img fetchpriority=\"high\" decoding=\"async\" alt=\"Friteuse sans huile NINJA Foodi DualZone AF451EU avec sonde\" class=\"wy_tableau_gauche\" height=\"270\" src=\"https:\/\/boulanger.scene7.com\/is\/image\/Boulanger\/0622356258388_h_f_l_0?wid=400&amp;hei=270\" width=\"400\"\/>Cuisson Synchronis\u00e9e et Technologie Avanc\u00e9e<\/h3>\n<p>La friteuse sans huile NINJA Foodi DualZone AF451EU se distingue par sa capacit\u00e9 \u00e0 pr\u00e9parer simultan\u00e9ment deux types d&rsquo;aliments avec des temps de cuisson diff\u00e9rents, gr\u00e2ce \u00e0 ses deux tiroirs de cuisson ind\u00e9pendants. Avec la fonction SYNC, les fins de cuisson se synchronisent pour un repas complet servi \u00e0 point. La technologie SMARTCOOK, gr\u00e2ce \u00e0 sa thermosonde intelligente, assure une cuisson parfaite \u00e0 coeur des viandes et poissons. Les 6 menus de cuisson, dont Max Crisp et Air Fry, offrent une polyvalence in\u00e9gal\u00e9e pour des plats croustillants et savoureux, avec jusqu&rsquo;\u00e0 75% de mati\u00e8res grasses en moins compar\u00e9 \u00e0 une friture traditionnelle. La capacit\u00e9 totale de 9.6L, soit 2*4,75L, permet de cuisiner jusqu&rsquo;\u00e0 2kg de frites ou d&rsquo;ailes de poulet, id\u00e9al pour les familles.<\/p>\n<p>\u00a0<\/p>\n<p>\u00a0<\/p>\n<h3><img decoding=\"async\" alt=\"Friteuse sans huile NINJA Foodi DualZone AF451EU avec sonde\" class=\"wy_tableau_right\" height=\"270\" src=\"https:\/\/boulanger.scene7.com\/is\/image\/Boulanger\/0622356258388_h_f_l_1?wid=400&amp;hei=270\" width=\"400\"\/>Confort d&rsquo;Utilisation et Entretien Facilit\u00e9<\/h3>\n<p>L&rsquo;ergonomie est au coeur de la conception de la NINJA Foodi DualZone AF451EU avec ses deux \u00e9crans LCD ind\u00e9pendants qui affichent le d\u00e9compte du temps de cuisson et assurent un arr\u00eat automatique. Les tiroirs et plaques de cuisson amovibles, dot\u00e9s d&rsquo;un rev\u00eatement antiadh\u00e9rent, garantissent un nettoyage simplifi\u00e9, compatibles avec le lave-vaisselle. La poign\u00e9e avant permet de v\u00e9rifier ais\u00e9ment la cuisson et de remuer les aliments sans effort. En outre, le guide d&rsquo;utilisation inclus propose des recettes et des temps de cuisson recommand\u00e9s pour divers ingr\u00e9dients, facilitant ainsi l&rsquo;adoption de cet appareil pratique et polyvalent dans toutes les cuisines.<\/p>\n<\/div>\n<\/div>\n<p><bl-button a11yexpanded=\"false\" arialabel=\"Afficher toute la description\" class=\"read-more__btn\" full=\"false\" link=\"true\"><\/bl-button><\/div>","protected":false},"excerpt":{"rendered":"<div class=\"keypoints\">\n<h3 class=\"keypoints__title\">Les points cl\u00e9s<\/h3>\n<ul role=\"list\">\n<li class=\"keypoints__item\" role=\"listitem\">                          Volume de la cuve : 9,6 L &#8211;                                        Capacit\u00e9 de frites fra\u00eeches : 2,0 kg &#8211;                                                      Cuisson : avec une cuill\u00e8re d&rsquo;huile ou sans huile                      <\/li>\n<li class=\"keypoints__item\" role=\"listitem\">                          2.600 W &#8211;                                                      Thermostat r\u00e9glable : de 40\u00b0C \u00e0 240\u00b0C                      <\/li>\n<li class=\"keypoints__item\" role=\"listitem\">                                        Cuve amovible                      <\/li>\n<li class=\"keypoints__item\" role=\"listitem\">                                        2 bacs                      <\/li>\n<li class=\"keypoints__item keypoints__item--advantage\" role=\"listitem\"><strong>Le + :<\/strong> Technologie SmartCook avec thermosonde intelligente: parfaite temp\u00e9rature \u00e0 c\u0153ur      <\/li>\n<\/ul>","protected":false},"featured_media":78287,"template":"","meta":{"_glsr_average":0,"_glsr_ranking":0,"_glsr_reviews":0},"product_cat":[229],"product_tag":[230,231],"class_list":{"0":"post-78288","1":"product","2":"type-product","3":"status-publish","4":"has-post-thumbnail","6":"product_cat-friteuse","7":"product_tag-cuisine-et-cuisson","8":"product_tag-friteuse","10":"first","11":"instock","12":"sale","13":"shipping-taxable","14":"purchasable","15":"product-type-simple"},"_links":{"self":[{"href":"https:\/\/electromenagerexpress.com\/en\/wp-json\/wp\/v2\/product\/78288","targetHints":{"allow":["GET"]}}],"collection":[{"href":"https:\/\/electromenagerexpress.com\/en\/wp-json\/wp\/v2\/product"}],"about":[{"href":"https:\/\/electromenagerexpress.com\/en\/wp-json\/wp\/v2\/types\/product"}],"wp:featuredmedia":[{"embeddable":true,"href":"https:\/\/electromenagerexpress.com\/en\/wp-json\/wp\/v2\/media\/78287"}],"wp:attachment":[{"href":"https:\/\/electromenagerexpress.com\/en\/wp-json\/wp\/v2\/media?parent=78288"}],"wp:term":[{"taxonomy":"product_cat","embeddable":true,"href":"https:\/\/electromenagerexpress.com\/en\/wp-json\/wp\/v2\/product_cat?post=78288"},{"taxonomy":"product_tag","embeddable":true,"href":"https:\/\/electromenagerexpress.com\/en\/wp-json\/wp\/v2\/product_tag?post=78288"}],"curies":[{"name":"wp","href":"https:\/\/api.w.org\/{rel}","templated":true}]}}