{"id":78242,"date":"2024-11-24T14:12:06","date_gmt":"2024-11-24T14:12:06","guid":{"rendered":"https:\/\/electromenagerexpress.com\/product\/plancha-gazplanetalfa-800-housse\/"},"modified":"2024-11-24T14:12:09","modified_gmt":"2024-11-24T14:12:09","slug":"plancha-gazplanetalfa-800-housse","status":"publish","type":"product","link":"https:\/\/electromenagerexpress.com\/en\/product\/plancha-gazplanetalfa-800-housse\/","title":{"rendered":"Plancha gaz\t\t\t\t\t\t\tPLANET\t\t\t\tALFA 800+ Housse"},"content":{"rendered":"<div class=\"product-features__content\">\n<ul role=\"list\">\n<li class=\"product-features__item\" role=\"listitem\">\n<h3 class=\"product-features__label\">Informations compl\u00e9mentaires<\/h3>\n<ul role=\"list\">\n<li class=\"product-features__item-list__item\" role=\"listitem\"><span class=\"is--medium\">Disponibilit\u00e9 des pi\u00e8ces d\u00e9tach\u00e9es (donn\u00e9es fournisseur) :<\/span> Non communiqu\u00e9e\t\t\t\t\t<\/li>\n<\/ul>\n<\/li>\n<\/ul>\n<\/div>\n<div class=\"product__disclosure-content\">\n<div class=\"js-read-more product-description__content\" data-read-more-name=\"description\" style=\"max-height: 500px; overflow: hidden;\">\n<p>Plancha Inox Plaque Lisse 80 + Housse de protection PLANET, Plaque de cuisson 79x40cm, \u00e9paisseur 5mm, Renforts anti-torsion, D\u00e9coupe possible sur la plaque, Pas de migration entre la plaque et les aliments, pas de modification du go\u00fbt des aliments, 3 Br\u00fbleurs \u00e0 bande large (3 zones de cuisson) &#8211; Allumage Piezzo electrom\u00e9canique int\u00e9gr\u00e9 &#8211; Bac \u00e0 graisse inclin\u00e9 int\u00e9gr\u00e9 sur fa\u00e7ade 1,2 Litre &#8211; 4 pieds r\u00e9glables &#8211; Caisson de combustion isol\u00e9 de la structure pour la s\u00e9curit\u00e9 et la performance thermique, , Dimensions : 800x500x200mm, Puissance : 8400 Watts, Norme : CE, Nombre de convives : De 6 \u00e0 12 convives, Type de Gaz : Butane&amp;Propane ou M\u00e9thane (buses fournies), Garantie : 3 ans<\/p>\n<p>Inox 304 Alimentaire<\/p>\n<\/div>\n<\/div>","protected":false},"excerpt":{"rendered":"<p>None<\/p>","protected":false},"featured_media":78241,"template":"","meta":{"_glsr_average":0,"_glsr_ranking":0,"_glsr_reviews":0},"product_cat":[352],"product_tag":[230,353,354],"class_list":{"0":"post-78242","1":"product","2":"type-product","3":"status-publish","4":"has-post-thumbnail","6":"product_cat-plancha-gaz","7":"product_tag-cuisine-et-cuisson","8":"product_tag-plancha","9":"product_tag-plancha-gaz","11":"first","12":"instock","13":"sale","14":"shipping-taxable","15":"purchasable","16":"product-type-simple"},"_links":{"self":[{"href":"https:\/\/electromenagerexpress.com\/en\/wp-json\/wp\/v2\/product\/78242","targetHints":{"allow":["GET"]}}],"collection":[{"href":"https:\/\/electromenagerexpress.com\/en\/wp-json\/wp\/v2\/product"}],"about":[{"href":"https:\/\/electromenagerexpress.com\/en\/wp-json\/wp\/v2\/types\/product"}],"wp:featuredmedia":[{"embeddable":true,"href":"https:\/\/electromenagerexpress.com\/en\/wp-json\/wp\/v2\/media\/78241"}],"wp:attachment":[{"href":"https:\/\/electromenagerexpress.com\/en\/wp-json\/wp\/v2\/media?parent=78242"}],"wp:term":[{"taxonomy":"product_cat","embeddable":true,"href":"https:\/\/electromenagerexpress.com\/en\/wp-json\/wp\/v2\/product_cat?post=78242"},{"taxonomy":"product_tag","embeddable":true,"href":"https:\/\/electromenagerexpress.com\/en\/wp-json\/wp\/v2\/product_tag?post=78242"}],"curies":[{"name":"wp","href":"https:\/\/api.w.org\/{rel}","templated":true}]}}