{"id":78208,"date":"2024-11-24T14:11:37","date_gmt":"2024-11-24T14:11:37","guid":{"rendered":"https:\/\/electromenagerexpress.com\/product\/plancha-gazforge-adourorigin-60-acier\/"},"modified":"2024-11-24T14:11:41","modified_gmt":"2024-11-24T14:11:41","slug":"plancha-gazforge-adourorigin-60-acier","status":"publish","type":"product","link":"https:\/\/electromenagerexpress.com\/en\/product\/plancha-gazforge-adourorigin-60-acier\/","title":{"rendered":"Plancha gaz\t\t\t\t\t\t\tFORGE ADOUR\t\t\t\tOrigin 60 Acier"},"content":{"rendered":"<div class=\"product-features__content\">\n<ul role=\"list\">\n<li class=\"product-features__item\" role=\"listitem\">\n<h3 class=\"product-features__label\">Cuisson<\/h3>\n<ul role=\"list\">\n<li class=\"product-features__item-list__item\" role=\"listitem\"><span class=\"is--medium\">Nombre de personnes :<\/span> De 8 \u00e0 12 personnes\t\t\t\t\t<\/li>\n<li class=\"product-features__item-list__item\" role=\"listitem\"><span class=\"is--medium\">Energie :<\/span> Gaz\t\t\t\t\t<\/li>\n<li class=\"product-features__item-list__item\" role=\"listitem\"><span class=\"is--medium\">Puissance :<\/span> 5800W\t\t\t\t\t<\/li>\n<li class=\"product-features__item-list__item\" role=\"listitem\"><span class=\"is--medium\">Type de gaz :<\/span> Butane ou propane\t\t\t\t\t<\/li>\n<li class=\"product-features__item-list__item\" role=\"listitem\"><span class=\"is--medium\">Zone de cuisson :<\/span> 2 zones\t\t\t\t\t<\/li>\n<li class=\"product-features__item-list__item\" role=\"listitem\"><span class=\"is--medium\">Thermostat r\u00e9glable :<\/span> Oui\t\t\t\t\t<\/li>\n<li class=\"product-features__item-list__item\" role=\"listitem\"><span class=\"is--medium\">Temp\u00e9rature maximum de cuisson :<\/span> 300\u00b0C\t\t\t\t\t<\/li>\n<li class=\"product-features__item-list__item\" role=\"listitem\"><span class=\"is--medium\">Rapidit\u00e9 de mont\u00e9e en temp\u00e9rature :<\/span> 10 minutes\t\t\t\t\t<\/li>\n<\/ul>\n<\/li>\n<li class=\"product-features__item\" role=\"listitem\">\n<h3 class=\"product-features__label\">Equipement<\/h3>\n<ul role=\"list\">\n<li class=\"product-features__item-list__item\" role=\"listitem\"><span class=\"is--medium\">Nombre de plaques :<\/span> 1 plaque\t\t\t\t\t<\/li>\n<li class=\"product-features__item-list__item\" role=\"listitem\"><span class=\"is--medium\">Plaque inclin\u00e9e :<\/span> Oui\t\t\t\t\t<\/li>\n<li class=\"product-features__item-list__item\" role=\"listitem\"><span class=\"is--medium\">Avantage de la plaque inclin\u00e9e :<\/span> Pour une \u00e9vacuation optimale des graisses\t\t\t\t\t<\/li>\n<li class=\"product-features__item-list__item\" role=\"listitem\"><span class=\"is--medium\">Plaque r\u00e9versible :<\/span> Non\t\t\t\t\t<\/li>\n<li class=\"product-features__item-list__item\" role=\"listitem\"><span class=\"is--medium\">Nombre de br\u00fbleurs :<\/span> 2 br\u00fbleurs\t\t\t\t\t<\/li>\n<li class=\"product-features__item-list__item\" role=\"listitem\"><span class=\"is--medium\">Booster :<\/span> Non\t\t\t\t\t<\/li>\n<li class=\"product-features__item-list__item\" role=\"listitem\"><span class=\"is--medium\">Syst\u00e8me d&rsquo;allumage :<\/span> Facile et rapide avec le piezzo\t\t\t\t\t<\/li>\n<li class=\"product-features__item-list__item\" role=\"listitem\"><span class=\"is--medium\">Minuteur :<\/span> Non\t\t\t\t\t<\/li>\n<li class=\"product-features__item-list__item\" role=\"listitem\"><span class=\"is--medium\">Crochets de suspension :<\/span> Non\t\t\t\t\t<\/li>\n<li class=\"product-features__item-list__item\" role=\"listitem\"><span class=\"is--medium\">Faites \u00e9voluer votre plancha :<\/span> <a href=\"https:\/\/www.boulanger.com\/c\/accessoire-barbecue\" target=\"_blank\">En cliquant ici<\/a><\/li>\n<\/ul>\n<\/li>\n<li class=\"product-features__item\" role=\"listitem\">\n<h3 class=\"product-features__label\">Mati\u00e8re et coloris<\/h3>\n<ul role=\"list\">\n<li class=\"product-features__item-list__item\" role=\"listitem\"><span class=\"is--medium\">De la surface de la plaque :<\/span> Fonte \u00e9maill\u00e9e\t\t\t\t\t<\/li>\n<li class=\"product-features__item-list__item\" role=\"listitem\"><span class=\"is--medium\">Du chassis :<\/span> Acier rev\u00eatement 3 couches\t\t\t\t\t<\/li>\n<li class=\"product-features__item-list__item\" role=\"listitem\"><span class=\"is--medium\">Coloris :<\/span> Noir\t\t\t\t\t<\/li>\n<\/ul>\n<\/li>\n<li class=\"product-features__item\" role=\"listitem\">\n<h3 class=\"product-features__label\">Facilit\u00e9 de nettoyage<\/h3>\n<ul role=\"list\">\n<li class=\"product-features__item-list__item\" role=\"listitem\"><span class=\"is--medium\">Plaque amovible :<\/span> Non\t\t\t\t\t<\/li>\n<li class=\"product-features__item-list__item\" role=\"listitem\"><span class=\"is--medium\">Compatible au lave-vaisselle :<\/span> R\u00e9cup\u00e9rateur de jus \/ graisses\t\t\t\t\t<\/li>\n<li class=\"product-features__item-list__item\" role=\"listitem\"><span class=\"is--medium\">R\u00e9sistance amovible :<\/span> Non\t\t\t\t\t<\/li>\n<li class=\"product-features__item-list__item\" role=\"listitem\"><span class=\"is--medium\">Thermostat amovible :<\/span> Non\t\t\t\t\t<\/li>\n<li class=\"product-features__item-list__item\" role=\"listitem\"><span class=\"is--medium\">R\u00e9cup\u00e9rateur de jus \/ graisses :<\/span> Oui\t\t\t\t\t<\/li>\n<\/ul>\n<\/li>\n<li class=\"product-features__item\" role=\"listitem\">\n<h3 class=\"product-features__label\">Agencement<\/h3>\n<ul role=\"list\">\n<li class=\"product-features__item-list__item\" role=\"listitem\"><span class=\"is--medium\">Mobilit\u00e9 :<\/span> A poser\t\t\t\t\t<\/li>\n<li class=\"product-features__item-list__item\" role=\"listitem\"><span class=\"is--medium\">Avantage de la mobilit\u00e9 :<\/span> A poser sur la table\t\t\t\t\t<\/li>\n<li class=\"product-features__item-list__item\" role=\"listitem\"><span class=\"is--medium\">Utilisation :<\/span> Ext\u00e9rieur\t\t\t\t\t<\/li>\n<li class=\"product-features__item-list__item\" role=\"listitem\"><span class=\"is--medium\">Pieds r\u00e9glables :<\/span> Non\t\t\t\t\t<\/li>\n<li class=\"product-features__item-list__item\" role=\"listitem\"><span class=\"is--medium\">Couvercle :<\/span> Non\t\t\t\t\t<\/li>\n<li class=\"product-features__item-list__item\" role=\"listitem\"><span class=\"is--medium\">Pare-vent :<\/span> Non\t\t\t\t\t<\/li>\n<li class=\"product-features__item-list__item\" role=\"listitem\"><span class=\"is--medium\">Tablette de travail :<\/span> Non\t\t\t\t\t<\/li>\n<li class=\"product-features__item-list__item\" role=\"listitem\"><span class=\"is--medium\">Poign\u00e9es de transport :<\/span> Non\t\t\t\t\t<\/li>\n<li class=\"product-features__item-list__item\" role=\"listitem\"><span class=\"is--medium\">Espace de rangement :<\/span> Non\t\t\t\t\t<\/li>\n<\/ul>\n<\/li>\n<li class=\"product-features__item\" role=\"listitem\">\n<h3 class=\"product-features__label\">S\u00e9curit\u00e9<\/h3>\n<ul role=\"list\">\n<li class=\"product-features__item-list__item\" role=\"listitem\"><span class=\"is--medium\">Poign\u00e9e froide :<\/span> Non\t\t\t\t\t<\/li>\n<li class=\"product-features__item-list__item\" role=\"listitem\"><span class=\"is--medium\">Voyant lumineux de fonctionnement :<\/span> Non\t\t\t\t\t<\/li>\n<li class=\"product-features__item-list__item\" role=\"listitem\"><span class=\"is--medium\">Pieds antid\u00e9rapants :<\/span> Oui\t\t\t\t\t<\/li>\n<li class=\"product-features__item-list__item\" role=\"listitem\"><span class=\"is--medium\">Syst\u00e8me de s\u00e9curit\u00e9 :<\/span> Oui\t\t\t\t\t<\/li>\n<\/ul>\n<\/li>\n<li class=\"product-features__item\" role=\"listitem\">\n<h3 class=\"product-features__label\">Et en plus<\/h3>\n<ul role=\"list\">\n<li class=\"product-features__item-list__item\" role=\"listitem\"><span class=\"is--medium\">D\u00e9couvrez la garantie Forge Adour :<\/span> <a href=\"http:\/\/boulanger.scene7.com\/is\/content\/Boulanger\/1.Produit\/Annexes\/Garanties_Forge_Adour_2021.pdf\" target=\"_blank\"> Garantie Forge Adour<\/a><\/li>\n<li class=\"product-features__item-list__item\" role=\"listitem\"><span class=\"is--medium\">D\u00e9couvrez :<\/span> <a href=\"https:\/\/commeunchef.boulanger.com\/\" target=\"_blank\"> Comme un Chef<\/a><\/li>\n<\/ul>\n<\/li>\n<li class=\"product-features__item\" role=\"listitem\">\n<h3 class=\"product-features__label\">Dimensions<\/h3>\n<ul role=\"list\">\n<li class=\"product-features__item-list__item\" role=\"listitem\"><span class=\"is--medium\">Dimension de la surface de cuisson :<\/span> 57,8 x 41 cm\t\t\t\t\t<\/li>\n<li class=\"product-features__item-list__item\" role=\"listitem\"><span class=\"is--medium\">Longueur du cordon \u00e9lectrique :<\/span> Non concern\u00e9\t\t\t\t\t<\/li>\n<li class=\"product-features__item-list__item\" role=\"listitem\"><span class=\"is--medium\">Dimensions l x h x p :<\/span> 63.7 x 24.4 x 55.3 cm\t\t\t\t\t<\/li>\n<li class=\"product-features__item-list__item\" role=\"listitem\"><span class=\"is--medium\">Poids Net (kg) :<\/span> 25\t\t\t\t\t<\/li>\n<\/ul>\n<\/li>\n<li class=\"product-features__item\" role=\"listitem\">\n<h3 class=\"product-features__label\">Informations compl\u00e9mentaires<\/h3>\n<ul role=\"list\">\n<li class=\"product-features__item-list__item\" role=\"listitem\"><span class=\"is--medium\">Garantie :<\/span> 60\t\t\t\t\t<\/li>\n<li class=\"product-features__item-list__item\" role=\"listitem\"><span class=\"is--medium\">Fabriqu\u00e9 en :<\/span> Espagne\t\t\t\t\t<\/li>\n<li class=\"product-features__item-list__item\" role=\"listitem\"><span class=\"is--medium\">Disponibilit\u00e9 des pi\u00e8ces d\u00e9tach\u00e9es (donn\u00e9es fournisseur) :<\/span> Pendant 10 ans, \u00e0 compter de la date d&rsquo;achat\t\t\t\t\t<\/li>\n<\/ul>\n<\/li>\n<\/ul>\n<\/div>\n<div class=\"product__disclosure-content\">\n<div class=\"js-read-more product-description__content read-more read-more--truncated\" data-read-more-name=\"description\" style=\"max-height: 500px; overflow: hidden;\">\n<p>Puissante, solide et facile \u00e0 utiliser, la plancha FORGE ADOUR Origin 60 Acier est consid\u00e9r\u00e9e par la marque comme son porte-drapeau refl\u00e9tant toute la qualit\u00e9 de l&rsquo;enseigne.<\/p>\n<h3>Une plancha pour cuisiner pour sa famille et ses amis<img fetchpriority=\"high\" decoding=\"async\" alt=\"Plancha FORGE ADOUR Origin 60 Acier\" class=\"wy_tableau_gauche\" height=\"270\" src=\"https:\/\/boulanger.scene7.com\/is\/image\/Boulanger\/8436550202120_h_f_l_0?wid=400&amp;hei=270\" width=\"400\"\/><\/h3>\n<p>Avec la plancha FORGE ADOUR Origin 60 Acier, vous allez pouvoir cuisiner pour toute votre famille et vos amis, car elle permet de pr\u00e9parer de bons petits plats pour <b>8 \u00e0 10 personnes<\/b>. Avec son <b>br\u00fbleur de 5 600 watts<\/b>, vous \u00eates certain d&rsquo;obtenir une belle puissance, offrant une mont\u00e9e en temp\u00e9rature id\u00e9ale pour toutes vos grillades.<\/p>\n<p>Viandes, poissons, l\u00e9gumes&#8230; Vous allez pouvoir laisser parler votre imagination en mettant les aliments sur sa <b>plaque de cuisson en fonte \u00e9maill\u00e9e<\/b> qui restitue parfaitement la chaleur. Sachez que l&rsquo;\u00e9maillage de cette plancha FORGE ADOUR est neutre, inoxydable, solide, non poreux et <b>imperm\u00e9abilis\u00e9<\/b>, pour un nettoyage simplifi\u00e9.<\/p>\n<h3>Une plancha qui vous facilite la vie<img decoding=\"async\" alt=\"Plancha FORGE ADOUR Origin 60 Acier\" class=\"wy_tableau_right\" height=\"270\" src=\"https:\/\/boulanger.scene7.com\/is\/image\/Boulanger\/8436550202120_p2?wid=400&amp;hei=270\" width=\"400\"\/><\/h3>\n<p>B\u00e9n\u00e9ficiant d&rsquo;un superbe design gr\u00e2ce \u00e0 son <b>ch\u00e2ssis en acier<\/b>, la plancha FORGE ADOUR Origin 60 Acier est un appareil moderne et raffin\u00e9 ! Elle a surtout \u00e9t\u00e9 con\u00e7ue pour vous faciliter la vie avec ses manettes qui permettent de tout r\u00e9gler simplement et son <b>allumage \u00e9lectronique<\/b> s\u00e9curis\u00e9. M\u00eame ses pieds r\u00e9glables sont de v\u00e9ritables atouts !<\/p>\n<p>Enfin, sachez que cette plancha FORGE ADOUR ne vous posera aucun probl\u00e8me quand vous devrez la nettoyer. En effet, elle est dot\u00e9e d&rsquo;un <b>bac r\u00e9cup\u00e9rateur de graisse d&rsquo;une contenance de 1 litre<\/b> qui est aussi id\u00e9al pour obtenir une cuisine plus saine.<\/p>\n<\/p>\n<\/div>\n<p><bl-button a11yexpanded=\"false\" arialabel=\"Afficher toute la description\" class=\"read-more__btn\" full=\"false\" link=\"true\">Voir plus<\/bl-button><\/div>","protected":false},"excerpt":{"rendered":"<div class=\"keypoints\">\n<h3 class=\"keypoints__title\">Les points cl\u00e9s<\/h3>\n<ul role=\"list\">\n<li class=\"keypoints__item\" role=\"listitem\">                                        Pour une utilisation en ext\u00e9rieur et une mont\u00e9e rapide en temp\u00e9rature pour une saisie parfaite                      <\/li>\n<li class=\"keypoints__item\" role=\"listitem\">                          De 8 \u00e0 12 personnes &#8211;                                                      A poser                      <\/li>\n<li class=\"keypoints__item\" role=\"listitem\">                                        Mati\u00e8re de la surface de cuisson : fonte \u00e9maill\u00e9e                      <\/li>\n<li class=\"keypoints__item\" role=\"listitem\">                          Dimension de la surface de cuisson : 57,8 x 41 cm &#8211;                                                      2 zones                      <\/li>\n<li class=\"keypoints__item keypoints__item--advantage\" role=\"listitem\"><strong>Le + :<\/strong> Cuisson homog\u00e8ne et confort d&rsquo;entretien      <\/li>\n<\/ul>","protected":false},"featured_media":78207,"template":"","meta":{"_glsr_average":0,"_glsr_ranking":0,"_glsr_reviews":0},"product_cat":[352],"product_tag":[230,353,354],"class_list":{"0":"post-78208","1":"product","2":"type-product","3":"status-publish","4":"has-post-thumbnail","6":"product_cat-plancha-gaz","7":"product_tag-cuisine-et-cuisson","8":"product_tag-plancha","9":"product_tag-plancha-gaz","11":"first","12":"instock","13":"sale","14":"shipping-taxable","15":"purchasable","16":"product-type-simple"},"_links":{"self":[{"href":"https:\/\/electromenagerexpress.com\/en\/wp-json\/wp\/v2\/product\/78208","targetHints":{"allow":["GET"]}}],"collection":[{"href":"https:\/\/electromenagerexpress.com\/en\/wp-json\/wp\/v2\/product"}],"about":[{"href":"https:\/\/electromenagerexpress.com\/en\/wp-json\/wp\/v2\/types\/product"}],"wp:featuredmedia":[{"embeddable":true,"href":"https:\/\/electromenagerexpress.com\/en\/wp-json\/wp\/v2\/media\/78207"}],"wp:attachment":[{"href":"https:\/\/electromenagerexpress.com\/en\/wp-json\/wp\/v2\/media?parent=78208"}],"wp:term":[{"taxonomy":"product_cat","embeddable":true,"href":"https:\/\/electromenagerexpress.com\/en\/wp-json\/wp\/v2\/product_cat?post=78208"},{"taxonomy":"product_tag","embeddable":true,"href":"https:\/\/electromenagerexpress.com\/en\/wp-json\/wp\/v2\/product_tag?post=78208"}],"curies":[{"name":"wp","href":"https:\/\/api.w.org\/{rel}","templated":true}]}}