{"id":78179,"date":"2024-11-24T14:11:13","date_gmt":"2024-11-24T14:11:13","guid":{"rendered":"https:\/\/electromenagerexpress.com\/product\/plancha-gazle-marquierdivine-260-bleu-celeste\/"},"modified":"2024-11-24T14:11:22","modified_gmt":"2024-11-24T14:11:22","slug":"plancha-gazle-marquierdivine-260-bleu-celeste","status":"publish","type":"product","link":"https:\/\/electromenagerexpress.com\/en\/product\/plancha-gazle-marquierdivine-260-bleu-celeste\/","title":{"rendered":"Plancha gaz\t\t\t\t\t\t\tLE MARQUIER\t\t\t\tDivine 260 bleu c\u00e9leste"},"content":{"rendered":"<div class=\"product-features__content\">\n<ul role=\"list\">\n<li class=\"product-features__item\" role=\"listitem\">\n<h3 class=\"product-features__label\">Cuisson<\/h3>\n<ul role=\"list\">\n<li class=\"product-features__item-list__item\" role=\"listitem\"><span class=\"is--medium\">Nombre de personnes :<\/span> De 6 \u00e0 8 personnes\t\t\t\t\t<\/li>\n<li class=\"product-features__item-list__item\" role=\"listitem\"><span class=\"is--medium\">Energie :<\/span> Gaz\t\t\t\t\t<\/li>\n<li class=\"product-features__item-list__item\" role=\"listitem\"><span class=\"is--medium\">Type de gaz :<\/span> Butane ou propane\t\t\t\t\t<\/li>\n<li class=\"product-features__item-list__item\" role=\"listitem\"><span class=\"is--medium\">Zone de cuisson :<\/span> 1 zone\t\t\t\t\t<\/li>\n<li class=\"product-features__item-list__item\" role=\"listitem\"><span class=\"is--medium\">Thermostat r\u00e9glable :<\/span> Oui\t\t\t\t\t<\/li>\n<li class=\"product-features__item-list__item\" role=\"listitem\"><span class=\"is--medium\">Temp\u00e9rature maximum de cuisson :<\/span> 300\u00b0C\t\t\t\t\t<\/li>\n<li class=\"product-features__item-list__item\" role=\"listitem\"><span class=\"is--medium\">Rapidit\u00e9 de mont\u00e9e en temp\u00e9rature :<\/span> 12 minutes\t\t\t\t\t<\/li>\n<\/ul>\n<\/li>\n<li class=\"product-features__item\" role=\"listitem\">\n<h3 class=\"product-features__label\">Equipement<\/h3>\n<ul role=\"list\">\n<li class=\"product-features__item-list__item\" role=\"listitem\"><span class=\"is--medium\">Nombre de plaques :<\/span> 1 plaque\t\t\t\t\t<\/li>\n<li class=\"product-features__item-list__item\" role=\"listitem\"><span class=\"is--medium\">Plaque inclin\u00e9e :<\/span> Oui\t\t\t\t\t<\/li>\n<li class=\"product-features__item-list__item\" role=\"listitem\"><span class=\"is--medium\">Avantage de la plaque inclin\u00e9e :<\/span> Pour une \u00e9vacuation optimale des graisses\t\t\t\t\t<\/li>\n<li class=\"product-features__item-list__item\" role=\"listitem\"><span class=\"is--medium\">Plaque r\u00e9versible :<\/span> Non\t\t\t\t\t<\/li>\n<li class=\"product-features__item-list__item\" role=\"listitem\"><span class=\"is--medium\">Nombre de br\u00fbleurs :<\/span> 2 br\u00fbleurs\t\t\t\t\t<\/li>\n<li class=\"product-features__item-list__item\" role=\"listitem\"><span class=\"is--medium\">Booster :<\/span> Non\t\t\t\t\t<\/li>\n<li class=\"product-features__item-list__item\" role=\"listitem\"><span class=\"is--medium\">Syst\u00e8me d&rsquo;allumage :<\/span> Facile et rapide avec le piezzo\t\t\t\t\t<\/li>\n<li class=\"product-features__item-list__item\" role=\"listitem\"><span class=\"is--medium\">Minuteur :<\/span> Non\t\t\t\t\t<\/li>\n<li class=\"product-features__item-list__item\" role=\"listitem\"><span class=\"is--medium\">Crochets de suspension :<\/span> Non\t\t\t\t\t<\/li>\n<li class=\"product-features__item-list__item\" role=\"listitem\"><span class=\"is--medium\">Faites \u00e9voluer votre plancha :<\/span> <a href=\"https:\/\/www.boulanger.com\/c\/accessoire-barbecue\" target=\"_blank\">En cliquant ici<\/a><\/li>\n<\/ul>\n<\/li>\n<li class=\"product-features__item\" role=\"listitem\">\n<h3 class=\"product-features__label\">Mati\u00e8re et coloris<\/h3>\n<ul role=\"list\">\n<li class=\"product-features__item-list__item\" role=\"listitem\"><span class=\"is--medium\">De la surface de la plaque :<\/span> Fonte \u00e9maill\u00e9e\t\t\t\t\t<\/li>\n<li class=\"product-features__item-list__item\" role=\"listitem\"><span class=\"is--medium\">Du chassis :<\/span> Acier peint\t\t\t\t\t<\/li>\n<li class=\"product-features__item-list__item\" role=\"listitem\"><span class=\"is--medium\">Du chariot :<\/span> Acier\t\t\t\t\t<\/li>\n<li class=\"product-features__item-list__item\" role=\"listitem\"><span class=\"is--medium\">Coloris :<\/span> Bleu celeste\t\t\t\t\t<\/li>\n<\/ul>\n<\/li>\n<li class=\"product-features__item\" role=\"listitem\">\n<h3 class=\"product-features__label\">Facilit\u00e9 de nettoyage<\/h3>\n<ul role=\"list\">\n<li class=\"product-features__item-list__item\" role=\"listitem\"><span class=\"is--medium\">Plaque amovible :<\/span> Oui\t\t\t\t\t<\/li>\n<li class=\"product-features__item-list__item\" role=\"listitem\"><span class=\"is--medium\">R\u00e9sistance amovible :<\/span> Non\t\t\t\t\t<\/li>\n<li class=\"product-features__item-list__item\" role=\"listitem\"><span class=\"is--medium\">Thermostat amovible :<\/span> Non\t\t\t\t\t<\/li>\n<li class=\"product-features__item-list__item\" role=\"listitem\"><span class=\"is--medium\">R\u00e9cup\u00e9rateur de jus \/ graisses :<\/span> Oui\t\t\t\t\t<\/li>\n<\/ul>\n<\/li>\n<li class=\"product-features__item\" role=\"listitem\">\n<h3 class=\"product-features__label\">Agencement<\/h3>\n<ul role=\"list\">\n<li class=\"product-features__item-list__item\" role=\"listitem\"><span class=\"is--medium\">Mobilit\u00e9 :<\/span> Sur chariot\t\t\t\t\t<\/li>\n<li class=\"product-features__item-list__item\" role=\"listitem\"><span class=\"is--medium\">Avantage de la mobilit\u00e9 :<\/span> Facile \u00e0 d\u00e9placer avec ses roues pour plus de s\u00e9curit\u00e9\t\t\t\t\t<\/li>\n<li class=\"product-features__item-list__item\" role=\"listitem\"><span class=\"is--medium\">Utilisation :<\/span> Ext\u00e9rieur\t\t\t\t\t<\/li>\n<li class=\"product-features__item-list__item\" role=\"listitem\"><span class=\"is--medium\">Pieds r\u00e9glables :<\/span> Non\t\t\t\t\t<\/li>\n<li class=\"product-features__item-list__item\" role=\"listitem\"><span class=\"is--medium\">Couvercle :<\/span> Non\t\t\t\t\t<\/li>\n<li class=\"product-features__item-list__item\" role=\"listitem\"><span class=\"is--medium\">Pare-vent :<\/span> Non\t\t\t\t\t<\/li>\n<li class=\"product-features__item-list__item\" role=\"listitem\"><span class=\"is--medium\">Tablette de travail :<\/span> Bilat\u00e9rale\t\t\t\t\t<\/li>\n<li class=\"product-features__item-list__item\" role=\"listitem\"><span class=\"is--medium\">Poign\u00e9es de transport :<\/span> Oui\t\t\t\t\t<\/li>\n<li class=\"product-features__item-list__item\" role=\"listitem\"><span class=\"is--medium\">Espace de rangement :<\/span> Non\t\t\t\t\t<\/li>\n<\/ul>\n<\/li>\n<li class=\"product-features__item\" role=\"listitem\">\n<h3 class=\"product-features__label\">S\u00e9curit\u00e9<\/h3>\n<ul role=\"list\">\n<li class=\"product-features__item-list__item\" role=\"listitem\"><span class=\"is--medium\">Poign\u00e9e froide :<\/span> Non\t\t\t\t\t<\/li>\n<li class=\"product-features__item-list__item\" role=\"listitem\"><span class=\"is--medium\">Voyant lumineux de fonctionnement :<\/span> Non\t\t\t\t\t<\/li>\n<li class=\"product-features__item-list__item\" role=\"listitem\"><span class=\"is--medium\">Pieds antid\u00e9rapants :<\/span> Non\t\t\t\t\t<\/li>\n<li class=\"product-features__item-list__item\" role=\"listitem\"><span class=\"is--medium\">Syst\u00e8me de s\u00e9curit\u00e9 :<\/span> Non\t\t\t\t\t<\/li>\n<\/ul>\n<\/li>\n<li class=\"product-features__item\" role=\"listitem\">\n<h3 class=\"product-features__label\">Et en plus<\/h3>\n<ul role=\"list\">\n<li class=\"product-features__item-list__item\" role=\"listitem\"><span class=\"is--medium\">D\u00e9couvrez :<\/span> <a href=\"https:\/\/commeunchef.boulanger.com\/\" target=\"_blank\"> Comme un Chef<\/a><\/li>\n<\/ul>\n<\/li>\n<li class=\"product-features__item\" role=\"listitem\">\n<h3 class=\"product-features__label\">Dimensions<\/h3>\n<ul role=\"list\">\n<li class=\"product-features__item-list__item\" role=\"listitem\"><span class=\"is--medium\">Dimension de la surface de cuisson :<\/span> 60 x 40 cm\t\t\t\t\t<\/li>\n<li class=\"product-features__item-list__item\" role=\"listitem\"><span class=\"is--medium\">Longueur du cordon \u00e9lectrique :<\/span> Non concern\u00e9\t\t\t\t\t<\/li>\n<li class=\"product-features__item-list__item\" role=\"listitem\"><span class=\"is--medium\">Dimensions l x h x p :<\/span> 114 x 98.2 x 59.1 cm\t\t\t\t\t<\/li>\n<li class=\"product-features__item-list__item\" role=\"listitem\"><span class=\"is--medium\">Poids Net (kg) :<\/span> 36.5\t\t\t\t\t<\/li>\n<\/ul>\n<\/li>\n<li class=\"product-features__item\" role=\"listitem\">\n<h3 class=\"product-features__label\">Informations compl\u00e9mentaires<\/h3>\n<ul role=\"list\">\n<li class=\"product-features__item-list__item\" role=\"listitem\"><span class=\"is--medium\">Garantie :<\/span> 24\t\t\t\t\t<\/li>\n<li class=\"product-features__item-list__item\" role=\"listitem\"><span class=\"is--medium\">Fabriqu\u00e9 en :<\/span> France\t\t\t\t\t<\/li>\n<li class=\"product-features__item-list__item\" role=\"listitem\"><span class=\"is--medium\">Disponibilit\u00e9 des pi\u00e8ces d\u00e9tach\u00e9es (donn\u00e9es fournisseur) :<\/span> Pendant 3 ans, \u00e0 compter de la date d&rsquo;achat\t\t\t\t\t<\/li>\n<\/ul>\n<\/li>\n<\/ul>\n<\/div>\n<div class=\"product__disclosure-content\">\n<div class=\"js-read-more product-description__content read-more read-more--truncated\" data-read-more-name=\"description\" style=\"max-height: 500px; overflow: hidden;\">\n<p>Avec la Plancha LE MARQUIER DIVINE 260, vous aurez tout sous la main pour r\u00e9aliser d&rsquo;excellentes viandes grill\u00e9es mais aussi des pr\u00e9parations v\u00e9g\u00e9tariennes.<\/p>\n<h3><img fetchpriority=\"high\" decoding=\"async\" ,=\"\" alt=\"LE MARQUIER DIVINE 260 BLEU CELESTE\" class=\"wy_tableau_gauche\" height=\"270\" src=\"https:\/\/boulanger.scene7.com\/is\/image\/Boulanger\/3339380159020_h_f_l_0?wid=400&amp;hei=270\" width=\"400\"\/>Alliage de simplicit\u00e9 et de solidit\u00e9<\/h3>\n<p>Pr\u00e9parez-vous \u00e0 d\u00e9couvrir un appareil de cuisson pratique et solide avec la Plancha \u00e0 gaz LE MARQUIER DIVINE 260. Sa structure robuste se base sur une <b>plaque en fonte \u00e9maill\u00e9e inclinable<\/b> de 60*40 cm. Cette plaque de cuisson est pourvue d&rsquo;un trou par lequel s&rsquo;\u00e9chapperont les <b>graisses de cuisson<\/b>, un atout pour simplifier le nettoyage mais aussi assainir vos pr\u00e9parations.<\/p>\n<p>Au moment de sortir la plancha ou le barbecue, on veut avant tout se faire plaisir sans se compliquer la vie. Cela tombe bien, car la Plancha \u00e0 gaz LE MARQUIER DIVINE 260 dispose de <b>2 br\u00fbleurs inox trompettes<\/b> tr\u00e8s simples \u00e0 prendre en main. Chaque br\u00fbleur repose sur une <b>puissance de 5,4 kW<\/b> et g\u00e8re la chaleur sur une moiti\u00e9 de la surface de cuisson. La chaleur est ainsi r\u00e9partie de fa\u00e7on <b>homog\u00e8ne<\/b>.<\/p>\n<h3><img decoding=\"async\" ,=\"\" alt=\"LE MARQUIER DIVINE 260 BLEU CELESTE\" class=\"wy_tableau_right\" height=\"270\" src=\"https:\/\/boulanger.scene7.com\/is\/image\/Boulanger\/3339380159020_h_f_l_1?wid=400&amp;hei=270\" width=\"400\"\/>Nettoyage facile, installation simplifi\u00e9e<\/h3>\n<p>Peu importe vos pr\u00e9f\u00e9rences en mati\u00e8re d&rsquo;alimentation, la Plancha \u00e0 gaz LE MARQUIER DIVINE 260 fonctionne \u00e0 la fois au <b>gaz butane<\/b> comme au <b>gaz propane<\/b>. Vous pourrez \u00e9galement compter sur <b>4 plots de positionnement<\/b> pour votre bouteille, de quoi vous assurer une stabilit\u00e9 parfaite et une s\u00e9curit\u00e9 optimale lors de vos utilisations.<\/p>\n<p>La grande surface de cuisson de la Plancha \u00e0 gaz LE MARQUIER DIVINE 260 vous permettra de cuisiner pour <b>6 \u00e0 10 couverts<\/b>. La solidit\u00e9 de cette plancha vous ravira \u00e9galement, puisqu&rsquo;elle se compose d&rsquo;un ch\u00e2ssis et d&rsquo;un <b>chariot en acier avec peinture epoxy<\/b>. Garantie <b>Origine France et norm\u00e9e CE<\/b>, elle conservera toutes ses qualit\u00e9s sur le long terme.<\/p>\n<\/p>\n<p><video class=\"s7Video\" controls=\"\" controlslist=\"nodownload\" poster=\"https:\/\/boulanger.scene7.com\/is\/image\/Boulanger\/3339380159020_v_0?scl=1\" preload=\"metadata\" src=\"https:\/\/boulanger.scene7.com\/is\/content\/Boulanger\/3339380159020_v_0\" width=\"100%\"><\/video><\/p>\n<\/div>\n<p><bl-button a11yexpanded=\"false\" arialabel=\"Afficher toute la description\" class=\"read-more__btn\" full=\"false\" link=\"true\">Voir plus<\/bl-button><\/div>","protected":false},"excerpt":{"rendered":"<div class=\"keypoints\">\n<h3 class=\"keypoints__title\">Les points cl\u00e9s<\/h3>\n<ul role=\"list\">\n<li class=\"keypoints__item\" role=\"listitem\">                                        Pour une utilisation en ext\u00e9rieur et une mont\u00e9e rapide en temp\u00e9rature pour une saisie parfaite                      <\/li>\n<li class=\"keypoints__item\" role=\"listitem\">                          De 6 \u00e0 8 personnes &#8211;                                                      Sur chariot                      <\/li>\n<li class=\"keypoints__item\" role=\"listitem\">                                        Mati\u00e8re de la surface de cuisson : fonte \u00e9maill\u00e9e                      <\/li>\n<li class=\"keypoints__item\" role=\"listitem\">                          Dimension de la surface de cuisson : 60 x 40 cm &#8211;                                                      1 zone                      <\/li>\n<li class=\"keypoints__item keypoints__item--advantage\" role=\"listitem\"><strong>Le + :<\/strong> Cuisson homog\u00e8ne, confort du chariot et des tablettes lat\u00e9rales de travail      <\/li>\n<\/ul>","protected":false},"featured_media":78178,"template":"","meta":{"_glsr_average":0,"_glsr_ranking":0,"_glsr_reviews":0},"product_cat":[352],"product_tag":[230,353,354],"class_list":{"0":"post-78179","1":"product","2":"type-product","3":"status-publish","4":"has-post-thumbnail","6":"product_cat-plancha-gaz","7":"product_tag-cuisine-et-cuisson","8":"product_tag-plancha","9":"product_tag-plancha-gaz","11":"first","12":"instock","13":"sale","14":"shipping-taxable","15":"purchasable","16":"product-type-simple"},"_links":{"self":[{"href":"https:\/\/electromenagerexpress.com\/en\/wp-json\/wp\/v2\/product\/78179","targetHints":{"allow":["GET"]}}],"collection":[{"href":"https:\/\/electromenagerexpress.com\/en\/wp-json\/wp\/v2\/product"}],"about":[{"href":"https:\/\/electromenagerexpress.com\/en\/wp-json\/wp\/v2\/types\/product"}],"wp:featuredmedia":[{"embeddable":true,"href":"https:\/\/electromenagerexpress.com\/en\/wp-json\/wp\/v2\/media\/78178"}],"wp:attachment":[{"href":"https:\/\/electromenagerexpress.com\/en\/wp-json\/wp\/v2\/media?parent=78179"}],"wp:term":[{"taxonomy":"product_cat","embeddable":true,"href":"https:\/\/electromenagerexpress.com\/en\/wp-json\/wp\/v2\/product_cat?post=78179"},{"taxonomy":"product_tag","embeddable":true,"href":"https:\/\/electromenagerexpress.com\/en\/wp-json\/wp\/v2\/product_tag?post=78179"}],"curies":[{"name":"wp","href":"https:\/\/api.w.org\/{rel}","templated":true}]}}