{"id":78166,"date":"2024-11-24T14:11:02","date_gmt":"2024-11-24T14:11:02","guid":{"rendered":"https:\/\/electromenagerexpress.com\/product\/four-a-pizza-charbonoonikaru-12g-multicombustible\/"},"modified":"2024-11-24T14:11:11","modified_gmt":"2024-11-24T14:11:11","slug":"four-a-pizza-charbonoonikaru-12g-multicombustible","status":"publish","type":"product","link":"https:\/\/electromenagerexpress.com\/en\/product\/four-a-pizza-charbonoonikaru-12g-multicombustible\/","title":{"rendered":"Four \u00e0 pizza charbon\t\t\t\t\t\t\tOONI\t\t\t\tkaru 12G multicombustible"},"content":{"rendered":"<div class=\"product-features__content\">\n<ul role=\"list\">\n<li class=\"product-features__item\" role=\"listitem\">\n<h3 class=\"product-features__label\">Cuisson<\/h3>\n<ul role=\"list\">\n<li class=\"product-features__item-list__item\" role=\"listitem\"><span class=\"is--medium\">Nombre de personnes :<\/span> De 6 \u00e0 8 personnes\t\t\t\t\t<\/li>\n<li class=\"product-features__item-list__item\" role=\"listitem\"><span class=\"is--medium\">Diam\u00e8tre de\/des pizza(s) :<\/span> 30 cm\t\t\t\t\t<\/li>\n<li class=\"product-features__item-list__item\" role=\"listitem\"><span class=\"is--medium\">Temps de cuisson :<\/span> 1 min\t\t\t\t\t<\/li>\n<li class=\"product-features__item-list__item\" role=\"listitem\"><span class=\"is--medium\">Energie :<\/span> Charbon de bois\t\t\t\t\t<\/li>\n<li class=\"product-features__item-list__item\" role=\"listitem\"><span class=\"is--medium\">Type de gaz :<\/span> Propane\t\t\t\t\t<\/li>\n<li class=\"product-features__item-list__item\" role=\"listitem\"><span class=\"is--medium\">Thermostat r\u00e9glable :<\/span> Non\t\t\t\t\t<\/li>\n<li class=\"product-features__item-list__item\" role=\"listitem\"><span class=\"is--medium\">Temp\u00e9rature maximum de cuisson :<\/span> 500\u00b0C\t\t\t\t\t<\/li>\n<li class=\"product-features__item-list__item\" role=\"listitem\"><span class=\"is--medium\">Rapidit\u00e9 de mont\u00e9e en temp\u00e9rature :<\/span> 15 minutes\t\t\t\t\t<\/li>\n<\/ul>\n<\/li>\n<li class=\"product-features__item\" role=\"listitem\">\n<h3 class=\"product-features__label\">Equipement<\/h3>\n<ul role=\"list\">\n<li class=\"product-features__item-list__item\" role=\"listitem\"><span class=\"is--medium\">Pelle \u00e0 pizza :<\/span> Ne l&rsquo;oubliez pas, la pelle \u00e0 pizza est indispensable pour enfourner et d\u00e9fourner facilement vos pizzas !\t\t\t\t\t<\/li>\n<li class=\"product-features__item-list__item\" role=\"listitem\"><span class=\"is--medium\">Nombre de plaques :<\/span> 1 pierre\t\t\t\t\t<\/li>\n<li class=\"product-features__item-list__item\" role=\"listitem\"><span class=\"is--medium\">Thermom\u00e8tre :<\/span> Oui\t\t\t\t\t<\/li>\n<li class=\"product-features__item-list__item\" role=\"listitem\"><span class=\"is--medium\">Minuteur :<\/span> Non\t\t\t\t\t<\/li>\n<li class=\"product-features__item-list__item\" role=\"listitem\"><span class=\"is--medium\">Signal sonore de fin de cuisson :<\/span> Non\t\t\t\t\t<\/li>\n<li class=\"product-features__item-list__item\" role=\"listitem\"><span class=\"is--medium\">Nombre de chambres :<\/span> 1 chambre\t\t\t\t\t<\/li>\n<\/ul>\n<\/li>\n<li class=\"product-features__item\" role=\"listitem\">\n<h3 class=\"product-features__label\">Mati\u00e8re et coloris<\/h3>\n<ul role=\"list\">\n<li class=\"product-features__item-list__item\" role=\"listitem\"><span class=\"is--medium\">De la plaque :<\/span> Pierre r\u00e9fractaire\t\t\t\t\t<\/li>\n<li class=\"product-features__item-list__item\" role=\"listitem\"><span class=\"is--medium\">De la coque :<\/span> Acier enduit de poudre\t\t\t\t\t<\/li>\n<li class=\"product-features__item-list__item\" role=\"listitem\"><span class=\"is--medium\">Coloris :<\/span> Anthracite \/ Noir\t\t\t\t\t<\/li>\n<\/ul>\n<\/li>\n<li class=\"product-features__item\" role=\"listitem\">\n<h3 class=\"product-features__label\">Facilit\u00e9 de nettoyage<\/h3>\n<ul role=\"list\">\n<li class=\"product-features__item-list__item\" role=\"listitem\"><span class=\"is--medium\">Plaque amovible :<\/span> Oui\t\t\t\t\t<\/li>\n<li class=\"product-features__item-list__item\" role=\"listitem\"><span class=\"is--medium\">R\u00e9cup\u00e9rateur de cendres :<\/span> Oui\t\t\t\t\t<\/li>\n<\/ul>\n<\/li>\n<li class=\"product-features__item\" role=\"listitem\">\n<h3 class=\"product-features__label\">Agencement<\/h3>\n<ul role=\"list\">\n<li class=\"product-features__item-list__item\" role=\"listitem\"><span class=\"is--medium\">Mobilit\u00e9 :<\/span> Portable\t\t\t\t\t<\/li>\n<li class=\"product-features__item-list__item\" role=\"listitem\"><span class=\"is--medium\">Poign\u00e9es de transport :<\/span> Non\t\t\t\t\t<\/li>\n<\/ul>\n<\/li>\n<li class=\"product-features__item\" role=\"listitem\">\n<h3 class=\"product-features__label\">S\u00e9curit\u00e9<\/h3>\n<ul role=\"list\">\n<li class=\"product-features__item-list__item\" role=\"listitem\"><span class=\"is--medium\">Poign\u00e9e froide :<\/span> Oui\t\t\t\t\t<\/li>\n<li class=\"product-features__item-list__item\" role=\"listitem\"><span class=\"is--medium\">Parois froides :<\/span> Non\t\t\t\t\t<\/li>\n<li class=\"product-features__item-list__item\" role=\"listitem\"><span class=\"is--medium\">Eclairage int\u00e9rieur :<\/span> Non\t\t\t\t\t<\/li>\n<\/ul>\n<\/li>\n<li class=\"product-features__item\" role=\"listitem\">\n<h3 class=\"product-features__label\">Informations compl\u00e9mentaires<\/h3>\n<ul role=\"list\">\n<li class=\"product-features__item-list__item\" role=\"listitem\"><span class=\"is--medium\">Fabriqu\u00e9 en :<\/span> Chine\t\t\t\t\t<\/li>\n<li class=\"product-features__item-list__item\" role=\"listitem\"><span class=\"is--medium\">Garantie :<\/span> 2 ans\t\t\t\t\t<\/li>\n<li class=\"product-features__item-list__item\" role=\"listitem\"><span class=\"is--medium\">Disponibilit\u00e9 des pi\u00e8ces d\u00e9tach\u00e9es (donn\u00e9es fournisseur) :<\/span> Pas de pi\u00e8ce disponible\t\t\t\t\t<\/li>\n<li class=\"product-features__item-list__item\" role=\"listitem\"><span class=\"is--medium\">R\u00e9f\u00e9rence constructeur :<\/span> karu 12G multicombustible\t\t\t\t\t<\/li>\n<li class=\"product-features__item-list__item\" role=\"listitem\"><span class=\"is--medium\">Marque :<\/span> OONI\t\t\t\t\t<\/li>\n<\/ul>\n<\/li>\n<li class=\"product-features__item\" role=\"listitem\">\n<h3 class=\"product-features__label\">Dimensions<\/h3>\n<ul role=\"list\">\n<li class=\"product-features__item-list__item\" role=\"listitem\"><span class=\"is--medium\">Dimensions l x h x p :<\/span> 42 x 77 x 72 cm\t\t\t\t\t<\/li>\n<li class=\"product-features__item-list__item\" role=\"listitem\"><span class=\"is--medium\">Poids Net (kg) :<\/span> 15.3\t\t\t\t\t<\/li>\n<\/ul>\n<\/li>\n<\/ul>\n<\/div>\n<div class=\"product__disclosure-content\">\n<div class=\"js-read-more product-description__content read-more read-more--truncated\" data-read-more-name=\"description\" style=\"max-height: 500px; overflow: hidden;\">\n<div class=\"product__description-content read-more\">\n<p>Four \u00e0 pizza charbon OONI Karu 12G : l&rsquo;art de la pizza multicombustible \u00e0 domicile<\/p>\n<h3><img fetchpriority=\"high\" decoding=\"async\" alt=\"Four \u00e0 pizza charbon OONI karu 12G multicombustible\" class=\"wy_tableau_gauche\" height=\"270\" src=\"https:\/\/boulanger.scene7.com\/is\/image\/Boulanger\/5060967390786_h_f_l_0?wid=400&amp;hei=270\" width=\"400\"\/>Une exp\u00e9rience culinaire polyvalente<\/h3>\n<p>Le four \u00e0 pizza OONI Karu 12G est une r\u00e9volution pour les amateurs de pizza \u00e0 domicile. Con\u00e7u pour s&rsquo;adapter \u00e0 tous les styles culinaires, cet appareil multicombustible accepte le bois, le charbon ou le gaz (avec un br\u00fbleur vendu s\u00e9par\u00e9ment), offrant une flexibilit\u00e9 in\u00e9gal\u00e9e. Capable d&rsquo;atteindre une temp\u00e9rature impressionnante de 950 \u00b0F (500 \u00b0C), le OONI Karu 12G garantit une cuisson parfaite de vos pizzas, mais aussi d&rsquo;autres mets comme des steaks saignants ou des l\u00e9gumes grill\u00e9s. Avec seulement 15 minutes de pr\u00e9chauffage, pr\u00e9parez-vous \u00e0 d\u00e9couvrir une nouvelle fa\u00e7on de cuisiner en plein air.<\/p>\n<p>\u00a0<\/p>\n<p>\u00a0<\/p>\n<h3><img decoding=\"async\" alt=\"Four \u00e0 pizza charbon OONI karu 12G multicombustible\" class=\"wy_tableau_right\" height=\"270\" src=\"https:\/\/boulanger.scene7.com\/is\/image\/Boulanger\/5060967390786_h_f_l_1?wid=400&amp;hei=270\" width=\"400\"\/>Conception et communaut\u00e9 pour une ma\u00eetrise parfaite<\/h3>\n<p>L&rsquo;OONI Karu 12G est le fruit de nombreuses ann\u00e9es d&rsquo;expertise en mati\u00e8re de conception et d&rsquo;ing\u00e9nierie de fours \u00e0 pizza. En t\u00e9l\u00e9chargeant l&rsquo;application OONI, acc\u00e9dez \u00e0 un guide de premi\u00e8re utilisation, des astuces pour allumer et entretenir votre four, ainsi que des recettes savoureuses pour vous lancer. Rejoignez la communaut\u00e9 OONI et partagez l&rsquo;exp\u00e9rience de la pizza faite maison avec vos proches. Avec le OONI Karu 12G, la promesse est claire : transformer votre mani\u00e8re de cuisiner et de savourer les aliments en ext\u00e9rieur, tout en vous assurant s\u00e9curit\u00e9 et facilit\u00e9 d&rsquo;utilisation.<\/p>\n<\/div>\n<\/div>\n<p><bl-button a11yexpanded=\"false\" arialabel=\"Afficher toute la description\" class=\"read-more__btn\" full=\"false\" link=\"true\"><\/bl-button><\/div>","protected":false},"excerpt":{"rendered":"<div class=\"keypoints\">\n<h3 class=\"keypoints__title\">Les points cl\u00e9s<\/h3>\n<ul role=\"list\">\n<li class=\"keypoints__item\" role=\"listitem\">                                        Le four \u00e0 pizza pour d\u00e9guster des pizzas maison                      <\/li>\n<li class=\"keypoints__item\" role=\"listitem\">                          De 6 \u00e0 8 personnes &#8211;                                                      Portable                      <\/li>\n<li class=\"keypoints__item\" role=\"listitem\">                                        Acier                      <\/li>\n<li class=\"keypoints__item\" role=\"listitem\">                                        Rapidit\u00e9 de mont\u00e9e en temp\u00e9rature : 15 minutes                      <\/li>\n<li class=\"keypoints__item keypoints__item--advantage\" role=\"listitem\"><strong>Le + :<\/strong> Porte vitr\u00e9e avec technologie ClearView permet de garder un \u0153il sur sa pizza. Thermom\u00e8tre int\u00e9gr\u00e9      <\/li>\n<\/ul>","protected":false},"featured_media":78165,"template":"","meta":{"_glsr_average":0,"_glsr_ranking":0,"_glsr_reviews":0},"product_cat":[355],"product_tag":[230,356,353],"class_list":{"0":"post-78166","1":"product","2":"type-product","3":"status-publish","4":"has-post-thumbnail","6":"product_cat-grill-pierre-a-cuire","7":"product_tag-cuisine-et-cuisson","8":"product_tag-grill-pierre-a-cuire","9":"product_tag-plancha","11":"first","12":"instock","13":"sale","14":"shipping-taxable","15":"purchasable","16":"product-type-simple"},"_links":{"self":[{"href":"https:\/\/electromenagerexpress.com\/en\/wp-json\/wp\/v2\/product\/78166","targetHints":{"allow":["GET"]}}],"collection":[{"href":"https:\/\/electromenagerexpress.com\/en\/wp-json\/wp\/v2\/product"}],"about":[{"href":"https:\/\/electromenagerexpress.com\/en\/wp-json\/wp\/v2\/types\/product"}],"wp:featuredmedia":[{"embeddable":true,"href":"https:\/\/electromenagerexpress.com\/en\/wp-json\/wp\/v2\/media\/78165"}],"wp:attachment":[{"href":"https:\/\/electromenagerexpress.com\/en\/wp-json\/wp\/v2\/media?parent=78166"}],"wp:term":[{"taxonomy":"product_cat","embeddable":true,"href":"https:\/\/electromenagerexpress.com\/en\/wp-json\/wp\/v2\/product_cat?post=78166"},{"taxonomy":"product_tag","embeddable":true,"href":"https:\/\/electromenagerexpress.com\/en\/wp-json\/wp\/v2\/product_tag?post=78166"}],"curies":[{"name":"wp","href":"https:\/\/api.w.org\/{rel}","templated":true}]}}