{"id":78103,"date":"2024-11-24T14:10:05","date_gmt":"2024-11-24T14:10:05","guid":{"rendered":"https:\/\/electromenagerexpress.com\/product\/grille-viandesage-appliancesthe-bbq-press-grill-sgr700bss4eeu1\/"},"modified":"2024-11-24T14:10:12","modified_gmt":"2024-11-24T14:10:12","slug":"grille-viandesage-appliancesthe-bbq-press-grill-sgr700bss4eeu1","status":"publish","type":"product","link":"https:\/\/electromenagerexpress.com\/en\/product\/grille-viandesage-appliancesthe-bbq-press-grill-sgr700bss4eeu1\/","title":{"rendered":"Grille-viande\t\t\t\t\t\t\tSAGE APPLIANCES\t\t\t\tThe BBQ &#038; Press Grill &#8211; SGR700BSS4EEU1"},"content":{"rendered":"<div class=\"product-features__content\">\n<ul role=\"list\">\n<li class=\"product-features__item\" role=\"listitem\">\n<h3 class=\"product-features__label\">Caract\u00e9ristiques g\u00e9n\u00e9rales<\/h3>\n<ul role=\"list\">\n<li class=\"product-features__item-list__item\" role=\"listitem\"><span class=\"is--medium\">Coloris :<\/span> Acier inoxydable bross\u00e9\t\t\t\t\t<\/li>\n<li class=\"product-features__item-list__item\" role=\"listitem\"><span class=\"is--medium\">Fonction :<\/span> Gril, barbecue, croque-monsieur, panini, plancha\t\t\t\t\t<\/li>\n<li class=\"product-features__item-list__item\" role=\"listitem\"><span class=\"is--medium\">Mati\u00e8re du corps :<\/span> Acier bross\u00e9\t\t\t\t\t<\/li>\n<li class=\"product-features__item-list__item\" role=\"listitem\"><span class=\"is--medium\">Puissance :<\/span> 2.400 W\t\t\t\t\t<\/li>\n<li class=\"product-features__item-list__item\" role=\"listitem\"><span class=\"is--medium\">Surface de cuisson :<\/span> 25&#215;33 cm\t\t\t\t\t<\/li>\n<li class=\"product-features__item-list__item\" role=\"listitem\"><span class=\"is--medium\">Thermostat r\u00e9glable :<\/span> 2 ind\u00e9pendants\t\t\t\t\t<\/li>\n<li class=\"product-features__item-list__item\" role=\"listitem\"><span class=\"is--medium\">Minuterie :<\/span> Non\t\t\t\t\t<\/li>\n<li class=\"product-features__item-list__item\" role=\"listitem\"><span class=\"is--medium\">Voyant de pr\u00e9chauffage :<\/span> Oui\t\t\t\t\t<\/li>\n<li class=\"product-features__item-list__item\" role=\"listitem\"><span class=\"is--medium\">Poign\u00e9e thermo isolante :<\/span> Oui\t\t\t\t\t<\/li>\n<li class=\"product-features__item-list__item\" role=\"listitem\"><span class=\"is--medium\">Charni\u00e8re ajustable :<\/span> Oui\t\t\t\t\t<\/li>\n<li class=\"product-features__item-list__item\" role=\"listitem\"><span class=\"is--medium\">Nombre de personnes :<\/span> De 4 \u00e0 6 personnes\t\t\t\t\t<\/li>\n<\/ul>\n<\/li>\n<li class=\"product-features__item\" role=\"listitem\">\n<h3 class=\"product-features__label\">Plaques<\/h3>\n<ul role=\"list\">\n<li class=\"product-features__item-list__item\" role=\"listitem\"><span class=\"is--medium\">Mati\u00e8re des plaques :<\/span> C\u00e9ramique\t\t\t\t\t<\/li>\n<li class=\"product-features__item-list__item\" role=\"listitem\"><span class=\"is--medium\">Rev\u00eatement :<\/span> anti-adh\u00e9sif\t\t\t\t\t<\/li>\n<li class=\"product-features__item-list__item\" role=\"listitem\"><span class=\"is--medium\">Plaques amovibles :<\/span> Oui\t\t\t\t\t<\/li>\n<li class=\"product-features__item-list__item\" role=\"listitem\"><span class=\"is--medium\">Plaques compatibles lave-vaisselle :<\/span> Oui\t\t\t\t\t<\/li>\n<\/ul>\n<\/li>\n<li class=\"product-features__item\" role=\"listitem\">\n<h3 class=\"product-features__label\">Programmes<\/h3>\n<ul role=\"list\">\n<li class=\"product-features__item-list__item\" role=\"listitem\"><span class=\"is--medium\">Nombre de programmes :<\/span> 2 thermostats ind\u00e9pendants pour les plaques du haut et du bas.\t\t\t\t\t<\/li>\n<\/ul>\n<\/li>\n<li class=\"product-features__item\" role=\"listitem\">\n<h3 class=\"product-features__label\">Rangement<\/h3>\n<ul role=\"list\">\n<li class=\"product-features__item-list__item\" role=\"listitem\"><span class=\"is--medium\">Rangement vertical :<\/span> Non\t\t\t\t\t<\/li>\n<li class=\"product-features__item-list__item\" role=\"listitem\"><span class=\"is--medium\">Rangement cordon \u00e9lectrique :<\/span> Oui\t\t\t\t\t<\/li>\n<\/ul>\n<\/li>\n<li class=\"product-features__item\" role=\"listitem\">\n<h3 class=\"product-features__label\">Bac de r\u00e9cup\u00e9ration des graisses<\/h3>\n<ul role=\"list\">\n<li class=\"product-features__item-list__item\" role=\"listitem\"><span class=\"is--medium\">Bac r\u00e9cup\u00e9rateur de graisses :<\/span> Oui\t\t\t\t\t<\/li>\n<li class=\"product-features__item-list__item\" role=\"listitem\"><span class=\"is--medium\">Bac amovible :<\/span> Oui\t\t\t\t\t<\/li>\n<li class=\"product-features__item-list__item\" role=\"listitem\"><span class=\"is--medium\">Bac compatible lave-vaisselle :<\/span> Oui\t\t\t\t\t<\/li>\n<\/ul>\n<\/li>\n<li class=\"product-features__item\" role=\"listitem\">\n<h3 class=\"product-features__label\">Informations compl\u00e9mentaires<\/h3>\n<ul role=\"list\">\n<li class=\"product-features__item-list__item\" role=\"listitem\"><span class=\"is--medium\">Fabriqu\u00e9 en :<\/span> Chine\t\t\t\t\t<\/li>\n<li class=\"product-features__item-list__item\" role=\"listitem\"><span class=\"is--medium\">Garantie :<\/span> 2 ans\t\t\t\t\t<\/li>\n<li class=\"product-features__item-list__item\" role=\"listitem\"><span class=\"is--medium\">Disponibilit\u00e9 des pi\u00e8ces d\u00e9tach\u00e9es (donn\u00e9es fournisseur) :<\/span> Pas de pi\u00e8ce disponible\t\t\t\t\t<\/li>\n<li class=\"product-features__item-list__item\" role=\"listitem\"><span class=\"is--medium\">R\u00e9f\u00e9rence constructeur :<\/span> The BBQ &amp; Press Grill &#8211; SGR700BSS4EEU1\t\t\t\t\t<\/li>\n<li class=\"product-features__item-list__item\" role=\"listitem\"><span class=\"is--medium\">Marque :<\/span> SAGE APPLIANCES\t\t\t\t\t<\/li>\n<\/ul>\n<\/li>\n<li class=\"product-features__item\" role=\"listitem\">\n<h3 class=\"product-features__label\">Dimensions<\/h3>\n<ul role=\"list\">\n<li class=\"product-features__item-list__item\" role=\"listitem\"><span class=\"is--medium\">Dimensions l x h x p :<\/span> 35.1 x 37.5 x 21.5 cm\t\t\t\t\t<\/li>\n<li class=\"product-features__item-list__item\" role=\"listitem\"><span class=\"is--medium\">Poids net :<\/span> 6,78 Kg\t\t\t\t\t<\/li>\n<\/ul>\n<\/li>\n<\/ul>\n<\/div>\n<div class=\"product__disclosure-content\">\n<div class=\"js-read-more product-description__content read-more read-more--truncated\" data-read-more-name=\"description\" style=\"max-height: 500px; overflow: hidden;\">\n<p>De savoureux aliments grill\u00e9s \u00e0 la perfection, c&rsquo;est la garantie de Sage et son grill BBQ &amp; Press.<\/p>\n<h3><img fetchpriority=\"high\" decoding=\"async\" ,=\"\" alt=\"Gril SAGE APPLIANCES The BBQ &amp; Press Gri\" class=\"wy_tableau_gauche\" height=\"270\" src=\"https:\/\/boulanger.scene7.com\/is\/image\/Boulanger\/9312432033466_h_f_l_0?wid=400&amp;hei=270\" width=\"400\"\/>Pour une cuisson naturelle<\/h3>\n<p>La garantie de <b>d\u00e9licieux paninis, sandwiches et steaks<\/b>, c&rsquo;est la promesse du grill BBQ &amp; Press de Sage. Faites-vous plaisir jour apr\u00e8s jour et faites dorer vos aliments \u00e0 la perfection gr\u00e2ce \u00e0 la technologie Sage du grill BBQ &amp; Press et sa <b>puissance de 2000 watts<\/b>. Avec une conception exclusive et de nombreuses fonctionnalit\u00e9s, r\u00e9alisez des steaks comme vous les aimez, de d\u00e9licieuses gaufres, des sandwiches dor\u00e9s et des paninis savoureux.<\/p>\n<p>Avec une <b>prise en main \u00e9tonnamment simple<\/b>, le grill BBQ &amp; Press cuit tous vos aliments \u00e0 la perfection : sa plaque sup\u00e9rieure est parfaitement ajust\u00e9e pour <b>s&rsquo;adapter \u00e0 toutes les viandes, poissons et l\u00e9gumes<\/b>, et m\u00eames \u00e0 vos sandwiches, croques et paninis. De nombreuses fonctions ainsi qu&rsquo;un thermostat r\u00e9glable s&rsquo;adaptent \u00e0 tous vos besoins : cuire en douceur, saisir ou r\u00e9chauffer, tout est possible.<\/p>\n<h3><img decoding=\"async\" ,=\"\" alt=\"Gril SAGE APPLIANCES The BBQ &amp; Press Gri\" class=\"wy_tableau_right\" height=\"270\" src=\"https:\/\/boulanger.scene7.com\/is\/image\/Boulanger\/9312432033466_h_f_l_1?wid=400&amp;hei=270\" width=\"400\"\/>La technologie au service de la cuisine<\/h3>\n<p>Avec une surface de cuisson de 25 x 30 cm, <b>cuisez tous les aliments de votre choix<\/b> sur votre grill BBQ &amp; Press. Une conception ultra-intuitive dote le grill BBQ &amp; Press de plaques r\u00e9versibles et amovibles. Le plus : rev\u00eatues d&rsquo;un antiadh\u00e9sif, elles sont compatibles au lave-vaisselle pour un entretien ultrasimple. <b>Rangez votre grill BBQ &amp; Press ais\u00e9ment dans tous les recoins de votre cuisine<\/b> gr\u00e2ce \u00e0 ses dimensions compactes (33,2 x 12,3 x 32 cm).<\/p>\n<p>Gr\u00e2ce \u00e0 sa <b>poign\u00e9e ergonomique<\/b>, ouvrez et fermez votre grill en un seul geste sans \u00e9craser vos aliments. C\u00f4t\u00e9 design, les \u00e9quipes de Sage ont dot\u00e9 le grill BBQ &amp; Press de <b>lignes nettes et chic ainsi que de finitions en acier inoxydable bross\u00e9<\/b> pour allier performance et \u00e9l\u00e9gance. <\/p>\n<\/p>\n<\/div>\n<p><bl-button a11yexpanded=\"false\" arialabel=\"Afficher toute la description\" class=\"read-more__btn\" full=\"false\" link=\"true\"><\/bl-button><\/div>","protected":false},"excerpt":{"rendered":"<div class=\"keypoints\">\n<h3 class=\"keypoints__title\">Les points cl\u00e9s<\/h3>\n<ul role=\"list\">\n<li class=\"keypoints__item\" role=\"listitem\">                                        Gril, barbecue, croque-monsieur, panini, plancha                      <\/li>\n<li class=\"keypoints__item\" role=\"listitem\">                          2.400 W &#8211;                                                      Thermostat r\u00e9glable : 2 ind\u00e9pendants                      <\/li>\n<li class=\"keypoints__item\" role=\"listitem\">                                        Plaques amovibles                      <\/li>\n<li class=\"keypoints__item\" role=\"listitem\">                                        Surface de cuisson : 25&#215;33 cm                      <\/li>\n<li class=\"keypoints__item keypoints__item--advantage\" role=\"listitem\"><strong>Le + :<\/strong> pr\u00e9parez des paninis parfaitement press\u00e9s, de d\u00e9licieux burgers, des steaks bien saisis et des gaufres dor\u00e9es      <\/li>\n<\/ul>","protected":false},"featured_media":78102,"template":"","meta":{"_glsr_average":0,"_glsr_ranking":0,"_glsr_reviews":0},"product_cat":[355],"product_tag":[230,356,353],"class_list":{"0":"post-78103","1":"product","2":"type-product","3":"status-publish","4":"has-post-thumbnail","6":"product_cat-grill-pierre-a-cuire","7":"product_tag-cuisine-et-cuisson","8":"product_tag-grill-pierre-a-cuire","9":"product_tag-plancha","11":"first","12":"instock","13":"sale","14":"shipping-taxable","15":"purchasable","16":"product-type-simple"},"_links":{"self":[{"href":"https:\/\/electromenagerexpress.com\/en\/wp-json\/wp\/v2\/product\/78103","targetHints":{"allow":["GET"]}}],"collection":[{"href":"https:\/\/electromenagerexpress.com\/en\/wp-json\/wp\/v2\/product"}],"about":[{"href":"https:\/\/electromenagerexpress.com\/en\/wp-json\/wp\/v2\/types\/product"}],"wp:featuredmedia":[{"embeddable":true,"href":"https:\/\/electromenagerexpress.com\/en\/wp-json\/wp\/v2\/media\/78102"}],"wp:attachment":[{"href":"https:\/\/electromenagerexpress.com\/en\/wp-json\/wp\/v2\/media?parent=78103"}],"wp:term":[{"taxonomy":"product_cat","embeddable":true,"href":"https:\/\/electromenagerexpress.com\/en\/wp-json\/wp\/v2\/product_cat?post=78103"},{"taxonomy":"product_tag","embeddable":true,"href":"https:\/\/electromenagerexpress.com\/en\/wp-json\/wp\/v2\/product_tag?post=78103"}],"curies":[{"name":"wp","href":"https:\/\/api.w.org\/{rel}","templated":true}]}}