{"id":78033,"date":"2024-11-24T14:09:04","date_gmt":"2024-11-24T14:09:04","guid":{"rendered":"https:\/\/electromenagerexpress.com\/product\/dessertele-marquierdesserte-cuisine-noire\/"},"modified":"2024-11-24T14:09:05","modified_gmt":"2024-11-24T14:09:05","slug":"dessertele-marquierdesserte-cuisine-noire","status":"publish","type":"product","link":"https:\/\/electromenagerexpress.com\/en\/product\/dessertele-marquierdesserte-cuisine-noire\/","title":{"rendered":"Desserte\t\t\t\t\t\t\tLE MARQUIER\t\t\t\tdesserte cuisine noire"},"content":{"rendered":"<div class=\"product-features__content\">\n<ul role=\"list\">\n<li class=\"product-features__item\" role=\"listitem\">\n<h3 class=\"product-features__label\">Caract\u00e9ristiques g\u00e9n\u00e9rales<\/h3>\n<ul role=\"list\">\n<li class=\"product-features__item-list__item\" role=\"listitem\"><span class=\"is--medium\">Mati\u00e8re du chariot :<\/span> Acier\t\t\t\t\t<\/li>\n<li class=\"product-features__item-list__item\" role=\"listitem\"><span class=\"is--medium\">Type de chariot :<\/span> Desserte\t\t\t\t\t<\/li>\n<li class=\"product-features__item-list__item\" role=\"listitem\"><span class=\"is--medium\">Couleur :<\/span> Noir\t\t\t\t\t<\/li>\n<li class=\"product-features__item-list__item\" role=\"listitem\"><span class=\"is--medium\">Roulettes int\u00e9gr\u00e9es :<\/span> Oui\t\t\t\t\t<\/li>\n<li class=\"product-features__item-list__item\" role=\"listitem\"><span class=\"is--medium\">Compatibilit\u00e9 plancha :<\/span> Compatible planchas 60 ou 75 cm\t\t\t\t\t<\/li>\n<li class=\"product-features__item-list__item\" role=\"listitem\"><span class=\"is--medium\">Mobilit\u00e9 :<\/span> 4 roues\t\t\t\t\t<\/li>\n<li class=\"product-features__item-list__item\" role=\"listitem\"><span class=\"is--medium\">Marque compatible :<\/span> Le Marquier\t\t\t\t\t<\/li>\n<li class=\"product-features__item-list__item\" role=\"listitem\"><span class=\"is--medium\">Mod\u00e8le compatible :<\/span> Syst\u00e8me pour relier facilement les meubles de cuisine ext\u00e9rieur Le Marquier entre eux et permettre diff\u00e9rents agencements(en ligne, en \u00eelot, en angle&#8230;)\t\t\t\t\t<\/li>\n<\/ul>\n<\/li>\n<li class=\"product-features__item\" role=\"listitem\">\n<h3 class=\"product-features__label\">Dimensions<\/h3>\n<ul role=\"list\">\n<li class=\"product-features__item-list__item\" role=\"listitem\"><span class=\"is--medium\">Dimensions l x h x p :<\/span> 80 x 83 x 55 cm\t\t\t\t\t<\/li>\n<li class=\"product-features__item-list__item\" role=\"listitem\"><span class=\"is--medium\">Poids :<\/span> 34,0 kg\t\t\t\t\t<\/li>\n<li class=\"product-features__item-list__item\" role=\"listitem\"><span class=\"is--medium\">Poids Brut (kg) :<\/span> 33\t\t\t\t\t<\/li>\n<\/ul>\n<\/li>\n<li class=\"product-features__item\" role=\"listitem\">\n<h3 class=\"product-features__label\">Informations compl\u00e9mentaires<\/h3>\n<ul role=\"list\">\n<li class=\"product-features__item-list__item\" role=\"listitem\"><span class=\"is--medium\">Fabriqu\u00e9 en :<\/span> France\t\t\t\t\t<\/li>\n<li class=\"product-features__item-list__item\" role=\"listitem\"><span class=\"is--medium\">Garantie :<\/span> 2 ans\t\t\t\t\t<\/li>\n<li class=\"product-features__item-list__item\" role=\"listitem\"><span class=\"is--medium\">Disponibilit\u00e9 des pi\u00e8ces d\u00e9tach\u00e9es (donn\u00e9es fournisseur) :<\/span> Pendant 3 ans, \u00e0 compter de la date fin de fabrication\t\t\t\t\t<\/li>\n<li class=\"product-features__item-list__item\" role=\"listitem\"><span class=\"is--medium\">R\u00e9f\u00e9rence constructeur :<\/span> desserte cuisine noire\t\t\t\t\t<\/li>\n<li class=\"product-features__item-list__item\" role=\"listitem\"><span class=\"is--medium\">Marque :<\/span> LE MARQUIER\t\t\t\t\t<\/li>\n<\/ul>\n<\/li>\n<\/ul>\n<\/div>\n<div class=\"product__disclosure-content\">\n<div class=\"js-read-more product-description__content read-more read-more--truncated\" data-read-more-name=\"description\" style=\"max-height: 500px; overflow: hidden;\">\n<div class=\"product__description-content read-more\">\n<p>Desserte Cuisine Noire LE MARQUIER : L&rsquo;Atout Charme de Votre Cuisine d&rsquo;Ext\u00e9rieur<\/p>\n<h3><img fetchpriority=\"high\" decoding=\"async\" alt=\"Desserte LE MARQUIER desserte cuisine noire\" class=\"wy_tableau_gauche\" height=\"270\" src=\"https:\/\/boulanger.scene7.com\/is\/image\/Boulanger\/3339380167803_h_f_l_0?wid=400&amp;hei=270\" width=\"400\"\/>Conception Robuste et Design \u00c9l\u00e9gant<\/h3>\n<p>La Desserte Cuisine Noire LE MARQUIER, allie fonctionnalit\u00e9 et esth\u00e9tique pour s&rsquo;int\u00e9grer parfaitement dans votre espace ext\u00e9rieur. Avec ses dimensions de 80x55x115 cm et un poids de 32 kg, cette desserte est con\u00e7ue pour r\u00e9sister aux al\u00e9as du temps gr\u00e2ce \u00e0 son acier trait\u00e9 par peinture \u00e9poxy de coloris noir. La cr\u00e9dence en inox de 80&#215;1,5&#215;40,6 cm ajoute une touche de modernit\u00e9 tout en \u00e9tant pratique pour prot\u00e9ger le mur des \u00e9claboussures. Les quatre roues pivotantes \u00e9quip\u00e9es de freins assurent une mobilit\u00e9 ais\u00e9e tout en garantissant une stabilit\u00e9 parfaite lors de son utilisation.<\/p>\n<p>\u00a0<\/p>\n<p>\u00a0<\/p>\n<h3><img decoding=\"async\" alt=\"Desserte LE MARQUIER desserte cuisine noire\" class=\"wy_tableau_right\" height=\"270\" src=\"https:\/\/boulanger.scene7.com\/is\/image\/Boulanger\/3339380167803_h_f_l_1?wid=400&amp;hei=270\" width=\"400\"\/>Modularit\u00e9 et Espace de Rangement Optimis\u00e9<\/h3>\n<p>La modularit\u00e9 est au coeur de la conception de la Desserte Cuisine Noire LE MARQUIER. Gr\u00e2ce \u00e0 son syst\u00e8me d&rsquo;attache des meubles, elle offre une libert\u00e9 d&rsquo;agencement et la possibilit\u00e9 de personnaliser l&rsquo;espace selon vos besoins avec divers accessoires en option. Les rangements sont pens\u00e9s pour \u00eatre fonctionnels, avec un grand espace de travail de 80*50 cm et des \u00e9tag\u00e8res internes en option pour une organisation optimale. La desserte est \u00e9galement \u00e9quip\u00e9e de deux portes &lsquo;push-pull&rsquo; qui dissimulent \u00e9l\u00e9gamment vos ustensiles et provisions, tout en les gardant \u00e0 port\u00e9e de main.<\/p>\n<\/div>\n<\/div>\n<p><bl-button a11yexpanded=\"false\" arialabel=\"Afficher toute la description\" class=\"read-more__btn\" full=\"false\" link=\"true\"><\/bl-button><\/div>","protected":false},"excerpt":{"rendered":"<div class=\"keypoints\">\n<h3 class=\"keypoints__title\">Les points cl\u00e9s<\/h3>\n<ul role=\"list\">\n<li class=\"keypoints__item\" role=\"listitem\">                                        Le Marquier                      <\/li>\n<li class=\"keypoints__item\" role=\"listitem\">                                        Syst\u00e8me pour relier facilement les meubles de cuisine ext\u00e9rieur Le Marquier entre eux et permettre diff\u00e9rents agencements(en ligne, en \u00eelot, en angle&#8230;)                      <\/li>\n<li class=\"keypoints__item\" role=\"listitem\">                                        Mobilit\u00e9 : 4 roues                      <\/li>\n<li class=\"keypoints__item\" role=\"listitem\">                                        Mati\u00e8re du chariot : Acier                      <\/li>\n<li class=\"keypoints__item keypoints__item--advantage\" role=\"listitem\"><strong>Le + :<\/strong> Robuste et \u00e9l\u00e9gante avec cr\u00e9dence inox, roues pivotantes, et espace de rangement optimis\u00e9.      <\/li>\n<\/ul>","protected":false},"featured_media":78032,"template":"","meta":{"_glsr_average":0,"_glsr_ranking":0,"_glsr_reviews":0},"product_cat":[364],"product_tag":[366,365,230],"class_list":{"0":"post-78033","1":"product","2":"type-product","3":"status-publish","4":"has-post-thumbnail","6":"product_cat-accessoire-barbecue-plancha","7":"product_tag-accessoire-barbecue-plancha","8":"product_tag-accessoire-cuisine-et-cuisson","9":"product_tag-cuisine-et-cuisson","11":"first","12":"instock","13":"sale","14":"shipping-taxable","15":"purchasable","16":"product-type-simple"},"_links":{"self":[{"href":"https:\/\/electromenagerexpress.com\/en\/wp-json\/wp\/v2\/product\/78033","targetHints":{"allow":["GET"]}}],"collection":[{"href":"https:\/\/electromenagerexpress.com\/en\/wp-json\/wp\/v2\/product"}],"about":[{"href":"https:\/\/electromenagerexpress.com\/en\/wp-json\/wp\/v2\/types\/product"}],"wp:featuredmedia":[{"embeddable":true,"href":"https:\/\/electromenagerexpress.com\/en\/wp-json\/wp\/v2\/media\/78032"}],"wp:attachment":[{"href":"https:\/\/electromenagerexpress.com\/en\/wp-json\/wp\/v2\/media?parent=78033"}],"wp:term":[{"taxonomy":"product_cat","embeddable":true,"href":"https:\/\/electromenagerexpress.com\/en\/wp-json\/wp\/v2\/product_cat?post=78033"},{"taxonomy":"product_tag","embeddable":true,"href":"https:\/\/electromenagerexpress.com\/en\/wp-json\/wp\/v2\/product_tag?post=78033"}],"curies":[{"name":"wp","href":"https:\/\/api.w.org\/{rel}","templated":true}]}}