{"id":78008,"date":"2024-11-24T14:08:42","date_gmt":"2024-11-24T14:08:42","guid":{"rendered":"https:\/\/electromenagerexpress.com\/product\/chariot-planchaenoachille-porte-gris-cargo\/"},"modified":"2024-11-24T14:08:46","modified_gmt":"2024-11-24T14:08:46","slug":"chariot-planchaenoachille-porte-gris-cargo","status":"publish","type":"product","link":"https:\/\/electromenagerexpress.com\/en\/product\/chariot-planchaenoachille-porte-gris-cargo\/","title":{"rendered":"Chariot Plancha\t\t\t\t\t\t\tENO\t\t\t\tACHILLE Porte Gris cargo"},"content":{"rendered":"<div class=\"product-features__content\">\n<ul role=\"list\">\n<li class=\"product-features__item\" role=\"listitem\">\n<h3 class=\"product-features__label\">Caract\u00e9ristiques g\u00e9n\u00e9rales<\/h3>\n<ul role=\"list\">\n<li class=\"product-features__item-list__item\" role=\"listitem\"><span class=\"is--medium\">Mati\u00e8re du chariot :<\/span> Acier\t\t\t\t\t<\/li>\n<li class=\"product-features__item-list__item\" role=\"listitem\"><span class=\"is--medium\">Mati\u00e8re du plateau :<\/span> Acier\t\t\t\t\t<\/li>\n<li class=\"product-features__item-list__item\" role=\"listitem\"><span class=\"is--medium\">Rideau ocultant la bouteille de gaz :<\/span> Non\t\t\t\t\t<\/li>\n<li class=\"product-features__item-list__item\" role=\"listitem\"><span class=\"is--medium\">Type de chariot :<\/span> Chariot plancha\t\t\t\t\t<\/li>\n<li class=\"product-features__item-list__item\" role=\"listitem\"><span class=\"is--medium\">Couleur :<\/span> Gris\t\t\t\t\t<\/li>\n<li class=\"product-features__item-list__item\" role=\"listitem\"><span class=\"is--medium\">Roulettes int\u00e9gr\u00e9es :<\/span> Oui\t\t\t\t\t<\/li>\n<li class=\"product-features__item-list__item\" role=\"listitem\"><span class=\"is--medium\">Accroche bouteille gaz :<\/span> Oui\t\t\t\t\t<\/li>\n<li class=\"product-features__item-list__item\" role=\"listitem\"><span class=\"is--medium\">Compatibilit\u00e9 plancha :<\/span> Planchas ENO gaz et \u00e9lectriques de 40 \u00e0 80\t\t\t\t\t<\/li>\n<li class=\"product-features__item-list__item\" role=\"listitem\"><span class=\"is--medium\">Compatible :<\/span> Plancha divers dimensions\t\t\t\t\t<\/li>\n<li class=\"product-features__item-list__item\" role=\"listitem\"><span class=\"is--medium\">Mobilit\u00e9 :<\/span> 4 roues\t\t\t\t\t<\/li>\n<li class=\"product-features__item-list__item\" role=\"listitem\"><span class=\"is--medium\">Marque compatible :<\/span> Eno\t\t\t\t\t<\/li>\n<li class=\"product-features__item-list__item\" role=\"listitem\"><span class=\"is--medium\">Mod\u00e8le compatible :<\/span> Toutes les planchas Eno\t\t\t\t\t<\/li>\n<\/ul>\n<\/li>\n<li class=\"product-features__item\" role=\"listitem\">\n<h3 class=\"product-features__label\">Rangement<\/h3>\n<ul role=\"list\">\n<li class=\"product-features__item-list__item\" role=\"listitem\"><span class=\"is--medium\">Accroche-torchons et ustensiles :<\/span> Non\t\t\t\t\t<\/li>\n<li class=\"product-features__item-list__item\" role=\"listitem\"><span class=\"is--medium\">Tablettes rabattables :<\/span> Non\t\t\t\t\t<\/li>\n<li class=\"product-features__item-list__item\" role=\"listitem\"><span class=\"is--medium\">Rangement \u00e0 bouteilles :<\/span> Non\t\t\t\t\t<\/li>\n<li class=\"product-features__item-list__item\" role=\"listitem\"><span class=\"is--medium\">Tiroir :<\/span> Non\t\t\t\t\t<\/li>\n<li class=\"product-features__item-list__item\" role=\"listitem\"><span class=\"is--medium\">Cache bouteille :<\/span> Oui\t\t\t\t\t<\/li>\n<li class=\"product-features__item-list__item\" role=\"listitem\"><span class=\"is--medium\">Porte :<\/span> Oui\t\t\t\t\t<\/li>\n<li class=\"product-features__item-list__item\" role=\"listitem\"><span class=\"is--medium\">Nombre de porte :<\/span> 1\t\t\t\t\t<\/li>\n<li class=\"product-features__item-list__item\" role=\"listitem\"><span class=\"is--medium\">S\u00e9parateur int\u00e9rieur avec \u00e9tag\u00e8re :<\/span> Oui\t\t\t\t\t<\/li>\n<\/ul>\n<\/li>\n<li class=\"product-features__item\" role=\"listitem\">\n<h3 class=\"product-features__label\">Couvercle<\/h3>\n<ul role=\"list\">\n<li class=\"product-features__item-list__item\" role=\"listitem\"><span class=\"is--medium\">Thermom\u00e8tre int\u00e9gr\u00e9 :<\/span> Non\t\t\t\t\t<\/li>\n<li class=\"product-features__item-list__item\" role=\"listitem\"><span class=\"is--medium\">Led int\u00e9gr\u00e9 :<\/span> Non\t\t\t\t\t<\/li>\n<\/ul>\n<\/li>\n<li class=\"product-features__item\" role=\"listitem\">\n<h3 class=\"product-features__label\">Dimensions<\/h3>\n<ul role=\"list\">\n<li class=\"product-features__item-list__item\" role=\"listitem\"><span class=\"is--medium\">Dimensions l x h x p :<\/span> 92 x 81 x 55 cm\t\t\t\t\t<\/li>\n<li class=\"product-features__item-list__item\" role=\"listitem\"><span class=\"is--medium\">Poids :<\/span> 38,0 kg\t\t\t\t\t<\/li>\n<li class=\"product-features__item-list__item\" role=\"listitem\"><span class=\"is--medium\">Poids Brut (kg) :<\/span> 43\t\t\t\t\t<\/li>\n<\/ul>\n<\/li>\n<li class=\"product-features__item\" role=\"listitem\">\n<h3 class=\"product-features__label\">Informations compl\u00e9mentaires<\/h3>\n<ul role=\"list\">\n<li class=\"product-features__item-list__item\" role=\"listitem\"><span class=\"is--medium\">Fabriqu\u00e9 en :<\/span> France\t\t\t\t\t<\/li>\n<li class=\"product-features__item-list__item\" role=\"listitem\"><span class=\"is--medium\">Garantie :<\/span> 2 ans\t\t\t\t\t<\/li>\n<li class=\"product-features__item-list__item\" role=\"listitem\"><span class=\"is--medium\">Disponibilit\u00e9 des pi\u00e8ces d\u00e9tach\u00e9es (donn\u00e9es fournisseur) :<\/span> Pendant 10 ans, \u00e0 compter de la date d&rsquo;achat\t\t\t\t\t<\/li>\n<li class=\"product-features__item-list__item\" role=\"listitem\"><span class=\"is--medium\">R\u00e9f\u00e9rence constructeur :<\/span> ACHILLE Porte Gris cargo\t\t\t\t\t<\/li>\n<li class=\"product-features__item-list__item\" role=\"listitem\"><span class=\"is--medium\">Marque :<\/span> ENO\t\t\t\t\t<\/li>\n<\/ul>\n<\/li>\n<\/ul>\n<\/div>\n<div class=\"product__disclosure-content\">\n<div class=\"js-read-more product-description__content read-more read-more--truncated\" data-read-more-name=\"description\" style=\"max-height: 500px; overflow: hidden;\">\n<div class=\"product__description-content read-more\">\n<p>Chariot Plancha ENO ACHILLE Porte Gris Cargo : L&rsquo;Alli\u00e9 Parfait pour Votre Cuisine d&rsquo;Ext\u00e9rieur<\/p>\n<h3><img fetchpriority=\"high\" decoding=\"async\" alt=\"Chariot Plancha ENO ACHILLE Porte Gris cargo\" class=\"wy_tableau_gauche\" height=\"270\" src=\"https:\/\/boulanger.scene7.com\/is\/image\/Boulanger\/3224780043164_h_f_l_0?wid=400&amp;hei=270\" width=\"400\"\/>Conception Robuste et Design \u00c9l\u00e9gant<\/h3>\n<p>Le Chariot Plancha ENO ACHILLE Porte Gris Cargo, r\u00e9f\u00e9rence DAS27085, se distingue par sa structure en acier galvanis\u00e9 thermolaqu\u00e9, garantissant une r\u00e9sistance optimale aux intemp\u00e9ries et une long\u00e9vit\u00e9 accrue. Avec ses dimensions de H81 x L92 x P55 cm, ce chariot est con\u00e7u pour accueillir les planchas de 40 \u00e0 80 cm, offrant ainsi une surface de travail adapt\u00e9e \u00e0 toutes les pr\u00e9parations culinaires. Son coloris gris cargo, rehauss\u00e9 de noir, apporte une touche de modernit\u00e9 \u00e0 votre espace ext\u00e9rieur, tout en s&rsquo;int\u00e9grant harmonieusement \u00e0 tout type de d\u00e9coration.<\/p>\n<p>\u00a0<\/p>\n<p>\u00a0<\/p>\n<h3><img decoding=\"async\" alt=\"Chariot Plancha ENO ACHILLE Porte Gris cargo\" class=\"wy_tableau_right\" height=\"270\" src=\"https:\/\/boulanger.scene7.com\/is\/image\/Boulanger\/3224780043164_h_f_l_1?wid=400&amp;hei=270\" width=\"400\"\/>Mobilit\u00e9 et Fonctionnalit\u00e9s Pratiques<\/h3>\n<p>Pens\u00e9 pour une utilisation aussi bien int\u00e9rieure qu&rsquo;ext\u00e9rieure, le Chariot ACHILLE est \u00e9quip\u00e9 de quatre roues robustes, dont deux tout terrain et deux pivotantes avec frein, assurant une mobilit\u00e9 ais\u00e9e et une stabilit\u00e9 parfaite. Les utilisateurs appr\u00e9cieront la praticit\u00e9 des tablettes, dont une amovible fonction plateau et une autre rabattable, permettant de disposer d&rsquo;un espace suppl\u00e9mentaire pour les ustensiles et ingr\u00e9dients. La porte noire int\u00e9gr\u00e9e offre un grand rangement, id\u00e9al pour une bouteille de gaz ou d&rsquo;autres accessoires de cuisine. Avec son poids net de 38 kg, ce chariot allie parfaitement fonctionnalit\u00e9 et design, faisant de lui l&rsquo;accessoire indispensable pour les amateurs de cuisine en plein air.<\/p>\n<\/div>\n<\/div>\n<p><bl-button a11yexpanded=\"false\" arialabel=\"Afficher toute la description\" class=\"read-more__btn\" full=\"false\" link=\"true\"><\/bl-button><\/div>","protected":false},"excerpt":{"rendered":"<div class=\"keypoints\">\n<h3 class=\"keypoints__title\">Les points cl\u00e9s<\/h3>\n<ul role=\"list\">\n<li class=\"keypoints__item\" role=\"listitem\">                                        Eno                      <\/li>\n<li class=\"keypoints__item\" role=\"listitem\">                                        Toutes les planchas Eno                      <\/li>\n<li class=\"keypoints__item\" role=\"listitem\">                                        Mobilit\u00e9 : 4 roues                      <\/li>\n<li class=\"keypoints__item\" role=\"listitem\">                                        Mati\u00e8re du chariot : Acier                      <\/li>\n<li class=\"keypoints__item keypoints__item--advantage\" role=\"listitem\"><strong>Le + :<\/strong> Robuste, \u00e9l\u00e9gant, tablettes pratiques, grandes roues, rangement int\u00e9gr\u00e9, pour planchas 40-80 cm.      <\/li>\n<\/ul>","protected":false},"featured_media":78007,"template":"","meta":{"_glsr_average":0,"_glsr_ranking":0,"_glsr_reviews":0},"product_cat":[364],"product_tag":[366,365,230],"class_list":{"0":"post-78008","1":"product","2":"type-product","3":"status-publish","4":"has-post-thumbnail","6":"product_cat-accessoire-barbecue-plancha","7":"product_tag-accessoire-barbecue-plancha","8":"product_tag-accessoire-cuisine-et-cuisson","9":"product_tag-cuisine-et-cuisson","11":"first","12":"instock","13":"sale","14":"shipping-taxable","15":"purchasable","16":"product-type-simple"},"_links":{"self":[{"href":"https:\/\/electromenagerexpress.com\/en\/wp-json\/wp\/v2\/product\/78008","targetHints":{"allow":["GET"]}}],"collection":[{"href":"https:\/\/electromenagerexpress.com\/en\/wp-json\/wp\/v2\/product"}],"about":[{"href":"https:\/\/electromenagerexpress.com\/en\/wp-json\/wp\/v2\/types\/product"}],"wp:featuredmedia":[{"embeddable":true,"href":"https:\/\/electromenagerexpress.com\/en\/wp-json\/wp\/v2\/media\/78007"}],"wp:attachment":[{"href":"https:\/\/electromenagerexpress.com\/en\/wp-json\/wp\/v2\/media?parent=78008"}],"wp:term":[{"taxonomy":"product_cat","embeddable":true,"href":"https:\/\/electromenagerexpress.com\/en\/wp-json\/wp\/v2\/product_cat?post=78008"},{"taxonomy":"product_tag","embeddable":true,"href":"https:\/\/electromenagerexpress.com\/en\/wp-json\/wp\/v2\/product_tag?post=78008"}],"curies":[{"name":"wp","href":"https:\/\/api.w.org\/{rel}","templated":true}]}}