{"id":77993,"date":"2024-11-24T14:08:30","date_gmt":"2024-11-24T14:08:30","guid":{"rendered":"https:\/\/electromenagerexpress.com\/product\/four-a-pizza-electriqueoonivolt-12-electrique-uu-p12b00\/"},"modified":"2024-11-24T14:08:36","modified_gmt":"2024-11-24T14:08:36","slug":"four-a-pizza-electriqueoonivolt-12-electrique-uu-p12b00","status":"publish","type":"product","link":"https:\/\/electromenagerexpress.com\/en\/product\/four-a-pizza-electriqueoonivolt-12-electrique-uu-p12b00\/","title":{"rendered":"Four \u00e0 pizza \u00e9lectrique\t\t\t\t\t\t\tOONI\t\t\t\tvolt 12 electrique UU-P12B00"},"content":{"rendered":"<div class=\"product-features__content\">\n<ul role=\"list\">\n<li class=\"product-features__item\" role=\"listitem\">\n<h3 class=\"product-features__label\">Cuisson<\/h3>\n<ul role=\"list\">\n<li class=\"product-features__item-list__item\" role=\"listitem\"><span class=\"is--medium\">Nombre de personnes :<\/span> De 6 \u00e0 8 personnes\t\t\t\t\t<\/li>\n<li class=\"product-features__item-list__item\" role=\"listitem\"><span class=\"is--medium\">Diam\u00e8tre de\/des pizza(s) :<\/span> 30 cm\t\t\t\t\t<\/li>\n<li class=\"product-features__item-list__item\" role=\"listitem\"><span class=\"is--medium\">Temps de cuisson :<\/span> 2 min\t\t\t\t\t<\/li>\n<li class=\"product-features__item-list__item\" role=\"listitem\"><span class=\"is--medium\">Energie :<\/span> Electrique\t\t\t\t\t<\/li>\n<li class=\"product-features__item-list__item\" role=\"listitem\"><span class=\"is--medium\">Thermostat r\u00e9glable :<\/span> Oui\t\t\t\t\t<\/li>\n<li class=\"product-features__item-list__item\" role=\"listitem\"><span class=\"is--medium\">Temp\u00e9rature maximum de cuisson :<\/span> 450\u00b0C\t\t\t\t\t<\/li>\n<li class=\"product-features__item-list__item\" role=\"listitem\"><span class=\"is--medium\">Rapidit\u00e9 de mont\u00e9e en temp\u00e9rature :<\/span> 20 minutes\t\t\t\t\t<\/li>\n<\/ul>\n<\/li>\n<li class=\"product-features__item\" role=\"listitem\">\n<h3 class=\"product-features__label\">Equipement<\/h3>\n<ul role=\"list\">\n<li class=\"product-features__item-list__item\" role=\"listitem\"><span class=\"is--medium\">Pelles compatibles ( non fournie avec le four \u00e0 pizza ) :<\/span> <a href=\"https:\/\/www.boulanger.com\/ref\/1174427\" target=\"_blank\">Pelle \u00e0 pizza ALU12 <\/a>, <a href=\"https:\/\/www.boulanger.com\/ref\/1154810\" target=\"_blank\">Pelle \u00e0 pizza premium 12 <\/a> , <a href=\"https:\/\/www.boulanger.com\/ref\/1174531\" target=\"_blank\">Pelle \u00e0 pizza Bambou 12<\/a><\/li>\n<li class=\"product-features__item-list__item\" role=\"listitem\"><span class=\"is--medium\">Pelle \u00e0 pizza :<\/span> Ne l&rsquo;oubliez pas, la pelle \u00e0 pizza est indispensable pour enfourner et d\u00e9fourner facilement vos pizzas !\t\t\t\t\t<\/li>\n<li class=\"product-features__item-list__item\" role=\"listitem\"><span class=\"is--medium\">Nombre de plaques :<\/span> 1 pierre\t\t\t\t\t<\/li>\n<li class=\"product-features__item-list__item\" role=\"listitem\"><span class=\"is--medium\">Thermom\u00e8tre :<\/span> Non\t\t\t\t\t<\/li>\n<li class=\"product-features__item-list__item\" role=\"listitem\"><span class=\"is--medium\">Minuteur :<\/span> Oui\t\t\t\t\t<\/li>\n<li class=\"product-features__item-list__item\" role=\"listitem\"><span class=\"is--medium\">Signal sonore de fin de cuisson :<\/span> Non\t\t\t\t\t<\/li>\n<\/ul>\n<\/li>\n<li class=\"product-features__item\" role=\"listitem\">\n<h3 class=\"product-features__label\">Mati\u00e8re et coloris<\/h3>\n<ul role=\"list\">\n<li class=\"product-features__item-list__item\" role=\"listitem\"><span class=\"is--medium\">De la plaque :<\/span> Pierre r\u00e9fractaire\t\t\t\t\t<\/li>\n<li class=\"product-features__item-list__item\" role=\"listitem\"><span class=\"is--medium\">De la coque :<\/span> Acier enduit de poudre\t\t\t\t\t<\/li>\n<li class=\"product-features__item-list__item\" role=\"listitem\"><span class=\"is--medium\">Coloris :<\/span> Noir\t\t\t\t\t<\/li>\n<\/ul>\n<\/li>\n<li class=\"product-features__item\" role=\"listitem\">\n<h3 class=\"product-features__label\">Facilit\u00e9 de nettoyage<\/h3>\n<ul role=\"list\">\n<li class=\"product-features__item-list__item\" role=\"listitem\"><span class=\"is--medium\">Plaque amovible :<\/span> Oui\t\t\t\t\t<\/li>\n<\/ul>\n<\/li>\n<li class=\"product-features__item\" role=\"listitem\">\n<h3 class=\"product-features__label\">Agencement<\/h3>\n<ul role=\"list\">\n<li class=\"product-features__item-list__item\" role=\"listitem\"><span class=\"is--medium\">Mobilit\u00e9 :<\/span> Portable\t\t\t\t\t<\/li>\n<li class=\"product-features__item-list__item\" role=\"listitem\"><span class=\"is--medium\">Poign\u00e9es de transport :<\/span> Non\t\t\t\t\t<\/li>\n<\/ul>\n<\/li>\n<li class=\"product-features__item\" role=\"listitem\">\n<h3 class=\"product-features__label\">S\u00e9curit\u00e9<\/h3>\n<ul role=\"list\">\n<li class=\"product-features__item-list__item\" role=\"listitem\"><span class=\"is--medium\">Poign\u00e9e froide :<\/span> Oui\t\t\t\t\t<\/li>\n<li class=\"product-features__item-list__item\" role=\"listitem\"><span class=\"is--medium\">Parois froides :<\/span> Non\t\t\t\t\t<\/li>\n<li class=\"product-features__item-list__item\" role=\"listitem\"><span class=\"is--medium\">Eclairage int\u00e9rieur :<\/span> Oui\t\t\t\t\t<\/li>\n<\/ul>\n<\/li>\n<li class=\"product-features__item\" role=\"listitem\">\n<h3 class=\"product-features__label\">Informations compl\u00e9mentaires<\/h3>\n<ul role=\"list\">\n<li class=\"product-features__item-list__item\" role=\"listitem\"><span class=\"is--medium\">Fabriqu\u00e9 en :<\/span> Chine\t\t\t\t\t<\/li>\n<li class=\"product-features__item-list__item\" role=\"listitem\"><span class=\"is--medium\">Garantie :<\/span> 2 ans\t\t\t\t\t<\/li>\n<li class=\"product-features__item-list__item\" role=\"listitem\"><span class=\"is--medium\">Disponibilit\u00e9 des pi\u00e8ces d\u00e9tach\u00e9es (donn\u00e9es fournisseur) :<\/span> Pendant 10 ans, \u00e0 compter de la date de fabrication\t\t\t\t\t<\/li>\n<li class=\"product-features__item-list__item\" role=\"listitem\"><span class=\"is--medium\">R\u00e9f\u00e9rence constructeur :<\/span> volt 12 electrique UU-P12B00\t\t\t\t\t<\/li>\n<li class=\"product-features__item-list__item\" role=\"listitem\"><span class=\"is--medium\">Marque :<\/span> OONI\t\t\t\t\t<\/li>\n<\/ul>\n<\/li>\n<li class=\"product-features__item\" role=\"listitem\">\n<h3 class=\"product-features__label\">Dimensions<\/h3>\n<ul role=\"list\">\n<li class=\"product-features__item-list__item\" role=\"listitem\"><span class=\"is--medium\">Dimensions l x h x p :<\/span> 53 x 28 x 62 cm\t\t\t\t\t<\/li>\n<li class=\"product-features__item-list__item\" role=\"listitem\"><span class=\"is--medium\">Poids Net (kg) :<\/span> 18\t\t\t\t\t<\/li>\n<\/ul>\n<\/li>\n<\/ul>\n<\/div>\n<div class=\"product__disclosure-content\">\n<div class=\"js-read-more product-description__content read-more read-more--truncated\" data-read-more-name=\"description\" style=\"max-height: 500px; overflow: hidden;\">\n<div class=\"product__description-content read-more\">\n<p>Four \u00e0 pizza \u00e9lectrique OONI Volt 12 : la r\u00e9volution culinaire \u00e0 domicile<\/p>\n<h3><img fetchpriority=\"high\" decoding=\"async\" alt=\"Four \u00e0 pizza \u00e9lectrique OONI volt 12 electrique UU-P12B00\" class=\"wy_tableau_gauche\" height=\"270\" src=\"https:\/\/boulanger.scene7.com\/is\/image\/Boulanger\/5060568346748_h_f_l_0?wid=400&amp;hei=270\" width=\"400\"\/>Performance et simplicit\u00e9 d&rsquo;utilisation<\/h3>\n<p>Le Four \u00e0 pizza \u00e9lectrique OONI Volt 12 UU-P12B00 est une v\u00e9ritable prouesse technologique pour les amateurs de pizza. Capable d&rsquo;atteindre une temp\u00e9rature impressionnante de 450\u00b0C en seulement 20 minutes, ce four garantit une cuisson parfaite et rapide de vos pizzas, similaire \u00e0 celle des pizzerias professionnelles. Gr\u00e2ce \u00e0 son syst\u00e8me \u00e9lectrique, il offre une facilit\u00e9 d&rsquo;utilisation in\u00e9gal\u00e9e, sans avoir \u00e0 g\u00e9rer le combustible. De plus, sa conception robuste et son fonctionnement intuitif, avec un manuel d&rsquo;instructions clair, le rendent accessible m\u00eame aux cuisiniers les moins exp\u00e9riment\u00e9s, assurant une exp\u00e9rience culinaire sans faille.<\/p>\n<p>\u00a0<\/p>\n<p>\u00a0<\/p>\n<h3><img decoding=\"async\" alt=\"Four \u00e0 pizza \u00e9lectrique OONI volt 12 electrique UU-P12B00\" class=\"wy_tableau_right\" height=\"270\" src=\"https:\/\/boulanger.scene7.com\/is\/image\/Boulanger\/5060568346748_h_f_l_1?wid=400&amp;hei=270\" width=\"400\"\/>Conception s\u00e9curis\u00e9e et adapt\u00e9e \u00e0 l&rsquo;usage familial<\/h3>\n<p>Le Four \u00e0 pizza OONI Volt 12 est \u00e9quip\u00e9 d&rsquo;un dispositif de protection contre les r\u00e9sidus de courant ne d\u00e9passant pas 30 mA. Sa porte, qui doit rester ferm\u00e9e pendant la cuisson, emp\u00eache les risques d&rsquo;accidents domestiques. Le four est \u00e9galement con\u00e7u pour un usage ext\u00e9rieur, ce qui le rend id\u00e9al pour des repas en famille ou entre amis dans le jardin. Avec une attention particuli\u00e8re port\u00e9e \u00e0 la s\u00e9curit\u00e9 et \u00e0 la facilit\u00e9 d&rsquo;entretien, ce four \u00e0 pizza \u00e9lectrique s&rsquo;int\u00e8gre parfaitement dans le quotidien des foyers modernes, offrant des moments de partage et de gourmandise autour de pizzas croustillantes et savoureuses.<\/p>\n<\/div>\n<\/div>\n<p><bl-button a11yexpanded=\"false\" arialabel=\"Afficher toute la description\" class=\"read-more__btn\" full=\"false\" link=\"true\"><\/bl-button><\/div>","protected":false},"excerpt":{"rendered":"<div class=\"keypoints\">\n<h3 class=\"keypoints__title\">Les points cl\u00e9s<\/h3>\n<ul role=\"list\">\n<li class=\"keypoints__item\" role=\"listitem\">                                        Le four \u00e0 pizza pour d\u00e9guster des pizzas maison                      <\/li>\n<li class=\"keypoints__item\" role=\"listitem\">                          De 6 \u00e0 8 personnes &#8211;                                                      Portable                      <\/li>\n<li class=\"keypoints__item\" role=\"listitem\">                                        Acier                      <\/li>\n<li class=\"keypoints__item\" role=\"listitem\">                                        Rapidit\u00e9 de mont\u00e9e en temp\u00e9rature : 20 minutes                      <\/li>\n<li class=\"keypoints__item keypoints__item--advantage\" role=\"listitem\"><strong>Le + :<\/strong> Cuisson rapide 2 min, \u00e9lectrique, 450\u00b0C max, pierre r\u00e9fractaire, poign\u00e9e froide, \u00e9clairage int\u00e9rieur      <\/li>\n<\/ul>","protected":false},"featured_media":77992,"template":"","meta":{"_glsr_average":0,"_glsr_ranking":0,"_glsr_reviews":0},"product_cat":[355],"product_tag":[230,356,353],"class_list":{"0":"post-77993","1":"product","2":"type-product","3":"status-publish","4":"has-post-thumbnail","6":"product_cat-grill-pierre-a-cuire","7":"product_tag-cuisine-et-cuisson","8":"product_tag-grill-pierre-a-cuire","9":"product_tag-plancha","11":"first","12":"instock","13":"sale","14":"shipping-taxable","15":"purchasable","16":"product-type-simple"},"_links":{"self":[{"href":"https:\/\/electromenagerexpress.com\/en\/wp-json\/wp\/v2\/product\/77993","targetHints":{"allow":["GET"]}}],"collection":[{"href":"https:\/\/electromenagerexpress.com\/en\/wp-json\/wp\/v2\/product"}],"about":[{"href":"https:\/\/electromenagerexpress.com\/en\/wp-json\/wp\/v2\/types\/product"}],"wp:featuredmedia":[{"embeddable":true,"href":"https:\/\/electromenagerexpress.com\/en\/wp-json\/wp\/v2\/media\/77992"}],"wp:attachment":[{"href":"https:\/\/electromenagerexpress.com\/en\/wp-json\/wp\/v2\/media?parent=77993"}],"wp:term":[{"taxonomy":"product_cat","embeddable":true,"href":"https:\/\/electromenagerexpress.com\/en\/wp-json\/wp\/v2\/product_cat?post=77993"},{"taxonomy":"product_tag","embeddable":true,"href":"https:\/\/electromenagerexpress.com\/en\/wp-json\/wp\/v2\/product_tag?post=77993"}],"curies":[{"name":"wp","href":"https:\/\/api.w.org\/{rel}","templated":true}]}}