{"id":77975,"date":"2024-11-24T14:08:13","date_gmt":"2024-11-24T14:08:13","guid":{"rendered":"https:\/\/electromenagerexpress.com\/product\/chariot-planchaenoachille-porte-inox\/"},"modified":"2024-11-24T14:08:17","modified_gmt":"2024-11-24T14:08:17","slug":"chariot-planchaenoachille-porte-inox","status":"publish","type":"product","link":"https:\/\/electromenagerexpress.com\/en\/product\/chariot-planchaenoachille-porte-inox\/","title":{"rendered":"Chariot Plancha\t\t\t\t\t\t\tENO\t\t\t\tACHILLE Porte Inox"},"content":{"rendered":"<div class=\"product-features__content\">\n<ul role=\"list\">\n<li class=\"product-features__item\" role=\"listitem\">\n<h3 class=\"product-features__label\">Caract\u00e9ristiques g\u00e9n\u00e9rales<\/h3>\n<ul role=\"list\">\n<li class=\"product-features__item-list__item\" role=\"listitem\"><span class=\"is--medium\">Mati\u00e8re du chariot :<\/span> Inox et acier\t\t\t\t\t<\/li>\n<li class=\"product-features__item-list__item\" role=\"listitem\"><span class=\"is--medium\">Mati\u00e8re du plateau :<\/span> Inox\t\t\t\t\t<\/li>\n<li class=\"product-features__item-list__item\" role=\"listitem\"><span class=\"is--medium\">Rideau ocultant la bouteille de gaz :<\/span> Non\t\t\t\t\t<\/li>\n<li class=\"product-features__item-list__item\" role=\"listitem\"><span class=\"is--medium\">Type de chariot :<\/span> Chariot plancha\t\t\t\t\t<\/li>\n<li class=\"product-features__item-list__item\" role=\"listitem\"><span class=\"is--medium\">Couleur :<\/span> Inox\t\t\t\t\t<\/li>\n<li class=\"product-features__item-list__item\" role=\"listitem\"><span class=\"is--medium\">Roulettes int\u00e9gr\u00e9es :<\/span> Oui\t\t\t\t\t<\/li>\n<li class=\"product-features__item-list__item\" role=\"listitem\"><span class=\"is--medium\">Accroche bouteille gaz :<\/span> Oui\t\t\t\t\t<\/li>\n<li class=\"product-features__item-list__item\" role=\"listitem\"><span class=\"is--medium\">Compatibilit\u00e9 plancha :<\/span> Planchas Eno gaz et \u00e9lectriques de 40 \u00e0 80\t\t\t\t\t<\/li>\n<li class=\"product-features__item-list__item\" role=\"listitem\"><span class=\"is--medium\">Compatible :<\/span> Plancha divers dimensions\t\t\t\t\t<\/li>\n<li class=\"product-features__item-list__item\" role=\"listitem\"><span class=\"is--medium\">Mobilit\u00e9 :<\/span> 4 roues\t\t\t\t\t<\/li>\n<li class=\"product-features__item-list__item\" role=\"listitem\"><span class=\"is--medium\">Marque compatible :<\/span> Eno\t\t\t\t\t<\/li>\n<li class=\"product-features__item-list__item\" role=\"listitem\"><span class=\"is--medium\">Mod\u00e8le compatible :<\/span> Toutes les planchas ENO\t\t\t\t\t<\/li>\n<\/ul>\n<\/li>\n<li class=\"product-features__item\" role=\"listitem\">\n<h3 class=\"product-features__label\">Rangement<\/h3>\n<ul role=\"list\">\n<li class=\"product-features__item-list__item\" role=\"listitem\"><span class=\"is--medium\">Accroche-torchons et ustensiles :<\/span> Non\t\t\t\t\t<\/li>\n<li class=\"product-features__item-list__item\" role=\"listitem\"><span class=\"is--medium\">Tablettes rabattables :<\/span> Non\t\t\t\t\t<\/li>\n<li class=\"product-features__item-list__item\" role=\"listitem\"><span class=\"is--medium\">Rangement \u00e0 bouteilles :<\/span> Non\t\t\t\t\t<\/li>\n<li class=\"product-features__item-list__item\" role=\"listitem\"><span class=\"is--medium\">Tiroir :<\/span> Non\t\t\t\t\t<\/li>\n<li class=\"product-features__item-list__item\" role=\"listitem\"><span class=\"is--medium\">Cache bouteille :<\/span> Oui\t\t\t\t\t<\/li>\n<li class=\"product-features__item-list__item\" role=\"listitem\"><span class=\"is--medium\">Porte :<\/span> Oui\t\t\t\t\t<\/li>\n<li class=\"product-features__item-list__item\" role=\"listitem\"><span class=\"is--medium\">Nombre de porte :<\/span> 1\t\t\t\t\t<\/li>\n<li class=\"product-features__item-list__item\" role=\"listitem\"><span class=\"is--medium\">S\u00e9parateur int\u00e9rieur avec \u00e9tag\u00e8re :<\/span> Oui\t\t\t\t\t<\/li>\n<\/ul>\n<\/li>\n<li class=\"product-features__item\" role=\"listitem\">\n<h3 class=\"product-features__label\">Couvercle<\/h3>\n<ul role=\"list\">\n<li class=\"product-features__item-list__item\" role=\"listitem\"><span class=\"is--medium\">Thermom\u00e8tre int\u00e9gr\u00e9 :<\/span> Non\t\t\t\t\t<\/li>\n<li class=\"product-features__item-list__item\" role=\"listitem\"><span class=\"is--medium\">Led int\u00e9gr\u00e9 :<\/span> Non\t\t\t\t\t<\/li>\n<\/ul>\n<\/li>\n<li class=\"product-features__item\" role=\"listitem\">\n<h3 class=\"product-features__label\">Dimensions<\/h3>\n<ul role=\"list\">\n<li class=\"product-features__item-list__item\" role=\"listitem\"><span class=\"is--medium\">Dimensions l x h x p :<\/span> 92 x 81 x 55 cm\t\t\t\t\t<\/li>\n<li class=\"product-features__item-list__item\" role=\"listitem\"><span class=\"is--medium\">Poids :<\/span> 38,0 kg\t\t\t\t\t<\/li>\n<li class=\"product-features__item-list__item\" role=\"listitem\"><span class=\"is--medium\">Poids Brut (kg) :<\/span> 43\t\t\t\t\t<\/li>\n<\/ul>\n<\/li>\n<li class=\"product-features__item\" role=\"listitem\">\n<h3 class=\"product-features__label\">Informations compl\u00e9mentaires<\/h3>\n<ul role=\"list\">\n<li class=\"product-features__item-list__item\" role=\"listitem\"><span class=\"is--medium\">Fabriqu\u00e9 en :<\/span> France\t\t\t\t\t<\/li>\n<li class=\"product-features__item-list__item\" role=\"listitem\"><span class=\"is--medium\">Garantie :<\/span> 2 ans\t\t\t\t\t<\/li>\n<li class=\"product-features__item-list__item\" role=\"listitem\"><span class=\"is--medium\">Disponibilit\u00e9 des pi\u00e8ces d\u00e9tach\u00e9es (donn\u00e9es fournisseur) :<\/span> Pendant 10 ans, \u00e0 compter de la date d&rsquo;achat\t\t\t\t\t<\/li>\n<li class=\"product-features__item-list__item\" role=\"listitem\"><span class=\"is--medium\">R\u00e9f\u00e9rence constructeur :<\/span> ACHILLE Porte Inox\t\t\t\t\t<\/li>\n<li class=\"product-features__item-list__item\" role=\"listitem\"><span class=\"is--medium\">Marque :<\/span> ENO\t\t\t\t\t<\/li>\n<\/ul>\n<\/li>\n<\/ul>\n<\/div>\n<div class=\"product__disclosure-content\">\n<div class=\"js-read-more product-description__content read-more read-more--truncated\" data-read-more-name=\"description\" style=\"max-height: 500px; overflow: hidden;\">\n<div class=\"product__description-content read-more\" style=\"\">\n<p>Chariot Plancha ENO ACHILLE Porte Inox : l&rsquo;Alliance de la Robustesse et de la Mobilit\u00e9<\/p>\n<h3> <img fetchpriority=\"high\" decoding=\"async\" ,=\"\" alt=\"Chariot Plancha ENO ACHILLE Porte Inox\" class=\"wy_tableau_gauche\" height=\"270\" src=\"https:\/\/boulanger.scene7.com\/is\/image\/Boulanger\/3224780043188_h_f_l_0?wid=400&amp;hei=270\" width=\"400\"\/>Conception de Qualit\u00e9 et Mobilit\u00e9 Optimale <\/h3>\n<p> Le Chariot Plancha ENO ACHILLE Porte Inox, r\u00e9f\u00e9rence PDIS20185, est l&rsquo;accessoire indispensable pour les amateurs de cuisine en ext\u00e9rieur. Sa structure en inox qualit\u00e9 marine garantit une r\u00e9sistance exceptionnelle aux intemp\u00e9ries, tandis que ses dimensions de H81 x L158 x P55 cm offrent une surface de travail confortable. Dot\u00e9 de quatre roues robustes dont deux tout terrain et deux pivotantes avec frein, ce chariot assure une mobilit\u00e9 sans effort sur diverses surfaces. La pr\u00e9sence d&rsquo;une porte noire ajoute une touche d&rsquo;\u00e9l\u00e9gance et permet un rangement pratique, id\u00e9al pour les bouteilles de gaz ou autres ustensiles de cuisine. <\/p>\n<\/p>\n<h3> <img decoding=\"async\" ,=\"\" alt=\"Chariot Plancha ENO ACHILLE Porte Inox\" class=\"wy_tableau_right\" height=\"270\" src=\"https:\/\/boulanger.scene7.com\/is\/image\/Boulanger\/3224780043188_h_f_l_1?wid=400&amp;hei=270\" width=\"400\"\/>Fonctionnalit\u00e9s et Accessoires pour une Exp\u00e9rience Culinaire Compl\u00e8te <\/h3>\n<p> Le Chariot ACHILLE Porte Inox est con\u00e7u pour accueillir les planchas de 40 \u00e0 80 cm, offrant ainsi une polyvalence pour diff\u00e9rents mod\u00e8les. Il est \u00e9quip\u00e9 d&rsquo;une tablette acier noir amovible fonction plateau et d&rsquo;une tablette rabattable, augmentant l&rsquo;espace disponible pour pr\u00e9parer et servir vos plats. Le design soign\u00e9, avec un ch\u00e2ssis en inox au titane et acier galvanis\u00e9, allie esth\u00e9tique et durabilit\u00e9. De plus, ce chariot est accompagn\u00e9 d&rsquo;options telles qu&rsquo;une housse pop-up pour une protection accrue et un plateau amovible pour une plus grande facilit\u00e9 d&rsquo;utilisation. Fabriqu\u00e9 en France, il t\u00e9moigne d&rsquo;un savoir-faire reconnu et d&rsquo;une qualit\u00e9 sup\u00e9rieure, assurant ainsi une exp\u00e9rience culinaire ext\u00e9rieure des plus agr\u00e9ables. <\/p>\n<\/p><\/div>\n<\/p>\n<\/div>\n<p><bl-button a11yexpanded=\"false\" arialabel=\"Afficher toute la description\" class=\"read-more__btn\" full=\"false\" link=\"true\"><\/bl-button><\/div>","protected":false},"excerpt":{"rendered":"<div class=\"keypoints\">\n<h3 class=\"keypoints__title\">Les points cl\u00e9s<\/h3>\n<ul role=\"list\">\n<li class=\"keypoints__item\" role=\"listitem\">                                        Eno                      <\/li>\n<li class=\"keypoints__item\" role=\"listitem\">                                        Toutes les planchas ENO                      <\/li>\n<li class=\"keypoints__item\" role=\"listitem\">                                        Mobilit\u00e9 : 4 roues                      <\/li>\n<li class=\"keypoints__item\" role=\"listitem\">                                        Mati\u00e8re du chariot : Inox et acier                      <\/li>\n<li class=\"keypoints__item keypoints__item--advantage\" role=\"listitem\"><strong>Le + :<\/strong> Robuste, grande surface de travail, roues tout terrain, rangement int\u00e9gr\u00e9, pour planchas 40-80 cm.      <\/li>\n<\/ul>","protected":false},"featured_media":77974,"template":"","meta":{"_glsr_average":0,"_glsr_ranking":0,"_glsr_reviews":0},"product_cat":[364],"product_tag":[366,365,230],"class_list":{"0":"post-77975","1":"product","2":"type-product","3":"status-publish","4":"has-post-thumbnail","6":"product_cat-accessoire-barbecue-plancha","7":"product_tag-accessoire-barbecue-plancha","8":"product_tag-accessoire-cuisine-et-cuisson","9":"product_tag-cuisine-et-cuisson","11":"first","12":"instock","13":"sale","14":"shipping-taxable","15":"purchasable","16":"product-type-simple"},"_links":{"self":[{"href":"https:\/\/electromenagerexpress.com\/en\/wp-json\/wp\/v2\/product\/77975","targetHints":{"allow":["GET"]}}],"collection":[{"href":"https:\/\/electromenagerexpress.com\/en\/wp-json\/wp\/v2\/product"}],"about":[{"href":"https:\/\/electromenagerexpress.com\/en\/wp-json\/wp\/v2\/types\/product"}],"wp:featuredmedia":[{"embeddable":true,"href":"https:\/\/electromenagerexpress.com\/en\/wp-json\/wp\/v2\/media\/77974"}],"wp:attachment":[{"href":"https:\/\/electromenagerexpress.com\/en\/wp-json\/wp\/v2\/media?parent=77975"}],"wp:term":[{"taxonomy":"product_cat","embeddable":true,"href":"https:\/\/electromenagerexpress.com\/en\/wp-json\/wp\/v2\/product_cat?post=77975"},{"taxonomy":"product_tag","embeddable":true,"href":"https:\/\/electromenagerexpress.com\/en\/wp-json\/wp\/v2\/product_tag?post=77975"}],"curies":[{"name":"wp","href":"https:\/\/api.w.org\/{rel}","templated":true}]}}