{"id":77901,"date":"2024-11-24T14:07:08","date_gmt":"2024-11-24T14:07:08","guid":{"rendered":"https:\/\/electromenagerexpress.com\/product\/four-a-pizza-gazoonikoda-2-max-uu-p2b500\/"},"modified":"2024-11-24T14:07:17","modified_gmt":"2024-11-24T14:07:17","slug":"four-a-pizza-gazoonikoda-2-max-uu-p2b500","status":"publish","type":"product","link":"https:\/\/electromenagerexpress.com\/en\/product\/four-a-pizza-gazoonikoda-2-max-uu-p2b500\/","title":{"rendered":"Four \u00e0 pizza gaz\t\t\t\t\t\t\tOONI\t\t\t\tKoda 2 Max UU-P2B500"},"content":{"rendered":"<div class=\"product-features__content\">\n<ul role=\"list\">\n<li class=\"product-features__item\" role=\"listitem\">\n<h3 class=\"product-features__label\">Cuisson<\/h3>\n<ul role=\"list\">\n<li class=\"product-features__item-list__item\" role=\"listitem\"><span class=\"is--medium\">Nombre de personnes :<\/span> De 12 \u00e0 18 personnes\t\t\t\t\t<\/li>\n<li class=\"product-features__item-list__item\" role=\"listitem\"><span class=\"is--medium\">Diam\u00e8tre de\/des pizza(s) :<\/span> 50 cm\t\t\t\t\t<\/li>\n<li class=\"product-features__item-list__item\" role=\"listitem\"><span class=\"is--medium\">Temps de cuisson :<\/span> 1 min\t\t\t\t\t<\/li>\n<li class=\"product-features__item-list__item\" role=\"listitem\"><span class=\"is--medium\">Energie :<\/span> Gaz\t\t\t\t\t<\/li>\n<li class=\"product-features__item-list__item\" role=\"listitem\"><span class=\"is--medium\">Type de gaz :<\/span> Propane\t\t\t\t\t<\/li>\n<li class=\"product-features__item-list__item\" role=\"listitem\"><span class=\"is--medium\">Thermostat r\u00e9glable :<\/span> Oui\t\t\t\t\t<\/li>\n<li class=\"product-features__item-list__item\" role=\"listitem\"><span class=\"is--medium\">Temp\u00e9rature maximum de cuisson :<\/span> 500\u00b0C\t\t\t\t\t<\/li>\n<li class=\"product-features__item-list__item\" role=\"listitem\"><span class=\"is--medium\">Rapidit\u00e9 de mont\u00e9e en temp\u00e9rature :<\/span> 15 minutes\t\t\t\t\t<\/li>\n<li class=\"product-features__item-list__item\" role=\"listitem\"><span class=\"is--medium\">Nombre de pizza(s) :<\/span> 2 pizzas\t\t\t\t\t<\/li>\n<\/ul>\n<\/li>\n<li class=\"product-features__item\" role=\"listitem\">\n<h3 class=\"product-features__label\">Equipement<\/h3>\n<ul role=\"list\">\n<li class=\"product-features__item-list__item\" role=\"listitem\"><span class=\"is--medium\">Pelle \u00e0 pizza :<\/span> Ne l&rsquo;oubliez pas, la pelle \u00e0 pizza est indispensable pour enfourner et d\u00e9fourner facilement vos pizzas !\t\t\t\t\t<\/li>\n<li class=\"product-features__item-list__item\" role=\"listitem\"><span class=\"is--medium\">Nombre de plaques :<\/span> 2 plaques\t\t\t\t\t<\/li>\n<li class=\"product-features__item-list__item\" role=\"listitem\"><span class=\"is--medium\">Thermom\u00e8tre :<\/span> Oui\t\t\t\t\t<\/li>\n<li class=\"product-features__item-list__item\" role=\"listitem\"><span class=\"is--medium\">Minuteur :<\/span> Oui\t\t\t\t\t<\/li>\n<li class=\"product-features__item-list__item\" role=\"listitem\"><span class=\"is--medium\">Signal sonore de fin de cuisson :<\/span> Non\t\t\t\t\t<\/li>\n<li class=\"product-features__item-list__item\" role=\"listitem\"><span class=\"is--medium\">Nombre de chambres :<\/span> 2 chambres\t\t\t\t\t<\/li>\n<\/ul>\n<\/li>\n<li class=\"product-features__item\" role=\"listitem\">\n<h3 class=\"product-features__label\">Mati\u00e8re et coloris<\/h3>\n<ul role=\"list\">\n<li class=\"product-features__item-list__item\" role=\"listitem\"><span class=\"is--medium\">De la plaque :<\/span> Pierre r\u00e9fractaire\t\t\t\t\t<\/li>\n<li class=\"product-features__item-list__item\" role=\"listitem\"><span class=\"is--medium\">De la coque :<\/span> Acier inoxydable\t\t\t\t\t<\/li>\n<li class=\"product-features__item-list__item\" role=\"listitem\"><span class=\"is--medium\">Coloris :<\/span> Anthracite \/ Noir\t\t\t\t\t<\/li>\n<\/ul>\n<\/li>\n<li class=\"product-features__item\" role=\"listitem\">\n<h3 class=\"product-features__label\">Facilit\u00e9 de nettoyage<\/h3>\n<ul role=\"list\">\n<li class=\"product-features__item-list__item\" role=\"listitem\"><span class=\"is--medium\">Plaque amovible :<\/span> Oui\t\t\t\t\t<\/li>\n<li class=\"product-features__item-list__item\" role=\"listitem\"><span class=\"is--medium\">R\u00e9cup\u00e9rateur de cendres :<\/span> Oui\t\t\t\t\t<\/li>\n<\/ul>\n<\/li>\n<li class=\"product-features__item\" role=\"listitem\">\n<h3 class=\"product-features__label\">Agencement<\/h3>\n<ul role=\"list\">\n<li class=\"product-features__item-list__item\" role=\"listitem\"><span class=\"is--medium\">Mobilit\u00e9 :<\/span> A poser\t\t\t\t\t<\/li>\n<li class=\"product-features__item-list__item\" role=\"listitem\"><span class=\"is--medium\">Poign\u00e9es de transport :<\/span> Non\t\t\t\t\t<\/li>\n<\/ul>\n<\/li>\n<li class=\"product-features__item\" role=\"listitem\">\n<h3 class=\"product-features__label\">S\u00e9curit\u00e9<\/h3>\n<ul role=\"list\">\n<li class=\"product-features__item-list__item\" role=\"listitem\"><span class=\"is--medium\">Poign\u00e9e froide :<\/span> Non\t\t\t\t\t<\/li>\n<li class=\"product-features__item-list__item\" role=\"listitem\"><span class=\"is--medium\">Parois froides :<\/span> Oui\t\t\t\t\t<\/li>\n<li class=\"product-features__item-list__item\" role=\"listitem\"><span class=\"is--medium\">Pieds antid\u00e9rapants :<\/span> Oui\t\t\t\t\t<\/li>\n<\/ul>\n<\/li>\n<li class=\"product-features__item\" role=\"listitem\">\n<h3 class=\"product-features__label\">Informations compl\u00e9mentaires<\/h3>\n<ul role=\"list\">\n<li class=\"product-features__item-list__item\" role=\"listitem\"><span class=\"is--medium\">Fabriqu\u00e9 en :<\/span> Chine\t\t\t\t\t<\/li>\n<li class=\"product-features__item-list__item\" role=\"listitem\"><span class=\"is--medium\">Garantie :<\/span> 2 ans\t\t\t\t\t<\/li>\n<li class=\"product-features__item-list__item\" role=\"listitem\"><span class=\"is--medium\">Disponibilit\u00e9 des pi\u00e8ces d\u00e9tach\u00e9es (donn\u00e9es fournisseur) :<\/span> Pendant 5 ans, \u00e0 compter de la date d&rsquo;achat\t\t\t\t\t<\/li>\n<li class=\"product-features__item-list__item\" role=\"listitem\"><span class=\"is--medium\">R\u00e9f\u00e9rence constructeur :<\/span> Koda 2 Max UU-P2B500\t\t\t\t\t<\/li>\n<li class=\"product-features__item-list__item\" role=\"listitem\"><span class=\"is--medium\">Marque :<\/span> OONI\t\t\t\t\t<\/li>\n<\/ul>\n<\/li>\n<li class=\"product-features__item\" role=\"listitem\">\n<h3 class=\"product-features__label\">Dimensions<\/h3>\n<ul role=\"list\">\n<li class=\"product-features__item-list__item\" role=\"listitem\"><span class=\"is--medium\">Dimensions l x h x p :<\/span> 72.2 x 80 x 42.8 cm\t\t\t\t\t<\/li>\n<li class=\"product-features__item-list__item\" role=\"listitem\"><span class=\"is--medium\">Poids Net (kg) :<\/span> 43\t\t\t\t\t<\/li>\n<\/ul>\n<\/li>\n<\/ul>\n<\/div>\n<div class=\"product__disclosure-content\">\n<div class=\"js-read-more product-description__content read-more read-more--truncated\" data-read-more-name=\"description\" style=\"max-height: 500px; overflow: hidden;\">\n<div class=\"product__description-content read-more\">\n<p>Four \u00e0 pizza gaz OONI Koda 2 Max UU-P2B500 : l&rsquo;exp\u00e9rience culinaire ultime en ext\u00e9rieur<\/p>\n<h3><img fetchpriority=\"high\" decoding=\"async\" alt=\"Four \u00e0 pizza gaz OONI Koda 2 Max UU-P2B500\" class=\"wy_tableau_gauche\" height=\"270\" src=\"https:\/\/boulanger.scene7.com\/is\/image\/Boulanger\/5060967393008_h_f_l_0?wid=400&amp;hei=270\" width=\"400\"\/>Des performances de cuisson exceptionnelles<\/h3>\n<p>Le four \u00e0 pizza OONI Koda 2 Max UU-P2B500, avec son design \u00e9pur\u00e9 en acier inoxydable anthracite\/noir, est le compagnon id\u00e9al pour des soir\u00e9es pizzas r\u00e9ussies en plein air. Dot\u00e9 d&rsquo;une puissance calorifique impressionnante, il atteint une temp\u00e9rature maximale de 500\u00b0C en seulement 15 minutes, permettant ainsi de cuire vos pizzas en 1 minute top chrono. Sa capacit\u00e9 \u00e0 accueillir 2 pizzas de 50 cm de diam\u00e8tre en fait un appareil parfait pour r\u00e9galer de 12 \u00e0 18 convives. De plus, gr\u00e2ce \u00e0 son thermostat r\u00e9glable et son thermom\u00e8tre int\u00e9gr\u00e9, la ma\u00eetrise de la cuisson est totale, assurant \u00e0 chaque fois des r\u00e9sultats dignes d&rsquo;une pizzeria professionnelle.<\/p>\n<p>\u00a0<\/p>\n<p>\u00a0<\/p>\n<h3><img decoding=\"async\" alt=\"Four \u00e0 pizza gaz OONI Koda 2 Max UU-P2B500\" class=\"wy_tableau_right\" height=\"270\" src=\"https:\/\/boulanger.scene7.com\/is\/image\/Boulanger\/5060967393008_h_f_l_1?wid=400&amp;hei=270\" width=\"400\"\/>Confort d&rsquo;utilisation et entretien facilit\u00e9<\/h3>\n<p>Con\u00e7u pour une utilisation ext\u00e9rieure, le four \u00e0 pizza OONI Koda 2 Max se pose simplement sur une table, offrant ainsi une grande mobilit\u00e9 sans n\u00e9cessiter de poign\u00e9es de transport. La structure en acier inoxydable garantit non seulement une grande durabilit\u00e9 mais aussi une facilit\u00e9 de nettoyage, avec notamment une plaque amovible et un r\u00e9cup\u00e9rateur de cendres. La s\u00e9curit\u00e9 n&rsquo;est pas en reste, avec des parois froides qui \u00e9vitent tout risque de br\u00fblure lors de la manipulation. Enfin, pour une exp\u00e9rience compl\u00e8te, n&rsquo;oubliez pas de vous \u00e9quiper d&rsquo;une pelle \u00e0 pizza, indispensable pour manipuler vos cr\u00e9ations culinaires avec aisance et s\u00e9curit\u00e9.<\/p>\n<\/div>\n<\/div>\n<p><bl-button a11yexpanded=\"false\" arialabel=\"Afficher toute la description\" class=\"read-more__btn\" full=\"false\" link=\"true\"><\/bl-button><\/div>","protected":false},"excerpt":{"rendered":"<div class=\"keypoints\">\n<h3 class=\"keypoints__title\">Les points cl\u00e9s<\/h3>\n<ul role=\"list\">\n<li class=\"keypoints__item\" role=\"listitem\">                                        Le four \u00e0 pizza pour d\u00e9guster des pizzas maison                      <\/li>\n<li class=\"keypoints__item\" role=\"listitem\">                          De 12 \u00e0 18 personnes &#8211;                                                      A poser                      <\/li>\n<li class=\"keypoints__item\" role=\"listitem\">                                        Inox                      <\/li>\n<li class=\"keypoints__item\" role=\"listitem\">                                        Rapidit\u00e9 de mont\u00e9e en temp\u00e9rature : 15 minutes                      <\/li>\n<li class=\"keypoints__item keypoints__item--advantage\" role=\"listitem\"><strong>Le + :<\/strong> Four \u00e0 gaz, 500\u00b0C en 15 min, cuit 2 pizzas de 50 cm, pratique et s\u00e9curis\u00e9      <\/li>\n<\/ul>","protected":false},"featured_media":77900,"template":"","meta":{"_glsr_average":0,"_glsr_ranking":0,"_glsr_reviews":0},"product_cat":[355],"product_tag":[230,356,353],"class_list":{"0":"post-77901","1":"product","2":"type-product","3":"status-publish","4":"has-post-thumbnail","6":"product_cat-grill-pierre-a-cuire","7":"product_tag-cuisine-et-cuisson","8":"product_tag-grill-pierre-a-cuire","9":"product_tag-plancha","11":"first","12":"instock","13":"sale","14":"shipping-taxable","15":"purchasable","16":"product-type-simple"},"_links":{"self":[{"href":"https:\/\/electromenagerexpress.com\/en\/wp-json\/wp\/v2\/product\/77901","targetHints":{"allow":["GET"]}}],"collection":[{"href":"https:\/\/electromenagerexpress.com\/en\/wp-json\/wp\/v2\/product"}],"about":[{"href":"https:\/\/electromenagerexpress.com\/en\/wp-json\/wp\/v2\/types\/product"}],"wp:featuredmedia":[{"embeddable":true,"href":"https:\/\/electromenagerexpress.com\/en\/wp-json\/wp\/v2\/media\/77900"}],"wp:attachment":[{"href":"https:\/\/electromenagerexpress.com\/en\/wp-json\/wp\/v2\/media?parent=77901"}],"wp:term":[{"taxonomy":"product_cat","embeddable":true,"href":"https:\/\/electromenagerexpress.com\/en\/wp-json\/wp\/v2\/product_cat?post=77901"},{"taxonomy":"product_tag","embeddable":true,"href":"https:\/\/electromenagerexpress.com\/en\/wp-json\/wp\/v2\/product_tag?post=77901"}],"curies":[{"name":"wp","href":"https:\/\/api.w.org\/{rel}","templated":true}]}}