{"id":77883,"date":"2024-11-24T14:06:52","date_gmt":"2024-11-24T14:06:52","guid":{"rendered":"https:\/\/electromenagerexpress.com\/product\/cuisine-exterieurele-marquier2-elements-avec-credences-noir\/"},"modified":"2024-11-24T14:06:53","modified_gmt":"2024-11-24T14:06:53","slug":"cuisine-exterieurele-marquier2-elements-avec-credences-noir","status":"publish","type":"product","link":"https:\/\/electromenagerexpress.com\/en\/product\/cuisine-exterieurele-marquier2-elements-avec-credences-noir\/","title":{"rendered":"Cuisine ext\u00e9rieure\t\t\t\t\t\t\tLE MARQUIER\t\t\t\t2 elements avec credences noir"},"content":{"rendered":"<div class=\"product-features__content\">\n<ul role=\"list\">\n<li class=\"product-features__item\" role=\"listitem\">\n<h3 class=\"product-features__label\">Les + de ce mod\u00e8le<\/h3>\n<ul role=\"list\">\n<li class=\"product-features__item-list__item\" role=\"listitem\"><span class=\"is--medium\">Avantages :<\/span> Modulable : le syst\u00e8me d&rsquo;attache des meubles permettent une libert\u00e9 d&rsquo;agencement\t\t\t\t\t<\/li>\n<\/ul>\n<\/li>\n<li class=\"product-features__item\" role=\"listitem\">\n<h3 class=\"product-features__label\">Caract\u00e9ristiques g\u00e9n\u00e9rales<\/h3>\n<ul role=\"list\">\n<li class=\"product-features__item-list__item\" role=\"listitem\"><span class=\"is--medium\">Meuble exterieur :<\/span> Cuisine compl\u00e8te\t\t\t\t\t<\/li>\n<li class=\"product-features__item-list__item\" role=\"listitem\"><span class=\"is--medium\">Montage :<\/span> &#8211; un meuble de cuisson avec tablette- un meuble avec tablette- 2 cr\u00e9dences centrales inox\t\t\t\t\t<\/li>\n<li class=\"product-features__item-list__item\" role=\"listitem\"><span class=\"is--medium\">Sp\u00e9cificit\u00e9s :<\/span> Pieds r\u00e9glables\t\t\t\t\t<\/li>\n<li class=\"product-features__item-list__item\" role=\"listitem\"><span class=\"is--medium\">Couleur :<\/span> Noir\t\t\t\t\t<\/li>\n<li class=\"product-features__item-list__item\" role=\"listitem\"><span class=\"is--medium\">Porte :<\/span> Oui\t\t\t\t\t<\/li>\n<\/ul>\n<\/li>\n<li class=\"product-features__item\" role=\"listitem\">\n<h3 class=\"product-features__label\">Informations compl\u00e9mentaires<\/h3>\n<ul role=\"list\">\n<li class=\"product-features__item-list__item\" role=\"listitem\"><span class=\"is--medium\">Garantie :<\/span> 2 ans\t\t\t\t\t<\/li>\n<li class=\"product-features__item-list__item\" role=\"listitem\"><span class=\"is--medium\">Disponibilit\u00e9 des pi\u00e8ces d\u00e9tach\u00e9es (donn\u00e9es fournisseur) :<\/span> Pendant 3 ans, \u00e0 compter de la date fin de fabrication\t\t\t\t\t<\/li>\n<li class=\"product-features__item-list__item\" role=\"listitem\"><span class=\"is--medium\">R\u00e9f\u00e9rence constructeur :<\/span> 2 elements avec credences noir\t\t\t\t\t<\/li>\n<li class=\"product-features__item-list__item\" role=\"listitem\"><span class=\"is--medium\">Marque :<\/span> LE MARQUIER\t\t\t\t\t<\/li>\n<\/ul>\n<\/li>\n<li class=\"product-features__item\" role=\"listitem\">\n<h3 class=\"product-features__label\">Dimensions<\/h3>\n<ul role=\"list\">\n<li class=\"product-features__item-list__item\" role=\"listitem\"><span class=\"is--medium\">Dimensions l x h x p :<\/span> 160 x 115 x 56 cm\t\t\t\t\t<\/li>\n<li class=\"product-features__item-list__item\" role=\"listitem\"><span class=\"is--medium\">Poids :<\/span> 72.4\t\t\t\t\t<\/li>\n<\/ul>\n<\/li>\n<\/ul>\n<\/div>\n<div class=\"product__disclosure-content\">\n<div class=\"js-read-more product-description__content read-more read-more--truncated\" data-read-more-name=\"description\" style=\"max-height: 500px; overflow: hidden;\">\n<p>Bien plus que de simples meubles, les \u00e9l\u00e9ments de cuisine avec cr\u00e9dences LE MARQUIER transformeront votre espace culinaire ext\u00e9rieur en un lieu de cr\u00e9ativit\u00e9 \u00e0 part enti\u00e8re.<\/p>\n<h3><img fetchpriority=\"high\" decoding=\"async\" ,=\"\" alt=\"Grde Cuisine LE MARQUIER 2 elements avec\" class=\"wy_tableau_gauche\" height=\"270\" src=\"https:\/\/boulanger.scene7.com\/is\/image\/Boulanger\/3339380166967_h_f_l_0?wid=400&amp;hei=270\" width=\"400\"\/>Pr\u00e9parez vos repas pr\u00e9f\u00e9r\u00e9s depuis votre terrasse<\/h3>\n<p>Investissez dans un espace de cuisson ext\u00e9rieur pens\u00e9 pour r\u00e9pondre \u00e0 chacun de vos besoins ! <b>\u00c9quip\u00e9s d&rsquo;une tablette, les 2 meubles LE MARQUIER<\/b> vous garantiront une pr\u00e9paration de vos plats dans les r\u00e8gles de l&rsquo;art, en plus de rendre votre rangement plus pratique. En outre, <b>les 2 cr\u00e9dences centrales en inox<\/b> ajouteront volontiers une touche de modernit\u00e9 \u00e0 votre environnement.<\/p>\n<p>Conservez tous vos ingr\u00e9dients est \u00e0 port\u00e9e de main ! Gr\u00e2ce aux rangements fonctionnels int\u00e9gr\u00e9s \u00e0 chacun des 3 \u00e9l\u00e9ments de cuisine LE MARQUIER, vous ne jonglerez plus entre vos ustensiles dispers\u00e9s. Gages de confort, <b>les 2 portes Push Pull<\/b> vous permettront d&rsquo;y acc\u00e9der facilement tout en conservant un plan de travail \u00e9pur\u00e9.<\/p>\n<h3><img decoding=\"async\" ,=\"\" alt=\"Grde Cuisine LE MARQUIER 2 elements avec\" class=\"wy_tableau_right\" height=\"270\" src=\"https:\/\/boulanger.scene7.com\/is\/image\/Boulanger\/3339380166967_h_f_l_1?wid=400&amp;hei=270\" width=\"400\"\/>Votre cuisine, \u00e0 votre image<\/h3>\n<p>Transformez votre cuisine en un lieu unique. <b>Dot\u00e9s d&rsquo;un syst\u00e8me d&rsquo;attache ing\u00e9nieux<\/b>, vos 3 \u00e9l\u00e9ments de cuisine LE MARQUIER mettront la modularit\u00e9 \u00e0 l&rsquo;honneur. Ainsi, vous pourrez agencer votre espace selon vos besoins et vos envies : la certitude d&rsquo;une libert\u00e9 d&rsquo;agencement d\u00e9cupl\u00e9e.<\/p>\n<p>Laissez libre cours \u00e0 votre imagination culinaire. Les \u00e9l\u00e9ments de cuisine LE MARQUIER vous permettront de b\u00e9n\u00e9ficier d&rsquo;une zone de travail g\u00e9n\u00e9reuse, <b>avec un plan de travail de 80 cm x 50 cm par meuble<\/b>. Vous pourrez dire adieu aux compromis sur l&rsquo;espace d\u00e9di\u00e9 \u00e0 la pr\u00e9paration : l&rsquo;assurance de profiter d&rsquo;un environnement fluide et efficace.<\/p>\n<\/p>\n<\/div>\n<p><bl-button a11yexpanded=\"false\" arialabel=\"Afficher toute la description\" class=\"read-more__btn\" full=\"false\" link=\"true\"><\/bl-button><\/div>","protected":false},"excerpt":{"rendered":"<div class=\"keypoints\">\n<h3 class=\"keypoints__title\">Les points cl\u00e9s<\/h3>\n<ul role=\"list\">\n<li class=\"keypoints__item\" role=\"listitem\">                                        Dimensions l x h x p : 160 x 115 x 56 cm                      <\/li>\n<li class=\"keypoints__item keypoints__item--advantage\" role=\"listitem\"><strong>Le + :<\/strong> Un grand espace de travail et des rangements fonctionnels gr\u00e2ce aux portes \u00ab\u00a0push pull\u00a0\u00bb      <\/li>\n<\/ul>","protected":false},"featured_media":77882,"template":"","meta":{"_glsr_average":0,"_glsr_ranking":0,"_glsr_reviews":0},"product_cat":[360],"product_tag":[361,362,230],"class_list":{"0":"post-77883","1":"product","2":"type-product","3":"status-publish","4":"has-post-thumbnail","6":"product_cat-barbecue-charbon-de-bois","7":"product_tag-barbecue","8":"product_tag-barbecue-charbon-de-bois","9":"product_tag-cuisine-et-cuisson","11":"first","12":"instock","13":"sale","14":"shipping-taxable","15":"purchasable","16":"product-type-simple"},"_links":{"self":[{"href":"https:\/\/electromenagerexpress.com\/en\/wp-json\/wp\/v2\/product\/77883","targetHints":{"allow":["GET"]}}],"collection":[{"href":"https:\/\/electromenagerexpress.com\/en\/wp-json\/wp\/v2\/product"}],"about":[{"href":"https:\/\/electromenagerexpress.com\/en\/wp-json\/wp\/v2\/types\/product"}],"wp:featuredmedia":[{"embeddable":true,"href":"https:\/\/electromenagerexpress.com\/en\/wp-json\/wp\/v2\/media\/77882"}],"wp:attachment":[{"href":"https:\/\/electromenagerexpress.com\/en\/wp-json\/wp\/v2\/media?parent=77883"}],"wp:term":[{"taxonomy":"product_cat","embeddable":true,"href":"https:\/\/electromenagerexpress.com\/en\/wp-json\/wp\/v2\/product_cat?post=77883"},{"taxonomy":"product_tag","embeddable":true,"href":"https:\/\/electromenagerexpress.com\/en\/wp-json\/wp\/v2\/product_tag?post=77883"}],"curies":[{"name":"wp","href":"https:\/\/api.w.org\/{rel}","templated":true}]}}