{"id":77810,"date":"2024-11-24T14:05:37","date_gmt":"2024-11-24T14:05:37","guid":{"rendered":"https:\/\/electromenagerexpress.com\/product\/cuisine-exterieurele-marquier3-elements-avec-credences-noir\/"},"modified":"2024-11-24T14:05:40","modified_gmt":"2024-11-24T14:05:40","slug":"cuisine-exterieurele-marquier3-elements-avec-credences-noir","status":"publish","type":"product","link":"https:\/\/electromenagerexpress.com\/en\/product\/cuisine-exterieurele-marquier3-elements-avec-credences-noir\/","title":{"rendered":"Cuisine ext\u00e9rieure\t\t\t\t\t\t\tLE MARQUIER\t\t\t\t3 elements avec credences noir"},"content":{"rendered":"<div class=\"product-features__content\">\n<ul role=\"list\">\n<li class=\"product-features__item\" role=\"listitem\">\n<h3 class=\"product-features__label\">Caract\u00e9ristiques g\u00e9n\u00e9rales<\/h3>\n<ul role=\"list\">\n<li class=\"product-features__item-list__item\" role=\"listitem\"><span class=\"is--medium\">Meuble exterieur :<\/span> Cuisine compl\u00e8te\t\t\t\t\t<\/li>\n<li class=\"product-features__item-list__item\" role=\"listitem\"><span class=\"is--medium\">Montage :<\/span> Portes doubl\u00e9es pour une meilleure tenue, avec syst\u00e8me d&rsquo;ouverture \u00ab\u00a0push pull\u00a0\u00bbPossibilit\u00e9 de rajouter des meubles \u00e0 post\u00e9rioriPossibilit\u00e9 d&rsquo;y ajouter des accessoires : roues, \u00e9tag\u00e8res, accessoires de cr\u00e9dence, etc.\t\t\t\t\t<\/li>\n<li class=\"product-features__item-list__item\" role=\"listitem\"><span class=\"is--medium\">Couleur :<\/span> Noir\t\t\t\t\t<\/li>\n<\/ul>\n<\/li>\n<li class=\"product-features__item\" role=\"listitem\">\n<h3 class=\"product-features__label\">Informations compl\u00e9mentaires<\/h3>\n<ul role=\"list\">\n<li class=\"product-features__item-list__item\" role=\"listitem\"><span class=\"is--medium\">Fabriqu\u00e9 en :<\/span> France\t\t\t\t\t<\/li>\n<li class=\"product-features__item-list__item\" role=\"listitem\"><span class=\"is--medium\">Garantie :<\/span> 2 ans\t\t\t\t\t<\/li>\n<li class=\"product-features__item-list__item\" role=\"listitem\"><span class=\"is--medium\">Disponibilit\u00e9 des pi\u00e8ces d\u00e9tach\u00e9es (donn\u00e9es fournisseur) :<\/span> Pendant 3 ans, \u00e0 compter de la date fin de fabrication\t\t\t\t\t<\/li>\n<li class=\"product-features__item-list__item\" role=\"listitem\"><span class=\"is--medium\">R\u00e9f\u00e9rence constructeur :<\/span> 3 elements avec credences noir\t\t\t\t\t<\/li>\n<li class=\"product-features__item-list__item\" role=\"listitem\"><span class=\"is--medium\">Marque :<\/span> LE MARQUIER\t\t\t\t\t<\/li>\n<\/ul>\n<\/li>\n<li class=\"product-features__item\" role=\"listitem\">\n<h3 class=\"product-features__label\">Dimensions<\/h3>\n<ul role=\"list\">\n<li class=\"product-features__item-list__item\" role=\"listitem\"><span class=\"is--medium\">Dimensions l x h x p :<\/span> 240 x 128 x 56 cm\t\t\t\t\t<\/li>\n<li class=\"product-features__item-list__item\" role=\"listitem\"><span class=\"is--medium\">Poids :<\/span> 110\t\t\t\t\t<\/li>\n<\/ul>\n<\/li>\n<\/ul>\n<\/div>\n<div class=\"product__disclosure-content\">\n<div class=\"js-read-more product-description__content read-more read-more--truncated\" data-read-more-name=\"description\" style=\"max-height: 500px; overflow: hidden;\">\n<p>Transformez votre espace ext\u00e9rieur en un v\u00e9ritable atelier gastronomique en y int\u00e9grant les 3 \u00e9l\u00e9ments de cuisine avec cr\u00e9dences LE MARQUIER.<\/p>\n<h3><img fetchpriority=\"high\" decoding=\"async\" ,=\"\" alt=\"Grde Cuisine LE MARQUIER 3 elements avec\" class=\"wy_tableau_gauche\" height=\"270\" src=\"https:\/\/boulanger.scene7.com\/is\/image\/Boulanger\/3339380167025_h_f_l_0?wid=400&amp;hei=270\" width=\"400\"\/>L&rsquo;art de cuisiner en toute libert\u00e9<\/h3>\n<p><b>Les pieds r\u00e9glables<\/b> des \u00e9l\u00e9ments LE MARQUIER assureront une stabilit\u00e9 parfaite, m\u00eame sur un sol irr\u00e9gulier. En outre, <b>le plan de travail de 80 cm x 50 cm par meuble<\/b> vous offrira suffisamment de place pour pr\u00e9parer, m\u00e9langer et servir vos plats : essentiel pour une cuisine ext\u00e9rieure aussi bien organis\u00e9e que votre cuisine int\u00e9rieure.<\/p>\n<p><b>\u00c9quip\u00e9 d&rsquo;un mitigeur haut, l&rsquo;\u00e9vier en inox int\u00e9gr\u00e9<\/b> aux \u00e9l\u00e9ments de cuisine LE MARQUIER fera de votre confort sa priorit\u00e9. Vous pourrez laver vos l\u00e9gumes, nettoyer vos ustensiles et pr\u00e9parer vos plats sans aucune g\u00eane. Ainsi, vous n&rsquo;aurez plus besoin de courir \u00e0 l&rsquo;int\u00e9rieur afin de remplir votre casserole d&rsquo;eau ou de rincer votre salade.<\/p>\n<h3><img decoding=\"async\" ,=\"\" alt=\"Grde Cuisine LE MARQUIER 3 elements avec\" class=\"wy_tableau_right\" height=\"270\" src=\"https:\/\/boulanger.scene7.com\/is\/image\/Boulanger\/3339380167025_h_f_l_1?wid=400&amp;hei=270\" width=\"400\"\/>Organisez et embellissez votre espace<\/h3>\n<p>Cr\u00e9ez votre espace id\u00e9al sans aucun compromis. En effet, <b>le syst\u00e8me d&rsquo;attache ing\u00e9nieux<\/b> des 3 meubles de cuisine avec cr\u00e9dences LE MARQUIER sera synonyme de libert\u00e9 d&rsquo;agencement sans pareille. Par ailleurs, gr\u00e2ce au <b>syst\u00e8me d&rsquo;ouverture push-pull<\/b>, les portes se fermeront naturellement : parfait pour faire le plein d&rsquo;\u00e9l\u00e9gance.<\/p>\n<p>Personnalisez votre espace \u00e0 l&rsquo;infini <b>en ajoutant des \u00e9l\u00e9ments LE MARQUIER \u00e0 posteriori si besoin<\/b>. Optez pour des cr\u00e9dences en inox pour prot\u00e9ger vos murs et pour faciliter le nettoyage, et ajoutez des \u00e9tag\u00e8res pour ranger vos \u00e9pices et vos ustensiles : la garantie d&rsquo;une cuisine qui refl\u00e8tera qui vous \u00eates vraiment.<\/p>\n<\/p>\n<\/div>\n<p><bl-button a11yexpanded=\"false\" arialabel=\"Afficher toute la description\" class=\"read-more__btn\" full=\"false\" link=\"true\"><\/bl-button><\/div>","protected":false},"excerpt":{"rendered":"<div class=\"keypoints\">\n<h3 class=\"keypoints__title\">Les points cl\u00e9s<\/h3>\n<ul role=\"list\">\n<li class=\"keypoints__item\" role=\"listitem\">                                        Dimensions l x h x p : 240 x 128 x 56 cm                      <\/li>\n<li class=\"keypoints__item keypoints__item--advantage\" role=\"listitem\"><strong>Le + :<\/strong> Con\u00e7ue pour \u00eatre durable et modulable, la cuisine s&rsquo;adapte \u00e0 vos besoins et vos envies.      <\/li>\n<\/ul>","protected":false},"featured_media":77809,"template":"","meta":{"_glsr_average":0,"_glsr_ranking":0,"_glsr_reviews":0},"product_cat":[367],"product_tag":[368,230,353],"class_list":{"0":"post-77810","1":"product","2":"type-product","3":"status-publish","4":"has-post-thumbnail","6":"product_cat-chariot-plancha","7":"product_tag-chariot-plancha","8":"product_tag-cuisine-et-cuisson","9":"product_tag-plancha","11":"first","12":"instock","13":"sale","14":"shipping-taxable","15":"purchasable","16":"product-type-simple"},"_links":{"self":[{"href":"https:\/\/electromenagerexpress.com\/en\/wp-json\/wp\/v2\/product\/77810","targetHints":{"allow":["GET"]}}],"collection":[{"href":"https:\/\/electromenagerexpress.com\/en\/wp-json\/wp\/v2\/product"}],"about":[{"href":"https:\/\/electromenagerexpress.com\/en\/wp-json\/wp\/v2\/types\/product"}],"wp:featuredmedia":[{"embeddable":true,"href":"https:\/\/electromenagerexpress.com\/en\/wp-json\/wp\/v2\/media\/77809"}],"wp:attachment":[{"href":"https:\/\/electromenagerexpress.com\/en\/wp-json\/wp\/v2\/media?parent=77810"}],"wp:term":[{"taxonomy":"product_cat","embeddable":true,"href":"https:\/\/electromenagerexpress.com\/en\/wp-json\/wp\/v2\/product_cat?post=77810"},{"taxonomy":"product_tag","embeddable":true,"href":"https:\/\/electromenagerexpress.com\/en\/wp-json\/wp\/v2\/product_tag?post=77810"}],"curies":[{"name":"wp","href":"https:\/\/api.w.org\/{rel}","templated":true}]}}