{"id":77766,"date":"2024-11-24T14:04:28","date_gmt":"2024-11-24T14:04:28","guid":{"rendered":"https:\/\/electromenagerexpress.com\/product\/grille-viandeninjafoodi-max-pro-ag651eu\/"},"modified":"2024-11-24T14:04:44","modified_gmt":"2024-11-24T14:04:44","slug":"grille-viandeninjafoodi-max-pro-ag651eu","status":"publish","type":"product","link":"https:\/\/electromenagerexpress.com\/en\/product\/grille-viandeninjafoodi-max-pro-ag651eu\/","title":{"rendered":"Grille-viande\t\t\t\t\t\t\tNINJA\t\t\t\tFoodi MAX PRO AG651EU"},"content":{"rendered":"<div class=\"product-features__content\">\n<ul role=\"list\">\n<li class=\"product-features__item\" role=\"listitem\">\n<h3 class=\"product-features__label\">Caract\u00e9ristiques g\u00e9n\u00e9rales<\/h3>\n<ul role=\"list\">\n<li class=\"product-features__item-list__item\" role=\"listitem\"><span class=\"is--medium\">Coloris :<\/span> Noir &amp; Inox\t\t\t\t\t<\/li>\n<li class=\"product-features__item-list__item\" role=\"listitem\"><span class=\"is--medium\">Fonction :<\/span> Gril contact, gril, barbecue et plancha\t\t\t\t\t<\/li>\n<li class=\"product-features__item-list__item\" role=\"listitem\"><span class=\"is--medium\">Puissance :<\/span> 2.460 W\t\t\t\t\t<\/li>\n<li class=\"product-features__item-list__item\" role=\"listitem\"><span class=\"is--medium\">Surface de cuisson :<\/span> 20 x 33 cm\t\t\t\t\t<\/li>\n<li class=\"product-features__item-list__item\" role=\"listitem\"><span class=\"is--medium\">Thermostat r\u00e9glable :<\/span> Oui\t\t\t\t\t<\/li>\n<li class=\"product-features__item-list__item\" role=\"listitem\"><span class=\"is--medium\">Minuterie :<\/span> Oui\t\t\t\t\t<\/li>\n<li class=\"product-features__item-list__item\" role=\"listitem\"><span class=\"is--medium\">Signal sonore :<\/span> Oui\t\t\t\t\t<\/li>\n<li class=\"product-features__item-list__item\" role=\"listitem\"><span class=\"is--medium\">Voyant de pr\u00e9chauffage :<\/span> Oui\t\t\t\t\t<\/li>\n<li class=\"product-features__item-list__item\" role=\"listitem\"><span class=\"is--medium\">Poign\u00e9e thermo isolante :<\/span> Oui\t\t\t\t\t<\/li>\n<li class=\"product-features__item-list__item\" role=\"listitem\"><span class=\"is--medium\">Charni\u00e8re ajustable :<\/span> Non\t\t\t\t\t<\/li>\n<li class=\"product-features__item-list__item\" role=\"listitem\"><span class=\"is--medium\">Nombre de personnes :<\/span> De 4 \u00e0 6 personnes\t\t\t\t\t<\/li>\n<li class=\"product-features__item-list__item\" role=\"listitem\"><span class=\"is--medium\">Arr\u00eat automatique :<\/span> Oui\t\t\t\t\t<\/li>\n<li class=\"product-features__item-list__item\" role=\"listitem\"><span class=\"is--medium\">Gamme :<\/span> Ninja Foodi\t\t\t\t\t<\/li>\n<\/ul>\n<\/li>\n<li class=\"product-features__item\" role=\"listitem\">\n<h3 class=\"product-features__label\">Plaques<\/h3>\n<ul role=\"list\">\n<li class=\"product-features__item-list__item\" role=\"listitem\"><span class=\"is--medium\">Hauteur de la plaque sup\u00e9rieure r\u00e9glable :<\/span> Non\t\t\t\t\t<\/li>\n<li class=\"product-features__item-list__item\" role=\"listitem\"><span class=\"is--medium\">Rev\u00eatement :<\/span> anti-adh\u00e9sif\t\t\t\t\t<\/li>\n<li class=\"product-features__item-list__item\" role=\"listitem\"><span class=\"is--medium\">Plaques amovibles :<\/span> Oui\t\t\t\t\t<\/li>\n<li class=\"product-features__item-list__item\" role=\"listitem\"><span class=\"is--medium\">Plaques compatibles lave-vaisselle :<\/span> Oui\t\t\t\t\t<\/li>\n<li class=\"product-features__item-list__item\" role=\"listitem\"><span class=\"is--medium\">Grille anti-\u00e9claboussures :<\/span> Oui\t\t\t\t\t<\/li>\n<\/ul>\n<\/li>\n<li class=\"product-features__item\" role=\"listitem\">\n<h3 class=\"product-features__label\">Programmes<\/h3>\n<ul role=\"list\">\n<li class=\"product-features__item-list__item\" role=\"listitem\"><span class=\"is--medium\">Nombre de programmes :<\/span> 7 modes de cuisson : griller, plancha, frire sans huile, r\u00f4tir, cuire au four, d\u00e9shydrater, r\u00e9chauffer\t\t\t\t\t<\/li>\n<\/ul>\n<\/li>\n<li class=\"product-features__item\" role=\"listitem\">\n<h3 class=\"product-features__label\">Rangement<\/h3>\n<ul role=\"list\">\n<li class=\"product-features__item-list__item\" role=\"listitem\"><span class=\"is--medium\">Rangement vertical :<\/span> Non\t\t\t\t\t<\/li>\n<\/ul>\n<\/li>\n<li class=\"product-features__item\" role=\"listitem\">\n<h3 class=\"product-features__label\">Bac de r\u00e9cup\u00e9ration des graisses<\/h3>\n<ul role=\"list\">\n<li class=\"product-features__item-list__item\" role=\"listitem\"><span class=\"is--medium\">Bac r\u00e9cup\u00e9rateur de graisses :<\/span> Non\t\t\t\t\t<\/li>\n<\/ul>\n<\/li>\n<li class=\"product-features__item\" role=\"listitem\">\n<h3 class=\"product-features__label\">Informations compl\u00e9mentaires<\/h3>\n<ul role=\"list\">\n<li class=\"product-features__item-list__item\" role=\"listitem\"><span class=\"is--medium\">Fabriqu\u00e9 en :<\/span> Chine\t\t\t\t\t<\/li>\n<li class=\"product-features__item-list__item\" role=\"listitem\"><span class=\"is--medium\">Garantie :<\/span> 2 ans\t\t\t\t\t<\/li>\n<li class=\"product-features__item-list__item\" role=\"listitem\"><span class=\"is--medium\">Disponibilit\u00e9 des pi\u00e8ces d\u00e9tach\u00e9es (donn\u00e9es fournisseur) :<\/span> Pendant 2 ans, \u00e0 compter de la date d&rsquo;achat\t\t\t\t\t<\/li>\n<li class=\"product-features__item-list__item\" role=\"listitem\"><span class=\"is--medium\">R\u00e9f\u00e9rence constructeur :<\/span> Foodi MAX PRO AG651EU\t\t\t\t\t<\/li>\n<li class=\"product-features__item-list__item\" role=\"listitem\"><span class=\"is--medium\">Marque :<\/span> NINJA\t\t\t\t\t<\/li>\n<\/ul>\n<\/li>\n<li class=\"product-features__item\" role=\"listitem\">\n<h3 class=\"product-features__label\">Dimensions<\/h3>\n<ul role=\"list\">\n<li class=\"product-features__item-list__item\" role=\"listitem\"><span class=\"is--medium\">Dimensions l x h x p :<\/span> 39 x 28 x 42 cm\t\t\t\t\t<\/li>\n<li class=\"product-features__item-list__item\" role=\"listitem\"><span class=\"is--medium\">Poids net :<\/span> 11,70 Kg\t\t\t\t\t<\/li>\n<\/ul>\n<\/li>\n<\/ul>\n<\/div>\n<div class=\"product__disclosure-content\">\n<div class=\"js-read-more product-description__content read-more read-more--truncated\" data-read-more-name=\"description\" style=\"max-height: 500px; overflow: hidden;\">\n<p><strong><img fetchpriority=\"high\" decoding=\"async\" alt=\"URL SCENE7\" class=\"wy_tableau_gauche\" height=\"237\" src=\"https:\/\/boulanger.scene7.com\/is\/image\/Boulanger\/0622356249003_h_b_l_0?wid=1000\" width=\"316\"\/>Un grill polyvalent pour cuisiner avec pr\u00e9cision<\/strong><\/p>\n<p>Choisissez entre\u00a0 <strong>2 plaques de cuisson interchangeables selon vos envies<\/strong> : la plaque de grill avec r\u00e9sistance de chauffe int\u00e9gr\u00e9e pour faire griller les aliments avec de magnifiques marques de saisie, ou la plancha pour saisir et faire sauter les aliments d\u00e9licats. <\/p>\n<p>Pour une cuisson sur-mesure, faites confiance au <strong>syst\u00e8me Smart Cook<\/strong>. Choisissez le type de viande\/poisson cuisin\u00e9 et le r\u00e9sultat de cuisson \u00e0 coeur souhait\u00e9. La thermosonde num\u00e9rique surveille avec pr\u00e9cision la temp\u00e9rature \u00e0 coeur de vos aliments pendant la cuisson et vous indique quand ils sont pr\u00eats \u00e0 \u00eatre d\u00e9gust\u00e9s\u00a0! \u00a0<\/p>\n<p><strong>Des grillades et fritures quasiment sans aucune fum\u00e9e<img decoding=\"async\" alt=\"URL SCENE7\" class=\"wy_tableau_right\" height=\"271\" src=\"https:\/\/boulanger.scene7.com\/is\/image\/Boulanger\/0622356249003_h_f_l_5?wid=1000\" width=\"363\"\/><\/strong><\/p>\n<p>Retrouvez les saveurs authentiques d&rsquo;une grillade gr\u00e2ce \u00e0 l<strong>atechnologie Air Cyclonique<\/strong>. L&rsquo;air chaud (jusqu&rsquo;\u00e0 260\u00b0) circule autour de vos aliments, qui cuisent rapidement et uniform\u00e9ment sans avoir besoin de les retourner.<br \/>\u00a0<br \/>La protection anti-\u00e9claboussures et la zone d&rsquo;air froid int\u00e9gr\u00e9s au grill permettent de r\u00e9duire la fum\u00e9e de cuisson, vous permettant ainsi de savourer des viandes juteuses et grill\u00e9es \u00e0 la perfection, quasiment sans aucune fum\u00e9e dans votre int\u00e9rieur. <\/p>\n<p>Vous souhaitez d\u00e9guster des fritures sans culpabiliser\u00a0? Utilisez la friture sans huile et cuisinez avec jusqu&rsquo;\u00e0 75% de mati\u00e8res grasses en moins que les m\u00e9thodes de friture traditionnelles. \u00a0<br \/>*Test r\u00e9alis\u00e9 sur des frites coup\u00e9es \u00e0 la main avec cuisson en friture traditionnelle.<\/p>\n<p><strong><img decoding=\"async\" alt=\"URL SCENE7\" class=\"wy_tableau_gauche\" height=\"290\" src=\"https:\/\/boulanger.scene7.com\/is\/image\/Boulanger\/0622356249003_h_b_l_3?wid=1000\" width=\"387\"\/>Bien plus qu&rsquo;un simple grill\u00a0<\/strong><\/p>\n<p>Pr\u00e9parez des repas complets, de l&rsquo;entr\u00e9e au dessert, gr\u00e2ce aux 7 modes de cuisson personnalisables : griller, cuire \u00e0 la plancha, frire sans huile, r\u00f4tir, cuire au four, r\u00e9chauffer et d\u00e9shydrater.<\/p>\n<p>Pour des pr\u00e9parations sur-mesure, adaptez facilement la temp\u00e9rature et dur\u00e9e de cuisson gr\u00e2ce aux commandes simples d&rsquo;utilisation. <\/p>\n<p>Envie d&rsquo;inspiration?? Rendez-vous sur le site Cooking Circle\u00a0(https:\/\/cookingcircle.com\/fr\/?s=AG651) pour d\u00e9couvrir de d\u00e9licieuses recettes \u00e0 r\u00e9aliser avec votre Grill d&rsquo;int\u00e9rieur &amp; Plancha Ninja Foodi Max Pro.<\/p>\n<\/p>\n<p><video class=\"s7Video\" controls=\"\" controlslist=\"nodownload\" poster=\"https:\/\/boulanger.scene7.com\/is\/image\/Boulanger\/0622356249003_v_0?scl=1\" preload=\"metadata\" src=\"https:\/\/boulanger.scene7.com\/is\/content\/Boulanger\/0622356249003_v_0\" width=\"100%\"><\/video><\/p>\n<\/div>\n<p><bl-button a11yexpanded=\"false\" arialabel=\"Afficher toute la description\" class=\"read-more__btn\" full=\"false\" link=\"true\"><\/bl-button><\/div>","protected":false},"excerpt":{"rendered":"<div class=\"keypoints\">\n<h3 class=\"keypoints__title\">Les points cl\u00e9s<\/h3>\n<ul role=\"list\">\n<li class=\"keypoints__item\" role=\"listitem\">                                        Gril contact, gril, barbecue et plancha                      <\/li>\n<li class=\"keypoints__item\" role=\"listitem\">                          2.460 W &#8211;                                                      Thermostat r\u00e9glable                      <\/li>\n<li class=\"keypoints__item\" role=\"listitem\">                                        Plaques amovibles                      <\/li>\n<li class=\"keypoints__item\" role=\"listitem\">                                        Surface de cuisson : 20 x 33 cm                      <\/li>\n<li class=\"keypoints__item keypoints__item--advantage\" role=\"listitem\"><strong>Le + :<\/strong> Plus qu&rsquo;un grill, r\u00e9alisez des repas conviviaux et sains avec la plancha avec ou sans mati\u00e8re grasse      <\/li>\n<\/ul>","protected":false},"featured_media":77765,"template":"","meta":{"_glsr_average":0,"_glsr_ranking":0,"_glsr_reviews":0},"product_cat":[355],"product_tag":[230,356,353],"class_list":{"0":"post-77766","1":"product","2":"type-product","3":"status-publish","4":"has-post-thumbnail","6":"product_cat-grill-pierre-a-cuire","7":"product_tag-cuisine-et-cuisson","8":"product_tag-grill-pierre-a-cuire","9":"product_tag-plancha","11":"first","12":"instock","13":"sale","14":"shipping-taxable","15":"purchasable","16":"product-type-simple"},"_links":{"self":[{"href":"https:\/\/electromenagerexpress.com\/en\/wp-json\/wp\/v2\/product\/77766","targetHints":{"allow":["GET"]}}],"collection":[{"href":"https:\/\/electromenagerexpress.com\/en\/wp-json\/wp\/v2\/product"}],"about":[{"href":"https:\/\/electromenagerexpress.com\/en\/wp-json\/wp\/v2\/types\/product"}],"wp:featuredmedia":[{"embeddable":true,"href":"https:\/\/electromenagerexpress.com\/en\/wp-json\/wp\/v2\/media\/77765"}],"wp:attachment":[{"href":"https:\/\/electromenagerexpress.com\/en\/wp-json\/wp\/v2\/media?parent=77766"}],"wp:term":[{"taxonomy":"product_cat","embeddable":true,"href":"https:\/\/electromenagerexpress.com\/en\/wp-json\/wp\/v2\/product_cat?post=77766"},{"taxonomy":"product_tag","embeddable":true,"href":"https:\/\/electromenagerexpress.com\/en\/wp-json\/wp\/v2\/product_tag?post=77766"}],"curies":[{"name":"wp","href":"https:\/\/api.w.org\/{rel}","templated":true}]}}