{"id":77745,"date":"2024-11-24T14:04:10","date_gmt":"2024-11-24T14:04:10","guid":{"rendered":"https:\/\/electromenagerexpress.com\/product\/plancha-electriqueforge-adourmodern-e45-inox\/"},"modified":"2024-11-24T14:04:16","modified_gmt":"2024-11-24T14:04:16","slug":"plancha-electriqueforge-adourmodern-e45-inox","status":"publish","type":"product","link":"https:\/\/electromenagerexpress.com\/en\/product\/plancha-electriqueforge-adourmodern-e45-inox\/","title":{"rendered":"Plancha \u00e9lectrique\t\t\t\t\t\t\tFORGE ADOUR\t\t\t\tModern E45 Inox"},"content":{"rendered":"<div class=\"product-features__content\">\n<ul role=\"list\">\n<li class=\"product-features__item\" role=\"listitem\">\n<h3 class=\"product-features__label\">Cuisson<\/h3>\n<ul role=\"list\">\n<li class=\"product-features__item-list__item\" role=\"listitem\"><span class=\"is--medium\">Nombre de personnes :<\/span> De 4 \u00e0 6 personnes\t\t\t\t\t<\/li>\n<li class=\"product-features__item-list__item\" role=\"listitem\"><span class=\"is--medium\">Energie :<\/span> Electrique\t\t\t\t\t<\/li>\n<li class=\"product-features__item-list__item\" role=\"listitem\"><span class=\"is--medium\">Puissance :<\/span> 2500W\t\t\t\t\t<\/li>\n<li class=\"product-features__item-list__item\" role=\"listitem\"><span class=\"is--medium\">Zone de cuisson :<\/span> 1 zone\t\t\t\t\t<\/li>\n<li class=\"product-features__item-list__item\" role=\"listitem\"><span class=\"is--medium\">Thermostat r\u00e9glable :<\/span> Oui\t\t\t\t\t<\/li>\n<li class=\"product-features__item-list__item\" role=\"listitem\"><span class=\"is--medium\">Temp\u00e9rature maximum de cuisson :<\/span> 300\u00b0C\t\t\t\t\t<\/li>\n<li class=\"product-features__item-list__item\" role=\"listitem\"><span class=\"is--medium\">Rapidit\u00e9 de mont\u00e9e en temp\u00e9rature :<\/span> 10 minutes\t\t\t\t\t<\/li>\n<\/ul>\n<\/li>\n<li class=\"product-features__item\" role=\"listitem\">\n<h3 class=\"product-features__label\">Equipement<\/h3>\n<ul role=\"list\">\n<li class=\"product-features__item-list__item\" role=\"listitem\"><span class=\"is--medium\">Nombre de plaques :<\/span> 1 plaque\t\t\t\t\t<\/li>\n<li class=\"product-features__item-list__item\" role=\"listitem\"><span class=\"is--medium\">Plaque inclin\u00e9e :<\/span> Non\t\t\t\t\t<\/li>\n<li class=\"product-features__item-list__item\" role=\"listitem\"><span class=\"is--medium\">Plaque r\u00e9versible :<\/span> Non\t\t\t\t\t<\/li>\n<li class=\"product-features__item-list__item\" role=\"listitem\"><span class=\"is--medium\">Booster :<\/span> Non\t\t\t\t\t<\/li>\n<li class=\"product-features__item-list__item\" role=\"listitem\"><span class=\"is--medium\">Syst\u00e8me d&rsquo;allumage :<\/span> Facile et rapide avec le thermostat\t\t\t\t\t<\/li>\n<li class=\"product-features__item-list__item\" role=\"listitem\"><span class=\"is--medium\">Minuteur :<\/span> Non\t\t\t\t\t<\/li>\n<li class=\"product-features__item-list__item\" role=\"listitem\"><span class=\"is--medium\">Crochets de suspension :<\/span> Non\t\t\t\t\t<\/li>\n<li class=\"product-features__item-list__item\" role=\"listitem\"><span class=\"is--medium\">Faites \u00e9voluer votre plancha :<\/span> <a href=\"https:\/\/www.boulanger.com\/c\/accessoire-barbecue\" target=\"_blank\">En cliquant ici<\/a><\/li>\n<\/ul>\n<\/li>\n<li class=\"product-features__item\" role=\"listitem\">\n<h3 class=\"product-features__label\">Mati\u00e8re et coloris<\/h3>\n<ul role=\"list\">\n<li class=\"product-features__item-list__item\" role=\"listitem\"><span class=\"is--medium\">De la surface de la plaque :<\/span> Fonte \u00e9maill\u00e9e\t\t\t\t\t<\/li>\n<li class=\"product-features__item-list__item\" role=\"listitem\"><span class=\"is--medium\">Du chassis :<\/span> Inox\t\t\t\t\t<\/li>\n<li class=\"product-features__item-list__item\" role=\"listitem\"><span class=\"is--medium\">Coloris :<\/span> Gris\/Noir\t\t\t\t\t<\/li>\n<\/ul>\n<\/li>\n<li class=\"product-features__item\" role=\"listitem\">\n<h3 class=\"product-features__label\">Facilit\u00e9 de nettoyage<\/h3>\n<ul role=\"list\">\n<li class=\"product-features__item-list__item\" role=\"listitem\"><span class=\"is--medium\">Plaque amovible :<\/span> Non\t\t\t\t\t<\/li>\n<li class=\"product-features__item-list__item\" role=\"listitem\"><span class=\"is--medium\">Compatible au lave-vaisselle :<\/span> R\u00e9cup\u00e9rateur de jus \/ graisses\t\t\t\t\t<\/li>\n<li class=\"product-features__item-list__item\" role=\"listitem\"><span class=\"is--medium\">R\u00e9sistance amovible :<\/span> Non\t\t\t\t\t<\/li>\n<li class=\"product-features__item-list__item\" role=\"listitem\"><span class=\"is--medium\">Thermostat amovible :<\/span> Non\t\t\t\t\t<\/li>\n<li class=\"product-features__item-list__item\" role=\"listitem\"><span class=\"is--medium\">R\u00e9cup\u00e9rateur de jus \/ graisses :<\/span> Oui\t\t\t\t\t<\/li>\n<\/ul>\n<\/li>\n<li class=\"product-features__item\" role=\"listitem\">\n<h3 class=\"product-features__label\">Agencement<\/h3>\n<ul role=\"list\">\n<li class=\"product-features__item-list__item\" role=\"listitem\"><span class=\"is--medium\">Mobilit\u00e9 :<\/span> A poser\t\t\t\t\t<\/li>\n<li class=\"product-features__item-list__item\" role=\"listitem\"><span class=\"is--medium\">Avantage de la mobilit\u00e9 :<\/span> A poser sur la table\t\t\t\t\t<\/li>\n<li class=\"product-features__item-list__item\" role=\"listitem\"><span class=\"is--medium\">Utilisation :<\/span> Int\u00e9rieur et ext\u00e9rieur\t\t\t\t\t<\/li>\n<li class=\"product-features__item-list__item\" role=\"listitem\"><span class=\"is--medium\">Pieds r\u00e9glables :<\/span> Pour l&rsquo;installer \u00e0 la hauteur que vous d\u00e9sirez\t\t\t\t\t<\/li>\n<li class=\"product-features__item-list__item\" role=\"listitem\"><span class=\"is--medium\">Couvercle :<\/span> Non\t\t\t\t\t<\/li>\n<li class=\"product-features__item-list__item\" role=\"listitem\"><span class=\"is--medium\">Pare-vent :<\/span> Non\t\t\t\t\t<\/li>\n<li class=\"product-features__item-list__item\" role=\"listitem\"><span class=\"is--medium\">Tablette de travail :<\/span> Non\t\t\t\t\t<\/li>\n<li class=\"product-features__item-list__item\" role=\"listitem\"><span class=\"is--medium\">Poign\u00e9es de transport :<\/span> Non\t\t\t\t\t<\/li>\n<li class=\"product-features__item-list__item\" role=\"listitem\"><span class=\"is--medium\">Espace de rangement :<\/span> Non\t\t\t\t\t<\/li>\n<\/ul>\n<\/li>\n<li class=\"product-features__item\" role=\"listitem\">\n<h3 class=\"product-features__label\">S\u00e9curit\u00e9<\/h3>\n<ul role=\"list\">\n<li class=\"product-features__item-list__item\" role=\"listitem\"><span class=\"is--medium\">Poign\u00e9e froide :<\/span> Non\t\t\t\t\t<\/li>\n<li class=\"product-features__item-list__item\" role=\"listitem\"><span class=\"is--medium\">Voyant lumineux de fonctionnement :<\/span> Oui\t\t\t\t\t<\/li>\n<li class=\"product-features__item-list__item\" role=\"listitem\"><span class=\"is--medium\">Pieds antid\u00e9rapants :<\/span> Oui\t\t\t\t\t<\/li>\n<li class=\"product-features__item-list__item\" role=\"listitem\"><span class=\"is--medium\">Syst\u00e8me de s\u00e9curit\u00e9 :<\/span> Oui\t\t\t\t\t<\/li>\n<\/ul>\n<\/li>\n<li class=\"product-features__item\" role=\"listitem\">\n<h3 class=\"product-features__label\">Et en plus<\/h3>\n<ul role=\"list\">\n<li class=\"product-features__item-list__item\" role=\"listitem\"><span class=\"is--medium\">D\u00e9couvrez la garantie Forge Adour :<\/span> <a href=\"http:\/\/boulanger.scene7.com\/is\/content\/Boulanger\/1.Produit\/Annexes\/Garanties_Forge_Adour_2021.pdf\" target=\"_blank\"> Garantie Forge Adour<\/a><\/li>\n<li class=\"product-features__item-list__item\" role=\"listitem\"><span class=\"is--medium\">D\u00e9couvrez :<\/span> <a href=\"https:\/\/commeunchef.boulanger.com\/\" target=\"_blank\"> Comme un Chef<\/a><\/li>\n<\/ul>\n<\/li>\n<li class=\"product-features__item\" role=\"listitem\">\n<h3 class=\"product-features__label\">Dimensions<\/h3>\n<ul role=\"list\">\n<li class=\"product-features__item-list__item\" role=\"listitem\"><span class=\"is--medium\">Dimension de la surface de cuisson :<\/span> 43,5 x 40,5 cm\t\t\t\t\t<\/li>\n<li class=\"product-features__item-list__item\" role=\"listitem\"><span class=\"is--medium\">Longueur du cordon \u00e9lectrique :<\/span> 2 m\t\t\t\t\t<\/li>\n<li class=\"product-features__item-list__item\" role=\"listitem\"><span class=\"is--medium\">Dimensions l x h x p :<\/span> 50.5 x 23.8 x 54.5 cm\t\t\t\t\t<\/li>\n<li class=\"product-features__item-list__item\" role=\"listitem\"><span class=\"is--medium\">Poids Net (kg) :<\/span> 28\t\t\t\t\t<\/li>\n<\/ul>\n<\/li>\n<li class=\"product-features__item\" role=\"listitem\">\n<h3 class=\"product-features__label\">Informations compl\u00e9mentaires<\/h3>\n<ul role=\"list\">\n<li class=\"product-features__item-list__item\" role=\"listitem\"><span class=\"is--medium\">Garantie :<\/span> 24\t\t\t\t\t<\/li>\n<li class=\"product-features__item-list__item\" role=\"listitem\"><span class=\"is--medium\">Fabriqu\u00e9 en :<\/span> Espagne\t\t\t\t\t<\/li>\n<li class=\"product-features__item-list__item\" role=\"listitem\"><span class=\"is--medium\">Disponibilit\u00e9 des pi\u00e8ces d\u00e9tach\u00e9es (donn\u00e9es fournisseur) :<\/span> Pas de pi\u00e8ce disponible\t\t\t\t\t<\/li>\n<\/ul>\n<\/li>\n<\/ul>\n<\/div>\n<div class=\"product__disclosure-content\">\n<div class=\"js-read-more product-description__content read-more read-more--truncated\" data-read-more-name=\"description\" style=\"max-height: 500px; overflow: hidden;\">\n<p>D\u00e9couvrez les plaisirs de viandes grill\u00e9es \u00e0 la perfection ou de l\u00e9gumes parfaitement saisis, le tout sans le moindre effort avec la <b>Plancha FORGE ADOUR Modern E45 Inox <\/b>. Facile \u00e0 utiliser, il suffit de quelques minutes pour la mettre en marche et la nettoyer, vous laissant le temps de profiter de vos talents de cuisiner!<\/p>\n<h3><img fetchpriority=\"high\" decoding=\"async\" ,=\"\" alt=\"Plancha FORGE ADOUR Modern E45 Inox\" class=\"wy_tableau_gauche\" height=\"270\" src=\"https:\/\/boulanger.scene7.com\/is\/image\/Boulanger\/8436550202229_h_f_l_0?wid=400&amp;hei=270\" width=\"400\"\/>Un appareil fiable et durable<\/h3>\n<p>La Plancha FORGE ADOUR dispose d&rsquo;un <b>ch\u00e2ssis en inox satin\u00e9 double paroi ainsi que d&rsquo;une plaque monobloc en fonte \u00e9maill\u00e9e<\/b>. Les avantages\u00a0? un appareil ultra r\u00e9sistant aux mat\u00e9riaux durables qui sauront r\u00e9sister dans le temps. Robuste, elle est facile \u00e0 installer et son design ergonomique fait qu&rsquo;elle pourra s&rsquo;adapter \u00e0 toutes les surfaces. <\/p>\n<p>La Plancha FORGE ADOUR Modern E45 Inox vous offrira des viandes grill\u00e9es \u00e0 la perfection, des poissons saisis et des l\u00e9gumes fermes et croquants en deux temps trois mouvements. Elle dispose de <b>manettes ABS noires avec un anneau gris clair<\/b>, mais aussi de thermostats de s\u00e9curit\u00e9 pour une utilisation toujours s\u00fbre. <\/p>\n<h3><img decoding=\"async\" ,=\"\" alt=\"Plancha FORGE ADOUR Modern E45 Inox\" class=\"wy_tableau_right\" height=\"270\" src=\"https:\/\/boulanger.scene7.com\/is\/image\/Boulanger\/8436550202229_h_f_l_1?wid=400&amp;hei=270\" width=\"400\"\/>La performance au quotidien<\/h3>\n<p>Que ce soit pour vos soir\u00e9es d&rsquo;hiver ou vos barbecues d&rsquo;\u00e9t\u00e9, la Plancha FORGE ADOUR Modern E45 Inox <b>peut \u00eatre utilis\u00e9e aussi bien \u00e0 l&rsquo;ext\u00e9rieur qu&rsquo;\u00e0 l&rsquo;int\u00e9rieur<\/b>. Sa surface de cuisson de 43.5 X 40.5 cm vous permet de cuire et griller assez de viandes, l\u00e9gumes ou poissons pour 4\/6 personnes! <\/p>\n<p>La Plancha FORGE ADOUR Modern E45 Inox vous propose un <b>r\u00e9cup\u00e9rateur de graisses en fonte alu r\u00e9sistant et extr\u00eamement facile \u00e0 nettoyer<\/b>. Sa capacit\u00e9 de 1,2 L fait que vous n&rsquo;aurez pas \u00e0 le nettoyer en pleine cuisson et que vous pourrez cuire des repas entiers sans interruption. Il est accessible gr\u00e2ce \u00e0 sa fonction push to open propre et pratique.  <\/p>\n<\/p>\n<\/div>\n<p><bl-button a11yexpanded=\"false\" arialabel=\"Afficher toute la description\" class=\"read-more__btn\" full=\"false\" link=\"true\">Voir plus<\/bl-button><\/div>","protected":false},"excerpt":{"rendered":"<div class=\"keypoints\">\n<h3 class=\"keypoints__title\">Les points cl\u00e9s<\/h3>\n<ul role=\"list\">\n<li class=\"keypoints__item\" role=\"listitem\">                                        Cuisson pr\u00e9cise et maitris\u00e9e avec le thermostat en int\u00e9rieur comme en ext\u00e9rieur                      <\/li>\n<li class=\"keypoints__item\" role=\"listitem\">                          De 4 \u00e0 6 personnes &#8211;                                                      A poser                      <\/li>\n<li class=\"keypoints__item\" role=\"listitem\">                                        Mati\u00e8re de la surface de cuisson : fonte \u00e9maill\u00e9e                      <\/li>\n<li class=\"keypoints__item\" role=\"listitem\">                          Dimension de la surface de cuisson : 43,5 x 40,5 cm &#8211;                                                      1 zone                      <\/li>\n<li class=\"keypoints__item keypoints__item--advantage\" role=\"listitem\"><strong>Le + :<\/strong> Cuisson homog\u00e8ne et pr\u00e9cise, nettoyage facile et rebords anti \u00e9claboussures      <\/li>\n<\/ul>","protected":false},"featured_media":77744,"template":"","meta":{"_glsr_average":0,"_glsr_ranking":0,"_glsr_reviews":0},"product_cat":[357],"product_tag":[230,353,358],"class_list":{"0":"post-77745","1":"product","2":"type-product","3":"status-publish","4":"has-post-thumbnail","6":"product_cat-plancha-electrique","7":"product_tag-cuisine-et-cuisson","8":"product_tag-plancha","9":"product_tag-plancha-electrique","11":"first","12":"instock","13":"sale","14":"shipping-taxable","15":"purchasable","16":"product-type-simple"},"_links":{"self":[{"href":"https:\/\/electromenagerexpress.com\/en\/wp-json\/wp\/v2\/product\/77745","targetHints":{"allow":["GET"]}}],"collection":[{"href":"https:\/\/electromenagerexpress.com\/en\/wp-json\/wp\/v2\/product"}],"about":[{"href":"https:\/\/electromenagerexpress.com\/en\/wp-json\/wp\/v2\/types\/product"}],"wp:featuredmedia":[{"embeddable":true,"href":"https:\/\/electromenagerexpress.com\/en\/wp-json\/wp\/v2\/media\/77744"}],"wp:attachment":[{"href":"https:\/\/electromenagerexpress.com\/en\/wp-json\/wp\/v2\/media?parent=77745"}],"wp:term":[{"taxonomy":"product_cat","embeddable":true,"href":"https:\/\/electromenagerexpress.com\/en\/wp-json\/wp\/v2\/product_cat?post=77745"},{"taxonomy":"product_tag","embeddable":true,"href":"https:\/\/electromenagerexpress.com\/en\/wp-json\/wp\/v2\/product_tag?post=77745"}],"curies":[{"name":"wp","href":"https:\/\/api.w.org\/{rel}","templated":true}]}}