{"id":77699,"date":"2024-11-24T14:03:27","date_gmt":"2024-11-24T14:03:27","guid":{"rendered":"https:\/\/electromenagerexpress.com\/product\/plancha-electriqueforge-adourcooking\/"},"modified":"2024-11-24T14:03:34","modified_gmt":"2024-11-24T14:03:34","slug":"plancha-electriqueforge-adourcooking","status":"publish","type":"product","link":"https:\/\/electromenagerexpress.com\/en\/product\/plancha-electriqueforge-adourcooking\/","title":{"rendered":"Plancha \u00e9lectrique\t\t\t\t\t\t\tFORGE ADOUR\t\t\t\tcooking"},"content":{"rendered":"<div class=\"product-features__content\">\n<ul role=\"list\">\n<li class=\"product-features__item\" role=\"listitem\">\n<h3 class=\"product-features__label\">Cuisson<\/h3>\n<ul role=\"list\">\n<li class=\"product-features__item-list__item\" role=\"listitem\"><span class=\"is--medium\">Nombre de personnes :<\/span> De 4 \u00e0 6 personnes\t\t\t\t\t<\/li>\n<li class=\"product-features__item-list__item\" role=\"listitem\"><span class=\"is--medium\">Energie :<\/span> Electrique\t\t\t\t\t<\/li>\n<li class=\"product-features__item-list__item\" role=\"listitem\"><span class=\"is--medium\">Puissance :<\/span> 3200W\t\t\t\t\t<\/li>\n<li class=\"product-features__item-list__item\" role=\"listitem\"><span class=\"is--medium\">Utilisation en :<\/span> int\u00e9rieur et ext\u00e9rieur\t\t\t\t\t<\/li>\n<li class=\"product-features__item-list__item\" role=\"listitem\"><span class=\"is--medium\">Zone de cuisson :<\/span> 1 zone\t\t\t\t\t<\/li>\n<li class=\"product-features__item-list__item\" role=\"listitem\"><span class=\"is--medium\">Thermostat r\u00e9glable :<\/span> Oui\t\t\t\t\t<\/li>\n<\/ul>\n<\/li>\n<li class=\"product-features__item\" role=\"listitem\">\n<h3 class=\"product-features__label\">Mati\u00e8re et coloris<\/h3>\n<ul role=\"list\">\n<li class=\"product-features__item-list__item\" role=\"listitem\"><span class=\"is--medium\">De la surface de la plaque :<\/span> Acier inoxydable\t\t\t\t\t<\/li>\n<li class=\"product-features__item-list__item\" role=\"listitem\"><span class=\"is--medium\">Coloris :<\/span> Noir\t\t\t\t\t<\/li>\n<\/ul>\n<\/li>\n<li class=\"product-features__item\" role=\"listitem\">\n<h3 class=\"product-features__label\">Facilit\u00e9 de nettoyage<\/h3>\n<ul role=\"list\">\n<li class=\"product-features__item-list__item\" role=\"listitem\"><span class=\"is--medium\">Plaque amovible :<\/span> Non\t\t\t\t\t<\/li>\n<li class=\"product-features__item-list__item\" role=\"listitem\"><span class=\"is--medium\">Compatible au lave-vaisselle :<\/span> Non\t\t\t\t\t<\/li>\n<li class=\"product-features__item-list__item\" role=\"listitem\"><span class=\"is--medium\">Bac \u00e0 eau \/ graisses :<\/span> Evite la surchauffe, r\u00e9duit les odeurs et la fum\u00e9e\t\t\t\t\t<\/li>\n<\/ul>\n<\/li>\n<li class=\"product-features__item\" role=\"listitem\">\n<h3 class=\"product-features__label\">Agencement<\/h3>\n<ul role=\"list\">\n<li class=\"product-features__item-list__item\" role=\"listitem\"><span class=\"is--medium\">Poign\u00e9es de transport :<\/span> Non\t\t\t\t\t<\/li>\n<\/ul>\n<\/li>\n<li class=\"product-features__item\" role=\"listitem\">\n<h3 class=\"product-features__label\">S\u00e9curit\u00e9<\/h3>\n<ul role=\"list\">\n<li class=\"product-features__item-list__item\" role=\"listitem\"><span class=\"is--medium\">Voyant lumineux de fonctionnement :<\/span> Oui\t\t\t\t\t<\/li>\n<li class=\"product-features__item-list__item\" role=\"listitem\"><span class=\"is--medium\">Pieds antid\u00e9rapants :<\/span> Oui\t\t\t\t\t<\/li>\n<li class=\"product-features__item-list__item\" role=\"listitem\"><span class=\"is--medium\">Syst\u00e8me de s\u00e9curit\u00e9 :<\/span> Oui\t\t\t\t\t<\/li>\n<\/ul>\n<\/li>\n<li class=\"product-features__item\" role=\"listitem\">\n<h3 class=\"product-features__label\">Dimensions<\/h3>\n<ul role=\"list\">\n<li class=\"product-features__item-list__item\" role=\"listitem\"><span class=\"is--medium\">Dimension de la surface de cuisson :<\/span> 57 x 39 cm\t\t\t\t\t<\/li>\n<li class=\"product-features__item-list__item\" role=\"listitem\"><span class=\"is--medium\">Longueur du cordon \u00e9lectrique :<\/span> 2,3 m\t\t\t\t\t<\/li>\n<li class=\"product-features__item-list__item\" role=\"listitem\"><span class=\"is--medium\">Poids Net (kg) :<\/span> 18\t\t\t\t\t<\/li>\n<\/ul>\n<\/li>\n<li class=\"product-features__item\" role=\"listitem\">\n<h3 class=\"product-features__label\">Informations compl\u00e9mentaires<\/h3>\n<ul role=\"list\">\n<li class=\"product-features__item-list__item\" role=\"listitem\"><span class=\"is--medium\">Garantie :<\/span> 24\t\t\t\t\t<\/li>\n<li class=\"product-features__item-list__item\" role=\"listitem\"><span class=\"is--medium\">Fabriqu\u00e9 en :<\/span> Espagne\t\t\t\t\t<\/li>\n<li class=\"product-features__item-list__item\" role=\"listitem\"><span class=\"is--medium\">Disponibilit\u00e9 des pi\u00e8ces d\u00e9tach\u00e9es (donn\u00e9es fournisseur) :<\/span> Pendant 10 ans, \u00e0 compter de la date fin de commercialisation\t\t\t\t\t<\/li>\n<\/ul>\n<\/li>\n<\/ul>\n<\/div>\n<div class=\"product__disclosure-content\">\n<div class=\"js-read-more product-description__content read-more read-more--truncated\" data-read-more-name=\"description\" style=\"max-height: 500px; overflow: hidden;\">\n<p>\u00c0 la recherche de l&rsquo;appareil parfait pour cuisiner sainement sans faire l&rsquo;impasse sur la texture ni la saveur de vos aliments f\u00e9tiches ? Entre sa puissance de 2 500 W et sa capacit\u00e9 \u00e0 accueillir jusqu&rsquo;\u00e0 6 personnes, votre plancha FORGE ADOUR Cooking plancha ravira vos papilles et celles de vos convives !<\/p>\n<h3><img fetchpriority=\"high\" decoding=\"async\" ,=\"\" alt=\"Plancha FORGE ADOUR cooking\" class=\"wy_tableau_gauche\" height=\"270\" src=\"https:\/\/boulanger.scene7.com\/is\/image\/Boulanger\/8436550257113_h_f_l_0?wid=400&amp;hei=270\" width=\"400\"\/>Un appareil pens\u00e9 pour les amateurs de cuisine saine et go\u00fbteuse<\/h3>\n<p>Cuisinez vos plats pr\u00e9f\u00e9r\u00e9s, aussi bien en int\u00e9rieur qu&rsquo;en ext\u00e9rieur ! Votre future plancha FORGE ADOUR Cooking vous offrira une cuisson pr\u00e9cise et ma\u00eetris\u00e9e gr\u00e2ce \u00e0 son thermostat int\u00e9gr\u00e9. De plus, <b>sa puissance de 2 500 W<\/b> vous garantira des r\u00e9sultats impeccables : l&rsquo;assurance d&rsquo;une exp\u00e9rience culinaire sans pareille.<\/p>\n<p>Vous aimez partager des moments \u00e0 table avec vos amis ou votre famille ? Id\u00e9ale pour <b>des repas entre 4 et 6 personnes<\/b>, votre future plancha FORGE ADOUR Cooking deviendra votre compagnon de cuisson pr\u00e9f\u00e9r\u00e9. En outre, <b>son capot int\u00e9gr\u00e9<\/b> vous permettra de diversifier vos recettes : essentiel pour des plats encore plus savoureux.<\/p>\n<h3><img decoding=\"async\" ,=\"\" alt=\"Plancha FORGE ADOUR cooking\" class=\"wy_tableau_right\" height=\"270\" src=\"https:\/\/boulanger.scene7.com\/is\/image\/Boulanger\/8436550257113_h_f_l_1?wid=400&amp;hei=270\" width=\"400\"\/>Votre partenaire pour des pr\u00e9parations succulentes \u00e0 chaque fois<\/h3>\n<p>Votre future plancha FORGE ADOUR Cooking vous d\u00e9voilera <b>une surface de cuisson en acier inoxydable de qualit\u00e9 sup\u00e9rieure<\/b> ainsi qu&rsquo;une plaque en fonte \u00e9maill\u00e9e pens\u00e9e pour une r\u00e9partition uniforme de la chaleur. Con\u00e7u pour pr\u00e9venir les d\u00e9bordements, <b>son r\u00e9cup\u00e9rateur de graisses int\u00e9gr\u00e9<\/b> sera synonyme de cuisson plus saine et de nettoyage plus facile apr\u00e8s chaque utilisation.<\/p>\n<p>Dot\u00e9e <b>d&rsquo;un ch\u00e2ssis en acier rev\u00eatu de 3 couches<\/b>, votre plancha FORGE ADOUR Cooking ne montrera aucun signe de fatigue, ann\u00e9e apr\u00e8s ann\u00e9e. En outre, vous pourrez naviguer sur son \u00e9cran tactile afin de r\u00e9gler la temp\u00e9rature, de programmer un minuteur ou encore d&rsquo;un avertisseur sonore de temp\u00e9rature : la certitude de d\u00e9guster des plats toujours r\u00e9ussis.<\/p>\n<\/p>\n<\/div>\n<p><bl-button a11yexpanded=\"false\" arialabel=\"Afficher toute la description\" class=\"read-more__btn\" full=\"false\" link=\"true\"><\/bl-button><\/div>","protected":false},"excerpt":{"rendered":"<div class=\"keypoints\">\n<h3 class=\"keypoints__title\">Les points cl\u00e9s<\/h3>\n<ul role=\"list\">\n<li class=\"keypoints__item\" role=\"listitem\">                                        Cuisson pr\u00e9cise et maitris\u00e9e avec le thermostat en int\u00e9rieur comme en ext\u00e9rieur                      <\/li>\n<li class=\"keypoints__item\" role=\"listitem\">                                        De 4 \u00e0 6 personnes                      <\/li>\n<li class=\"keypoints__item\" role=\"listitem\">                                        Mati\u00e8re de la surface de cuisson : acier inoxydable                      <\/li>\n<li class=\"keypoints__item\" role=\"listitem\">                          Dimension de la surface de cuisson : 57 x 39 cm &#8211;                                                      1 zone                      <\/li>\n<li class=\"keypoints__item keypoints__item--advantage\" role=\"listitem\"><strong>Le + :<\/strong> Une plancha facile d&rsquo;utilisation avec son branchement \u00e9lectrique et son \u00e9cran tactile qui assure une cuisson plus pr\u00e9cise.      <\/li>\n<\/ul>","protected":false},"featured_media":77698,"template":"","meta":{"_glsr_average":0,"_glsr_ranking":0,"_glsr_reviews":0},"product_cat":[357],"product_tag":[230,353,358],"class_list":{"0":"post-77699","1":"product","2":"type-product","3":"status-publish","4":"has-post-thumbnail","6":"product_cat-plancha-electrique","7":"product_tag-cuisine-et-cuisson","8":"product_tag-plancha","9":"product_tag-plancha-electrique","11":"first","12":"instock","13":"sale","14":"shipping-taxable","15":"purchasable","16":"product-type-simple"},"_links":{"self":[{"href":"https:\/\/electromenagerexpress.com\/en\/wp-json\/wp\/v2\/product\/77699","targetHints":{"allow":["GET"]}}],"collection":[{"href":"https:\/\/electromenagerexpress.com\/en\/wp-json\/wp\/v2\/product"}],"about":[{"href":"https:\/\/electromenagerexpress.com\/en\/wp-json\/wp\/v2\/types\/product"}],"wp:featuredmedia":[{"embeddable":true,"href":"https:\/\/electromenagerexpress.com\/en\/wp-json\/wp\/v2\/media\/77698"}],"wp:attachment":[{"href":"https:\/\/electromenagerexpress.com\/en\/wp-json\/wp\/v2\/media?parent=77699"}],"wp:term":[{"taxonomy":"product_cat","embeddable":true,"href":"https:\/\/electromenagerexpress.com\/en\/wp-json\/wp\/v2\/product_cat?post=77699"},{"taxonomy":"product_tag","embeddable":true,"href":"https:\/\/electromenagerexpress.com\/en\/wp-json\/wp\/v2\/product_tag?post=77699"}],"curies":[{"name":"wp","href":"https:\/\/api.w.org\/{rel}","templated":true}]}}