{"id":77685,"date":"2024-11-24T14:03:15","date_gmt":"2024-11-24T14:03:15","guid":{"rendered":"https:\/\/electromenagerexpress.com\/product\/meuble-de-cuisine-exterieureforge-adourspaf-cbn-plancha-acier-ferme-comptoir\/"},"modified":"2024-11-24T14:03:17","modified_gmt":"2024-11-24T14:03:17","slug":"meuble-de-cuisine-exterieureforge-adourspaf-cbn-plancha-acier-ferme-comptoir","status":"publish","type":"product","link":"https:\/\/electromenagerexpress.com\/en\/product\/meuble-de-cuisine-exterieureforge-adourspaf-cbn-plancha-acier-ferme-comptoir\/","title":{"rendered":"Meuble de cuisine ext\u00e9rieure\t\t\t\t\t\t\tFORGE ADOUR\t\t\t\tSPAF CBN plancha  acier ferm\u00e9 Comptoir"},"content":{"rendered":"<div class=\"product-features__content\">\n<ul role=\"list\">\n<li class=\"product-features__item\" role=\"listitem\">\n<h3 class=\"product-features__label\">Caract\u00e9ristiques g\u00e9n\u00e9rales<\/h3>\n<ul role=\"list\">\n<li class=\"product-features__item-list__item\" role=\"listitem\"><span class=\"is--medium\">Meuble exterieur :<\/span> Meuble de cuisine exterieure\t\t\t\t\t<\/li>\n<li class=\"product-features__item-list__item\" role=\"listitem\"><span class=\"is--medium\">Montage :<\/span> Possibilit\u00e9 d&rsquo;adosser le support contre un mur en rajoutant des fileurs\t\t\t\t\t<\/li>\n<li class=\"product-features__item-list__item\" role=\"listitem\"><span class=\"is--medium\">Sp\u00e9cificit\u00e9s :<\/span> Equip\u00e9e d&rsquo;une porte avec ouverture \u00a0\u00bb Push to open \u00a0\u00bb\t\t\t\t\t<\/li>\n<li class=\"product-features__item-list__item\" role=\"listitem\"><span class=\"is--medium\">Couleur :<\/span> Noir\t\t\t\t\t<\/li>\n<li class=\"product-features__item-list__item\" role=\"listitem\"><span class=\"is--medium\">Mati\u00e8re du chariot :<\/span> Acier\t\t\t\t\t<\/li>\n<li class=\"product-features__item-list__item\" role=\"listitem\"><span class=\"is--medium\">Mati\u00e8re du plateau :<\/span> Acier\t\t\t\t\t<\/li>\n<\/ul>\n<\/li>\n<li class=\"product-features__item\" role=\"listitem\">\n<h3 class=\"product-features__label\">Informations compl\u00e9mentaires<\/h3>\n<ul role=\"list\">\n<li class=\"product-features__item-list__item\" role=\"listitem\"><span class=\"is--medium\">Garantie :<\/span> 2 ans\t\t\t\t\t<\/li>\n<li class=\"product-features__item-list__item\" role=\"listitem\"><span class=\"is--medium\">Disponibilit\u00e9 des pi\u00e8ces d\u00e9tach\u00e9es (donn\u00e9es fournisseur) :<\/span> Pendant 10 ans, \u00e0 compter de la date fin de commercialisation\t\t\t\t\t<\/li>\n<li class=\"product-features__item-list__item\" role=\"listitem\"><span class=\"is--medium\">R\u00e9f\u00e9rence constructeur :<\/span> SPAF CBN plancha  acier ferm\u00e9 Comptoir\t\t\t\t\t<\/li>\n<li class=\"product-features__item-list__item\" role=\"listitem\"><span class=\"is--medium\">Marque :<\/span> FORGE ADOUR\t\t\t\t\t<\/li>\n<\/ul>\n<\/li>\n<li class=\"product-features__item\" role=\"listitem\">\n<h3 class=\"product-features__label\">Dimensions<\/h3>\n<ul role=\"list\">\n<li class=\"product-features__item-list__item\" role=\"listitem\"><span class=\"is--medium\">Dimensions l x h x p :<\/span> 90 x 112.5 x 97.2 cm\t\t\t\t\t<\/li>\n<li class=\"product-features__item-list__item\" role=\"listitem\"><span class=\"is--medium\">Poids :<\/span> 64\t\t\t\t\t<\/li>\n<\/ul>\n<\/li>\n<\/ul>\n<\/div>\n<div class=\"product__disclosure-content\">\n<div class=\"js-read-more product-description__content read-more read-more--truncated\" data-read-more-name=\"description\" style=\"max-height: 500px; overflow: hidden;\">\n<div class=\"product__description-content read-more\">\n<p>Support Plancha Acier Ferm\u00e9 Comptoir Bar Noir FORGE ADOUR SPAF CBN<\/p>\n<h3><img fetchpriority=\"high\" decoding=\"async\" alt=\"Meuble de cuisine ext\u00e9rieure FORGE ADOUR SPAF CBN plancha acier ferm\u00e9 Comptoir\" class=\"wy_tableau_gauche\" height=\"270\" src=\"https:\/\/boulanger.scene7.com\/is\/image\/Boulanger\/8436555025700_h_f_l_0?wid=400&amp;hei=270\" width=\"400\"\/>Conception robuste et fonctionnalit\u00e9s pratiques<\/h3>\n<p>Le Support Plancha Acier Ferm\u00e9 Comptoir Bar Noir FORGE ADOUR SPAF CBN, offre une solution \u00e9l\u00e9gante et durable pour les cuisines ext\u00e9rieures. Dot\u00e9 d&rsquo;un rev\u00eatement r\u00e9sistant \u00e0 trois couches, ce meuble est con\u00e7u pour faire face aux intemp\u00e9ries et aux variations de temp\u00e9rature. La porte \u00e9quip\u00e9e d&rsquo;un syst\u00e8me d&rsquo;ouverture &lsquo;Push to open&rsquo; facilite l&rsquo;acc\u00e8s au bac de rangement, permettant de garder les ustensiles et les condiments \u00e0 port\u00e9e de main. Les 4 pieds r\u00e9glables assurent une stabilit\u00e9 parfaite, m\u00eame sur des surfaces irr\u00e9guli\u00e8res, tandis que la possibilit\u00e9 d&rsquo;adosser le support contre un mur avec des fileurs additionnels offre une flexibilit\u00e9 d&rsquo;installation in\u00e9gal\u00e9e.<\/p>\n<p>\u00a0<\/p>\n<p>\u00a0<\/p>\n<h3><img decoding=\"async\" alt=\"Meuble de cuisine ext\u00e9rieure FORGE ADOUR SPAF CBN plancha acier ferm\u00e9 Comptoir\" class=\"wy_tableau_right\" height=\"270\" src=\"https:\/\/boulanger.scene7.com\/is\/image\/Boulanger\/8436555025700_h_f_l_1?wid=400&amp;hei=270\" width=\"400\"\/>Design adapt\u00e9 et dimensions optimales<\/h3>\n<p>Avec des dimensions de L 90 cm x P 97.2 cm x H 112.5 cm et un poids de 64 Kg, le Support Plancha Acier Ferm\u00e9 Comptoir Bar Noir s&rsquo;int\u00e8gre harmonieusement dans tout espace ext\u00e9rieur. Sa structure noire \u00e9l\u00e9gante et son design contemporain en font un ajout esth\u00e9tique \u00e0 toute cuisine ext\u00e9rieure. De plus, il est compatible avec une large gamme de housses, \u00e0 l&rsquo;exception des capots des gammes Origin et Modern, garantissant ainsi une protection optimale de la plancha. Ce meuble est la solution id\u00e9ale pour ceux qui cherchent \u00e0 combiner fonctionnalit\u00e9 et style dans leur espace de cuisine ext\u00e9rieur.<\/p>\n<\/div>\n<\/div>\n<p><bl-button a11yexpanded=\"false\" arialabel=\"Afficher toute la description\" class=\"read-more__btn\" full=\"false\" link=\"true\"><\/bl-button><\/div>","protected":false},"excerpt":{"rendered":"<div class=\"keypoints\">\n<h3 class=\"keypoints__title\">Les points cl\u00e9s<\/h3>\n<ul role=\"list\">\n<li class=\"keypoints__item\" role=\"listitem\">                                        Dimensions l x h x p : 90 x 112.5 x 97.2 cm                      <\/li>\n<li class=\"keypoints__item\" role=\"listitem\">                                        Mati\u00e8re du plateau : Acier                      <\/li>\n<li class=\"keypoints__item keypoints__item--advantage\" role=\"listitem\"><strong>Le + :<\/strong> Robuste, r\u00e9sistant aux intemp\u00e9ries, pieds r\u00e9glables, \u00e9l\u00e9gant      <\/li>\n<\/ul>","protected":false},"featured_media":77684,"template":"","meta":{"_glsr_average":0,"_glsr_ranking":0,"_glsr_reviews":0},"product_cat":[360],"product_tag":[361,362,230],"class_list":{"0":"post-77685","1":"product","2":"type-product","3":"status-publish","4":"has-post-thumbnail","6":"product_cat-barbecue-charbon-de-bois","7":"product_tag-barbecue","8":"product_tag-barbecue-charbon-de-bois","9":"product_tag-cuisine-et-cuisson","11":"first","12":"instock","13":"sale","14":"shipping-taxable","15":"purchasable","16":"product-type-simple"},"_links":{"self":[{"href":"https:\/\/electromenagerexpress.com\/en\/wp-json\/wp\/v2\/product\/77685","targetHints":{"allow":["GET"]}}],"collection":[{"href":"https:\/\/electromenagerexpress.com\/en\/wp-json\/wp\/v2\/product"}],"about":[{"href":"https:\/\/electromenagerexpress.com\/en\/wp-json\/wp\/v2\/types\/product"}],"wp:featuredmedia":[{"embeddable":true,"href":"https:\/\/electromenagerexpress.com\/en\/wp-json\/wp\/v2\/media\/77684"}],"wp:attachment":[{"href":"https:\/\/electromenagerexpress.com\/en\/wp-json\/wp\/v2\/media?parent=77685"}],"wp:term":[{"taxonomy":"product_cat","embeddable":true,"href":"https:\/\/electromenagerexpress.com\/en\/wp-json\/wp\/v2\/product_cat?post=77685"},{"taxonomy":"product_tag","embeddable":true,"href":"https:\/\/electromenagerexpress.com\/en\/wp-json\/wp\/v2\/product_tag?post=77685"}],"curies":[{"name":"wp","href":"https:\/\/api.w.org\/{rel}","templated":true}]}}