{"id":77634,"date":"2024-11-24T14:02:30","date_gmt":"2024-11-24T14:02:30","guid":{"rendered":"https:\/\/electromenagerexpress.com\/product\/plancha-electriqueriviera-et-barqpl-650\/"},"modified":"2024-11-24T14:02:35","modified_gmt":"2024-11-24T14:02:35","slug":"plancha-electriqueriviera-et-barqpl-650","status":"publish","type":"product","link":"https:\/\/electromenagerexpress.com\/en\/product\/plancha-electriqueriviera-et-barqpl-650\/","title":{"rendered":"Plancha \u00e9lectrique\t\t\t\t\t\t\tRIVIERA ET BAR\t\t\t\tQPL 650"},"content":{"rendered":"<div class=\"product-features__content\">\n<ul role=\"list\">\n<li class=\"product-features__item\" role=\"listitem\">\n<h3 class=\"product-features__label\">Cuisson<\/h3>\n<ul role=\"list\">\n<li class=\"product-features__item-list__item\" role=\"listitem\"><span class=\"is--medium\">Nombre de personnes :<\/span> De 6 \u00e0 8 personnes\t\t\t\t\t<\/li>\n<li class=\"product-features__item-list__item\" role=\"listitem\"><span class=\"is--medium\">Energie :<\/span> Electrique\t\t\t\t\t<\/li>\n<li class=\"product-features__item-list__item\" role=\"listitem\"><span class=\"is--medium\">Puissance :<\/span> 2300W\t\t\t\t\t<\/li>\n<li class=\"product-features__item-list__item\" role=\"listitem\"><span class=\"is--medium\">Zone de cuisson :<\/span> 2 zones\t\t\t\t\t<\/li>\n<li class=\"product-features__item-list__item\" role=\"listitem\"><span class=\"is--medium\">Thermostat r\u00e9glable :<\/span> Oui\t\t\t\t\t<\/li>\n<li class=\"product-features__item-list__item\" role=\"listitem\"><span class=\"is--medium\">Temp\u00e9rature maximum de cuisson :<\/span> Non connu\t\t\t\t\t<\/li>\n<li class=\"product-features__item-list__item\" role=\"listitem\"><span class=\"is--medium\">Rapidit\u00e9 de mont\u00e9e en temp\u00e9rature :<\/span> Non connu\t\t\t\t\t<\/li>\n<\/ul>\n<\/li>\n<li class=\"product-features__item\" role=\"listitem\">\n<h3 class=\"product-features__label\">Equipement<\/h3>\n<ul role=\"list\">\n<li class=\"product-features__item-list__item\" role=\"listitem\"><span class=\"is--medium\">Nombre de plaques :<\/span> 1 plaque\t\t\t\t\t<\/li>\n<li class=\"product-features__item-list__item\" role=\"listitem\"><span class=\"is--medium\">Plaque inclin\u00e9e :<\/span> Oui\t\t\t\t\t<\/li>\n<li class=\"product-features__item-list__item\" role=\"listitem\"><span class=\"is--medium\">Avantage de la plaque inclin\u00e9e :<\/span> Pour une \u00e9vacuation optimale des graisses\t\t\t\t\t<\/li>\n<li class=\"product-features__item-list__item\" role=\"listitem\"><span class=\"is--medium\">Plaque r\u00e9versible :<\/span> Non\t\t\t\t\t<\/li>\n<li class=\"product-features__item-list__item\" role=\"listitem\"><span class=\"is--medium\">Syst\u00e8me d&rsquo;allumage :<\/span> Facile et rapide avec le thermostat\t\t\t\t\t<\/li>\n<li class=\"product-features__item-list__item\" role=\"listitem\"><span class=\"is--medium\">Faites \u00e9voluer votre plancha :<\/span> <a href=\"https:\/\/www.boulanger.com\/c\/accessoire-barbecue\" target=\"_blank\">En cliquant ici<\/a><\/li>\n<\/ul>\n<\/li>\n<li class=\"product-features__item\" role=\"listitem\">\n<h3 class=\"product-features__label\">Mati\u00e8re et coloris<\/h3>\n<ul role=\"list\">\n<li class=\"product-features__item-list__item\" role=\"listitem\"><span class=\"is--medium\">De la surface de la plaque :<\/span> Fonte d&rsquo;aluminium\t\t\t\t\t<\/li>\n<li class=\"product-features__item-list__item\" role=\"listitem\"><span class=\"is--medium\">Du chassis :<\/span> Inox\t\t\t\t\t<\/li>\n<li class=\"product-features__item-list__item\" role=\"listitem\"><span class=\"is--medium\">Coloris :<\/span> Noir\/Inox\t\t\t\t\t<\/li>\n<\/ul>\n<\/li>\n<li class=\"product-features__item\" role=\"listitem\">\n<h3 class=\"product-features__label\">Facilit\u00e9 de nettoyage<\/h3>\n<ul role=\"list\">\n<li class=\"product-features__item-list__item\" role=\"listitem\"><span class=\"is--medium\">Plaque amovible :<\/span> Oui\t\t\t\t\t<\/li>\n<li class=\"product-features__item-list__item\" role=\"listitem\"><span class=\"is--medium\">Compatible au lave-vaisselle :<\/span> Plaque\t\t\t\t\t<\/li>\n<li class=\"product-features__item-list__item\" role=\"listitem\"><span class=\"is--medium\">R\u00e9sistance amovible :<\/span> Oui\t\t\t\t\t<\/li>\n<li class=\"product-features__item-list__item\" role=\"listitem\"><span class=\"is--medium\">Thermostat amovible :<\/span> Non\t\t\t\t\t<\/li>\n<li class=\"product-features__item-list__item\" role=\"listitem\"><span class=\"is--medium\">R\u00e9cup\u00e9rateur de jus \/ graisses :<\/span> Oui\t\t\t\t\t<\/li>\n<\/ul>\n<\/li>\n<li class=\"product-features__item\" role=\"listitem\">\n<h3 class=\"product-features__label\">Agencement<\/h3>\n<ul role=\"list\">\n<li class=\"product-features__item-list__item\" role=\"listitem\"><span class=\"is--medium\">Mobilit\u00e9 :<\/span> A poser\t\t\t\t\t<\/li>\n<li class=\"product-features__item-list__item\" role=\"listitem\"><span class=\"is--medium\">Avantage de la mobilit\u00e9 :<\/span> A poser sur la table\t\t\t\t\t<\/li>\n<li class=\"product-features__item-list__item\" role=\"listitem\"><span class=\"is--medium\">Utilisation :<\/span> Int\u00e9rieur\t\t\t\t\t<\/li>\n<li class=\"product-features__item-list__item\" role=\"listitem\"><span class=\"is--medium\">Couvercle :<\/span> Non\t\t\t\t\t<\/li>\n<li class=\"product-features__item-list__item\" role=\"listitem\"><span class=\"is--medium\">Pare-vent :<\/span> Evite les projections et prot\u00e8ge du vent\t\t\t\t\t<\/li>\n<li class=\"product-features__item-list__item\" role=\"listitem\"><span class=\"is--medium\">Tablette de travail :<\/span> Non\t\t\t\t\t<\/li>\n<li class=\"product-features__item-list__item\" role=\"listitem\"><span class=\"is--medium\">Poign\u00e9es de transport :<\/span> Oui\t\t\t\t\t<\/li>\n<\/ul>\n<\/li>\n<li class=\"product-features__item\" role=\"listitem\">\n<h3 class=\"product-features__label\">S\u00e9curit\u00e9<\/h3>\n<ul role=\"list\">\n<li class=\"product-features__item-list__item\" role=\"listitem\"><span class=\"is--medium\">Voyant lumineux de fonctionnement :<\/span> Oui\t\t\t\t\t<\/li>\n<li class=\"product-features__item-list__item\" role=\"listitem\"><span class=\"is--medium\">Pieds antid\u00e9rapants :<\/span> Oui\t\t\t\t\t<\/li>\n<li class=\"product-features__item-list__item\" role=\"listitem\"><span class=\"is--medium\">Syst\u00e8me de s\u00e9curit\u00e9 :<\/span> Oui\t\t\t\t\t<\/li>\n<\/ul>\n<\/li>\n<li class=\"product-features__item\" role=\"listitem\">\n<h3 class=\"product-features__label\">Et en plus<\/h3>\n<ul role=\"list\">\n<li class=\"product-features__item-list__item\" role=\"listitem\"><span class=\"is--medium\">D\u00e9couvrez :<\/span> <a href=\"https:\/\/commeunchef.boulanger.com\/\" target=\"_blank\"> Comme un Chef<\/a><\/li>\n<\/ul>\n<\/li>\n<li class=\"product-features__item\" role=\"listitem\">\n<h3 class=\"product-features__label\">Dimensions<\/h3>\n<ul role=\"list\">\n<li class=\"product-features__item-list__item\" role=\"listitem\"><span class=\"is--medium\">Dimension de la surface de cuisson :<\/span> 50 x 30 cm\t\t\t\t\t<\/li>\n<li class=\"product-features__item-list__item\" role=\"listitem\"><span class=\"is--medium\">Longueur du cordon \u00e9lectrique :<\/span> 2 m\t\t\t\t\t<\/li>\n<li class=\"product-features__item-list__item\" role=\"listitem\"><span class=\"is--medium\">Dimensions l x h x p :<\/span> 65 x 15.5 x 38 cm\t\t\t\t\t<\/li>\n<li class=\"product-features__item-list__item\" role=\"listitem\"><span class=\"is--medium\">Poids Net (kg) :<\/span> 6.8\t\t\t\t\t<\/li>\n<\/ul>\n<\/li>\n<li class=\"product-features__item\" role=\"listitem\">\n<h3 class=\"product-features__label\">Informations compl\u00e9mentaires<\/h3>\n<ul role=\"list\">\n<li class=\"product-features__item-list__item\" role=\"listitem\"><span class=\"is--medium\">Garantie :<\/span> 24\t\t\t\t\t<\/li>\n<li class=\"product-features__item-list__item\" role=\"listitem\"><span class=\"is--medium\">Fabriqu\u00e9 en :<\/span> Chine\t\t\t\t\t<\/li>\n<li class=\"product-features__item-list__item\" role=\"listitem\"><span class=\"is--medium\">Disponibilit\u00e9 des pi\u00e8ces d\u00e9tach\u00e9es (donn\u00e9es fournisseur) :<\/span> Pas de pi\u00e8ce disponible\t\t\t\t\t<\/li>\n<\/ul>\n<\/li>\n<\/ul>\n<\/div>\n<div class=\"product__disclosure-content\">\n<div class=\"js-read-more product-description__content read-more read-more--truncated\" data-read-more-name=\"description\" style=\"max-height: 500px; overflow: hidden;\">\n<p>Pratique, simple et styl\u00e9e, la Plancha RIVIERA ET BAR QPL 650 est parfaite pour les gourmands qui veulent se faire plaisir en espace r\u00e9duit.<\/p>\n<h3><img fetchpriority=\"high\" decoding=\"async\" ,=\"\" alt=\"Plancha RIVIERA ET BAR QPL 650 Plancha Gril\" class=\"wy_tableau_gauche\" height=\"270\" src=\"https:\/\/boulanger.scene7.com\/is\/image\/Boulanger\/3576160025773_h_f_l_0?wid=400&amp;hei=270\" width=\"400\"\/>Une prise en main optimale<\/h3>\n<p>Faites-vous plaisir sans culpabiliser avec la Plancha RIVIERA ET BAR QPL 650, un appareil aussi pratique que simple \u00e0 entretenir. Gr\u00e2ce \u00e0 son <b>panneau de commandes inclin\u00e9<\/b>, vous pourrez ma\u00eetriser facilement vos cuissons. Ultra pratique, il n&rsquo;est pourvu que de <b>2 thermostats ind\u00e9pendants<\/b> \u00e0 <b>6 niveaux de temp\u00e9rature<\/b>, chaque thermostat contr\u00f4lant une zone de cuisson.<\/p>\n<p>Parmi les possibilit\u00e9s que vous offre la Plancha RIVIERA ET BAR QPL 650, vous profiterez notamment d&rsquo;un <b>mode maintien au chaud<\/b>. Ainsi, une fois vos aliments cuits, vous pourrez les laisser sur la plancha <b>sans qu&rsquo;ils ne refroidissent ou ne crament<\/b>. Il s&rsquo;agit d&rsquo;une fonction <b>parfaite pour profiter de vos amis<\/b> lors d&rsquo;une soir\u00e9e conviviale.<\/p>\n<h3><img decoding=\"async\" ,=\"\" alt=\"Plancha RIVIERA ET BAR QPL 650 Plancha Gril\" class=\"wy_tableau_right\" height=\"270\" src=\"https:\/\/boulanger.scene7.com\/is\/image\/Boulanger\/3576160025773_h_f_l_1?wid=400&amp;hei=270\" width=\"400\"\/>Une cuisson saine quand vous le voulez !<\/h3>\n<p>Si elle est simple d&rsquo;utilisation, la Plancha RIVIERA ET BAR QPL 650 se distingue aussi par sa puissance de cuisson. Gr\u00e2ce \u00e0 ses <b>2300 Watts<\/b>, vous cuirez facilement tous les types d&rsquo;aliments. Son efficacit\u00e9 repose aussi sur sa <b>plaque massive en fonte d&rsquo;aluminium<\/b>. Avec elle, vous pourrez cuire facilement sans exc\u00e8s de mati\u00e8res grasses puisqu&rsquo;elle est pourvue d&rsquo;un <b>rev\u00eatement antiadh\u00e9sif sans PFOA<\/b>. En somme, elle est parfaite pour votre sant\u00e9.<\/p>\n<p>Si certains appareils ont tendance \u00e0 rester au placard car ils sont difficiles \u00e0 nettoyer, la Plancha RIVIERA ET BAR QPL 650 est <b>tr\u00e8s simple \u00e0 entretenir<\/b>. Elle est notamment \u00e9quip\u00e9e d&rsquo;un <b>tiroir collecteur de graisses<\/b> et d&rsquo;un pare-graisse en inox. Tous <b>ces \u00e9l\u00e9ments sont amovibles<\/b> et se nettoient facilement \u00e0 l&rsquo;eau.<\/p>\n<\/p>\n<\/div>\n<p><bl-button a11yexpanded=\"false\" arialabel=\"Afficher toute la description\" class=\"read-more__btn\" full=\"false\" link=\"true\">Voir plus<\/bl-button><\/div>","protected":false},"excerpt":{"rendered":"<div class=\"keypoints\">\n<h3 class=\"keypoints__title\">Les points cl\u00e9s<\/h3>\n<ul role=\"list\">\n<li class=\"keypoints__item\" role=\"listitem\">                                        Cuisson pr\u00e9cise et maitris\u00e9e avec le thermostat en int\u00e9rieur comme en ext\u00e9rieur                      <\/li>\n<li class=\"keypoints__item\" role=\"listitem\">                          De 6 \u00e0 8 personnes &#8211;                                                      A poser                      <\/li>\n<li class=\"keypoints__item\" role=\"listitem\">                                        Mati\u00e8re de la surface de cuisson : fonte d&rsquo;aluminium                      <\/li>\n<li class=\"keypoints__item\" role=\"listitem\">                          Dimension de la surface de cuisson : 50 x 30 cm &#8211;                                                      2 zones                      <\/li>\n<li class=\"keypoints__item keypoints__item--advantage\" role=\"listitem\"><strong>Le + :<\/strong> Cuisson homog\u00e8ne et pr\u00e9cise + plaque compatible au lave vaisselle      <\/li>\n<\/ul>","protected":false},"featured_media":77633,"template":"","meta":{"_glsr_average":0,"_glsr_ranking":0,"_glsr_reviews":0},"product_cat":[357],"product_tag":[230,353,358],"class_list":{"0":"post-77634","1":"product","2":"type-product","3":"status-publish","4":"has-post-thumbnail","6":"product_cat-plancha-electrique","7":"product_tag-cuisine-et-cuisson","8":"product_tag-plancha","9":"product_tag-plancha-electrique","11":"first","12":"instock","13":"sale","14":"shipping-taxable","15":"purchasable","16":"product-type-simple"},"_links":{"self":[{"href":"https:\/\/electromenagerexpress.com\/en\/wp-json\/wp\/v2\/product\/77634","targetHints":{"allow":["GET"]}}],"collection":[{"href":"https:\/\/electromenagerexpress.com\/en\/wp-json\/wp\/v2\/product"}],"about":[{"href":"https:\/\/electromenagerexpress.com\/en\/wp-json\/wp\/v2\/types\/product"}],"wp:featuredmedia":[{"embeddable":true,"href":"https:\/\/electromenagerexpress.com\/en\/wp-json\/wp\/v2\/media\/77633"}],"wp:attachment":[{"href":"https:\/\/electromenagerexpress.com\/en\/wp-json\/wp\/v2\/media?parent=77634"}],"wp:term":[{"taxonomy":"product_cat","embeddable":true,"href":"https:\/\/electromenagerexpress.com\/en\/wp-json\/wp\/v2\/product_cat?post=77634"},{"taxonomy":"product_tag","embeddable":true,"href":"https:\/\/electromenagerexpress.com\/en\/wp-json\/wp\/v2\/product_tag?post=77634"}],"curies":[{"name":"wp","href":"https:\/\/api.w.org\/{rel}","templated":true}]}}