{"id":77616,"date":"2024-11-24T14:02:13","date_gmt":"2024-11-24T14:02:13","guid":{"rendered":"https:\/\/electromenagerexpress.com\/product\/four-a-pizza-charbonoonikaru-16-multicombustibles\/"},"modified":"2024-11-24T14:02:27","modified_gmt":"2024-11-24T14:02:27","slug":"four-a-pizza-charbonoonikaru-16-multicombustibles","status":"publish","type":"product","link":"https:\/\/electromenagerexpress.com\/en\/product\/four-a-pizza-charbonoonikaru-16-multicombustibles\/","title":{"rendered":"Four \u00e0 pizza charbon\t\t\t\t\t\t\tOONI\t\t\t\tKaru 16 Multicombustibles"},"content":{"rendered":"<div class=\"product-features__content\">\n<ul role=\"list\">\n<li class=\"product-features__item\" role=\"listitem\">\n<h3 class=\"product-features__label\">Cuisson<\/h3>\n<ul role=\"list\">\n<li class=\"product-features__item-list__item\" role=\"listitem\"><span class=\"is--medium\">Nombre de personnes :<\/span> De 8 \u00e0 12 personnes\t\t\t\t\t<\/li>\n<li class=\"product-features__item-list__item\" role=\"listitem\"><span class=\"is--medium\">Diam\u00e8tre de\/des pizza(s) :<\/span> 40 cm\t\t\t\t\t<\/li>\n<li class=\"product-features__item-list__item\" role=\"listitem\"><span class=\"is--medium\">Temps de cuisson :<\/span> 1 min\t\t\t\t\t<\/li>\n<li class=\"product-features__item-list__item\" role=\"listitem\"><span class=\"is--medium\">Energie :<\/span> Charbon de bois\t\t\t\t\t<\/li>\n<li class=\"product-features__item-list__item\" role=\"listitem\"><span class=\"is--medium\">Type de gaz :<\/span> Propane\t\t\t\t\t<\/li>\n<li class=\"product-features__item-list__item\" role=\"listitem\"><span class=\"is--medium\">Thermostat r\u00e9glable :<\/span> Non\t\t\t\t\t<\/li>\n<li class=\"product-features__item-list__item\" role=\"listitem\"><span class=\"is--medium\">Temp\u00e9rature maximum de cuisson :<\/span> 500\u00b0C\t\t\t\t\t<\/li>\n<li class=\"product-features__item-list__item\" role=\"listitem\"><span class=\"is--medium\">Rapidit\u00e9 de mont\u00e9e en temp\u00e9rature :<\/span> 15 minutes\t\t\t\t\t<\/li>\n<li class=\"product-features__item-list__item\" role=\"listitem\"><span class=\"is--medium\">Nombre de pizza(s) :<\/span> 1 pizza\t\t\t\t\t<\/li>\n<\/ul>\n<\/li>\n<li class=\"product-features__item\" role=\"listitem\">\n<h3 class=\"product-features__label\">Equipement<\/h3>\n<ul role=\"list\">\n<li class=\"product-features__item-list__item\" role=\"listitem\"><span class=\"is--medium\">Pelles compatibles ( non fournie avec le four \u00e0 pizza ) :<\/span> <a href=\"https:\/\/www.boulanger.com\/ref\/1174476\" target=\"_blank\">Pelle \u00e0 pizza ALU 16 <\/a>, <a href=\"https:\/\/www.boulanger.com\/ref\/1174515\" target=\"_blank\">Pelle \u00e0 pizza Bambou 16 <\/a> , <a href=\"https:\/\/www.boulanger.com\/ref\/1174494\" target=\"_blank\">Pelle \u00e0 pizza Ronde <\/a><\/li>\n<li class=\"product-features__item-list__item\" role=\"listitem\"><span class=\"is--medium\">Pelle \u00e0 pizza :<\/span> Ne l&rsquo;oubliez pas, la pelle \u00e0 pizza est indispensable pour enfourner et d\u00e9fourner facilement vos pizzas !\t\t\t\t\t<\/li>\n<li class=\"product-features__item-list__item\" role=\"listitem\"><span class=\"is--medium\">Nombre de plaques :<\/span> 1 pierre\t\t\t\t\t<\/li>\n<li class=\"product-features__item-list__item\" role=\"listitem\"><span class=\"is--medium\">Thermom\u00e8tre :<\/span> Oui\t\t\t\t\t<\/li>\n<li class=\"product-features__item-list__item\" role=\"listitem\"><span class=\"is--medium\">Minuteur :<\/span> Non\t\t\t\t\t<\/li>\n<li class=\"product-features__item-list__item\" role=\"listitem\"><span class=\"is--medium\">Signal sonore de fin de cuisson :<\/span> Non\t\t\t\t\t<\/li>\n<\/ul>\n<\/li>\n<li class=\"product-features__item\" role=\"listitem\">\n<h3 class=\"product-features__label\">Mati\u00e8re et coloris<\/h3>\n<ul role=\"list\">\n<li class=\"product-features__item-list__item\" role=\"listitem\"><span class=\"is--medium\">De la plaque :<\/span> Pierre r\u00e9fractaire\t\t\t\t\t<\/li>\n<li class=\"product-features__item-list__item\" role=\"listitem\"><span class=\"is--medium\">De la coque :<\/span> Acier enduit de poudre\t\t\t\t\t<\/li>\n<li class=\"product-features__item-list__item\" role=\"listitem\"><span class=\"is--medium\">Coloris :<\/span> Anthracite \/ Noir\t\t\t\t\t<\/li>\n<li class=\"product-features__item-list__item\" role=\"listitem\"><span class=\"is--medium\">Mati\u00e8re de la cavit\u00e9 :<\/span> Inox\t\t\t\t\t<\/li>\n<\/ul>\n<\/li>\n<li class=\"product-features__item\" role=\"listitem\">\n<h3 class=\"product-features__label\">Facilit\u00e9 de nettoyage<\/h3>\n<ul role=\"list\">\n<li class=\"product-features__item-list__item\" role=\"listitem\"><span class=\"is--medium\">Plaque amovible :<\/span> Oui\t\t\t\t\t<\/li>\n<li class=\"product-features__item-list__item\" role=\"listitem\"><span class=\"is--medium\">R\u00e9cup\u00e9rateur de cendres :<\/span> Oui\t\t\t\t\t<\/li>\n<\/ul>\n<\/li>\n<li class=\"product-features__item\" role=\"listitem\">\n<h3 class=\"product-features__label\">Agencement<\/h3>\n<ul role=\"list\">\n<li class=\"product-features__item-list__item\" role=\"listitem\"><span class=\"is--medium\">Mobilit\u00e9 :<\/span> Portable\t\t\t\t\t<\/li>\n<li class=\"product-features__item-list__item\" role=\"listitem\"><span class=\"is--medium\">Poign\u00e9es de transport :<\/span> Non\t\t\t\t\t<\/li>\n<\/ul>\n<\/li>\n<li class=\"product-features__item\" role=\"listitem\">\n<h3 class=\"product-features__label\">S\u00e9curit\u00e9<\/h3>\n<ul role=\"list\">\n<li class=\"product-features__item-list__item\" role=\"listitem\"><span class=\"is--medium\">Poign\u00e9e froide :<\/span> Oui\t\t\t\t\t<\/li>\n<li class=\"product-features__item-list__item\" role=\"listitem\"><span class=\"is--medium\">Parois froides :<\/span> Non\t\t\t\t\t<\/li>\n<li class=\"product-features__item-list__item\" role=\"listitem\"><span class=\"is--medium\">Voyant lumineux de fonctionnement :<\/span> Non\t\t\t\t\t<\/li>\n<li class=\"product-features__item-list__item\" role=\"listitem\"><span class=\"is--medium\">Pieds antid\u00e9rapants :<\/span> Oui\t\t\t\t\t<\/li>\n<li class=\"product-features__item-list__item\" role=\"listitem\"><span class=\"is--medium\">Syst\u00e8me de s\u00e9curit\u00e9 :<\/span> Non\t\t\t\t\t<\/li>\n<\/ul>\n<\/li>\n<li class=\"product-features__item\" role=\"listitem\">\n<h3 class=\"product-features__label\">Informations compl\u00e9mentaires<\/h3>\n<ul role=\"list\">\n<li class=\"product-features__item-list__item\" role=\"listitem\"><span class=\"is--medium\">Fabriqu\u00e9 en :<\/span> Chine\t\t\t\t\t<\/li>\n<li class=\"product-features__item-list__item\" role=\"listitem\"><span class=\"is--medium\">Garantie :<\/span> 2 ans\t\t\t\t\t<\/li>\n<li class=\"product-features__item-list__item\" role=\"listitem\"><span class=\"is--medium\">Disponibilit\u00e9 des pi\u00e8ces d\u00e9tach\u00e9es (donn\u00e9es fournisseur) :<\/span> Pendant 5 ans, \u00e0 compter de la date d&rsquo;achat\t\t\t\t\t<\/li>\n<li class=\"product-features__item-list__item\" role=\"listitem\"><span class=\"is--medium\">R\u00e9f\u00e9rence constructeur :<\/span> KARU 16 Multicombustibles\t\t\t\t\t<\/li>\n<li class=\"product-features__item-list__item\" role=\"listitem\"><span class=\"is--medium\">Marque :<\/span> OONI\t\t\t\t\t<\/li>\n<\/ul>\n<\/li>\n<li class=\"product-features__item\" role=\"listitem\">\n<h3 class=\"product-features__label\">Dimensions<\/h3>\n<ul role=\"list\">\n<li class=\"product-features__item-list__item\" role=\"listitem\"><span class=\"is--medium\">Dimensions l x h x p :<\/span> 50 x 84 x 81 cm\t\t\t\t\t<\/li>\n<li class=\"product-features__item-list__item\" role=\"listitem\"><span class=\"is--medium\">Poids Net (kg) :<\/span> 22\t\t\t\t\t<\/li>\n<\/ul>\n<\/li>\n<\/ul>\n<\/div>\n<div class=\"product__disclosure-content\">\n<div class=\"js-read-more product-description__content read-more read-more--truncated\" data-read-more-name=\"description\" style=\"max-height: 500px; overflow: hidden;\">\n<div class=\"product__description-content read-more\">\n<p><strong>OONI Karu 16 : Le Four \u00e0 Pizza Multicombustibles pour des Cr\u00e9ations Culinaires Illimit\u00e9es<\/strong><\/p>\n<h3><img fetchpriority=\"high\" decoding=\"async\" alt=\"Four \u00e0 pizza charbon OONI Karu 16 Multicombustibles\" class=\"wy_tableau_gauche\" height=\"270\" src=\"https:\/\/boulanger.scene7.com\/is\/image\/Boulanger\/5060568345451_h_f_l_7?wid=400&amp;hei=270\" width=\"400\"\/>Polyvalence et Performance des Combustibles<\/h3>\n<p>Le four \u00e0 pizza OONI Karu 16 se distingue par sa capacit\u00e9 \u00e0 utiliser plusieurs types de combustibles, offrant ainsi une flexibilit\u00e9 in\u00e9gal\u00e9e pour les amateurs de pizza. Capable de fonctionner au bois, au charbon ou au gaz (avec l&rsquo;achat s\u00e9par\u00e9 d&rsquo;un br\u00fbleur \u00e0 gaz Ooni), ce four s&rsquo;adapte \u00e0 toutes les pr\u00e9f\u00e9rences et situations. La transition entre les combustibles solides et le gaz se fait sans effort, permettant de passer d&rsquo;une cuisson traditionnelle au feu de bois \u00e0 la commodit\u00e9 du gaz en un clin d&rsquo;oeil. Cette polyvalence se conjugue avec une conception \u00e9conome en \u00e9nergie et un syst\u00e8me de gestion du flux d&rsquo;air optimis\u00e9, garantissant une cuisson parfaitement \u00e9quilibr\u00e9e et une efficacit\u00e9 \u00e9nerg\u00e9tique optimale.<\/p>\n<p>\u00a0<\/p>\n<h3><img decoding=\"async\" alt=\"Four \u00e0 pizza charbon OONI Karu 16 Multicombustibles\" class=\"wy_tableau_right\" height=\"270\" src=\"https:\/\/boulanger.scene7.com\/is\/image\/Boulanger\/5060568345451_h_l_l_0?wid=1000&amp;hei=1000\" width=\"400\"\/>Conception Intelligente pour une Exp\u00e9rience Culinaire \u00c9tendue<\/p>\n<p><\/h3>\n<p>Le OONI Karu 16 ne se limite pas \u00e0 la pr\u00e9paration de pizzas exquises ; il est \u00e9galement con\u00e7u pour cuire viandes, poissons, l\u00e9gumes et bien plus encore, gr\u00e2ce \u00e0 sa g\u00e9n\u00e9reuse surface de cuisson de 33 cm. Son isolation compl\u00e8te assure une r\u00e9tention de chaleur maximale, tout en restant frais au toucher, pour une utilisation en toute s\u00e9curit\u00e9. De plus, l&rsquo;innovation ne s&rsquo;arr\u00eate pas l\u00e0 : la fonction boost innovante permet de ramener la pierre de cuisson \u00e0 la temp\u00e9rature maximale en seulement 45 secondes, id\u00e9al pour servir des pizzas toujours parfaites, m\u00eame lors de r\u00e9ceptions avec de nombreux invit\u00e9s. Avec le OONI Karu 16, transformez votre espace ext\u00e9rieur en une v\u00e9ritable cuisine italienne et r\u00e9galez vos convives avec des plats savoureux et vari\u00e9s.<\/p>\n<\/div>\n<\/div>\n<p><bl-button a11yexpanded=\"false\" arialabel=\"Afficher toute la description\" class=\"read-more__btn\" full=\"false\" link=\"true\">Voir plus<\/bl-button><\/div>","protected":false},"excerpt":{"rendered":"<div class=\"keypoints\">\n<h3 class=\"keypoints__title\">Les points cl\u00e9s<\/h3>\n<ul role=\"list\">\n<li class=\"keypoints__item\" role=\"listitem\">                                        Le four \u00e0 pizza pour d\u00e9guster des pizzas maison                      <\/li>\n<li class=\"keypoints__item\" role=\"listitem\">                          De 8 \u00e0 12 personnes &#8211;                                                      Portable                      <\/li>\n<li class=\"keypoints__item\" role=\"listitem\">                                        Acier                      <\/li>\n<li class=\"keypoints__item\" role=\"listitem\">                                        Rapidit\u00e9 de mont\u00e9e en temp\u00e9rature : 15 minutes                      <\/li>\n<li class=\"keypoints__item keypoints__item--advantage\" role=\"listitem\"><strong>Le + :<\/strong> Cuisinez au bois ou au pellet d\u00e8s son installation. Grande capacit\u00e9. Compatible br\u00fbleur \u00e0 gaz      <\/li>\n<\/ul>","protected":false},"featured_media":77615,"template":"","meta":{"_glsr_average":0,"_glsr_ranking":0,"_glsr_reviews":0},"product_cat":[355],"product_tag":[230,356,353],"class_list":{"0":"post-77616","1":"product","2":"type-product","3":"status-publish","4":"has-post-thumbnail","6":"product_cat-grill-pierre-a-cuire","7":"product_tag-cuisine-et-cuisson","8":"product_tag-grill-pierre-a-cuire","9":"product_tag-plancha","11":"first","12":"instock","13":"sale","14":"shipping-taxable","15":"purchasable","16":"product-type-simple"},"_links":{"self":[{"href":"https:\/\/electromenagerexpress.com\/en\/wp-json\/wp\/v2\/product\/77616","targetHints":{"allow":["GET"]}}],"collection":[{"href":"https:\/\/electromenagerexpress.com\/en\/wp-json\/wp\/v2\/product"}],"about":[{"href":"https:\/\/electromenagerexpress.com\/en\/wp-json\/wp\/v2\/types\/product"}],"wp:featuredmedia":[{"embeddable":true,"href":"https:\/\/electromenagerexpress.com\/en\/wp-json\/wp\/v2\/media\/77615"}],"wp:attachment":[{"href":"https:\/\/electromenagerexpress.com\/en\/wp-json\/wp\/v2\/media?parent=77616"}],"wp:term":[{"taxonomy":"product_cat","embeddable":true,"href":"https:\/\/electromenagerexpress.com\/en\/wp-json\/wp\/v2\/product_cat?post=77616"},{"taxonomy":"product_tag","embeddable":true,"href":"https:\/\/electromenagerexpress.com\/en\/wp-json\/wp\/v2\/product_tag?post=77616"}],"curies":[{"name":"wp","href":"https:\/\/api.w.org\/{rel}","templated":true}]}}