{"id":77589,"date":"2024-11-24T14:01:47","date_gmt":"2024-11-24T14:01:47","guid":{"rendered":"https:\/\/electromenagerexpress.com\/product\/nettoyeur-haute-pressionkarcherk7-premium-smart-control\/"},"modified":"2024-11-24T14:01:51","modified_gmt":"2024-11-24T14:01:51","slug":"nettoyeur-haute-pressionkarcherk7-premium-smart-control","status":"publish","type":"product","link":"https:\/\/electromenagerexpress.com\/en\/product\/nettoyeur-haute-pressionkarcherk7-premium-smart-control\/","title":{"rendered":"Nettoyeur haute pression\t\t\t\t\t\t\tKARCHER\t\t\t\tK7 Premium Smart Control"},"content":{"rendered":"<div class=\"product-features__content\">\n<ul role=\"list\">\n<li class=\"product-features__item\" role=\"listitem\">\n<h3 class=\"product-features__label\">Caract\u00e9ristique g\u00e9n\u00e9rale<\/h3>\n<ul role=\"list\">\n<li class=\"product-features__item-list__item\" role=\"listitem\"><span class=\"is--medium\">D\u00e9couvrez l&rsquo;univers des produits Karcher :<\/span> <u><a href=\"https:\/\/www.boulanger.com\/evenement\/univers-karcher\" target=\"_blank\">en sa<\/a><\/u><\/li>\n<li class=\"product-features__item-list__item\" role=\"listitem\"><span class=\"is--medium\">Type de produit :<\/span> Nettoyeur haute pression\t\t\t\t\t<\/li>\n<li class=\"product-features__item-list__item\" role=\"listitem\"><span class=\"is--medium\">Gamme :<\/span> K7\t\t\t\t\t<\/li>\n<\/ul>\n<\/li>\n<li class=\"product-features__item\" role=\"listitem\">\n<h3 class=\"product-features__label\">Performances<\/h3>\n<ul role=\"list\">\n<li class=\"product-features__item-list__item\" role=\"listitem\"><span class=\"is--medium\">Le saviez-vous ? :<\/span> Plus le d\u00e9bit est important, plus l&rsquo;effet de la pression est renforc\u00e9\t\t\t\t\t<\/li>\n<\/ul>\n<\/li>\n<li class=\"product-features__item\" role=\"listitem\">\n<h3 class=\"product-features__label\">Equipement<\/h3>\n<ul role=\"list\">\n<li class=\"product-features__item-list__item\" role=\"listitem\"><span class=\"is--medium\">Accessoires compatibles avec mon produit :<\/span> <a href=\"https:\/\/www.boulanger.com\/c\/nav-filtre\/accessoire-aspirateur?_usage~de9tergent\" target=\"_blank\">en cliquant ici<\/a><\/li>\n<\/ul>\n<\/li>\n<li class=\"product-features__item\" role=\"listitem\">\n<h3 class=\"product-features__label\">Confort d&rsquo;utilisation<\/h3>\n<ul role=\"list\">\n<li class=\"product-features__item-list__item\" role=\"listitem\"><span class=\"is--medium\">Syst\u00e8me Plug &amp; Clean :<\/span> oui, permet de clipser directement le d\u00e9tergent sur l&rsquo;appareil, facile \u00e0 manipuler, et sans aucune perte\t\t\t\t\t<\/li>\n<li class=\"product-features__item-list__item\" role=\"listitem\"><span class=\"is--medium\">Poids :<\/span> 20 kg\t\t\t\t\t<\/li>\n<\/ul>\n<\/li>\n<li class=\"product-features__item\" role=\"listitem\">\n<h3 class=\"product-features__label\">Dimensions<\/h3>\n<ul role=\"list\">\n<li class=\"product-features__item-list__item\" role=\"listitem\"><span class=\"is--medium\">Dimensions l x h x p :<\/span> 39.7 x 71.3 x 59.1 cm\t\t\t\t\t<\/li>\n<li class=\"product-features__item-list__item\" role=\"listitem\"><span class=\"is--medium\">Poids net :<\/span> 20 kg\t\t\t\t\t<\/li>\n<\/ul>\n<\/li>\n<li class=\"product-features__item\" role=\"listitem\">\n<h3 class=\"product-features__label\">Informations et services<\/h3>\n<ul role=\"list\">\n<li class=\"product-features__item-list__item\" role=\"listitem\"><span class=\"is--medium\">Dur\u00e9e de la garantie (Pi\u00e8ces et main d&rsquo;oeuvre pour un produit neuf vendu par Boulanger) :<\/span> 24\t\t\t\t\t<\/li>\n<li class=\"product-features__item-list__item\" role=\"listitem\"><span class=\"is--medium\">Disponibilit\u00e9 des pi\u00e8ces d\u00e9tach\u00e9es (donn\u00e9es fournisseur) :<\/span> Pendant 5 ans, \u00e0 compter de la date d&rsquo;achat\t\t\t\t\t<\/li>\n<\/ul>\n<\/li>\n<li class=\"product-features__item\" role=\"listitem\">\n<h3 class=\"product-features__label\">Facette type de sols \u00e0 nettoyer<\/h3>\n<ul role=\"list\">\n<li class=\"product-features__item-list__item\" role=\"listitem\"><span class=\"is--medium\">Ext\u00e9rieur (terrasse, cl\u00f4ture, &#8230;) :<\/span> Oui\t\t\t\t\t<\/li>\n<li class=\"product-features__item-list__item\" role=\"listitem\"><span class=\"is--medium\">Type de sols \u00e0 nettoyer :<\/span> Ext\u00e9rieur (terrasse, cl\u00f4ture, &#8230;)\t\t\t\t\t<\/li>\n<\/ul>\n<\/li>\n<\/ul>\n<\/div>\n<div class=\"product__disclosure-content\">\n<div class=\"js-read-more product-description__content read-more read-more--truncated\" data-read-more-name=\"description\" style=\"max-height: 500px; overflow: hidden;\">\n<p>Avec le Nettoyeur KARCHER K7 Premium Smart Control, vous pourrez nettoyer facilement toutes les salissures et traces incrust\u00e9es partout sur votre maison.<\/p>\n<h3><img fetchpriority=\"high\" decoding=\"async\" ,=\"\" alt=\"Nettoyeur KARCHER K7 Premium Smart Contr\" class=\"wy_tableau_gauche\" height=\"270\" src=\"https:\/\/boulanger.scene7.com\/is\/image\/Boulanger\/4054278605135_h_f_l_0?wid=400&amp;hei=270\" width=\"400\"\/>La puissance \u00e0 votre service<\/h3>\n<p>Besoin d&rsquo;un nettoyeur puissant pour rendre \u00e0 votre maison toute sa beaut\u00e9 ? Alors tournez-vous vers le Nettoyeur KARCHER K7 Premium Smart Control. Pourvu d&rsquo;une <b>puissance de 3000 watts<\/b>, ce <b>nettoyeur ultra puissant<\/b> pourra d\u00e9coller tous les types de salissures. Les mousses, la boue et les traces ne pourront donc pas vous r\u00e9sister.<\/p>\n<p>La puissance d&rsquo;un nettoyeur n&rsquo;a que peu d&rsquo;importance s&rsquo;il ne dispose pas d&rsquo;une <b>pression maximis\u00e9e<\/b>. L&rsquo;efficacit\u00e9 du Nettoyeur KARCHER K7 Premium Smart Control r\u00e9side ainsi dans sa combinaison entre puissance et pression. Gr\u00e2ce \u00e0 sa <b>haute pression de 180 bars<\/b>, il vous offrira un jet d&rsquo;une efficacit\u00e9 exceptionnelle qui s&rsquo;av\u00e8rera parfait pour les salissures les plus incrust\u00e9es.<\/p>\n<h3><img decoding=\"async\" ,=\"\" alt=\"Nettoyeur KARCHER K7 Premium Smart Contr\" class=\"wy_tableau_right\" height=\"270\" src=\"https:\/\/boulanger.scene7.com\/is\/image\/Boulanger\/4054278605135_h_f_l_1?wid=400&amp;hei=270\" width=\"400\"\/>Un d\u00e9bit optimal et une connectivit\u00e9 parfaite<\/h3>\n<p>Vous aurez tout pour nettoyer l&rsquo;int\u00e9gralit\u00e9 de votre maison avec le Nettoyeur KARCHER K7 Premium Smart Control car il affiche un <b>d\u00e9bit d&rsquo;eau de 600 l\/h<\/b>. Il s&rsquo;agira du d\u00e9bit id\u00e9al pour les murs, mais aussi pour votre all\u00e9e ou m\u00eame pour votre voiture. Vous en aurez un contr\u00f4le maximal gr\u00e2ce \u00e0 la <b>poign\u00e9e pistolet Smart Control<\/b> avec <b>\u00e9cran LCD<\/b> mais aussi avec le mode boost qui sera pratique pour les zones tr\u00e8s sales.<\/p>\n<p>Lors de votre utilisation, vous disposerez d&rsquo;un bouton pour ajuster la pression avec le Nettoyeur KARCHER K7 Premium Smart Control. Vous profiterez \u00e9galement d&rsquo;un bouton pour doser le d\u00e9tergent. Avec l&rsquo;<b>application Home&amp;Garden<\/b>, vous contr\u00f4lerez facilement votre appareil \u00e0 distance et b\u00e9n\u00e9ficierez m\u00eame de conseils. Enfin, l&rsquo;<b>enrouleur de flexible<\/b> sera tr\u00e8s pratique pour un <b>rangement facilit\u00e9<\/b>.<\/p>\n<\/p>\n<\/div>\n<p><bl-button a11yexpanded=\"false\" arialabel=\"Afficher toute la description\" class=\"read-more__btn\" full=\"false\" link=\"true\"><\/bl-button><\/div>","protected":false},"excerpt":{"rendered":"<div class=\"keypoints\">\n<h3 class=\"keypoints__title\">Les points cl\u00e9s<\/h3>\n<ul role=\"list\">\n<li class=\"keypoints__item\" role=\"listitem\">                                        Poids : 20 kg                      <\/li>\n<li class=\"keypoints__item keypoints__item--advantage\" role=\"listitem\"><strong>Le + :<\/strong> La poign\u00e9e pistolet avec \u00e9cran et bouton pour r\u00e9gler la pression et doser le d\u00e9tergent et la compatibilit\u00e9 avec l&rsquo;application Home&amp;Garden Karcher      <\/li>\n<\/ul>","protected":false},"featured_media":77588,"template":"","meta":{"_glsr_average":0,"_glsr_ranking":0,"_glsr_reviews":0},"product_cat":[347],"product_tag":[153,331,348],"class_list":{"0":"post-77589","1":"product","2":"type-product","3":"status-publish","4":"has-post-thumbnail","6":"product_cat-nettoyeur-haute-pression","7":"product_tag-maison-entretien","8":"product_tag-nettoyeur","9":"product_tag-nettoyeur-haute-pression","11":"first","12":"instock","13":"sale","14":"shipping-taxable","15":"purchasable","16":"product-type-simple"},"_links":{"self":[{"href":"https:\/\/electromenagerexpress.com\/en\/wp-json\/wp\/v2\/product\/77589","targetHints":{"allow":["GET"]}}],"collection":[{"href":"https:\/\/electromenagerexpress.com\/en\/wp-json\/wp\/v2\/product"}],"about":[{"href":"https:\/\/electromenagerexpress.com\/en\/wp-json\/wp\/v2\/types\/product"}],"wp:featuredmedia":[{"embeddable":true,"href":"https:\/\/electromenagerexpress.com\/en\/wp-json\/wp\/v2\/media\/77588"}],"wp:attachment":[{"href":"https:\/\/electromenagerexpress.com\/en\/wp-json\/wp\/v2\/media?parent=77589"}],"wp:term":[{"taxonomy":"product_cat","embeddable":true,"href":"https:\/\/electromenagerexpress.com\/en\/wp-json\/wp\/v2\/product_cat?post=77589"},{"taxonomy":"product_tag","embeddable":true,"href":"https:\/\/electromenagerexpress.com\/en\/wp-json\/wp\/v2\/product_tag?post=77589"}],"curies":[{"name":"wp","href":"https:\/\/api.w.org\/{rel}","templated":true}]}}