{"id":77561,"date":"2024-11-24T14:01:10","date_gmt":"2024-11-24T14:01:10","guid":{"rendered":"https:\/\/electromenagerexpress.com\/product\/balai-vapeurpoltivaporetto-3-clean-pteu0295\/"},"modified":"2024-11-24T19:10:00","modified_gmt":"2024-11-24T19:10:00","slug":"balai-vapeurpoltivaporetto-3-clean-pteu0295","status":"publish","type":"product","link":"https:\/\/electromenagerexpress.com\/en\/product\/balai-vapeurpoltivaporetto-3-clean-pteu0295\/","title":{"rendered":"Balai vapeur POLTI VAPORETTO 3 CLEAN PTEU0295"},"content":{"rendered":"<div class=\"product-features__content\">\n<ul role=\"list\">\n<li class=\"product-features__item\" role=\"listitem\">\n<h3 class=\"product-features__label\">Choisir ce produit pour quels usages?<\/h3>\n<ul role=\"list\">\n<li class=\"product-features__item-list__item\" role=\"listitem\"><span class=\"is--medium\">Le saviez-vous ? :<\/span> Elimine les germes et les bact\u00e9ries pour assainir l&rsquo;int\u00e9rieur de l&rsquo;habitation, gr\u00e2ce \u00e0 la vapeur. Sans produit chimique pour un nettoyage sain et hygi\u00e9nique<\/li>\n<li class=\"product-features__item-list__item\" role=\"listitem\"><span class=\"is--medium\">Type de produit :<\/span> Aspirateur nettoyeur vapeur tra\u00eeneau, permet d&rsquo;aspirer, de laver et de d\u00e9sinfecter vos sols avec plus de puissance qu&rsquo;avec un balai vapeur<\/li>\n<li class=\"product-features__item-list__item\" role=\"listitem\"><span class=\"is--medium\">Fonction :<\/span> Pour aspirer et laver \u00e0 la vapeur<\/li>\n<li class=\"product-features__item-list__item\" role=\"listitem\"><span class=\"is--medium\">Id\u00e9al pour nettoyer :<\/span> Sols, sanitaire, cuisine, tissus et vitres<\/li>\n<\/ul>\n<\/li>\n<li class=\"product-features__item\" role=\"listitem\">\n<h3 class=\"product-features__label\">Performances<\/h3>\n<ul role=\"list\">\n<li class=\"product-features__item-list__item\" role=\"listitem\"><span class=\"is--medium\">Puissance :<\/span> 1.800,0 W<\/li>\n<li class=\"product-features__item-list__item\" role=\"listitem\"><span class=\"is--medium\">Utilisation :<\/span> avec fil<\/li>\n<li class=\"product-features__item-list__item\" role=\"listitem\"><span class=\"is--medium\">R\u00e9glage vapeur :<\/span> Oui<\/li>\n<li class=\"product-features__item-list__item\" role=\"listitem\"><span class=\"is--medium\">R\u00e9glage aspiration :<\/span> 3 niveaux<\/li>\n<\/ul>\n<\/li>\n<li class=\"product-features__item\" role=\"listitem\">\n<h3 class=\"product-features__label\">Confort d&rsquo;utilisation<\/h3>\n<ul role=\"list\">\n<li class=\"product-features__item-list__item\" role=\"listitem\"><span class=\"is--medium\">Indicateur de vapeur pr\u00eate :<\/span> Oui<\/li>\n<li class=\"product-features__item-list__item\" role=\"listitem\"><span class=\"is--medium\">Signal manque d&rsquo;eau :<\/span> Non<\/li>\n<li class=\"product-features__item-list__item\" role=\"listitem\"><span class=\"is--medium\">Position parking :<\/span> oui, toujours \u00e0 port\u00e9e de main et pour un rangement facile<\/li>\n<li class=\"product-features__item-list__item\" role=\"listitem\"><span class=\"is--medium\">Commande \u00e0 la poign\u00e9e :<\/span> Oui<\/li>\n<li class=\"product-features__item-list__item\" role=\"listitem\"><span class=\"is--medium\">Rayon d&rsquo;action :<\/span> 8 m<\/li>\n<li class=\"product-features__item-list__item\" role=\"listitem\"><span class=\"is--medium\">T\u00eate pivotante :<\/span> Non<\/li>\n<li class=\"product-features__item-list__item\" role=\"listitem\"><span class=\"is--medium\">R\u00e9servoir amovible :<\/span> oui, permet de remplir facilement le r\u00e9servoir d&rsquo;eau<\/li>\n<li class=\"product-features__item-list__item\" role=\"listitem\"><span class=\"is--medium\">Longueur du cordon :<\/span> 6,00 m<\/li>\n<\/ul>\n<\/li>\n<li class=\"product-features__item\" role=\"listitem\">\n<h3 class=\"product-features__label\">Entretien<\/h3>\n<ul role=\"list\">\n<li class=\"product-features__item-list__item\" role=\"listitem\"><span class=\"is--medium\">Filtre \u00e0 eau :<\/span> Non<\/li>\n<li class=\"product-features__item-list__item\" role=\"listitem\"><span class=\"is--medium\">Syst\u00e8me anti-calcaire :<\/span> Oui<\/li>\n<\/ul>\n<\/li>\n<li class=\"product-features__item\" role=\"listitem\">\n<h3 class=\"product-features__label\">Equipement<\/h3>\n<ul role=\"list\">\n<li class=\"product-features__item-list__item\" role=\"listitem\"><span class=\"is--medium\">Flexible :<\/span> oui, permet d&rsquo;atteindre des endroits difficiles<\/li>\n<li class=\"product-features__item-list__item\" role=\"listitem\"><span class=\"is--medium\">Brosses :<\/span> Oui<\/li>\n<li class=\"product-features__item-list__item\" role=\"listitem\"><span class=\"is--medium\">Brosse douce :<\/span> Oui<\/li>\n<li class=\"product-features__item-list__item\" role=\"listitem\"><span class=\"is--medium\">Tube :<\/span> 1 tube t\u00e9lescopique<\/li>\n<li class=\"product-features__item-list__item\" role=\"listitem\"><span class=\"is--medium\">Embout :<\/span> Oui<\/li>\n<li class=\"product-features__item-list__item\" role=\"listitem\"><span class=\"is--medium\">Buse :<\/span> Oui<\/li>\n<li class=\"product-features__item-list__item\" role=\"listitem\"><span class=\"is--medium\">Lance :<\/span> Oui<\/li>\n<li class=\"product-features__item-list__item\" role=\"listitem\"><span class=\"is--medium\">Bonnettes :<\/span> Oui<\/li>\n<li class=\"product-features__item-list__item\" role=\"listitem\"><span class=\"is--medium\">Serpilli\u00e8re :<\/span> Oui<\/li>\n<li class=\"product-features__item-list__item\" role=\"listitem\"><span class=\"is--medium\">Coude de raccord :<\/span> Non<\/li>\n<li class=\"product-features__item-list__item\" role=\"listitem\"><span class=\"is--medium\">Accessoire vitre :<\/span> oui, pour un nettoyage rapide et sans trace<\/li>\n<li class=\"product-features__item-list__item\" role=\"listitem\"><span class=\"is--medium\">Adaptateur pour tapis \/ moquette :<\/span> oui, permet de nettoyer sur les tapis et les moquettes<\/li>\n<li class=\"product-features__item-list__item\" role=\"listitem\"><span class=\"is--medium\">T\u00eate rectangulaire :<\/span> oui, pour une grande surface de nettoyage<\/li>\n<li class=\"product-features__item-list__item\" role=\"listitem\"><span class=\"is--medium\">Buse jet puissant :<\/span> oui, id\u00e9ale pour les joints de carrelage; d\u00e9crassage plaque de cuisson, four&#8230;<\/li>\n<li class=\"product-features__item-list__item\" role=\"listitem\"><span class=\"is--medium\">Nettoyeur \u00e0 main amovible :<\/span> oui, permet de nettoyer miroir, carreaux, tissus d&rsquo;ameublement &#8230;<\/li>\n<li class=\"product-features__item-list__item\" role=\"listitem\"><span class=\"is--medium\">Petite brosse ronde :<\/span> oui, id\u00e9ale pour enlever les t\u00e2ches incrust\u00e9es et la graisse sur les surfaces d\u00e9licates<\/li>\n<li class=\"product-features__item-list__item\" role=\"listitem\"><span class=\"is--medium\">Grosse brossette :<\/span> Non<\/li>\n<li class=\"product-features__item-list__item\" role=\"listitem\"><span class=\"is--medium\">Brosse \u00e0 joints :<\/span> Oui<\/li>\n<li class=\"product-features__item-list__item\" role=\"listitem\"><span class=\"is--medium\">Brosse chaussettes microfibre pour textile :<\/span> Non<\/li>\n<li class=\"product-features__item-list__item\" role=\"listitem\"><span class=\"is--medium\">Capsule parfum\u00e9e :<\/span> Non<\/li>\n<li class=\"product-features__item-list__item\" role=\"listitem\"><span class=\"is--medium\">Lingette microfibre :<\/span> Oui<\/li>\n<li class=\"product-features__item-list__item\" role=\"listitem\"><span class=\"is--medium\">Diffuseur d&rsquo;huiles essentielles :<\/span> Non<\/li>\n<li class=\"product-features__item-list__item\" role=\"listitem\"><span class=\"is--medium\">Bandoulliere :<\/span> Non<\/li>\n<li class=\"product-features__item-list__item\" role=\"listitem\"><span class=\"is--medium\">Fixation de la serpilli\u00e8re avec scratch :<\/span> Oui<\/li>\n<\/ul>\n<\/li>\n<li class=\"product-features__item\" role=\"listitem\">\n<h3 class=\"product-features__label\">Dimensions<\/h3>\n<ul role=\"list\">\n<li class=\"product-features__item-list__item\" role=\"listitem\"><span class=\"is--medium\">Dimensions l x h x p :<\/span> 25.5 x 118 x 21.9 cm<\/li>\n<li class=\"product-features__item-list__item\" role=\"listitem\"><span class=\"is--medium\">Poids net :<\/span> 5,0 kg<\/li>\n<\/ul>\n<\/li>\n<li class=\"product-features__item\" role=\"listitem\">\n<h3 class=\"product-features__label\">Informations et Services<\/h3>\n<ul role=\"list\">\n<li class=\"product-features__item-list__item\" role=\"listitem\"><span class=\"is--medium\">Garantie :<\/span> 2 ans<\/li>\n<li class=\"product-features__item-list__item\" role=\"listitem\"><span class=\"is--medium\">R\u00e9f\u00e9rence constructeur :<\/span> VAPORETTO 3 CLEAN PTEU0295<\/li>\n<li class=\"product-features__item-list__item\" role=\"listitem\"><span class=\"is--medium\">Marque :<\/span> POLTI<\/li>\n<li class=\"product-features__item-list__item\" role=\"listitem\"><span class=\"is--medium\">Disponibilit\u00e9 des pi\u00e8ces d\u00e9tach\u00e9es (donn\u00e9es fournisseur) :<\/span> Pendant 5 ans, \u00e0 compter de la date d&rsquo;achat<\/li>\n<li class=\"product-features__item-list__item\" role=\"listitem\"><span class=\"is--medium\">Fabriqu\u00e9 en :<\/span> Chine<\/li>\n<\/ul>\n<\/li>\n<\/ul>\n<\/div>\n<div class=\"product__disclosure-content\">\n<div class=\"js-read-more product-description__content read-more read-more--truncated\" style=\"max-height: 500px; overflow: hidden;\" data-read-more-name=\"description\">\n<p>Gr\u00e2ce au nettoyeur vapeur Polti Vaporetto 3 Clean, gardez une maison toujours propre avec un seul appareil. Il aspire et nettoie \u00e0 la vapeur tous vos sols pour un r\u00e9sultat impeccable. Performant et simple d&rsquo;utilisation, il vous simplifiera le quotidien.<\/p>\n<h3><img fetchpriority=\"high\" decoding=\"async\" class=\"wy_tableau_gauche\" src=\"https:\/\/boulanger.scene7.com\/is\/image\/Boulanger\/8007411012488_h_f_l_0?wid=400&amp;hei=270\" alt=\"Nett. Vapeur POLTI VAPORETTO 3 CLEAN PTE\" width=\"400\" height=\"270\" \/><\/h3>\n<h3>Un aspirateur nettoyeur vapeur performant pour nettoyer toutes les surfaces<\/h3>\n<p>Le nettoyeur vapeur Polti Vaporetto 3 Clean est <b>un appareil 3 en 1<\/b> avec lequel vous pouvez aspirer,<\/p>\n<\/div>\n<p>nettoyer \u00e0 la vapeur et \u00e0 la main pour une maison toujours impeccable. Ses <b>3 niveaux de r\u00e9glage de vapeur<\/b> lui permettent de nettoyer les surfaces fragiles comme le parquet mais aussi d&rsquo;\u00e9liminer les taches incrust\u00e9es.<\/p>\n<\/div>\n<div class=\"product__disclosure-content\">\n<div class=\"js-read-more product-description__content read-more read-more--truncated\" style=\"max-height: 500px; overflow: hidden;\" data-read-more-name=\"description\">\n<p>Avec son <b>syst\u00e8me cyclonique d&rsquo;aspiration et une puissance de 1800 watts<\/b>, le nettoyeur vapeur Polti Vaporetto 3 Clean est tr\u00e8s efficace pour aspirer la poussi\u00e8re de vos sols et \u00e9liminer jusqu&rsquo;\u00e0 99,9% des germes et bact\u00e9ries. Pour gagner du temps au quotidien, utilisez <b>le mode combin\u00e9 aspiration et vapeur<\/b> qui aspire et d\u00e9sinfecte le sol en un seul passage.<\/p>\n<h3><img decoding=\"async\" class=\"wy_tableau_right\" src=\"https:\/\/boulanger.scene7.com\/is\/image\/Boulanger\/8007411012488_h_f_l_1?wid=400&amp;hei=270\" alt=\"Nett. Vapeur POLTI VAPORETTO 3 CLEAN PTE\" width=\"400\" height=\"270\" \/>\u00a0 \u00a0 \u00a0 \u00a0 \u00a0 \u00a0 \u00a0 \u00a0 \u00a0 \u00a0 \u00a0 \u00a0 \u00a0 \u00a0 \u00a0 \u00a0 \u00a0 \u00a0 \u00a0 \u00a0 \u00a0 \u00a0 \u00a0 \u00a0 \u00a0 \u00a0 \u00a0 \u00a0 \u00a0 \u00a0 \u00a0Un appareil maniable et polyvalent<\/h3>\n<p>Le Polti Vaporetto 3 Clean \u00e0 un <b>rayon d&rsquo;action de 7,5 m\u00e8tres<\/b> et peut \u00eatre utilis\u00e9 tr\u00e8s rapidement, gr\u00e2ce \u00e0 sa vapeur qui chauffe en \u00e0 peine 30 secondes. Son <b>r\u00e9servoir amovible vous offre une autonomie de 30 minutes<\/b> et vous pouvez le remplir \u00e0 tout moment avec l&rsquo;eau du robinet.<\/p>\n<p>L&rsquo;appareil est livr\u00e9 avec <b>12 accessoires pour nettoyer toutes les surfaces<\/b> : accessoires pour les vitres, brosses pour un nettoyage en profondeur des surfaces ou encore des embouts pour les joints de carrelage et petits recoins. La t\u00eate pivotante \u00e0 90\u00b0, le long cordon d&rsquo;alimentation et la commande \u00e0 la poign\u00e9e, rendent le Polti Vaporetto 3 Clean tr\u00e8s maniable.<\/p>\n<p>&nbsp;<\/p>\n<\/div>\n<\/div>","protected":false},"excerpt":{"rendered":"<div class=\"keypoints\">\n<h3 class=\"keypoints__title\">Les points cl\u00e9s<\/h3>\n<ul role=\"list\">\n<li class=\"keypoints__item\" role=\"listitem\">Pour aspirer et laver \u00e0 la vapeur<\/li>\n<li class=\"keypoints__item keypoints__item--advantage\" role=\"listitem\"><strong>Le + :<\/strong> les 12 accessoires inclus pour nettoyer toutes les surfaces<\/li>\n<\/ul>\n<\/div>","protected":false},"featured_media":77560,"template":"","meta":{"_glsr_average":0,"_glsr_ranking":0,"_glsr_reviews":0},"product_cat":[343],"product_tag":[153,331,344],"class_list":{"0":"post-77561","1":"product","2":"type-product","3":"status-publish","4":"has-post-thumbnail","6":"product_cat-nettoyeur-vapeur","7":"product_tag-maison-entretien","8":"product_tag-nettoyeur","9":"product_tag-nettoyeur-vapeur","11":"first","12":"instock","13":"sale","14":"shipping-taxable","15":"purchasable","16":"product-type-simple"},"_links":{"self":[{"href":"https:\/\/electromenagerexpress.com\/en\/wp-json\/wp\/v2\/product\/77561","targetHints":{"allow":["GET"]}}],"collection":[{"href":"https:\/\/electromenagerexpress.com\/en\/wp-json\/wp\/v2\/product"}],"about":[{"href":"https:\/\/electromenagerexpress.com\/en\/wp-json\/wp\/v2\/types\/product"}],"wp:featuredmedia":[{"embeddable":true,"href":"https:\/\/electromenagerexpress.com\/en\/wp-json\/wp\/v2\/media\/77560"}],"wp:attachment":[{"href":"https:\/\/electromenagerexpress.com\/en\/wp-json\/wp\/v2\/media?parent=77561"}],"wp:term":[{"taxonomy":"product_cat","embeddable":true,"href":"https:\/\/electromenagerexpress.com\/en\/wp-json\/wp\/v2\/product_cat?post=77561"},{"taxonomy":"product_tag","embeddable":true,"href":"https:\/\/electromenagerexpress.com\/en\/wp-json\/wp\/v2\/product_tag?post=77561"}],"curies":[{"name":"wp","href":"https:\/\/api.w.org\/{rel}","templated":true}]}}