{"id":77505,"date":"2024-11-24T14:00:17","date_gmt":"2024-11-24T14:00:17","guid":{"rendered":"https:\/\/electromenagerexpress.com\/product\/cireuse-parquetbissellspinwave-sans-fil-serpillere-electriqu\/"},"modified":"2024-11-24T14:00:43","modified_gmt":"2024-11-24T14:00:43","slug":"cireuse-parquetbissellspinwave-sans-fil-serpillere-electriqu","status":"publish","type":"product","link":"https:\/\/electromenagerexpress.com\/en\/product\/cireuse-parquetbissellspinwave-sans-fil-serpillere-electriqu\/","title":{"rendered":"Cireuse parquet\t\t\t\t\t\t\tBISSELL\t\t\t\tSpinWave sans fil &#8211; Serpill\u00e8re \u00e9lectriqu"},"content":{"rendered":"<div class=\"product-features__content\">\n<ul role=\"list\">\n<li class=\"product-features__item\" role=\"listitem\">\n<h3 class=\"product-features__label\">Caract\u00e9ristique g\u00e9n\u00e9rale<\/h3>\n<ul role=\"list\">\n<li class=\"product-features__item-list__item\" role=\"listitem\"><span class=\"is--medium\">Type de produit :<\/span> Cireuse\t\t\t\t\t<\/li>\n<li class=\"product-features__item-list__item\" role=\"listitem\"><span class=\"is--medium\">Puissance :<\/span> 105 W\t\t\t\t\t<\/li>\n<\/ul>\n<\/li>\n<li class=\"product-features__item\" role=\"listitem\">\n<h3 class=\"product-features__label\">Sac<\/h3>\n<ul role=\"list\">\n<li class=\"product-features__item-list__item\" role=\"listitem\"><span class=\"is--medium\">Capacit\u00e9 du sac :<\/span> 1 L\t\t\t\t\t<\/li>\n<\/ul>\n<\/li>\n<li class=\"product-features__item\" role=\"listitem\">\n<h3 class=\"product-features__label\">Dimensions<\/h3>\n<ul role=\"list\">\n<li class=\"product-features__item-list__item\" role=\"listitem\"><span class=\"is--medium\">Poids Net (kg) :<\/span> 3.9\t\t\t\t\t<\/li>\n<\/ul>\n<\/li>\n<li class=\"product-features__item\" role=\"listitem\">\n<h3 class=\"product-features__label\">Informations et Services<\/h3>\n<ul role=\"list\">\n<li class=\"product-features__item-list__item\" role=\"listitem\"><span class=\"is--medium\">Disponibilit\u00e9 des pi\u00e8ces d\u00e9tach\u00e9es (donn\u00e9es fournisseur) :<\/span> Non communiqu\u00e9e\t\t\t\t\t<\/li>\n<li class=\"product-features__item-list__item\" role=\"listitem\"><span class=\"is--medium\">Fabriqu\u00e9 en :<\/span> Chine\t\t\t\t\t<\/li>\n<li class=\"product-features__item-list__item\" role=\"listitem\"><span class=\"is--medium\">R\u00e9f\u00e9rence constructeur :<\/span> SpinWave sans fil &#8211; Serpill\u00e8re \u00e9lectriqu\t\t\t\t\t<\/li>\n<li class=\"product-features__item-list__item\" role=\"listitem\"><span class=\"is--medium\">Marque :<\/span> BISSELL\t\t\t\t\t<\/li>\n<\/ul>\n<\/li>\n<\/ul>\n<\/div>\n<div class=\"product__disclosure-content\">\n<div class=\"js-read-more product-description__content read-more read-more--truncated\" data-read-more-name=\"description\" style=\"max-height: 500px; overflow: hidden;\">\n<p>La serpilli\u00e8re \u00e9lectrique Spinwave Sans fil de Bissell est la solution parfaite pour nettoyer facilement les sols durs avec un r\u00e9sultat sans appel.<\/p>\n<\/p>\n<p><u><strong>Profitez des avantages du <\/strong><strong>Spinwave Sans fil<\/strong><\/u><\/p>\n<p>Les tampons rotatifs du Spinwave Sans fil permettent de nettoyer les sols durs tr\u00e8s facilement et sans effort.<\/p>\n<p>Le manche d&rsquo;une longueur d&rsquo;un m\u00e8tre et les commandes sur la poign\u00e9e sont parfaits pour commander cet appareil sans probl\u00e8me.<\/p>\n<p>Le Spinwave Sans fil comprend une batterie de 18 V permettant une utilisation continue de 20 minutes sans avoir \u00e0 le recharger. La solution parfaite pour nettoyer un maximum de pi\u00e8ces de votre maison.<\/p>\n<p>Ce mod\u00e8le comprend deux jeux de tampons lavables et r\u00e9utilisables : un set doux parfait pour une utilisation quotidienne et un set plus dur pour venir \u00e0 bout des taches les plus difficiles.<\/p>\n<p>La serpilli\u00e8re \u00e9lectrique Spinwave Sans fil comprend \u00e9galement un plateau de rangement pour stocker les tampons que vous n&rsquo;utilisez pas pendant votre m\u00e9nage.<\/p>\n<\/p>\n<p><u><strong>Utilisez le <\/strong><strong>Spinwave Sans fil<\/strong><strong>, <\/strong><strong>la serpilli\u00e8re \u00e9lectrique,<\/strong><strong> tous les jours<\/strong><\/u><\/p>\n<p>Nettoyer les zones les plus difficiles d&rsquo;acc\u00e8s ou encore les contours de meubles devient un jeu d&rsquo;enfant gr\u00e2ce \u00e0 la t\u00eate pivotante du Spinwave Sans fil.<\/p>\n<p>Cet appareil peut \u00eatre vidang\u00e9 tr\u00e8s simplement gr\u00e2ce \u00e0 son r\u00e9servoir amovible d&rsquo;une capacit\u00e9 totale de 0,83 litre.<\/p>\n<p>L&rsquo;utilisation et la qualit\u00e9 du produit nettoyant se font \u00e0 la demande \u00e0 l&rsquo;aide des boutons de commande pr\u00e9vus sur la poign\u00e9e de ce mod\u00e8le.<\/p>\n<p>Le rayon d&rsquo;action de cette serpilli\u00e8re \u00e9lectrique est sans limites puisqu&rsquo;elle est sans fil. Vous n&rsquo;avez donc plus \u00e0 chercher une prise d&rsquo;alimentation pendant votre m\u00e9nage.<\/p>\n<p>Le Spinwave Sans fil s&rsquo;utilise simplement et sans effort gr\u00e2ce \u00e0 la poign\u00e9e de transport<\/p>\n<\/div>\n<p><bl-button a11yexpanded=\"false\" arialabel=\"Afficher toute la description\" class=\"read-more__btn\" full=\"false\" link=\"true\"><\/bl-button><\/div>","protected":false},"excerpt":{"rendered":"<div class=\"keypoints\">\n<h3 class=\"keypoints__title\">Les points cl\u00e9s<\/h3>\n<ul role=\"list\">\n<li class=\"keypoints__item\" role=\"listitem\">                                        Cireuse                      <\/li>\n<li class=\"keypoints__item\" role=\"listitem\">                                        Puissance : 105 W                      <\/li>\n<li class=\"keypoints__item\" role=\"listitem\">                                        Capacit\u00e9 du sac : 1 L                      <\/li>\n<\/ul>","protected":false},"featured_media":77504,"template":"","meta":{"_glsr_average":0,"_glsr_ranking":0,"_glsr_reviews":0},"product_cat":[341],"product_tag":[153,331,342],"class_list":{"0":"post-77505","1":"product","2":"type-product","3":"status-publish","4":"has-post-thumbnail","6":"product_cat-shampouineuse-detacheur","7":"product_tag-maison-entretien","8":"product_tag-nettoyeur","9":"product_tag-shampouineuse-detacheur","11":"first","12":"instock","13":"sale","14":"shipping-taxable","15":"purchasable","16":"product-type-simple"},"_links":{"self":[{"href":"https:\/\/electromenagerexpress.com\/en\/wp-json\/wp\/v2\/product\/77505","targetHints":{"allow":["GET"]}}],"collection":[{"href":"https:\/\/electromenagerexpress.com\/en\/wp-json\/wp\/v2\/product"}],"about":[{"href":"https:\/\/electromenagerexpress.com\/en\/wp-json\/wp\/v2\/types\/product"}],"wp:featuredmedia":[{"embeddable":true,"href":"https:\/\/electromenagerexpress.com\/en\/wp-json\/wp\/v2\/media\/77504"}],"wp:attachment":[{"href":"https:\/\/electromenagerexpress.com\/en\/wp-json\/wp\/v2\/media?parent=77505"}],"wp:term":[{"taxonomy":"product_cat","embeddable":true,"href":"https:\/\/electromenagerexpress.com\/en\/wp-json\/wp\/v2\/product_cat?post=77505"},{"taxonomy":"product_tag","embeddable":true,"href":"https:\/\/electromenagerexpress.com\/en\/wp-json\/wp\/v2\/product_tag?post=77505"}],"curies":[{"name":"wp","href":"https:\/\/api.w.org\/{rel}","templated":true}]}}