{"id":77443,"date":"2024-11-24T13:59:22","date_gmt":"2024-11-24T13:59:22","guid":{"rendered":"https:\/\/electromenagerexpress.com\/product\/balai-vapeurblack-et-deckerfsmh1321jsm-avec-gant-vapeur-steamitt\/"},"modified":"2024-11-24T13:59:46","modified_gmt":"2024-11-24T13:59:46","slug":"balai-vapeurblack-et-deckerfsmh1321jsm-avec-gant-vapeur-steamitt","status":"publish","type":"product","link":"https:\/\/electromenagerexpress.com\/en\/product\/balai-vapeurblack-et-deckerfsmh1321jsm-avec-gant-vapeur-steamitt\/","title":{"rendered":"Balai vapeur\t\t\t\t\t\t\tBLACK ET DECKER\t\t\t\tFSMH1321JSM avec gant vapeur SteaMitt"},"content":{"rendered":"<div class=\"product-features__content\">\n<ul role=\"list\">\n<li class=\"product-features__item\" role=\"listitem\">\n<h3 class=\"product-features__label\">Choisir ce produit pour quels usages?<\/h3>\n<ul role=\"list\">\n<li class=\"product-features__item-list__item\" role=\"listitem\"><span class=\"is--medium\">Le saviez-vous ? :<\/span> \u00e9limine les germes et les bact\u00e9ries pour assainir l&rsquo;int\u00e9rieur de l&rsquo;habitation, gr\u00e2ce \u00e0 la vapeur. Sans d\u00e9tergent, ni produit chimique pour un nettoyage sain, hygi\u00e9nique et respectueux de l&rsquo;environnement\t\t\t\t\t<\/li>\n<li class=\"product-features__item-list__item\" role=\"listitem\"><span class=\"is--medium\">Type de produit :<\/span> Balai vapeur, permet de laver et de d\u00e9sinfecter vos sols avec plus de maniabilit\u00e9 qu&rsquo;avec un tra\u00eeneau\t\t\t\t\t<\/li>\n<li class=\"product-features__item-list__item\" role=\"listitem\"><span class=\"is--medium\">Fonction :<\/span> laver et d\u00e9sinfecter \u00e0 la vapeur\t\t\t\t\t<\/li>\n<li class=\"product-features__item-list__item\" role=\"listitem\"><span class=\"is--medium\">Id\u00e9al pour nettoyer :<\/span> sols, sanitaire, cuisine, tissus et vitres\t\t\t\t\t<\/li>\n<\/ul>\n<\/li>\n<li class=\"product-features__item\" role=\"listitem\">\n<h3 class=\"product-features__label\">Performances<\/h3>\n<ul role=\"list\">\n<li class=\"product-features__item-list__item\" role=\"listitem\"><span class=\"is--medium\">Puissance :<\/span> 1.300,0 W\t\t\t\t\t<\/li>\n<li class=\"product-features__item-list__item\" role=\"listitem\"><span class=\"is--medium\">Utilisation :<\/span> avec fil\t\t\t\t\t<\/li>\n<li class=\"product-features__item-list__item\" role=\"listitem\"><span class=\"is--medium\">R\u00e9glage vapeur :<\/span> Oui\t\t\t\t\t<\/li>\n<li class=\"product-features__item-list__item\" role=\"listitem\"><span class=\"is--medium\">Fonction turbo vapeur :<\/span> oui, pour d\u00e9coller les taches\t\t\t\t\t<\/li>\n<li class=\"product-features__item-list__item\" role=\"listitem\"><span class=\"is--medium\">Temps de chauffe :<\/span> 15 s\t\t\t\t\t<\/li>\n<\/ul>\n<\/li>\n<li class=\"product-features__item\" role=\"listitem\">\n<h3 class=\"product-features__label\">Confort d&rsquo;utilisation<\/h3>\n<ul role=\"list\">\n<li class=\"product-features__item-list__item\" role=\"listitem\"><span class=\"is--medium\">Indicateur de vapeur pr\u00eate :<\/span> Non\t\t\t\t\t<\/li>\n<li class=\"product-features__item-list__item\" role=\"listitem\"><span class=\"is--medium\">T\u00eate pivotante :<\/span> Oui\t\t\t\t\t<\/li>\n<li class=\"product-features__item-list__item\" role=\"listitem\"><span class=\"is--medium\">R\u00e9servoir amovible :<\/span> oui, permet de remplir facilement le r\u00e9servoir d&rsquo;eau\t\t\t\t\t<\/li>\n<li class=\"product-features__item-list__item\" role=\"listitem\"><span class=\"is--medium\">Longueur du cordon :<\/span> 6,00 m\t\t\t\t\t<\/li>\n<\/ul>\n<\/li>\n<li class=\"product-features__item\" role=\"listitem\">\n<h3 class=\"product-features__label\">Entretien<\/h3>\n<ul role=\"list\">\n<li class=\"product-features__item-list__item\" role=\"listitem\"><span class=\"is--medium\">Syst\u00e8me anti-calcaire :<\/span> Oui\t\t\t\t\t<\/li>\n<\/ul>\n<\/li>\n<li class=\"product-features__item\" role=\"listitem\">\n<h3 class=\"product-features__label\">Equipement<\/h3>\n<ul role=\"list\">\n<li class=\"product-features__item-list__item\" role=\"listitem\"><span class=\"is--medium\">Flexible :<\/span> oui, permet d&rsquo;atteindre des endroits difficiles\t\t\t\t\t<\/li>\n<li class=\"product-features__item-list__item\" role=\"listitem\"><span class=\"is--medium\">Brosses :<\/span> Oui\t\t\t\t\t<\/li>\n<li class=\"product-features__item-list__item\" role=\"listitem\"><span class=\"is--medium\">Tube :<\/span> Non\t\t\t\t\t<\/li>\n<li class=\"product-features__item-list__item\" role=\"listitem\"><span class=\"is--medium\">Embout :<\/span> Non\t\t\t\t\t<\/li>\n<li class=\"product-features__item-list__item\" role=\"listitem\"><span class=\"is--medium\">Buse :<\/span> Oui\t\t\t\t\t<\/li>\n<li class=\"product-features__item-list__item\" role=\"listitem\"><span class=\"is--medium\">Lance :<\/span> Non\t\t\t\t\t<\/li>\n<li class=\"product-features__item-list__item\" role=\"listitem\"><span class=\"is--medium\">Bonnettes :<\/span> Oui\t\t\t\t\t<\/li>\n<li class=\"product-features__item-list__item\" role=\"listitem\"><span class=\"is--medium\">Coude de raccord :<\/span> Non\t\t\t\t\t<\/li>\n<li class=\"product-features__item-list__item\" role=\"listitem\"><span class=\"is--medium\">Accessoire vitre :<\/span> oui, pour un nettoyage rapide et sans trace\t\t\t\t\t<\/li>\n<li class=\"product-features__item-list__item\" role=\"listitem\"><span class=\"is--medium\">Adaptateur pour tapis \/ moquette :<\/span> oui, permet de nettoyer sur les tapis et les moquettes\t\t\t\t\t<\/li>\n<li class=\"product-features__item-list__item\" role=\"listitem\"><span class=\"is--medium\">T\u00eate rectangulaire :<\/span> oui, pour une grande surface de nettoyage\t\t\t\t\t<\/li>\n<li class=\"product-features__item-list__item\" role=\"listitem\"><span class=\"is--medium\">Nettoyeur \u00e0 main amovible :<\/span> oui, permet de nettoyer miroir, carreaux, tissus d&rsquo;ameublement &#8230;\t\t\t\t\t<\/li>\n<li class=\"product-features__item-list__item\" role=\"listitem\"><span class=\"is--medium\">Gant vapeur :<\/span> oui, permet de nettoyer des surfaces telles que les plaques de cuisson, portes de douche ou encore chaises hautes\t\t\t\t\t<\/li>\n<li class=\"product-features__item-list__item\" role=\"listitem\"><span class=\"is--medium\">Grosse brossette :<\/span> Non\t\t\t\t\t<\/li>\n<li class=\"product-features__item-list__item\" role=\"listitem\"><span class=\"is--medium\">Brosse \u00e0 joints :<\/span> Oui\t\t\t\t\t<\/li>\n<li class=\"product-features__item-list__item\" role=\"listitem\"><span class=\"is--medium\">Brosse chaussettes microfibre pour textile :<\/span> Non\t\t\t\t\t<\/li>\n<li class=\"product-features__item-list__item\" role=\"listitem\"><span class=\"is--medium\">Capsule parfum\u00e9e :<\/span> Non\t\t\t\t\t<\/li>\n<li class=\"product-features__item-list__item\" role=\"listitem\"><span class=\"is--medium\">Lingette microfibre :<\/span> Non\t\t\t\t\t<\/li>\n<li class=\"product-features__item-list__item\" role=\"listitem\"><span class=\"is--medium\">Diffuseur d&rsquo;huiles essentielles :<\/span> Non\t\t\t\t\t<\/li>\n<li class=\"product-features__item-list__item\" role=\"listitem\"><span class=\"is--medium\">Bandoulliere :<\/span> Non\t\t\t\t\t<\/li>\n<\/ul>\n<\/li>\n<li class=\"product-features__item\" role=\"listitem\">\n<h3 class=\"product-features__label\">Dimensions<\/h3>\n<ul role=\"list\">\n<li class=\"product-features__item-list__item\" role=\"listitem\"><span class=\"is--medium\">Dimensions l x h x p :<\/span> 19.5 x 65 x 32.5 cm\t\t\t\t\t<\/li>\n<li class=\"product-features__item-list__item\" role=\"listitem\"><span class=\"is--medium\">Poids net :<\/span> 4,8 kg\t\t\t\t\t<\/li>\n<\/ul>\n<\/li>\n<li class=\"product-features__item\" role=\"listitem\">\n<h3 class=\"product-features__label\">Informations et Services<\/h3>\n<ul role=\"list\">\n<li class=\"product-features__item-list__item\" role=\"listitem\"><span class=\"is--medium\">Garantie :<\/span> 2 ans\t\t\t\t\t<\/li>\n<li class=\"product-features__item-list__item\" role=\"listitem\"><span class=\"is--medium\">R\u00e9f\u00e9rence constructeur :<\/span> FSMH1321JSM avec gant vapeur SteaMitt\t\t\t\t\t<\/li>\n<li class=\"product-features__item-list__item\" role=\"listitem\"><span class=\"is--medium\">Marque :<\/span> BLACK ET DECKER\t\t\t\t\t<\/li>\n<li class=\"product-features__item-list__item\" role=\"listitem\"><span class=\"is--medium\">Disponibilit\u00e9 des pi\u00e8ces d\u00e9tach\u00e9es (donn\u00e9es fournisseur) :<\/span> Pendant 4 ans, \u00e0 compter de la date de fabrication\t\t\t\t\t<\/li>\n<li class=\"product-features__item-list__item\" role=\"listitem\"><span class=\"is--medium\">Fabriqu\u00e9 en :<\/span> Chine\t\t\t\t\t<\/li>\n<\/ul>\n<\/li>\n<\/ul>\n<\/div>\n<div class=\"product__disclosure-content\">\n<div class=\"js-read-more product-description__content read-more read-more--truncated\" data-read-more-name=\"description\" style=\"max-height: 500px; overflow: hidden;\">\n<div class=\"description\" itemprop=\"description\">\n<h3 style=\"text-align: center !important\">Balai vapeur Black Et Decker FSMH1321JSM avec gant vapeur SteaMitt<\/h3>\n<p>D\u00e9couvrez le balai vapeur BLACK+DECKER et son gant SteaMitt\u00ae : un balai pour assainir tous les sols de la maison et un gant vapeur pour un m\u00e9nage plus cibl\u00e9 sur toutes les surfaces!<\/p>\n<hr\/>\n<h3>UN BALAI VAPEUR MULTI-FONCTIONS 13 EN 1    \t<img fetchpriority=\"high\" decoding=\"async\" alt=\"Aspirateur Hoover\" class=\"wy_tableau_gauche\" height=\"216\" src=\"https:\/\/boulanger.scene7.com\/is\/image\/Boulanger\/5035048657690_h_z_l_5?wid=375&amp;hei=270\" style=\"margin-top: 0px !important\" width=\"300\"\/><\/h3>\n<p>Un balai pour assainir tout vos sols et un gant vapeur pour toutes vos surfaces! Gr\u00e2ce \u00e0 son syst\u00e8me de production de vapeur performant, le balai g\u00e9n\u00e8re un flux de vapeur puissant et constant \u00e0 72\u00b0C. Avec un temps de chauffe de moins de 20 secondes, il offre aussi la possibilit\u00e9 d&rsquo;envoyer de la vapeur \u00e0 forte pression pour les t\u00e2ches les plus tenaces gr\u00e2ce \u00e0 sa p\u00e9dale \u00a0\u00bb Boost Vapeur \u00ab\u00a0. Vous pourrez nettoyer toutes vos surfaces avec la technologie Autoselect\u00ae : s\u00e9lectionnez le type de sol \u00e0 nettoyer et le d\u00e9bit de vapeur s&rsquo;ajuste automatiquement. <\/p>\n<hr\/>\n<h3>L&rsquo;EFFICACIT\u00c9 VAPEUR    \t<img decoding=\"async\" alt=\"Aspirateur Hoover\" class=\"wy_tableau_right\" height=\"216\" src=\"https:\/\/boulanger.scene7.com\/is\/image\/Boulanger\/5035048657690_h_z_l_2?wid=382&amp;hei=270\" style=\"margin-top: 0px !important\" width=\"300\"\/><\/h3>\n<p>    \tRetrouvez une maison vraiment plus saine gr\u00e2ce \u00e0 la vapeur ! En effet, reconnue comme la m\u00e9thode d&rsquo;assainissement la plus efficace, la vapeur \u00e9limine 99,9% des germes et bact\u00e9ries en un seul passage sans utilisation de d\u00e9tergents (l&rsquo;eau du robinet suffit).    <\/p>\n<hr\/>\n<h3>LE POUVOIR DE LA VAPEUR EN MAIN AVEC LE GANT STEAMITT\u00ae    \t<img decoding=\"async\" alt=\"Aspirateur Hoover\" class=\"wy_tableau_gauche\" height=\"216\" src=\"https:\/\/boulanger.scene7.com\/is\/image\/Boulanger\/5035048657690_h_z_l_7?wid=476&amp;hei=270\" style=\"margin-top: 0px !important\" width=\"300\"\/><\/h3>\n<p>    \tUnique, retrouvez son gant vapeur reli\u00e9 au r\u00e9servoir par un cordon. Une fois la main mise \u00e0 l&rsquo;int\u00e9rieur du gant, il suffit de nettoyer n&rsquo;importe quelle surface. Il est tr\u00e8s souple et \u00e9pouse parfaitement toutes les formes : rebord, angle, coin, pied&#8230;    <\/p>\n<hr\/>\n<h3>12 ACCESSOIRES POUR DE NOMBREUSES APPLICATIONS    \t<img loading=\"lazy\" decoding=\"async\" alt=\"Aspirateur Hoover\" class=\"wy_tableau_right\" height=\"216\" src=\"https:\/\/boulanger.scene7.com\/is\/image\/Boulanger\/5035048657690_h_z_l_6?wid=300&amp;hei=270\" style=\"margin-top: 0px !important\" width=\"300\"\/><\/h3>\n<p>Equip\u00e9 de 12 accessoires Il peut nettoyer tous vos sols mais aussi les tapis et moquettes, les plaques de cuisson, les hottes, la robinetterie, les joints ou les vitres et miroirs &#8230;* Une fois le m\u00e9nage termin\u00e9, il suffit de mettre les patins en machine et ils sont pr\u00eats \u00e0 \u00eatre r\u00e9utilis\u00e9s la fois suivante.\t<br \/>*Liste des accessoires : 1 patin microfibre pour sol, , 1 tuyau vapeur flexible 1,2M, 1 raclette, 1 housse microfibre pour raclette, 1 buse r\u00e9glable jet vapeur, 1 brosse ronde cuivre, 1 brosse ronde, 1 brosse sp\u00e9ciale joints, 1 cadre adaptateur pour tapis\/moquette, 1 gant SteaMitt avec tuyau 1,5m , 2 patins en microfibre pour gant    <\/p>\n<hr\/>\n<\/div>\n<p><video class=\"s7Video\" controls=\"\" controlslist=\"nodownload\" poster=\"https:\/\/boulanger.scene7.com\/is\/image\/Boulanger\/5035048657690_v_1?scl=1\" preload=\"metadata\" src=\"https:\/\/boulanger.scene7.com\/is\/content\/Boulanger\/5035048657690_v_1\" width=\"100%\"><\/video><\/p>\n<\/div>\n<p><bl-button a11yexpanded=\"false\" arialabel=\"Afficher toute la description\" class=\"read-more__btn\" full=\"false\" link=\"true\">Voir plus<\/bl-button><\/div>","protected":false},"excerpt":{"rendered":"<div class=\"keypoints\">\n<h3 class=\"keypoints__title\">Les points cl\u00e9s<\/h3>\n<ul role=\"list\">\n<li class=\"keypoints__item\" role=\"listitem\">                                        laver et d\u00e9sinfecter \u00e0 la vapeur                      <\/li>\n<li class=\"keypoints__item\" role=\"listitem\">                                        Temps de chauffe : 15 s                      <\/li>\n<li class=\"keypoints__item keypoints__item--advantage\" role=\"listitem\"><strong>Le + :<\/strong> souple et maniable, le gant en silicone permet de nettoyer \u00e0 la vapeur toutes les surfaces.      <\/li>\n<\/ul>","protected":false},"featured_media":77442,"template":"","meta":{"_glsr_average":0,"_glsr_ranking":0,"_glsr_reviews":0},"product_cat":[343],"product_tag":[153,331,344],"class_list":{"0":"post-77443","1":"product","2":"type-product","3":"status-publish","4":"has-post-thumbnail","6":"product_cat-nettoyeur-vapeur","7":"product_tag-maison-entretien","8":"product_tag-nettoyeur","9":"product_tag-nettoyeur-vapeur","11":"first","12":"instock","13":"sale","14":"shipping-taxable","15":"purchasable","16":"product-type-simple"},"_links":{"self":[{"href":"https:\/\/electromenagerexpress.com\/en\/wp-json\/wp\/v2\/product\/77443","targetHints":{"allow":["GET"]}}],"collection":[{"href":"https:\/\/electromenagerexpress.com\/en\/wp-json\/wp\/v2\/product"}],"about":[{"href":"https:\/\/electromenagerexpress.com\/en\/wp-json\/wp\/v2\/types\/product"}],"wp:featuredmedia":[{"embeddable":true,"href":"https:\/\/electromenagerexpress.com\/en\/wp-json\/wp\/v2\/media\/77442"}],"wp:attachment":[{"href":"https:\/\/electromenagerexpress.com\/en\/wp-json\/wp\/v2\/media?parent=77443"}],"wp:term":[{"taxonomy":"product_cat","embeddable":true,"href":"https:\/\/electromenagerexpress.com\/en\/wp-json\/wp\/v2\/product_cat?post=77443"},{"taxonomy":"product_tag","embeddable":true,"href":"https:\/\/electromenagerexpress.com\/en\/wp-json\/wp\/v2\/product_tag?post=77443"}],"curies":[{"name":"wp","href":"https:\/\/api.w.org\/{rel}","templated":true}]}}