{"id":77433,"date":"2024-11-24T13:59:06","date_gmt":"2024-11-24T13:59:06","guid":{"rendered":"https:\/\/electromenagerexpress.com\/product\/nettoyeur-vapeureuroflexvapour-m6s\/"},"modified":"2024-11-24T13:59:14","modified_gmt":"2024-11-24T13:59:14","slug":"nettoyeur-vapeureuroflexvapour-m6s","status":"publish","type":"product","link":"https:\/\/electromenagerexpress.com\/en\/product\/nettoyeur-vapeureuroflexvapour-m6s\/","title":{"rendered":"Nettoyeur vapeur\t\t\t\t\t\t\tEUROFLEX\t\t\t\tVAPOUR M6S"},"content":{"rendered":"<div class=\"product-features__content\">\n<ul role=\"list\">\n<li class=\"product-features__item\" role=\"listitem\">\n<h3 class=\"product-features__label\">Choisir ce produit pour quels usages?<\/h3>\n<ul role=\"list\">\n<li class=\"product-features__item-list__item\" role=\"listitem\"><span class=\"is--medium\">Type de produit :<\/span> Nettoyeur vapeur tra\u00eeneau, permet de laver et de d\u00e9sinfecter vos sols et autres surfaces avec plus de puissance qu&rsquo;avec un balai vapeur\t\t\t\t\t<\/li>\n<\/ul>\n<\/li>\n<li class=\"product-features__item\" role=\"listitem\">\n<h3 class=\"product-features__label\">Dimensions<\/h3>\n<ul role=\"list\">\n<li class=\"product-features__item-list__item\" role=\"listitem\"><span class=\"is--medium\">Dimensions l x h x p :<\/span> 49 x 33 x 28 cm\t\t\t\t\t<\/li>\n<li class=\"product-features__item-list__item\" role=\"listitem\"><span class=\"is--medium\">Poids net :<\/span> 3,6 kg\t\t\t\t\t<\/li>\n<\/ul>\n<\/li>\n<li class=\"product-features__item\" role=\"listitem\">\n<h3 class=\"product-features__label\">Informations et Services<\/h3>\n<ul role=\"list\">\n<li class=\"product-features__item-list__item\" role=\"listitem\"><span class=\"is--medium\">Garantie :<\/span> 2 ans\t\t\t\t\t<\/li>\n<li class=\"product-features__item-list__item\" role=\"listitem\"><span class=\"is--medium\">R\u00e9f\u00e9rence constructeur :<\/span> VAPOUR M6S\t\t\t\t\t<\/li>\n<li class=\"product-features__item-list__item\" role=\"listitem\"><span class=\"is--medium\">Marque :<\/span> EUROFLEX\t\t\t\t\t<\/li>\n<li class=\"product-features__item-list__item\" role=\"listitem\"><span class=\"is--medium\">Disponibilit\u00e9 des pi\u00e8ces d\u00e9tach\u00e9es (donn\u00e9es fournisseur) :<\/span> Pendant 5 ans, \u00e0 compter de la date de fabrication\t\t\t\t\t<\/li>\n<li class=\"product-features__item-list__item\" role=\"listitem\"><span class=\"is--medium\">Fabriqu\u00e9 en :<\/span> Chine\t\t\t\t\t<\/li>\n<\/ul>\n<\/li>\n<\/ul>\n<\/div>\n<div class=\"product__disclosure-content\">\n<div class=\"js-read-more product-description__content read-more read-more--truncated\" data-read-more-name=\"description\" style=\"max-height: 500px; overflow: hidden;\">\n<p>Offrez \u00e0 votre int\u00e9rieur un nettoyage optimal gr\u00e2ce au nettoyeur vapeur Euroflex Vapour M6S.<\/p>\n<h3><img fetchpriority=\"high\" decoding=\"async\" ,=\"\" alt=\"Nettoyeur EUROFLEX VAPOUR M6S\" class=\"wy_tableau_gauche\" height=\"270\" src=\"https:\/\/boulanger.scene7.com\/is\/image\/Boulanger\/8009767002434_h_f_l_0?wid=400&amp;hei=270\" width=\"400\"\/>Performance au quotidien<\/h3>\n<p>Offrez-vous la <b>tranquillit\u00e9 d&rsquo;esprit gr\u00e2ce \u00e0 un nettoyage de votre int\u00e9rieur en profondeur<\/b>, avec Euroflex Vapour MS6. En \u00e0 peine trois minutes, votre MS6 se met en marche pour d\u00e9livrer sa puissance de <b>pression de 4,5 bars et une vapeur ultra-haute temp\u00e9rature de 140\u00b0 C<\/b>. R\u00e9sultat : votre int\u00e9rieur est impeccable et parfaitement aseptis\u00e9.<\/p>\n<p>Facilement <b>transportable gr\u00e2ce \u00e0 sa bandouli\u00e8re<\/b> qui vous permet de nettoyer en hauteur et dans des endroits difficilement accessibles, votre MS6 fonctionne \u00e9galement en tra\u00eeneau pour assurer un nettoyage parfait de vos sols. Le <b>syst\u00e8me exclusif de vapeur frontale du MS6 d&rsquo;Euroflex Vapour d\u00e9livre une puissance hors norme<\/b> pour vous garantir un nettoyage impeccable en quelques gestes.<\/p>\n<h3><img decoding=\"async\" ,=\"\" alt=\"Nettoyeur EUROFLEX VAPOUR M6S\" class=\"wy_tableau_right\" height=\"270\" src=\"https:\/\/boulanger.scene7.com\/is\/image\/Boulanger\/8009767002434_h_f_l_1?wid=400&amp;hei=270\" width=\"400\"\/>Intuitif et simple<\/h3>\n<p>Du c\u00f4t\u00e9 de l&rsquo;exp\u00e9rience utilisateur, Euroflex Vapour a pens\u00e9 \u00e0 tout. Votre nettoyeur vapeur <b>MS6 est accompagn\u00e9 d&rsquo;une multitude d&rsquo;accessoires<\/b> qui vous permettent d&rsquo;adapter toute sa puissance \u00e0 vos besoins et vos envies : nettoyez aussi bien vos sols que vos fen\u00eatres, des joints de carrelage, de la robinetterie et m\u00eame des moteurs de voiture. Diverses brosses et des rallonges sont \u00e0 votre disposition pour <b>adapter le MS6 \u00e0 votre quotidien<\/b>.<\/p>\n<p><b>Astucieux et intelligent<\/b>, le nettoyeur vapeur MS6 est dot\u00e9 d&rsquo;une poign\u00e9e vapeur qui fait office de transport gr\u00e2ce \u00e0 une fermeture innovante. C&rsquo;est r\u00e9solument un appareil au service de votre quotidien !C\u00f4t\u00e9 design, Euroflex Vapour dote le MS6 d&rsquo;<b>un look noir mat ultra moderne, tendance et \u00e9l\u00e9gant<\/b>.<\/p>\n<\/p>\n<p><video class=\"s7Video\" controls=\"\" controlslist=\"nodownload\" poster=\"https:\/\/boulanger.scene7.com\/is\/image\/Boulanger\/8009767002434_v_0?scl=1\" preload=\"metadata\" src=\"https:\/\/boulanger.scene7.com\/is\/content\/Boulanger\/8009767002434_v_0\" width=\"100%\"><\/video><\/p>\n<\/div>\n<p><bl-button a11yexpanded=\"false\" arialabel=\"Afficher toute la description\" class=\"read-more__btn\" full=\"false\" link=\"true\"><\/bl-button><\/div>","protected":false},"excerpt":{"rendered":"<div class=\"keypoints\">\n<h3 class=\"keypoints__title\">Les points cl\u00e9s<\/h3>\n<ul role=\"list\">\n<li class=\"keypoints__item keypoints__item--advantage\" role=\"listitem\"><strong>Le + :<\/strong> son syst\u00e8me exclusif de vapeur frontale qui permet de nettoyer encore plus vite pour dissoudre la salet\u00e9.      <\/li>\n<\/ul>","protected":false},"featured_media":77432,"template":"","meta":{"_glsr_average":0,"_glsr_ranking":0,"_glsr_reviews":0},"product_cat":[343],"product_tag":[153,331,344],"class_list":{"0":"post-77433","1":"product","2":"type-product","3":"status-publish","4":"has-post-thumbnail","6":"product_cat-nettoyeur-vapeur","7":"product_tag-maison-entretien","8":"product_tag-nettoyeur","9":"product_tag-nettoyeur-vapeur","11":"first","12":"instock","13":"sale","14":"shipping-taxable","15":"purchasable","16":"product-type-simple"},"_links":{"self":[{"href":"https:\/\/electromenagerexpress.com\/en\/wp-json\/wp\/v2\/product\/77433","targetHints":{"allow":["GET"]}}],"collection":[{"href":"https:\/\/electromenagerexpress.com\/en\/wp-json\/wp\/v2\/product"}],"about":[{"href":"https:\/\/electromenagerexpress.com\/en\/wp-json\/wp\/v2\/types\/product"}],"wp:featuredmedia":[{"embeddable":true,"href":"https:\/\/electromenagerexpress.com\/en\/wp-json\/wp\/v2\/media\/77432"}],"wp:attachment":[{"href":"https:\/\/electromenagerexpress.com\/en\/wp-json\/wp\/v2\/media?parent=77433"}],"wp:term":[{"taxonomy":"product_cat","embeddable":true,"href":"https:\/\/electromenagerexpress.com\/en\/wp-json\/wp\/v2\/product_cat?post=77433"},{"taxonomy":"product_tag","embeddable":true,"href":"https:\/\/electromenagerexpress.com\/en\/wp-json\/wp\/v2\/product_tag?post=77433"}],"curies":[{"name":"wp","href":"https:\/\/api.w.org\/{rel}","templated":true}]}}