{"id":77398,"date":"2024-11-24T13:58:35","date_gmt":"2024-11-24T13:58:35","guid":{"rendered":"https:\/\/electromenagerexpress.com\/product\/nettoyeur-haute-pressionkarcherk-5-premium-power-control\/"},"modified":"2024-11-24T13:58:38","modified_gmt":"2024-11-24T13:58:38","slug":"nettoyeur-haute-pressionkarcherk-5-premium-power-control","status":"publish","type":"product","link":"https:\/\/electromenagerexpress.com\/en\/product\/nettoyeur-haute-pressionkarcherk-5-premium-power-control\/","title":{"rendered":"Nettoyeur haute pression\t\t\t\t\t\t\tKARCHER\t\t\t\tK 5 Premium Power Control"},"content":{"rendered":"<div class=\"product-features__content\">\n<ul role=\"list\">\n<li class=\"product-features__item\" role=\"listitem\">\n<h3 class=\"product-features__label\">Caract\u00e9ristique g\u00e9n\u00e9rale<\/h3>\n<ul role=\"list\">\n<li class=\"product-features__item-list__item\" role=\"listitem\"><span class=\"is--medium\">D\u00e9couvrez l&rsquo;univers des produits Karcher :<\/span> <u><a href=\"https:\/\/www.boulanger.com\/evenement\/univers-karcher\" target=\"_blank\">en sa<\/a><\/u><\/li>\n<li class=\"product-features__item-list__item\" role=\"listitem\"><span class=\"is--medium\">Type de produit :<\/span> Nettoyeur haute pression\t\t\t\t\t<\/li>\n<li class=\"product-features__item-list__item\" role=\"listitem\"><span class=\"is--medium\">Gamme :<\/span> K5\t\t\t\t\t<\/li>\n<\/ul>\n<\/li>\n<li class=\"product-features__item\" role=\"listitem\">\n<h3 class=\"product-features__label\">Performances<\/h3>\n<ul role=\"list\">\n<li class=\"product-features__item-list__item\" role=\"listitem\"><span class=\"is--medium\">Performance :<\/span> 40,0 m\u00b2\/h\t\t\t\t\t<\/li>\n<li class=\"product-features__item-list__item\" role=\"listitem\"><span class=\"is--medium\">Puissance :<\/span> 2.100 W\t\t\t\t\t<\/li>\n<li class=\"product-features__item-list__item\" role=\"listitem\"><span class=\"is--medium\">Pression :<\/span> 145 bars\t\t\t\t\t<\/li>\n<li class=\"product-features__item-list__item\" role=\"listitem\"><span class=\"is--medium\">D\u00e9bit maximum :<\/span> 500 l\/h\t\t\t\t\t<\/li>\n<li class=\"product-features__item-list__item\" role=\"listitem\"><span class=\"is--medium\">Le saviez-vous ? :<\/span> Plus le d\u00e9bit est important, plus l&rsquo;effet de la pression est renforc\u00e9\t\t\t\t\t<\/li>\n<li class=\"product-features__item-list__item\" role=\"listitem\"><span class=\"is--medium\">Longueur de flexible (en m) :<\/span> 10 m\u00e8tres\t\t\t\t\t<\/li>\n<li class=\"product-features__item-list__item\" role=\"listitem\"><span class=\"is--medium\">Longueur du cordon :<\/span> 5,00 m\t\t\t\t\t<\/li>\n<li class=\"product-features__item-list__item\" role=\"listitem\"><span class=\"is--medium\">Mode boost :<\/span> non concern\u00e9\t\t\t\t\t<\/li>\n<li class=\"product-features__item-list__item\" role=\"listitem\"><span class=\"is--medium\">Temp\u00e9rature d&rsquo;alimentation :<\/span> Temp\u00e9rature maximale de l&rsquo;eau 40\u00b0C\t\t\t\t\t<\/li>\n<\/ul>\n<\/li>\n<li class=\"product-features__item\" role=\"listitem\">\n<h3 class=\"product-features__label\">Equipement<\/h3>\n<ul role=\"list\">\n<li class=\"product-features__item-list__item\" role=\"listitem\"><span class=\"is--medium\">Poign\u00e9e-pistolet haute pression :<\/span> ergonomique, elle se clipse sur les diff\u00e9rents types de lances K\u00e4rcher\t\t\t\t\t<\/li>\n<li class=\"product-features__item-list__item\" role=\"listitem\"><span class=\"is--medium\">Lance Multi Power 5-en-1 :<\/span> non\t\t\t\t\t<\/li>\n<li class=\"product-features__item-list__item\" role=\"listitem\"><span class=\"is--medium\">Lance Vario Power :<\/span> \u00e0 positions variables, permet d&rsquo;\u00eatre utilis\u00e9e \u00e0 basse pression (pour pulv\u00e9riser des d\u00e9tergents) ou \u00e0 haute pression. La lance \u00e0 360\u00b0 est id\u00e9ale pour des endroits difficiles d&rsquo;acc\u00e8s.\t\t\t\t\t<\/li>\n<li class=\"product-features__item-list__item\" role=\"listitem\"><span class=\"is--medium\">Rotabuse :<\/span> lance \u00e0 nettoyage rotatif tr\u00e8s puissant, id\u00e9ale pour les marques tenaces ou les zones n\u00e9cessitant un nettoyage intensif. Ne pas utiliser sur les v\u00e9hicules ou les surfaces fragiles.\t\t\t\t\t<\/li>\n<li class=\"product-features__item-list__item\" role=\"listitem\"><span class=\"is--medium\">Filtre \u00e0 eau int\u00e9gr\u00e9 :<\/span> pour prot\u00e9ger la pompe contre les particules d&rsquo;impuret\u00e9s des sources d&rsquo;eau alternatives (r\u00e9cup\u00e9rateur, bidon..)\t\t\t\t\t<\/li>\n<li class=\"product-features__item-list__item\" role=\"listitem\"><span class=\"is--medium\">Accessoires compatibles avec mon produit :<\/span> <a href=\"https:\/\/www.boulanger.com\/c\/accessoire-aspirateur\/brand~karcher\" target=\"_blank\">Cliquez ici<\/a><\/li>\n<\/ul>\n<\/li>\n<li class=\"product-features__item\" role=\"listitem\">\n<h3 class=\"product-features__label\">Confort d&rsquo;utilisation<\/h3>\n<ul role=\"list\">\n<li class=\"product-features__item-list__item\" role=\"listitem\"><span class=\"is--medium\">Enrouleur de flexible :<\/span> Oui\t\t\t\t\t<\/li>\n<li class=\"product-features__item-list__item\" role=\"listitem\"><span class=\"is--medium\">Poign\u00e9e de transport t\u00e9lescopique :<\/span> Oui\t\t\t\t\t<\/li>\n<li class=\"product-features__item-list__item\" role=\"listitem\"><span class=\"is--medium\">R\u00e9servoir de d\u00e9tergent :<\/span> Oui\t\t\t\t\t<\/li>\n<li class=\"product-features__item-list__item\" role=\"listitem\"><span class=\"is--medium\">Syst\u00e8me Plug &amp; Clean :<\/span> oui, permet de clipser directement le d\u00e9tergent sur l&rsquo;appareil, facile \u00e0 manipuler, et sans aucune perte\t\t\t\t\t<\/li>\n<li class=\"product-features__item-list__item\" role=\"listitem\"><span class=\"is--medium\">Roues :<\/span> id\u00e9al pour le d\u00e9placer d&rsquo;un endroit \u00e0 un autre\t\t\t\t\t<\/li>\n<li class=\"product-features__item-list__item\" role=\"listitem\"><span class=\"is--medium\">Poids :<\/span> 15 kg\t\t\t\t\t<\/li>\n<li class=\"product-features__item-list__item\" role=\"listitem\"><span class=\"is--medium\">Connect\u00e9 :<\/span> compatible avec l&rsquo;application K\u00e4rcher Home &amp; Garden, permet d&rsquo;avoir des conseils d&rsquo;utilisation et d&rsquo;entretien\t\t\t\t\t<\/li>\n<\/ul>\n<\/li>\n<li class=\"product-features__item\" role=\"listitem\">\n<h3 class=\"product-features__label\">Dimensions<\/h3>\n<ul role=\"list\">\n<li class=\"product-features__item-list__item\" role=\"listitem\"><span class=\"is--medium\">Dimensions l x h x p :<\/span> 39.7 x 37 x 59.1 cm\t\t\t\t\t<\/li>\n<li class=\"product-features__item-list__item\" role=\"listitem\"><span class=\"is--medium\">Poids net :<\/span> 15 kg\t\t\t\t\t<\/li>\n<\/ul>\n<\/li>\n<li class=\"product-features__item\" role=\"listitem\">\n<h3 class=\"product-features__label\">Informations et services<\/h3>\n<ul role=\"list\">\n<li class=\"product-features__item-list__item\" role=\"listitem\"><span class=\"is--medium\">Indice de r\u00e9parabilit\u00e9 :<\/span> 7,6 \/10\t\t\t\t\t<\/li>\n<li class=\"product-features__item-list__item\" role=\"listitem\"><span class=\"is--medium\">Dur\u00e9e de la garantie (Pi\u00e8ces et main d&rsquo;oeuvre pour un produit neuf vendu par Boulanger) :<\/span> 24\t\t\t\t\t<\/li>\n<li class=\"product-features__item-list__item\" role=\"listitem\"><span class=\"is--medium\">Fabriqu\u00e9 en :<\/span> Italie\t\t\t\t\t<\/li>\n<li class=\"product-features__item-list__item\" role=\"listitem\"><span class=\"is--medium\">Disponibilit\u00e9 des pi\u00e8ces d\u00e9tach\u00e9es (donn\u00e9es fournisseur) :<\/span> Pendant 5 ans, \u00e0 compter de la date d&rsquo;achat\t\t\t\t\t<\/li>\n<\/ul>\n<\/li>\n<li class=\"product-features__item\" role=\"listitem\">\n<h3 class=\"product-features__label\">Facette type de sols \u00e0 nettoyer<\/h3>\n<ul role=\"list\">\n<li class=\"product-features__item-list__item\" role=\"listitem\"><span class=\"is--medium\">Ext\u00e9rieur (terrasse, cl\u00f4ture, &#8230;) :<\/span> Oui\t\t\t\t\t<\/li>\n<li class=\"product-features__item-list__item\" role=\"listitem\"><span class=\"is--medium\">Type de sols \u00e0 nettoyer :<\/span> Ext\u00e9rieur (terrasse, cl\u00f4ture, &#8230;)\t\t\t\t\t<\/li>\n<\/ul>\n<\/li>\n<\/ul>\n<\/div>\n<div class=\"product__disclosure-content\">\n<div class=\"js-read-more product-description__content read-more read-more--truncated\" data-read-more-name=\"description\" style=\"max-height: 500px; overflow: hidden;\">\n<p>Champion des travaux de nettoyage intensifs et r\u00e9guliers sur de grandes surfaces, votre nettoyeur haute pression KARCHER K 5 Premium Power Control sera id\u00e9al pour entretenir votre all\u00e9e ou votre terrasse jusqu&rsquo;\u00e0 80 m2.<\/p>\n<h3><img fetchpriority=\"high\" decoding=\"async\" ,=\"\" alt=\"Nettoyeur KARCHER K 5 Premium Power Cont\" class=\"wy_tableau_gauche\" height=\"270\" src=\"https:\/\/boulanger.scene7.com\/is\/image\/Boulanger\/4054278963457_h_f_l_0?wid=400&amp;hei=270\" width=\"400\"\/>Faites rimer puissance et efficacit\u00e9<\/h3>\n<p>Nettoyez efficacement vos surfaces ext\u00e9rieures les plus grandes gr\u00e2ce \u00e0 la puissance exceptionnelle de votre futur nettoyeur haute pression KARCHER K 5 Premium Power Control. <b>Dot\u00e9 d&rsquo;une pression impressionnante de 145 bars associ\u00e9e \u00e0 un d\u00e9bit maximum de 500 L\/h<\/b>, vous b\u00e9n\u00e9ficierez d&rsquo;un nettoyage en profondeur et rapide : id\u00e9al pour maintenir vos all\u00e9es et vos terrasses impeccables.<\/p>\n<p>Misez sur une conception intelligente pour rendre le rangement aussi simple qu&rsquo;un jeu d&rsquo;enfant ! <b>La position parking<\/b> de votre nettoyeur haute pression KARCHER K 5 Premium Power Control prot\u00e8gera efficacement les poils des rouleaux lorsque vous ne l&rsquo;utiliserez pas, tandis que le c\u00e2ble d&rsquo;alimentation de 5 m vous garantira une grande mobilit\u00e9.<\/p>\n<h3><img decoding=\"async\" ,=\"\" alt=\"Nettoyeur KARCHER K 5 Premium Power Cont\" class=\"wy_tableau_right\" height=\"270\" src=\"https:\/\/boulanger.scene7.com\/is\/image\/Boulanger\/4054278963457_h_f_l_1?wid=400&amp;hei=270\" width=\"400\"\/>Profitez de d\u00e9tails qui feront la diff\u00e9rence<\/h3>\n<p>Transformez-vous en un v\u00e9ritable expert du nettoyage ! <b>L&rsquo;application Home &amp; Garden<\/b> de votre nettoyeur haute pression KARCHER K 5 Premium Power Control se chargera de vous fournir des conseils personnalis\u00e9s et des astuces professionnelles pour optimiser votre exp\u00e9rience d&rsquo;utilisation : la certitude de rendre chaque t\u00e2che plus simple.<\/p>\n<p>Faites du confort d&rsquo;utilisation votre priorit\u00e9 ! Con\u00e7u pour un rangement optimis\u00e9, <b>le flexible haute pression<\/b> de votre nettoyeur haute pression KARCHER K 5 Premium Power Control vous \u00e9vitera d&rsquo;encombrer votre int\u00e9rieur. En plus, gr\u00e2ce \u00e0 son syst\u00e8me d&rsquo;enroulement et de d\u00e9roulement facile, vous le conserverez toujours \u00e0 port\u00e9e de main : l&rsquo;assurance d&rsquo;une souplesse d&rsquo;utilisation optimale.<\/p>\n<\/p>\n<\/div>\n<p><bl-button a11yexpanded=\"false\" arialabel=\"Afficher toute la description\" class=\"read-more__btn\" full=\"false\" link=\"true\"><\/bl-button><\/div>","protected":false},"excerpt":{"rendered":"<div class=\"keypoints\">\n<h3 class=\"keypoints__title\">Les points cl\u00e9s<\/h3>\n<ul role=\"list\">\n<li class=\"keypoints__item\" role=\"listitem\">                                        Pression : 145 bars                      <\/li>\n<li class=\"keypoints__item\" role=\"listitem\">                                        D\u00e9bit maximum : 500 l\/h                      <\/li>\n<li class=\"keypoints__item\" role=\"listitem\">                                        Performance : 40,0 m\u00b2\/h                      <\/li>\n<li class=\"keypoints__item\" role=\"listitem\">                                        Poids : 15 kg                      <\/li>\n<li class=\"keypoints__item keypoints__item--advantage\" role=\"listitem\"><strong>Le + :<\/strong> Position parking qui prot\u00e8ge les poils des rouleaux      <\/li>\n<\/ul>","protected":false},"featured_media":77397,"template":"","meta":{"_glsr_average":0,"_glsr_ranking":0,"_glsr_reviews":0},"product_cat":[347],"product_tag":[153,331,348],"class_list":{"0":"post-77398","1":"product","2":"type-product","3":"status-publish","4":"has-post-thumbnail","6":"product_cat-nettoyeur-haute-pression","7":"product_tag-maison-entretien","8":"product_tag-nettoyeur","9":"product_tag-nettoyeur-haute-pression","11":"first","12":"instock","13":"sale","14":"shipping-taxable","15":"purchasable","16":"product-type-simple"},"_links":{"self":[{"href":"https:\/\/electromenagerexpress.com\/en\/wp-json\/wp\/v2\/product\/77398","targetHints":{"allow":["GET"]}}],"collection":[{"href":"https:\/\/electromenagerexpress.com\/en\/wp-json\/wp\/v2\/product"}],"about":[{"href":"https:\/\/electromenagerexpress.com\/en\/wp-json\/wp\/v2\/types\/product"}],"wp:featuredmedia":[{"embeddable":true,"href":"https:\/\/electromenagerexpress.com\/en\/wp-json\/wp\/v2\/media\/77397"}],"wp:attachment":[{"href":"https:\/\/electromenagerexpress.com\/en\/wp-json\/wp\/v2\/media?parent=77398"}],"wp:term":[{"taxonomy":"product_cat","embeddable":true,"href":"https:\/\/electromenagerexpress.com\/en\/wp-json\/wp\/v2\/product_cat?post=77398"},{"taxonomy":"product_tag","embeddable":true,"href":"https:\/\/electromenagerexpress.com\/en\/wp-json\/wp\/v2\/product_tag?post=77398"}],"curies":[{"name":"wp","href":"https:\/\/api.w.org\/{rel}","templated":true}]}}