{"id":77342,"date":"2024-11-24T13:57:45","date_gmt":"2024-11-24T13:57:45","guid":{"rendered":"https:\/\/electromenagerexpress.com\/product\/nettoyeur-moyenne-pressionkarcherkhb6\/"},"modified":"2024-11-24T13:57:51","modified_gmt":"2024-11-24T13:57:51","slug":"nettoyeur-moyenne-pressionkarcherkhb6","status":"publish","type":"product","link":"https:\/\/electromenagerexpress.com\/en\/product\/nettoyeur-moyenne-pressionkarcherkhb6\/","title":{"rendered":"Nettoyeur moyenne pression\t\t\t\t\t\t\tKARCHER\t\t\t\tKHB6"},"content":{"rendered":"<div class=\"product-features__content\">\n<ul role=\"list\">\n<li class=\"product-features__item\" role=\"listitem\">\n<h3 class=\"product-features__label\">Caract\u00e9ristique g\u00e9n\u00e9rale<\/h3>\n<ul role=\"list\">\n<li class=\"product-features__item-list__item\" role=\"listitem\"><span class=\"is--medium\">D\u00e9couvrez l&rsquo;univers des produits Karcher :<\/span> <u><a href=\"https:\/\/www.boulanger.com\/evenement\/univers-karcher\" target=\"_blank\">en sa<\/a><\/u><\/li>\n<li class=\"product-features__item-list__item\" role=\"listitem\"><span class=\"is--medium\">Type de produit :<\/span> Nettoyeur moyenne pression\t\t\t\t\t<\/li>\n<li class=\"product-features__item-list__item\" role=\"listitem\"><span class=\"is--medium\">Gamme :<\/span> KHB 6\t\t\t\t\t<\/li>\n<\/ul>\n<\/li>\n<li class=\"product-features__item\" role=\"listitem\">\n<h3 class=\"product-features__label\">Performances<\/h3>\n<ul role=\"list\">\n<li class=\"product-features__item-list__item\" role=\"listitem\"><span class=\"is--medium\">Performance :<\/span> 0,0 m\u00b2\/h\t\t\t\t\t<\/li>\n<li class=\"product-features__item-list__item\" role=\"listitem\"><span class=\"is--medium\">Puissance :<\/span> 0 W\t\t\t\t\t<\/li>\n<li class=\"product-features__item-list__item\" role=\"listitem\"><span class=\"is--medium\">Pression :<\/span> 24 bars\t\t\t\t\t<\/li>\n<li class=\"product-features__item-list__item\" role=\"listitem\"><span class=\"is--medium\">D\u00e9bit maximum :<\/span> 200 l\/h\t\t\t\t\t<\/li>\n<li class=\"product-features__item-list__item\" role=\"listitem\"><span class=\"is--medium\">Le saviez-vous ? :<\/span> Plus le d\u00e9bit est important, plus l&rsquo;effet de la pression est renforc\u00e9\t\t\t\t\t<\/li>\n<li class=\"product-features__item-list__item\" role=\"listitem\"><span class=\"is--medium\">Longueur de flexible (en m) :<\/span> pas de flexible\t\t\t\t\t<\/li>\n<li class=\"product-features__item-list__item\" role=\"listitem\"><span class=\"is--medium\">Mode boost :<\/span> non concern\u00e9\t\t\t\t\t<\/li>\n<li class=\"product-features__item-list__item\" role=\"listitem\"><span class=\"is--medium\">Temp\u00e9rature d&rsquo;alimentation :<\/span> Temp\u00e9rature maximale de l&rsquo;eau 40\u00b0C\t\t\t\t\t<\/li>\n<\/ul>\n<\/li>\n<li class=\"product-features__item\" role=\"listitem\">\n<h3 class=\"product-features__label\">Equipement<\/h3>\n<ul role=\"list\">\n<li class=\"product-features__item-list__item\" role=\"listitem\"><span class=\"is--medium\">Rotabuse :<\/span> lance \u00e0 nettoyage rotatif tr\u00e8s puissant, id\u00e9ale pour les marques tenaces ou les zones n\u00e9cessitant un nettoyage intensif. Ne pas utiliser sur les v\u00e9hicules ou les surfaces fragiles.\t\t\t\t\t<\/li>\n<\/ul>\n<\/li>\n<li class=\"product-features__item\" role=\"listitem\">\n<h3 class=\"product-features__label\">Confort d&rsquo;utilisation<\/h3>\n<ul role=\"list\">\n<li class=\"product-features__item-list__item\" role=\"listitem\"><span class=\"is--medium\">Enrouleur de flexible :<\/span> Non\t\t\t\t\t<\/li>\n<li class=\"product-features__item-list__item\" role=\"listitem\"><span class=\"is--medium\">Poign\u00e9e de transport t\u00e9lescopique :<\/span> Non\t\t\t\t\t<\/li>\n<li class=\"product-features__item-list__item\" role=\"listitem\"><span class=\"is--medium\">R\u00e9servoir de d\u00e9tergent :<\/span> Non\t\t\t\t\t<\/li>\n<li class=\"product-features__item-list__item\" role=\"listitem\"><span class=\"is--medium\">Poids :<\/span> 2 kg\t\t\t\t\t<\/li>\n<li class=\"product-features__item-list__item\" role=\"listitem\"><span class=\"is--medium\">Connect\u00e9 :<\/span> non connect\u00e9\t\t\t\t\t<\/li>\n<\/ul>\n<\/li>\n<li class=\"product-features__item\" role=\"listitem\">\n<h3 class=\"product-features__label\">Dimensions<\/h3>\n<ul role=\"list\">\n<li class=\"product-features__item-list__item\" role=\"listitem\"><span class=\"is--medium\">Dimensions l x h x p :<\/span> 27 x 10 x 31 cm\t\t\t\t\t<\/li>\n<li class=\"product-features__item-list__item\" role=\"listitem\"><span class=\"is--medium\">Poids net :<\/span> 2 kg\t\t\t\t\t<\/li>\n<\/ul>\n<\/li>\n<li class=\"product-features__item\" role=\"listitem\">\n<h3 class=\"product-features__label\">Informations et services<\/h3>\n<ul role=\"list\">\n<li class=\"product-features__item-list__item\" role=\"listitem\"><span class=\"is--medium\">Dur\u00e9e de la garantie (Pi\u00e8ces et main d&rsquo;oeuvre pour un produit neuf vendu par Boulanger) :<\/span> 24\t\t\t\t\t<\/li>\n<li class=\"product-features__item-list__item\" role=\"listitem\"><span class=\"is--medium\">Disponibilit\u00e9 des pi\u00e8ces d\u00e9tach\u00e9es (donn\u00e9es fournisseur) :<\/span> Pendant 5 ans, \u00e0 compter de la date d&rsquo;achat\t\t\t\t\t<\/li>\n<\/ul>\n<\/li>\n<li class=\"product-features__item\" role=\"listitem\">\n<h3 class=\"product-features__label\">Facette type de sols \u00e0 nettoyer<\/h3>\n<ul role=\"list\">\n<li class=\"product-features__item-list__item\" role=\"listitem\"><span class=\"is--medium\">Ext\u00e9rieur (terrasse, cl\u00f4ture, &#8230;) :<\/span> Oui\t\t\t\t\t<\/li>\n<li class=\"product-features__item-list__item\" role=\"listitem\"><span class=\"is--medium\">Type de sols \u00e0 nettoyer :<\/span> Ext\u00e9rieur (terrasse, cl\u00f4ture, &#8230;)\t\t\t\t\t<\/li>\n<\/ul>\n<\/li>\n<\/ul>\n<\/div>\n<div class=\"product__disclosure-content\">\n<div class=\"js-read-more product-description__content read-more read-more--truncated\" data-read-more-name=\"description\" style=\"max-height: 500px; overflow: hidden;\">\n<p>Aucune trace ne vous r\u00e9sistera avec le Nettoyeur KARCHER KHB6. Puissant, portable et pratique, il viendra \u00e0 bout de toutes les salet\u00e9s.<\/p>\n<h3><img fetchpriority=\"high\" decoding=\"async\" ,=\"\" alt=\"Nettoyeur KARCHER KHB6\" class=\"wy_tableau_gauche\" height=\"270\" src=\"https:\/\/boulanger.scene7.com\/is\/image\/Boulanger\/4054278636757_h_f_l_3?wid=400&amp;hei=270\" width=\"400\"\/>Pression et accessoires adapt\u00e9s \u00e0 tous vos besoins<\/h3>\n<p>Au retour des beaux jours, vous aurez le plaisir de d\u00e9couvrir le Nettoyeur KARCHER KHB6. Id\u00e9al pour redonner de l&rsquo;\u00e9clat \u00e0 vos objets d&rsquo;ext\u00e9rieur, il est \u00e9quip\u00e9 d&rsquo;une <b>pression optimale<\/b> pour s&rsquo;adapter \u00e0 toutes les surfaces. Avec ses <b>24 bars<\/b>, il sera id\u00e9al pour le nettoyage d&rsquo;appoint de vos chaises, de votre mobilier ou encore de votre v\u00e9lo.<\/p>\n<p>Afin d&rsquo;adapter le jet aux objets que vous souhaitez revigorer, le Nettoyeur KARCHER KHB6 est pourvu de <b>buses adaptables<\/b>. Gr\u00e2ce \u00e0 la <b>technologie Quick Connect<\/b>, elles se d\u00e9montent et se remontent en toute simplicit\u00e9. Vous pourrez toujours compter sur un <b>d\u00e9bit ajust\u00e9<\/b> en fonction du niveau de salet\u00e9 \u00e0 nettoyer.<\/p>\n<h3><img decoding=\"async\" ,=\"\" alt=\"Nettoyeur KARCHER KHB6\" class=\"wy_tableau_right\" height=\"270\" src=\"https:\/\/boulanger.scene7.com\/is\/image\/Boulanger\/4054278636757_h_f_l_5?wid=400&amp;hei=270\" width=\"400\"\/>Une batterie puissante et amovible<\/h3>\n<p>Pour une mobilit\u00e9 totale, le Nettoyeur KARCHER KHB6 est \u00e9quip\u00e9 d&rsquo;une <b>batterie lithium-ion puissante de 18V<\/b>. En plus de vous assurer une long\u00e9vit\u00e9 optimale, cette batterie rechargeable est <b>amovible<\/b>. Elle est \u00e9galement pourvue d&rsquo;une technologie d&rsquo;<b>affichage LCD en temps r\u00e9el<\/b> gr\u00e2ce \u00e0 laquelle vous aurez imm\u00e9diatement acc\u00e8s \u00e0 l&rsquo;autonomie restante, \u00e0 la dur\u00e9e de charge et \u00e0 la capacit\u00e9 de la batterie.<\/p>\n<p>La libert\u00e9 dont vous disposerez avec le Nettoyeur KARCHER KHB6 repose \u00e9galement sur la <b>l\u00e9g\u00e8ret\u00e9<\/b> de son design. Totalement sans fil, il se d\u00e9placera tr\u00e8s facilement. L&rsquo;appareil compte \u00e9galement plusieurs <b>accessoires<\/b> \u00e0 s\u00e9lectionner selon votre utilisation. Vous pourrez ainsi nettoyer les escaliers aussi bien que les portes.<\/p>\n<\/p>\n<\/div>\n<p><bl-button a11yexpanded=\"false\" arialabel=\"Afficher toute la description\" class=\"read-more__btn\" full=\"false\" link=\"true\"><\/bl-button><\/div>","protected":false},"excerpt":{"rendered":"<div class=\"keypoints\">\n<h3 class=\"keypoints__title\">Les points cl\u00e9s<\/h3>\n<ul role=\"list\">\n<li class=\"keypoints__item\" role=\"listitem\">                                        Pression : 24 bars                      <\/li>\n<li class=\"keypoints__item\" role=\"listitem\">                                        D\u00e9bit maximum : 200 l\/h                      <\/li>\n<li class=\"keypoints__item\" role=\"listitem\">                                        Performance : 0,0 m\u00b2\/h                      <\/li>\n<li class=\"keypoints__item\" role=\"listitem\">                                        Poids : 2 kg                      <\/li>\n<li class=\"keypoints__item keypoints__item--advantage\" role=\"listitem\"><strong>Le + :<\/strong> L&rsquo;affichage du temps de batterie restant, la praticit\u00e9 \u00ab\u00a0pr\u00eat \u00e0 l&#8217;emploi\u00a0\u00bb et le design compact.      <\/li>\n<\/ul>","protected":false},"featured_media":77341,"template":"","meta":{"_glsr_average":0,"_glsr_ranking":0,"_glsr_reviews":0},"product_cat":[347],"product_tag":[153,331,348],"class_list":{"0":"post-77342","1":"product","2":"type-product","3":"status-publish","4":"has-post-thumbnail","6":"product_cat-nettoyeur-haute-pression","7":"product_tag-maison-entretien","8":"product_tag-nettoyeur","9":"product_tag-nettoyeur-haute-pression","11":"first","12":"instock","13":"sale","14":"shipping-taxable","15":"purchasable","16":"product-type-simple"},"_links":{"self":[{"href":"https:\/\/electromenagerexpress.com\/en\/wp-json\/wp\/v2\/product\/77342","targetHints":{"allow":["GET"]}}],"collection":[{"href":"https:\/\/electromenagerexpress.com\/en\/wp-json\/wp\/v2\/product"}],"about":[{"href":"https:\/\/electromenagerexpress.com\/en\/wp-json\/wp\/v2\/types\/product"}],"wp:featuredmedia":[{"embeddable":true,"href":"https:\/\/electromenagerexpress.com\/en\/wp-json\/wp\/v2\/media\/77341"}],"wp:attachment":[{"href":"https:\/\/electromenagerexpress.com\/en\/wp-json\/wp\/v2\/media?parent=77342"}],"wp:term":[{"taxonomy":"product_cat","embeddable":true,"href":"https:\/\/electromenagerexpress.com\/en\/wp-json\/wp\/v2\/product_cat?post=77342"},{"taxonomy":"product_tag","embeddable":true,"href":"https:\/\/electromenagerexpress.com\/en\/wp-json\/wp\/v2\/product_tag?post=77342"}],"curies":[{"name":"wp","href":"https:\/\/api.w.org\/{rel}","templated":true}]}}