{"id":77321,"date":"2024-11-24T13:57:27","date_gmt":"2024-11-24T13:57:27","guid":{"rendered":"https:\/\/electromenagerexpress.com\/product\/nettoyeur-haute-pressionkarcherk-7-premium-power-home\/"},"modified":"2024-11-24T13:57:30","modified_gmt":"2024-11-24T13:57:30","slug":"nettoyeur-haute-pressionkarcherk-7-premium-power-home","status":"publish","type":"product","link":"https:\/\/electromenagerexpress.com\/en\/product\/nettoyeur-haute-pressionkarcherk-7-premium-power-home\/","title":{"rendered":"Nettoyeur haute pression\t\t\t\t\t\t\tKARCHER\t\t\t\tK 7 Premium Power Home"},"content":{"rendered":"<div class=\"product-features__content\">\n<ul role=\"list\">\n<li class=\"product-features__item\" role=\"listitem\">\n<h3 class=\"product-features__label\">Caract\u00e9ristique g\u00e9n\u00e9rale<\/h3>\n<ul role=\"list\">\n<li class=\"product-features__item-list__item\" role=\"listitem\"><span class=\"is--medium\">D\u00e9couvrez l&rsquo;univers des produits Karcher :<\/span> <u><a href=\"https:\/\/www.boulanger.com\/evenement\/univers-karcher\" target=\"_blank\">en sa<\/a><\/u><\/li>\n<li class=\"product-features__item-list__item\" role=\"listitem\"><span class=\"is--medium\">Type de produit :<\/span> Nettoyeur haute pression\t\t\t\t\t<\/li>\n<li class=\"product-features__item-list__item\" role=\"listitem\"><span class=\"is--medium\">Gamme :<\/span> K7\t\t\t\t\t<\/li>\n<\/ul>\n<\/li>\n<li class=\"product-features__item\" role=\"listitem\">\n<h3 class=\"product-features__label\">Performances<\/h3>\n<ul role=\"list\">\n<li class=\"product-features__item-list__item\" role=\"listitem\"><span class=\"is--medium\">Performance :<\/span> 60,0 m\u00b2\/h\t\t\t\t\t<\/li>\n<li class=\"product-features__item-list__item\" role=\"listitem\"><span class=\"is--medium\">Puissance :<\/span> 3.000 W\t\t\t\t\t<\/li>\n<li class=\"product-features__item-list__item\" role=\"listitem\"><span class=\"is--medium\">Pression :<\/span> 180 bars\t\t\t\t\t<\/li>\n<li class=\"product-features__item-list__item\" role=\"listitem\"><span class=\"is--medium\">D\u00e9bit maximum :<\/span> 600 l\/h\t\t\t\t\t<\/li>\n<li class=\"product-features__item-list__item\" role=\"listitem\"><span class=\"is--medium\">Le saviez-vous ? :<\/span> Plus le d\u00e9bit est important, plus l&rsquo;effet de la pression est renforc\u00e9\t\t\t\t\t<\/li>\n<li class=\"product-features__item-list__item\" role=\"listitem\"><span class=\"is--medium\">Longueur de flexible (en m) :<\/span> 10 m\u00e8tres\t\t\t\t\t<\/li>\n<li class=\"product-features__item-list__item\" role=\"listitem\"><span class=\"is--medium\">Longueur du cordon :<\/span> 5,00 m\t\t\t\t\t<\/li>\n<li class=\"product-features__item-list__item\" role=\"listitem\"><span class=\"is--medium\">Mode boost :<\/span> non concern\u00e9\t\t\t\t\t<\/li>\n<li class=\"product-features__item-list__item\" role=\"listitem\"><span class=\"is--medium\">Temp\u00e9rature d&rsquo;alimentation :<\/span> Temp\u00e9rature maximale de l&rsquo;eau 60\u00b0C\t\t\t\t\t<\/li>\n<\/ul>\n<\/li>\n<li class=\"product-features__item\" role=\"listitem\">\n<h3 class=\"product-features__label\">Equipement<\/h3>\n<ul role=\"list\">\n<li class=\"product-features__item-list__item\" role=\"listitem\"><span class=\"is--medium\">Nettoyeur de terrasse :<\/span> oui, permet le nettoyage respectueux et homog\u00e8ne des grandes surfaces planes\t\t\t\t\t<\/li>\n<li class=\"product-features__item-list__item\" role=\"listitem\"><span class=\"is--medium\">Poign\u00e9e-pistolet haute pression :<\/span> ergonomique, elle se clipse sur les diff\u00e9rents types de lances K\u00e4rcher\t\t\t\t\t<\/li>\n<li class=\"product-features__item-list__item\" role=\"listitem\"><span class=\"is--medium\">Lance Vario Power :<\/span> \u00e0 positions variables, permet d&rsquo;\u00eatre utilis\u00e9e \u00e0 basse pression (pour pulv\u00e9riser des d\u00e9tergents) ou \u00e0 haute pression. La lance \u00e0 360\u00b0 est id\u00e9ale pour des endroits difficiles d&rsquo;acc\u00e8s.\t\t\t\t\t<\/li>\n<li class=\"product-features__item-list__item\" role=\"listitem\"><span class=\"is--medium\">Rotabuse :<\/span> lance \u00e0 nettoyage rotatif tr\u00e8s puissant, id\u00e9ale pour les marques tenaces ou les zones n\u00e9cessitant un nettoyage intensif. Ne pas utiliser sur les v\u00e9hicules ou les surfaces fragiles.\t\t\t\t\t<\/li>\n<li class=\"product-features__item-list__item\" role=\"listitem\"><span class=\"is--medium\">Filtre \u00e0 eau int\u00e9gr\u00e9 :<\/span> pour prot\u00e9ger la pompe contre les particules d&rsquo;impuret\u00e9s des sources d&rsquo;eau alternatives (r\u00e9cup\u00e9rateur, bidon..)\t\t\t\t\t<\/li>\n<\/ul>\n<\/li>\n<li class=\"product-features__item\" role=\"listitem\">\n<h3 class=\"product-features__label\">Confort d&rsquo;utilisation<\/h3>\n<ul role=\"list\">\n<li class=\"product-features__item-list__item\" role=\"listitem\"><span class=\"is--medium\">Enrouleur de flexible :<\/span> Oui\t\t\t\t\t<\/li>\n<li class=\"product-features__item-list__item\" role=\"listitem\"><span class=\"is--medium\">Poign\u00e9e de transport t\u00e9lescopique :<\/span> Oui\t\t\t\t\t<\/li>\n<li class=\"product-features__item-list__item\" role=\"listitem\"><span class=\"is--medium\">R\u00e9servoir de d\u00e9tergent :<\/span> Oui\t\t\t\t\t<\/li>\n<li class=\"product-features__item-list__item\" role=\"listitem\"><span class=\"is--medium\">Syst\u00e8me Plug &amp; Clean :<\/span> oui, permet de clipser directement le d\u00e9tergent sur l&rsquo;appareil, facile \u00e0 manipuler, et sans aucune perte\t\t\t\t\t<\/li>\n<li class=\"product-features__item-list__item\" role=\"listitem\"><span class=\"is--medium\">Roues :<\/span> id\u00e9al pour le d\u00e9placer d&rsquo;un endroit \u00e0 un autre\t\t\t\t\t<\/li>\n<li class=\"product-features__item-list__item\" role=\"listitem\"><span class=\"is--medium\">Poids :<\/span> 23 kg\t\t\t\t\t<\/li>\n<li class=\"product-features__item-list__item\" role=\"listitem\"><span class=\"is--medium\">Connect\u00e9 :<\/span> non connect\u00e9\t\t\t\t\t<\/li>\n<\/ul>\n<\/li>\n<li class=\"product-features__item\" role=\"listitem\">\n<h3 class=\"product-features__label\">Dimensions<\/h3>\n<ul role=\"list\">\n<li class=\"product-features__item-list__item\" role=\"listitem\"><span class=\"is--medium\">Dimensions l x h x p :<\/span> 39.7 x 71.3 x 59.7 cm\t\t\t\t\t<\/li>\n<li class=\"product-features__item-list__item\" role=\"listitem\"><span class=\"is--medium\">Poids net :<\/span> 23 kg\t\t\t\t\t<\/li>\n<\/ul>\n<\/li>\n<li class=\"product-features__item\" role=\"listitem\">\n<h3 class=\"product-features__label\">Informations et services<\/h3>\n<ul role=\"list\">\n<li class=\"product-features__item-list__item\" role=\"listitem\"><span class=\"is--medium\">Indice de r\u00e9parabilit\u00e9 :<\/span> 8,2 \/10\t\t\t\t\t<\/li>\n<li class=\"product-features__item-list__item\" role=\"listitem\"><span class=\"is--medium\">Dur\u00e9e de la garantie (Pi\u00e8ces et main d&rsquo;oeuvre pour un produit neuf vendu par Boulanger) :<\/span> 24\t\t\t\t\t<\/li>\n<li class=\"product-features__item-list__item\" role=\"listitem\"><span class=\"is--medium\">Fabriqu\u00e9 en :<\/span> Italie\t\t\t\t\t<\/li>\n<li class=\"product-features__item-list__item\" role=\"listitem\"><span class=\"is--medium\">Disponibilit\u00e9 des pi\u00e8ces d\u00e9tach\u00e9es (donn\u00e9es fournisseur) :<\/span> Pendant 5 ans, \u00e0 compter de la date d&rsquo;achat\t\t\t\t\t<\/li>\n<\/ul>\n<\/li>\n<li class=\"product-features__item\" role=\"listitem\">\n<h3 class=\"product-features__label\">Facette type de sols \u00e0 nettoyer<\/h3>\n<ul role=\"list\">\n<li class=\"product-features__item-list__item\" role=\"listitem\"><span class=\"is--medium\">Ext\u00e9rieur (terrasse, cl\u00f4ture, &#8230;) :<\/span> Oui\t\t\t\t\t<\/li>\n<li class=\"product-features__item-list__item\" role=\"listitem\"><span class=\"is--medium\">Type de sols \u00e0 nettoyer :<\/span> Ext\u00e9rieur (terrasse, cl\u00f4ture, &#8230;)\t\t\t\t\t<\/li>\n<\/ul>\n<\/li>\n<\/ul>\n<\/div>\n<div class=\"product__disclosure-content\">\n<div class=\"js-read-more product-description__content read-more read-more--truncated\" data-read-more-name=\"description\" style=\"max-height: 500px; overflow: hidden;\">\n<p>Puissant et pratique, le nettoyeur KARCHER K 7 Premium Power Home rendra votre terrasse impeccable en quelques instants.<\/p>\n<h3><img fetchpriority=\"high\" decoding=\"async\" ,=\"\" alt=\"Nettoyeur KARCHER K 7 Premium Power Home\" class=\"wy_tableau_gauche\" height=\"270\" src=\"https:\/\/boulanger.scene7.com\/is\/image\/Boulanger\/4054278961323_h_f_l_0?wid=400&amp;hei=270\" width=\"400\"\/>Un nettoyeur haute pression<\/h3>\n<p>Le nettoyeur KARCHER K 7 Premium Power Home est un appareil de nettoyage haute pression puissant et efficace. Il dispose d&rsquo;une <b>pression maximale de 180 bar<\/b> et d&rsquo;un d\u00e9bit d&rsquo;eau de 600 L par heure, ce qui le rend id\u00e9al pour traiter les surfaces les plus sales et les plus difficiles \u00e0 atteindre. Que vous ayez besoin de nettoyer votre terrasse, votre fa\u00e7ade, votre voiture ou votre mobilier de jardin, il fera le travail avec brio !<\/p>\n<p>Avec son <b>moteur refroidi \u00e0 l&rsquo;eau<\/b>, la dur\u00e9e de vie du nettoyeur KARCHER K 7 Premium Power Home est prolong\u00e9e et son fonctionnement est plus silencieux que les autres nettoyeurs vendus sur le march\u00e9. Il est \u00e9quip\u00e9 d&rsquo;un pistolet de pulv\u00e9risation r\u00e9glable, qui vous permet de choisir le type de jet le mieux adapt\u00e9 \u00e0 vos besoins. Quant \u00e0 son syst\u00e8me de raccordement rapide, il facilitera le montage et le d\u00e9montage des accessoires.<\/p>\n<h3><img decoding=\"async\" ,=\"\" alt=\"Nettoyeur KARCHER K 7 Premium Power Home\" class=\"wy_tableau_right\" height=\"270\" src=\"https:\/\/boulanger.scene7.com\/is\/image\/Boulanger\/4054278961323_h_f_l_1?wid=400&amp;hei=270\" width=\"400\"\/>Un format compact qui occupe peu d&rsquo;espace<\/h3>\n<p>Le nettoyeur KARCHER K 7 Premium Power Home est \u00e9galement \u00e9quip\u00e9 d&rsquo;un <b>r\u00e9servoir de d\u00e9tergent int\u00e9gr\u00e9<\/b> pour faciliter le nettoyage des surfaces les plus sales. Il comprend aussi une lance t\u00e9lescopique, un flexible haute pression de 10 m de long, une rotabuse et une buse Vario Power r\u00e9glable.<\/p>\n<p>Afin de pouvoir le ranger avec facilit\u00e9 quand vous ne vous en servez pas, le nettoyeur KARCHER K 7 Premium Power Home comporte un <b>enrouleur de flexible<\/b>, ainsi qu&rsquo;une poign\u00e9e de transport t\u00e9lescopique.<\/p>\n<\/p>\n<\/div>\n<p><bl-button a11yexpanded=\"false\" arialabel=\"Afficher toute la description\" class=\"read-more__btn\" full=\"false\" link=\"true\"><\/bl-button><\/div>","protected":false},"excerpt":{"rendered":"<div class=\"keypoints\">\n<h3 class=\"keypoints__title\">Les points cl\u00e9s<\/h3>\n<ul role=\"list\">\n<li class=\"keypoints__item\" role=\"listitem\">                                        Pression : 180 bars                      <\/li>\n<li class=\"keypoints__item\" role=\"listitem\">                                        D\u00e9bit maximum : 600 l\/h                      <\/li>\n<li class=\"keypoints__item\" role=\"listitem\">                                        Performance : 60,0 m\u00b2\/h                      <\/li>\n<li class=\"keypoints__item\" role=\"listitem\">                                        Poids : 23 kg                      <\/li>\n<li class=\"keypoints__item keypoints__item--advantage\" role=\"listitem\"><strong>Le + :<\/strong> R\u00e9gulation de la pression et du d\u00e9tergent \u00e0 la poign\u00e9e      <\/li>\n<\/ul>","protected":false},"featured_media":77320,"template":"","meta":{"_glsr_average":0,"_glsr_ranking":0,"_glsr_reviews":0},"product_cat":[347],"product_tag":[153,331,348],"class_list":{"0":"post-77321","1":"product","2":"type-product","3":"status-publish","4":"has-post-thumbnail","6":"product_cat-nettoyeur-haute-pression","7":"product_tag-maison-entretien","8":"product_tag-nettoyeur","9":"product_tag-nettoyeur-haute-pression","11":"first","12":"instock","13":"sale","14":"shipping-taxable","15":"purchasable","16":"product-type-simple"},"_links":{"self":[{"href":"https:\/\/electromenagerexpress.com\/en\/wp-json\/wp\/v2\/product\/77321","targetHints":{"allow":["GET"]}}],"collection":[{"href":"https:\/\/electromenagerexpress.com\/en\/wp-json\/wp\/v2\/product"}],"about":[{"href":"https:\/\/electromenagerexpress.com\/en\/wp-json\/wp\/v2\/types\/product"}],"wp:featuredmedia":[{"embeddable":true,"href":"https:\/\/electromenagerexpress.com\/en\/wp-json\/wp\/v2\/media\/77320"}],"wp:attachment":[{"href":"https:\/\/electromenagerexpress.com\/en\/wp-json\/wp\/v2\/media?parent=77321"}],"wp:term":[{"taxonomy":"product_cat","embeddable":true,"href":"https:\/\/electromenagerexpress.com\/en\/wp-json\/wp\/v2\/product_cat?post=77321"},{"taxonomy":"product_tag","embeddable":true,"href":"https:\/\/electromenagerexpress.com\/en\/wp-json\/wp\/v2\/product_tag?post=77321"}],"curies":[{"name":"wp","href":"https:\/\/api.w.org\/{rel}","templated":true}]}}