{"id":77271,"date":"2024-11-24T13:56:43","date_gmt":"2024-11-24T13:56:43","guid":{"rendered":"https:\/\/electromenagerexpress.com\/product\/detacheurkarcherse-3-compact-home-floor\/"},"modified":"2024-11-24T13:56:48","modified_gmt":"2024-11-24T13:56:48","slug":"detacheurkarcherse-3-compact-home-floor","status":"publish","type":"product","link":"https:\/\/electromenagerexpress.com\/en\/product\/detacheurkarcherse-3-compact-home-floor\/","title":{"rendered":"D\u00e9tacheur\t\t\t\t\t\t\tKARCHER\t\t\t\tSE 3 Compact Home Floor"},"content":{"rendered":"<div class=\"product-features__content\">\n<ul role=\"list\">\n<li class=\"product-features__item\" role=\"listitem\">\n<h3 class=\"product-features__label\">Choisir ce produit pour quel usage ?<\/h3>\n<ul role=\"list\">\n<li class=\"product-features__item-list__item\" role=\"listitem\"><span class=\"is--medium\">Fonctions :<\/span> d\u00e9tache, nettoie et aspire\t\t\t\t\t<\/li>\n<li class=\"product-features__item-list__item\" role=\"listitem\"><span class=\"is--medium\">Type de nettoyage :<\/span> grande surface (sols durs, tapis, moquettes,&#8230;)\t\t\t\t\t<\/li>\n<li class=\"product-features__item-list__item\" role=\"listitem\"><span class=\"is--medium\">Type de surface \u00e0 nettoyer :<\/span> Tissus d&rsquo;ameublement (ex: rideaux), Canap\u00e9s en tissu, Moquettes, Int\u00e9rieur de voiture, Tapis, Tissus\t\t\t\t\t<\/li>\n<li class=\"product-features__item-list__item\" role=\"listitem\"><span class=\"is--medium\">Type de lavage :<\/span> \u00e0 l&rsquo;eau froide\t\t\t\t\t<\/li>\n<li class=\"product-features__item-list__item\" role=\"listitem\"><span class=\"is--medium\">Type de produit :<\/span> D\u00e9tacheur\t\t\t\t\t<\/li>\n<li class=\"product-features__item-list__item\" role=\"listitem\"><span class=\"is--medium\">Comment \u00e7a marche ? :<\/span> La solution de nettoyage est inject\u00e9e sous pression dans les tissus avant d&rsquo;\u00eatre aspir\u00e9e avec la salet\u00e9. Cette action r\u00e9p\u00e9t\u00e9e au coeur des fibres permet de d\u00e9tacher et nettoyer. La gachette sur la brosse vous permet de r\u00e9guler le jet de solution nettoyante.\t\t\t\t\t<\/li>\n<li class=\"product-features__item-list__item\" role=\"listitem\"><span class=\"is--medium\">Gamme :<\/span> Karcher SE\t\t\t\t\t<\/li>\n<\/ul>\n<\/li>\n<li class=\"product-features__item\" role=\"listitem\">\n<h3 class=\"product-features__label\">Performance<\/h3>\n<ul role=\"list\">\n<li class=\"product-features__item-list__item\" role=\"listitem\"><span class=\"is--medium\">Puissance consomm\u00e9e :<\/span> 500 W\t\t\t\t\t<\/li>\n<li class=\"product-features__item-list__item\" role=\"listitem\"><span class=\"is--medium\">R\u00e9servoir eau propre :<\/span> 1,70 L\t\t\t\t\t<\/li>\n<li class=\"product-features__item-list__item\" role=\"listitem\"><span class=\"is--medium\">R\u00e9servoir eau sale :<\/span> 2,90 L\t\t\t\t\t<\/li>\n<li class=\"product-features__item-list__item\" role=\"listitem\"><span class=\"is--medium\">Produit utilis\u00e9 :<\/span> Nettoyant pour tapis et coussins\t\t\t\t\t<\/li>\n<li class=\"product-features__item-list__item\" role=\"listitem\"><span class=\"is--medium\">Nombre de modes de nettoyage :<\/span> 1\t\t\t\t\t<\/li>\n<\/ul>\n<\/li>\n<li class=\"product-features__item\" role=\"listitem\">\n<h3 class=\"product-features__label\">Confort d&rsquo;utilisation<\/h3>\n<ul role=\"list\">\n<li class=\"product-features__item-list__item\" role=\"listitem\"><span class=\"is--medium\">Maniabilit\u00e9 :<\/span> poign\u00e9e de transport sur le dessus pour le d\u00e9placer facilement\t\t\t\t\t<\/li>\n<li class=\"product-features__item-list__item\" role=\"listitem\"><span class=\"is--medium\">Fonctionnement :<\/span> filaire\t\t\t\t\t<\/li>\n<li class=\"product-features__item-list__item\" role=\"listitem\"><span class=\"is--medium\">Longueur du cordon d&rsquo;alimentation :<\/span> 3,60 m\t\t\t\t\t<\/li>\n<li class=\"product-features__item-list__item\" role=\"listitem\"><span class=\"is--medium\">Longueur du tuyau :<\/span> 1,90 m\t\t\t\t\t<\/li>\n<li class=\"product-features__item-list__item\" role=\"listitem\"><span class=\"is--medium\">Rayon d&rsquo;action :<\/span> 6,34 m\u00e8tres\t\t\t\t\t<\/li>\n<li class=\"product-features__item-list__item\" role=\"listitem\"><span class=\"is--medium\">R\u00e9servoir amovible :<\/span> oui, permet de remplir le r\u00e9servoir facilement\t\t\t\t\t<\/li>\n<li class=\"product-features__item-list__item\" role=\"listitem\"><span class=\"is--medium\">Niveaux sonore :<\/span> 83,0 dB\t\t\t\t\t<\/li>\n<li class=\"product-features__item-list__item\" role=\"listitem\"><span class=\"is--medium\">Crochet pour le rangement du c\u00e2ble :<\/span> Oui\t\t\t\t\t<\/li>\n<li class=\"product-features__item-list__item\" role=\"listitem\"><span class=\"is--medium\">Position parking :<\/span> Oui\t\t\t\t\t<\/li>\n<li class=\"product-features__item-list__item\" role=\"listitem\"><span class=\"is--medium\">Poids :<\/span> 4,30 Kg\t\t\t\t\t<\/li>\n<\/ul>\n<\/li>\n<li class=\"product-features__item\" role=\"listitem\">\n<h3 class=\"product-features__label\">Equipement<\/h3>\n<ul role=\"list\">\n<li class=\"product-features__item-list__item\" role=\"listitem\"><span class=\"is--medium\">D\u00e9tergent :<\/span> Oui\t\t\t\t\t<\/li>\n<li class=\"product-features__item-list__item\" role=\"listitem\"><span class=\"is--medium\">Le saviez vous? :<\/span> Il est pr\u00e9f\u00e9rable d&rsquo;utiliser le d\u00e9tergent de la marque pour optimiser l&rsquo;efficacit\u00e9 de l&rsquo;appareil\t\t\t\t\t<\/li>\n<li class=\"product-features__item-list__item\" role=\"listitem\"><span class=\"is--medium\">Rangement int\u00e9gr\u00e9 :<\/span> oui, permet de ranger les accessoires sur le produit pour un gain de place\t\t\t\t\t<\/li>\n<\/ul>\n<\/li>\n<li class=\"product-features__item\" role=\"listitem\">\n<h3 class=\"product-features__label\">Dimensions<\/h3>\n<ul role=\"list\">\n<li class=\"product-features__item-list__item\" role=\"listitem\"><span class=\"is--medium\">Dimensions l x h x p :<\/span> 22.5 x 26 x 45 cm\t\t\t\t\t<\/li>\n<li class=\"product-features__item-list__item\" role=\"listitem\"><span class=\"is--medium\">Poids :<\/span> 4,30 Kg\t\t\t\t\t<\/li>\n<\/ul>\n<\/li>\n<li class=\"product-features__item\" role=\"listitem\">\n<h3 class=\"product-features__label\">Informations et Services<\/h3>\n<ul role=\"list\">\n<li class=\"product-features__item-list__item\" role=\"listitem\"><span class=\"is--medium\">Fabriqu\u00e9 en :<\/span> Roumanie\t\t\t\t\t<\/li>\n<li class=\"product-features__item-list__item\" role=\"listitem\"><span class=\"is--medium\">Disponibilit\u00e9 des pi\u00e8ces d\u00e9tach\u00e9es (donn\u00e9es fournisseur) :<\/span> Pendant 7 ans, \u00e0 compter de la date d&rsquo;achat\t\t\t\t\t<\/li>\n<li class=\"product-features__item-list__item\" role=\"listitem\"><span class=\"is--medium\">R\u00e9f\u00e9rence constructeur :<\/span> SE 3 Compact Home Floor\t\t\t\t\t<\/li>\n<li class=\"product-features__item-list__item\" role=\"listitem\"><span class=\"is--medium\">Marque :<\/span> KARCHER\t\t\t\t\t<\/li>\n<\/ul>\n<\/li>\n<li class=\"product-features__item\" role=\"listitem\">\n<h3 class=\"product-features__label\">Facette type de sols \u00e0 nettoyer<\/h3>\n<ul role=\"list\">\n<li class=\"product-features__item-list__item\" role=\"listitem\"><span class=\"is--medium\">Tapis :<\/span> Oui\t\t\t\t\t<\/li>\n<li class=\"product-features__item-list__item\" role=\"listitem\"><span class=\"is--medium\">Moquette :<\/span> Oui\t\t\t\t\t<\/li>\n<li class=\"product-features__item-list__item\" role=\"listitem\"><span class=\"is--medium\">Int\u00e9rieur de voiture :<\/span> Oui\t\t\t\t\t<\/li>\n<li class=\"product-features__item-list__item\" role=\"listitem\"><span class=\"is--medium\">Tissus et ameublement :<\/span> Oui\t\t\t\t\t<\/li>\n<li class=\"product-features__item-list__item\" role=\"listitem\"><span class=\"is--medium\">Type de sols \u00e0 nettoyer :<\/span> Tapis, Moquette, Int\u00e9rieur de voiture, Tissus et ameublement\t\t\t\t\t<\/li>\n<\/ul>\n<\/li>\n<\/ul>\n<\/div>\n<div class=\"product__disclosure-content\">\n<div class=\"js-read-more product-description__content read-more read-more--truncated\" data-read-more-name=\"description\" style=\"max-height: 500px; overflow: hidden;\">\n<div class=\"product__description-content read-more\" style=\"\">\n<p>D\u00e9tacheur KARCHER SE 3 Compact Home Floor : l&rsquo;alli\u00e9 propret\u00e9 pour vos textiles<\/p>\n<h3> <img fetchpriority=\"high\" decoding=\"async\" ,=\"\" alt=\"D\u00e9tacheur KARCHER SE 3 Compact Home Floor\" class=\"wy_tableau_gauche\" height=\"270\" src=\"https:\/\/boulanger.scene7.com\/is\/image\/Boulanger\/4066529001603_h_f_l_0?wid=400&amp;hei=270\" width=\"400\"\/>Nettoyage en profondeur et confort d&rsquo;utilisation                    <\/h3>\n<p>                        Le D\u00e9tacheur KARCHER SE 3 Compact Home Floor est con\u00e7u pour offrir un nettoyage en profondeur des surfaces textiles, allant des tapis et moquettes aux canap\u00e9s et si\u00e8ges de voiture. Gr\u00e2ce \u00e0 sa technologie d&rsquo;injection et d&rsquo;extraction, il garantit un r\u00e9sultat optimal jusqu&rsquo;au coeur des fibres, tout en laissant une faible humidit\u00e9 r\u00e9siduelle pour un s\u00e9chage rapide. La buse d&rsquo;extraction 2-en-1 XXL et les accessoires ergonomiques permettent un nettoyage efficace et rapide des surfaces de taille moyenne. Avec son flexible d&rsquo;aspiration ultra souple et son moteur puissant mais \u00e9conome en \u00e9nergie, le nettoyage devient une t\u00e2che ais\u00e9e et confortable.                    <\/p>\n<\/p>\n<h3> <img decoding=\"async\" ,=\"\" alt=\"D\u00e9tacheur KARCHER SE 3 Compact Home Floor\" class=\"wy_tableau_right\" height=\"270\" src=\"https:\/\/boulanger.scene7.com\/is\/image\/Boulanger\/4066529001603_h_f_l_1?wid=400&amp;hei=270\" width=\"400\"\/>Design compact et fonctionnalit\u00e9s pratiques                    <\/h3>\n<p>                        Outre ses performances de nettoyage, le D\u00e9tacheur KARCHER SE 3 Compact Home Floor se distingue par sa compacit\u00e9 et sa facilit\u00e9 de rangement. Son encombrement minimal et son poids l\u00e9ger de 4,3 kg le rendent facile \u00e0 transporter. Il int\u00e8gre une fonction de rin\u00e7age hygi\u00e9nique pour un nettoyage automatique apr\u00e8s utilisation, \u00e9liminant les r\u00e9sidus et pr\u00e9venant les odeurs d\u00e9sagr\u00e9ables. Le syst\u00e8me \u00e0 deux r\u00e9servoirs, le rangement pratique des accessoires et le c\u00e2ble d&rsquo;alimentation de 3,6 m offrent une grande autonomie et contribuent \u00e0 l&rsquo;efficacit\u00e9 et \u00e0 l&rsquo;hygi\u00e8ne de l&rsquo;appareil. Avec un rayon d&rsquo;action de 6,34 m et un r\u00e9servoir d&rsquo;eau propre de 1,7 l, le SE 3 Compact Home Floor est pr\u00eat \u00e0 relever tous les d\u00e9fis de nettoyage.                    <\/p>\n<\/p><\/div>\n<\/p>\n<\/div>\n<p><bl-button a11yexpanded=\"false\" arialabel=\"Afficher toute la description\" class=\"read-more__btn\" full=\"false\" link=\"true\">Voir plus<\/bl-button><\/div>","protected":false},"excerpt":{"rendered":"<div class=\"keypoints\">\n<h3 class=\"keypoints__title\">Les points cl\u00e9s<\/h3>\n<ul role=\"list\">\n<li class=\"keypoints__item\" role=\"listitem\">                                        d\u00e9tache, nettoie et aspire                      <\/li>\n<li class=\"keypoints__item\" role=\"listitem\">                                        Tissus d&rsquo;ameublement (ex: rideaux), Canap\u00e9s en tissu, Moquettes, Int\u00e9rieur de voiture, Tapis, Tissus                      <\/li>\n<li class=\"keypoints__item\" role=\"listitem\">                          Rayon d&rsquo;action : 6,34 m\u00e8tres &#8211;                                                      Poids : 4,30 Kg                      <\/li>\n<li class=\"keypoints__item\" role=\"listitem\">                          R\u00e9servoir eau propre : 1,70 L &#8211;                                                      R\u00e9servoir eau sale : 2,90 L                      <\/li>\n<\/ul>","protected":false},"featured_media":77270,"template":"","meta":{"_glsr_average":0,"_glsr_ranking":0,"_glsr_reviews":0},"product_cat":[341],"product_tag":[153,331,342],"class_list":{"0":"post-77271","1":"product","2":"type-product","3":"status-publish","4":"has-post-thumbnail","6":"product_cat-shampouineuse-detacheur","7":"product_tag-maison-entretien","8":"product_tag-nettoyeur","9":"product_tag-shampouineuse-detacheur","11":"first","12":"instock","13":"sale","14":"shipping-taxable","15":"purchasable","16":"product-type-simple"},"_links":{"self":[{"href":"https:\/\/electromenagerexpress.com\/en\/wp-json\/wp\/v2\/product\/77271","targetHints":{"allow":["GET"]}}],"collection":[{"href":"https:\/\/electromenagerexpress.com\/en\/wp-json\/wp\/v2\/product"}],"about":[{"href":"https:\/\/electromenagerexpress.com\/en\/wp-json\/wp\/v2\/types\/product"}],"wp:featuredmedia":[{"embeddable":true,"href":"https:\/\/electromenagerexpress.com\/en\/wp-json\/wp\/v2\/media\/77270"}],"wp:attachment":[{"href":"https:\/\/electromenagerexpress.com\/en\/wp-json\/wp\/v2\/media?parent=77271"}],"wp:term":[{"taxonomy":"product_cat","embeddable":true,"href":"https:\/\/electromenagerexpress.com\/en\/wp-json\/wp\/v2\/product_cat?post=77271"},{"taxonomy":"product_tag","embeddable":true,"href":"https:\/\/electromenagerexpress.com\/en\/wp-json\/wp\/v2\/product_tag?post=77271"}],"curies":[{"name":"wp","href":"https:\/\/api.w.org\/{rel}","templated":true}]}}