{"id":77258,"date":"2024-11-24T13:56:32","date_gmt":"2024-11-24T13:56:32","guid":{"rendered":"https:\/\/electromenagerexpress.com\/product\/robot-lave-vitreezicleanwindobot-s4-plus\/"},"modified":"2024-11-24T13:56:42","modified_gmt":"2024-11-24T13:56:42","slug":"robot-lave-vitreezicleanwindobot-s4-plus","status":"publish","type":"product","link":"https:\/\/electromenagerexpress.com\/en\/product\/robot-lave-vitreezicleanwindobot-s4-plus\/","title":{"rendered":"Robot Lave vitre\t\t\t\t\t\t\tEZICLEAN\t\t\t\tWindobot S4 Plus"},"content":{"rendered":"<div class=\"product-features__content\">\n<ul role=\"list\">\n<li class=\"product-features__item\" role=\"listitem\">\n<h3 class=\"product-features__label\">Robot<\/h3>\n<ul role=\"list\">\n<li class=\"product-features__item-list__item\" role=\"listitem\"><span class=\"is--medium\">Fonctionnement :<\/span> sur secteur (avec batterie de secours int\u00e9gr\u00e9e)\t\t\t\t\t<\/li>\n<li class=\"product-features__item-list__item\" role=\"listitem\"><span class=\"is--medium\">Niveau sonore :<\/span> 72 dB\t\t\t\t\t<\/li>\n<li class=\"product-features__item-list__item\" role=\"listitem\"><span class=\"is--medium\">Poids du robot :<\/span> 2,0 kg\t\t\t\t\t<\/li>\n<li class=\"product-features__item-list__item\" role=\"listitem\"><span class=\"is--medium\">Longueur du cordon d&rsquo;alimentation :<\/span> 5,0 m\t\t\t\t\t<\/li>\n<li class=\"product-features__item-list__item\" role=\"listitem\"><span class=\"is--medium\">Retour automatique au point de d\u00e9part :<\/span> Non\t\t\t\t\t<\/li>\n<li class=\"product-features__item-list__item\" role=\"listitem\"><span class=\"is--medium\">Nombre de mode(s) de nettoyage :<\/span> 3\t\t\t\t\t<\/li>\n<li class=\"product-features__item-list__item\" role=\"listitem\"><span class=\"is--medium\">Mode(s) de nettoyage :<\/span> Mode auto (du haut vers le bas), Mode auto (vers la gauche, vers le bas), Mode auto (vers la droite, vers le bas)\t\t\t\t\t<\/li>\n<li class=\"product-features__item-list__item\" role=\"listitem\"><span class=\"is--medium\">Spray automatique :<\/span> oui, pulv\u00e9rise automatiquement la solution nettoyante en fines gouttelettes\t\t\t\t\t<\/li>\n<\/ul>\n<\/li>\n<li class=\"product-features__item\" role=\"listitem\">\n<h3 class=\"product-features__label\">Performance<\/h3>\n<ul role=\"list\">\n<li class=\"product-features__item-list__item\" role=\"listitem\"><span class=\"is--medium\">Type de surface \u00e0 nettoyer :<\/span> Vitres, Miroir, Table vitr\u00e9e, Carrelage, Parois de douche\t\t\t\t\t<\/li>\n<li class=\"product-features__item-list__item\" role=\"listitem\"><span class=\"is--medium\">Puissance d&rsquo;aspiration :<\/span> non communiqu\u00e9\t\t\t\t\t<\/li>\n<li class=\"product-features__item-list__item\" role=\"listitem\"><span class=\"is--medium\">R\u00e9servoir d&rsquo;eau propre amovible :<\/span> Non\t\t\t\t\t<\/li>\n<li class=\"product-features__item-list__item\" role=\"listitem\"><span class=\"is--medium\">Capacit\u00e9 du r\u00e9servoir d&rsquo;eau propre :<\/span> 40 ml\t\t\t\t\t<\/li>\n<li class=\"product-features__item-list__item\" role=\"listitem\"><span class=\"is--medium\">Surface nettoy\u00e9e r\u00e9servoir plein :<\/span> 40 m\u00b2\t\t\t\t\t<\/li>\n<li class=\"product-features__item-list__item\" role=\"listitem\"><span class=\"is--medium\">Surface nettoy\u00e9e batterie pleine :<\/span> 5 m\u00b2\t\t\t\t\t<\/li>\n<li class=\"product-features__item-list__item\" role=\"listitem\"><span class=\"is--medium\">Vitesse de nettoyage :<\/span> 4min pour 1m\u00b2\t\t\t\t\t<\/li>\n<\/ul>\n<\/li>\n<li class=\"product-features__item\" role=\"listitem\">\n<h3 class=\"product-features__label\">Navigation et s\u00e9curit\u00e9<\/h3>\n<ul role=\"list\">\n<li class=\"product-features__item-list__item\" role=\"listitem\"><span class=\"is--medium\">D\u00e9tection du vide :<\/span> Non\t\t\t\t\t<\/li>\n<li class=\"product-features__item-list__item\" role=\"listitem\"><span class=\"is--medium\">D\u00e9tection des bords :<\/span> Oui\t\t\t\t\t<\/li>\n<li class=\"product-features__item-list__item\" role=\"listitem\"><span class=\"is--medium\">D\u00e9tection d&rsquo;obstacles :<\/span> Non\t\t\t\t\t<\/li>\n<li class=\"product-features__item-list__item\" role=\"listitem\"><span class=\"is--medium\">Longueur du cordon de s\u00e9curit\u00e9 :<\/span> 4,5 m\t\t\t\t\t<\/li>\n<li class=\"product-features__item-list__item\" role=\"listitem\"><span class=\"is--medium\">Batterie de secours du robot :<\/span> oui, en cas de coupure de courant ou de syfonctionnement de l&rsquo;alimentation, la batterie de secours du robot prend le relais\t\t\t\t\t<\/li>\n<li class=\"product-features__item-list__item\" role=\"listitem\"><span class=\"is--medium\">Autonomie de la batterie de secours :<\/span> 20 mn\t\t\t\t\t<\/li>\n<li class=\"product-features__item-list__item\" role=\"listitem\"><span class=\"is--medium\">Temps de charge de la batterie de secours :<\/span> 120 mn\t\t\t\t\t<\/li>\n<li class=\"product-features__item-list__item\" role=\"listitem\"><span class=\"is--medium\">Navigation :<\/span> le robot se d\u00e9place avec un mouvement de va-et-vient pour un nettoyage complet et approfondi\t\t\t\t\t<\/li>\n<li class=\"product-features__item-list__item\" role=\"listitem\"><span class=\"is--medium\">Trajectoire intelligente :<\/span> non concern\u00e9 par cette fonctionnalit\u00e9\t\t\t\t\t<\/li>\n<li class=\"product-features__item-list__item\" role=\"listitem\"><span class=\"is--medium\">Syst\u00e8me antid\u00e9rapant :<\/span> oui, le robot poss\u00e8de un syst\u00e8me de courroie tr\u00e8s r\u00e9sistant \u00e0 l&rsquo;eau et aux frottements. Ainsi, il reste stable sans glissement durant la session de nettoyage.\t\t\t\t\t<\/li>\n<li class=\"product-features__item-list__item\" role=\"listitem\"><span class=\"is--medium\">Connect\u00e9 :<\/span> Oui\t\t\t\t\t<\/li>\n<li class=\"product-features__item-list__item\" role=\"listitem\"><span class=\"is--medium\">Mode de connexion :<\/span> avec l&rsquo;application EZICLEAN qui vous permet de contr\u00f4ler et programmer votre robot lave vitre avec votre smartphone.\t\t\t\t\t<\/li>\n<\/ul>\n<\/li>\n<li class=\"product-features__item\" role=\"listitem\">\n<h3 class=\"product-features__label\">Dimensions<\/h3>\n<ul role=\"list\">\n<li class=\"product-features__item-list__item\" role=\"listitem\"><span class=\"is--medium\">Dimensions l x h x p :<\/span> 29.5 x 9.5 x 14.8 cm\t\t\t\t\t<\/li>\n<\/ul>\n<\/li>\n<li class=\"product-features__item\" role=\"listitem\">\n<h3 class=\"product-features__label\">Informations et Services<\/h3>\n<ul role=\"list\">\n<li class=\"product-features__item-list__item\" role=\"listitem\"><span class=\"is--medium\">Disponibilit\u00e9 des pi\u00e8ces d\u00e9tach\u00e9es (donn\u00e9es fournisseur) :<\/span> Pendant 5 ans, \u00e0 compter de la date fin de commercialisation\t\t\t\t\t<\/li>\n<li class=\"product-features__item-list__item\" role=\"listitem\"><span class=\"is--medium\">R\u00e9f\u00e9rence constructeur :<\/span> Windobot S4 Plus\t\t\t\t\t<\/li>\n<li class=\"product-features__item-list__item\" role=\"listitem\"><span class=\"is--medium\">Marque :<\/span> EZICLEAN\t\t\t\t\t<\/li>\n<\/ul>\n<\/li>\n<li class=\"product-features__item\" role=\"listitem\">\n<h3 class=\"product-features__label\">Facettes nettoyeur<\/h3>\n<ul role=\"list\">\n<li class=\"product-features__item-list__item\" role=\"listitem\"><span class=\"is--medium\">Pour quel usage :<\/span> Laver les vitres\t\t\t\t\t<\/li>\n<li class=\"product-features__item-list__item\" role=\"listitem\"><span class=\"is--medium\">Type de produit :<\/span> Nettoyeur de vitres\t\t\t\t\t<\/li>\n<\/ul>\n<\/li>\n<\/ul>\n<\/div>\n<div class=\"product__disclosure-content\">\n<div class=\"js-read-more product-description__content read-more read-more--truncated\" data-read-more-name=\"description\" style=\"max-height: 500px; overflow: hidden;\">\n<div class=\"product__description-content read-more\" style=\"\">\n<p>Nettoyage haut de gamme avec le Rob Lave vitres EZICLEAN Windobot S4 Plus<\/p>\n<h3> <img fetchpriority=\"high\" decoding=\"async\" ,=\"\" alt=\"Rob Lave vitres EZICLEAN Windobot S4 Plus\" class=\"wy_tableau_gauche\" height=\"270\" src=\"https:\/\/boulanger.scene7.com\/is\/image\/Boulanger\/3760372557867_h_f_l_0?wid=400&amp;hei=270\" width=\"400\"\/>Performance et autonomie illimit\u00e9e                    <\/h3>\n<p>                        Le Rob Lave vitres EZICLEAN Windobot S4 Plus est con\u00e7u pour offrir une performance de nettoyage in\u00e9gal\u00e9e sur une grande vari\u00e9t\u00e9 de surfaces. Avec une capacit\u00e9 de nettoyage impressionnante de 75 m\u00b2 et une puissance de 72 W, il garantit un r\u00e9sultat impeccable sur les vitres, cadres de fen\u00eatre, miroirs, tables vitr\u00e9es et parois de douche. Sa technologie de navigation intelligente lui permet de planifier sa trajectoire pour une efficacit\u00e9 optimale, et son autonomie illimit\u00e9e, gr\u00e2ce \u00e0 l&rsquo;alimentation secteur avec batterie de secours, assure un nettoyage continu sans interruption.                    <\/p>\n<\/p>\n<h3> <img decoding=\"async\" ,=\"\" alt=\"Rob Lave vitres EZICLEAN Windobot S4 Plus\" class=\"wy_tableau_right\" height=\"270\" src=\"https:\/\/boulanger.scene7.com\/is\/image\/Boulanger\/3760372557867_h_f_l_1?wid=400&amp;hei=270\" width=\"400\"\/>Confort d&rsquo;utilisation et accessoires complets                    <\/h3>\n<p>                        Le EZICLEAN Windobot S4 Plus se distingue par son faible niveau sonore de 65 dB et son poids l\u00e9ger de 1,86 kg, offrant ainsi un confort d&rsquo;utilisation optimal. Il est \u00e9galement \u00e9quip\u00e9 d&rsquo;un r\u00e9servoir d&rsquo;eau propre de 250 ml et d&rsquo;un r\u00e9servoir d&rsquo;eau sale de m\u00eame capacit\u00e9, pour un nettoyage efficace et hygi\u00e9nique. Les utilisateurs b\u00e9n\u00e9ficient d&rsquo;un large \u00e9ventail d&rsquo;accessoires, dont 3 bonnettes microfibres et un pulv\u00e9risateur int\u00e9gr\u00e9, pour un nettoyage en profondeur. De plus, la pr\u00e9sence d&rsquo;une batterie de secours et d&rsquo;un cordon de s\u00e9curit\u00e9 de 4 m\u00e8tres offre une s\u00e9curit\u00e9 accrue lors de l&rsquo;utilisation.                    <\/p>\n<\/p><\/div>\n<\/p>\n<\/div>\n<p><bl-button a11yexpanded=\"false\" arialabel=\"Afficher toute la description\" class=\"read-more__btn\" full=\"false\" link=\"true\">Voir plus<\/bl-button><\/div>","protected":false},"excerpt":{"rendered":"<div class=\"keypoints\">\n<h3 class=\"keypoints__title\">Les points cl\u00e9s<\/h3>\n<ul role=\"list\">\n<li class=\"keypoints__item\" role=\"listitem\">                          Fonctionnement : sur secteur (avec batterie de secours int\u00e9gr\u00e9e) &#8211;                                                      Niveau sonore : 72 dB                      <\/li>\n<li class=\"keypoints__item\" role=\"listitem\">                          Vitesse de nettoyage : 4min pour 1m\u00b2 &#8211;                                                      D\u00e9tection des bords                      <\/li>\n<li class=\"keypoints__item\" role=\"listitem\">                          Capacit\u00e9 du r\u00e9servoir d&rsquo;eau propre : 40 ml &#8211;                                                      Connect\u00e9                      <\/li>\n<li class=\"keypoints__item keypoints__item--advantage\" role=\"listitem\"><strong>Le + :<\/strong> s&rsquo;adapte \u00e0 diff\u00e9rentes surfaces vitr\u00e9es, verticales, horizontales ou inclin\u00e9es, miroirs, carreaux&#8230;      <\/li>\n<\/ul>","protected":false},"featured_media":77257,"template":"","meta":{"_glsr_average":0,"_glsr_ranking":0,"_glsr_reviews":0},"product_cat":[329],"product_tag":[153,331],"class_list":{"0":"post-77258","1":"product","2":"type-product","3":"status-publish","4":"has-post-thumbnail","6":"product_cat-nettoyeur","7":"product_tag-maison-entretien","8":"product_tag-nettoyeur","10":"first","11":"instock","12":"sale","13":"shipping-taxable","14":"purchasable","15":"product-type-simple"},"_links":{"self":[{"href":"https:\/\/electromenagerexpress.com\/en\/wp-json\/wp\/v2\/product\/77258","targetHints":{"allow":["GET"]}}],"collection":[{"href":"https:\/\/electromenagerexpress.com\/en\/wp-json\/wp\/v2\/product"}],"about":[{"href":"https:\/\/electromenagerexpress.com\/en\/wp-json\/wp\/v2\/types\/product"}],"wp:featuredmedia":[{"embeddable":true,"href":"https:\/\/electromenagerexpress.com\/en\/wp-json\/wp\/v2\/media\/77257"}],"wp:attachment":[{"href":"https:\/\/electromenagerexpress.com\/en\/wp-json\/wp\/v2\/media?parent=77258"}],"wp:term":[{"taxonomy":"product_cat","embeddable":true,"href":"https:\/\/electromenagerexpress.com\/en\/wp-json\/wp\/v2\/product_cat?post=77258"},{"taxonomy":"product_tag","embeddable":true,"href":"https:\/\/electromenagerexpress.com\/en\/wp-json\/wp\/v2\/product_tag?post=77258"}],"curies":[{"name":"wp","href":"https:\/\/api.w.org\/{rel}","templated":true}]}}