{"id":77252,"date":"2024-11-24T13:56:26","date_gmt":"2024-11-24T13:56:26","guid":{"rendered":"https:\/\/electromenagerexpress.com\/product\/shampouineusekarcherse-6-signature-line\/"},"modified":"2024-11-24T13:56:30","modified_gmt":"2024-11-24T13:56:30","slug":"shampouineusekarcherse-6-signature-line","status":"publish","type":"product","link":"https:\/\/electromenagerexpress.com\/en\/product\/shampouineusekarcherse-6-signature-line\/","title":{"rendered":"Shampouineuse\t\t\t\t\t\t\tKARCHER\t\t\t\tSE 6 Signature Line"},"content":{"rendered":"<div class=\"product-features__content\">\n<ul role=\"list\">\n<li class=\"product-features__item\" role=\"listitem\">\n<h3 class=\"product-features__label\">Choisir ce produit pour quel usage ?<\/h3>\n<ul role=\"list\">\n<li class=\"product-features__item-list__item\" role=\"listitem\"><span class=\"is--medium\">Fonctions :<\/span> d\u00e9tache, nettoie et aspire\t\t\t\t\t<\/li>\n<li class=\"product-features__item-list__item\" role=\"listitem\"><span class=\"is--medium\">Type de nettoyage :<\/span> grande surface (sols durs, tapis, moquettes,&#8230;)\t\t\t\t\t<\/li>\n<li class=\"product-features__item-list__item\" role=\"listitem\"><span class=\"is--medium\">Type de surface \u00e0 nettoyer :<\/span> Tissus d&rsquo;ameublement (ex: rideaux), Canap\u00e9s en tissu, Moquettes, Int\u00e9rieur de voiture, Tapis, Tissus\t\t\t\t\t<\/li>\n<li class=\"product-features__item-list__item\" role=\"listitem\"><span class=\"is--medium\">Type de lavage :<\/span> \u00e0 l&rsquo;eau froide\t\t\t\t\t<\/li>\n<li class=\"product-features__item-list__item\" role=\"listitem\"><span class=\"is--medium\">Type de produit :<\/span> Shampouineuse\t\t\t\t\t<\/li>\n<li class=\"product-features__item-list__item\" role=\"listitem\"><span class=\"is--medium\">Gamme :<\/span> Karcher SE\t\t\t\t\t<\/li>\n<\/ul>\n<\/li>\n<li class=\"product-features__item\" role=\"listitem\">\n<h3 class=\"product-features__label\">Performance<\/h3>\n<ul role=\"list\">\n<li class=\"product-features__item-list__item\" role=\"listitem\"><span class=\"is--medium\">Puissance consomm\u00e9e :<\/span> 1.000 W\t\t\t\t\t<\/li>\n<li class=\"product-features__item-list__item\" role=\"listitem\"><span class=\"is--medium\">R\u00e9servoir eau propre :<\/span> 4,00 L\t\t\t\t\t<\/li>\n<li class=\"product-features__item-list__item\" role=\"listitem\"><span class=\"is--medium\">R\u00e9servoir eau sale :<\/span> 4,00 L\t\t\t\t\t<\/li>\n<li class=\"product-features__item-list__item\" role=\"listitem\"><span class=\"is--medium\">Produit utilis\u00e9 :<\/span> Nettoyant pour tapis et coussins\t\t\t\t\t<\/li>\n<li class=\"product-features__item-list__item\" role=\"listitem\"><span class=\"is--medium\">Nombre de modes de nettoyage :<\/span> 1\t\t\t\t\t<\/li>\n<\/ul>\n<\/li>\n<li class=\"product-features__item\" role=\"listitem\">\n<h3 class=\"product-features__label\">Confort d&rsquo;utilisation<\/h3>\n<ul role=\"list\">\n<li class=\"product-features__item-list__item\" role=\"listitem\"><span class=\"is--medium\">Maniabilit\u00e9 :<\/span> 2 grandes roues \u00e0 l&rsquo;arri\u00e8re de la brosse et une poign\u00e9e en haut du manche\t\t\t\t\t<\/li>\n<li class=\"product-features__item-list__item\" role=\"listitem\"><span class=\"is--medium\">Fonctionnement :<\/span> filaire\t\t\t\t\t<\/li>\n<li class=\"product-features__item-list__item\" role=\"listitem\"><span class=\"is--medium\">Longueur du cordon d&rsquo;alimentation :<\/span> 6,00 m\t\t\t\t\t<\/li>\n<li class=\"product-features__item-list__item\" role=\"listitem\"><span class=\"is--medium\">Longueur du tuyau :<\/span> 2,00 m\t\t\t\t\t<\/li>\n<li class=\"product-features__item-list__item\" role=\"listitem\"><span class=\"is--medium\">Rayon d&rsquo;action :<\/span> 8 m\u00e8tres\t\t\t\t\t<\/li>\n<li class=\"product-features__item-list__item\" role=\"listitem\"><span class=\"is--medium\">R\u00e9servoir amovible :<\/span> oui, permet de remplir le r\u00e9servoir facilement\t\t\t\t\t<\/li>\n<li class=\"product-features__item-list__item\" role=\"listitem\"><span class=\"is--medium\">Niveaux sonore :<\/span> 77,0 dB\t\t\t\t\t<\/li>\n<li class=\"product-features__item-list__item\" role=\"listitem\"><span class=\"is--medium\">Crochet pour le rangement du c\u00e2ble :<\/span> Oui\t\t\t\t\t<\/li>\n<li class=\"product-features__item-list__item\" role=\"listitem\"><span class=\"is--medium\">Position parking :<\/span> Oui\t\t\t\t\t<\/li>\n<li class=\"product-features__item-list__item\" role=\"listitem\"><span class=\"is--medium\">Poids :<\/span> 7,50 Kg\t\t\t\t\t<\/li>\n<\/ul>\n<\/li>\n<li class=\"product-features__item\" role=\"listitem\">\n<h3 class=\"product-features__label\">Equipement<\/h3>\n<ul role=\"list\">\n<li class=\"product-features__item-list__item\" role=\"listitem\"><span class=\"is--medium\">D\u00e9tergent :<\/span> Oui\t\t\t\t\t<\/li>\n<li class=\"product-features__item-list__item\" role=\"listitem\"><span class=\"is--medium\">Le saviez vous? :<\/span> Il est pr\u00e9f\u00e9rable d&rsquo;utiliser le d\u00e9tergent de la marque pour optimiser l&rsquo;efficacit\u00e9 de l&rsquo;appareil\t\t\t\t\t<\/li>\n<li class=\"product-features__item-list__item\" role=\"listitem\"><span class=\"is--medium\">Rangement int\u00e9gr\u00e9 :<\/span> oui, permet de ranger les accessoires sur le produit pour un gain de place\t\t\t\t\t<\/li>\n<\/ul>\n<\/li>\n<li class=\"product-features__item\" role=\"listitem\">\n<h3 class=\"product-features__label\">Dimensions<\/h3>\n<ul role=\"list\">\n<li class=\"product-features__item-list__item\" role=\"listitem\"><span class=\"is--medium\">Dimensions l x h x p :<\/span> 32 x 46.6 x 42.4 cm\t\t\t\t\t<\/li>\n<li class=\"product-features__item-list__item\" role=\"listitem\"><span class=\"is--medium\">Poids :<\/span> 7,50 Kg\t\t\t\t\t<\/li>\n<\/ul>\n<\/li>\n<li class=\"product-features__item\" role=\"listitem\">\n<h3 class=\"product-features__label\">Informations et Services<\/h3>\n<ul role=\"list\">\n<li class=\"product-features__item-list__item\" role=\"listitem\"><span class=\"is--medium\">Fabriqu\u00e9 en :<\/span> Roumanie\t\t\t\t\t<\/li>\n<li class=\"product-features__item-list__item\" role=\"listitem\"><span class=\"is--medium\">Disponibilit\u00e9 des pi\u00e8ces d\u00e9tach\u00e9es (donn\u00e9es fournisseur) :<\/span> Pendant 7 ans, \u00e0 compter de la date d&rsquo;achat\t\t\t\t\t<\/li>\n<li class=\"product-features__item-list__item\" role=\"listitem\"><span class=\"is--medium\">R\u00e9f\u00e9rence constructeur :<\/span> SE 6 Signature Line\t\t\t\t\t<\/li>\n<li class=\"product-features__item-list__item\" role=\"listitem\"><span class=\"is--medium\">Marque :<\/span> KARCHER\t\t\t\t\t<\/li>\n<\/ul>\n<\/li>\n<li class=\"product-features__item\" role=\"listitem\">\n<h3 class=\"product-features__label\">Facette type de sols \u00e0 nettoyer<\/h3>\n<ul role=\"list\">\n<li class=\"product-features__item-list__item\" role=\"listitem\"><span class=\"is--medium\">Tapis :<\/span> Oui\t\t\t\t\t<\/li>\n<li class=\"product-features__item-list__item\" role=\"listitem\"><span class=\"is--medium\">Moquette :<\/span> Oui\t\t\t\t\t<\/li>\n<li class=\"product-features__item-list__item\" role=\"listitem\"><span class=\"is--medium\">Int\u00e9rieur de voiture :<\/span> Oui\t\t\t\t\t<\/li>\n<li class=\"product-features__item-list__item\" role=\"listitem\"><span class=\"is--medium\">Tissus et ameublement :<\/span> Oui\t\t\t\t\t<\/li>\n<li class=\"product-features__item-list__item\" role=\"listitem\"><span class=\"is--medium\">Type de sols \u00e0 nettoyer :<\/span> Tapis, Moquette, Int\u00e9rieur de voiture, Tissus et ameublement\t\t\t\t\t<\/li>\n<\/ul>\n<\/li>\n<\/ul>\n<\/div>\n<div class=\"product__disclosure-content\">\n<div class=\"js-read-more product-description__content read-more read-more--truncated\" data-read-more-name=\"description\" style=\"max-height: 500px; overflow: hidden;\">\n<div class=\"product__description-content read-more\" style=\"\">\n<p>Shampouineuse KARCHER SE 6 Signature Line : L&rsquo;expertise du nettoyage textile \u00e0 domicile<\/p>\n<h3> <img fetchpriority=\"high\" decoding=\"async\" ,=\"\" alt=\"Shampouineuse KARCHER SE 6 Signature Line\" class=\"wy_tableau_gauche\" height=\"270\" src=\"https:\/\/boulanger.scene7.com\/is\/image\/Boulanger\/4066529034564_h_f_l_0?wid=400&amp;hei=270\" width=\"400\"\/>Une technologie de nettoyage avanc\u00e9e pour un int\u00e9rieur impeccable                    <\/h3>\n<p>                        La Shampouineuse KARCHER SE 6 Signature Line se distingue par sa capacit\u00e9 \u00e0 nettoyer en profondeur toutes les surfaces textiles de votre int\u00e9rieur. Gr\u00e2ce \u00e0 sa technologie d&rsquo;injection-extraction reconnue, elle garantit des r\u00e9sultats optimaux jusqu&rsquo;aux fibres, laissant canap\u00e9s, tapis, matelas et si\u00e8ges de voiture impeccables. Son syst\u00e8me \u00e0 deux r\u00e9servoirs, l&rsquo;un pour l&rsquo;eau propre et l&rsquo;autre pour l&rsquo;eau sale, simplifie l&rsquo;utilisation et assure un nettoyage hygi\u00e9nique. Avec une puissance absorb\u00e9e de 1000 W et une largeur de travail de 227 mm, ce d\u00e9tacheur multifonction 3-en-1 est un indispensable pour maintenir la propret\u00e9 et prolonger la dur\u00e9e de vie de vos textiles.                    <\/p>\n<\/p>\n<h3> <img decoding=\"async\" ,=\"\" alt=\"Shampouineuse KARCHER SE 6 Signature Line\" class=\"wy_tableau_right\" height=\"270\" src=\"https:\/\/boulanger.scene7.com\/is\/image\/Boulanger\/4066529034564_h_f_l_1?wid=400&amp;hei=270\" width=\"400\"\/>Confort d&rsquo;utilisation et accessoires ergonomiques                    <\/h3>\n<p>                        La gamme Signature Line de KARCHER, repr\u00e9sent\u00e9e par la signature d&rsquo;Alfred K\u00e4rcher, offre des avantages exclusifs tels que l&rsquo;assistance via l&rsquo;application et une extension de garantie, soulignant la qualit\u00e9 sup\u00e9rieure de cet appareil. La poign\u00e9e d&rsquo;appoint exclusive et les accessoires ergonomiques, comme la buse de lavage pour meubles et la buse de fentes, facilitent le nettoyage des zones difficiles d&rsquo;acc\u00e8s. Le confort d&rsquo;utilisation est renforc\u00e9 par le rangement pratique des accessoires et du flexible, ainsi que par le syst\u00e8me de confort 2 en 1 avec tuyau d&rsquo;aspiration int\u00e9gr\u00e9. Avec un poids de seulement 7,5 kg et un c\u00e2ble d&rsquo;alimentation de 6 m, la Shampouineuse KARCHER SE 6 Signature Line allie performance et praticit\u00e9 pour une maison plus saine et accueillante.                    <\/p>\n<\/p><\/div>\n<\/p>\n<\/div>\n<p><bl-button a11yexpanded=\"false\" arialabel=\"Afficher toute la description\" class=\"read-more__btn\" full=\"false\" link=\"true\">Voir plus<\/bl-button><\/div>","protected":false},"excerpt":{"rendered":"<div class=\"keypoints\">\n<h3 class=\"keypoints__title\">Les points cl\u00e9s<\/h3>\n<ul role=\"list\">\n<li class=\"keypoints__item\" role=\"listitem\">                                        d\u00e9tache, nettoie et aspire                      <\/li>\n<li class=\"keypoints__item\" role=\"listitem\">                                        Tissus d&rsquo;ameublement (ex: rideaux), Canap\u00e9s en tissu, Moquettes, Int\u00e9rieur de voiture, Tapis, Tissus                      <\/li>\n<li class=\"keypoints__item\" role=\"listitem\">                          Rayon d&rsquo;action : 8 m\u00e8tres &#8211;                                                      Poids : 7,50 Kg                      <\/li>\n<li class=\"keypoints__item\" role=\"listitem\">                          R\u00e9servoir eau propre : 4,00 L &#8211;                                                      R\u00e9servoir eau sale : 4,00 L                      <\/li>\n<li class=\"keypoints__item keypoints__item--advantage\" role=\"listitem\"><strong>Le + :<\/strong> sa poign\u00e9e d&rsquo;appoint ergonomique \u00e0 fixer sur les tubes pour un meilleur guidage lors du nettoyage      <\/li>\n<\/ul>","protected":false},"featured_media":77251,"template":"","meta":{"_glsr_average":0,"_glsr_ranking":0,"_glsr_reviews":0},"product_cat":[341],"product_tag":[153,331,342],"class_list":{"0":"post-77252","1":"product","2":"type-product","3":"status-publish","4":"has-post-thumbnail","6":"product_cat-shampouineuse-detacheur","7":"product_tag-maison-entretien","8":"product_tag-nettoyeur","9":"product_tag-shampouineuse-detacheur","11":"first","12":"instock","13":"sale","14":"shipping-taxable","15":"purchasable","16":"product-type-simple"},"_links":{"self":[{"href":"https:\/\/electromenagerexpress.com\/en\/wp-json\/wp\/v2\/product\/77252","targetHints":{"allow":["GET"]}}],"collection":[{"href":"https:\/\/electromenagerexpress.com\/en\/wp-json\/wp\/v2\/product"}],"about":[{"href":"https:\/\/electromenagerexpress.com\/en\/wp-json\/wp\/v2\/types\/product"}],"wp:featuredmedia":[{"embeddable":true,"href":"https:\/\/electromenagerexpress.com\/en\/wp-json\/wp\/v2\/media\/77251"}],"wp:attachment":[{"href":"https:\/\/electromenagerexpress.com\/en\/wp-json\/wp\/v2\/media?parent=77252"}],"wp:term":[{"taxonomy":"product_cat","embeddable":true,"href":"https:\/\/electromenagerexpress.com\/en\/wp-json\/wp\/v2\/product_cat?post=77252"},{"taxonomy":"product_tag","embeddable":true,"href":"https:\/\/electromenagerexpress.com\/en\/wp-json\/wp\/v2\/product_tag?post=77252"}],"curies":[{"name":"wp","href":"https:\/\/api.w.org\/{rel}","templated":true}]}}