{"id":77228,"date":"2024-11-24T13:56:05","date_gmt":"2024-11-24T13:56:05","guid":{"rendered":"https:\/\/electromenagerexpress.com\/product\/nettoyeur-vapeurkarchersc-3-deluxe-easyfix-white\/"},"modified":"2024-11-24T19:53:09","modified_gmt":"2024-11-24T19:53:09","slug":"nettoyeur-vapeurkarchersc-3-deluxe-easyfix-white","status":"publish","type":"product","link":"https:\/\/electromenagerexpress.com\/en\/product\/nettoyeur-vapeurkarchersc-3-deluxe-easyfix-white\/","title":{"rendered":"Nettoyeur vapeur KARCHER\tSC 3 Deluxe Easyfix white"},"content":{"rendered":"<div class=\"product-features__content\">\n<ul role=\"list\">\n<li class=\"product-features__item\" role=\"listitem\">\n<h3 class=\"product-features__label\">Choisir ce produit pour quels usages?<\/h3>\n<ul role=\"list\">\n<li class=\"product-features__item-list__item\" role=\"listitem\"><span class=\"is--medium\">Type de produit :<\/span> Nettoyeur vapeur tra\u00eeneau, permet de laver et de d\u00e9sinfecter vos sols et autres surfaces avec plus de puissance qu&rsquo;avec un balai vapeur<\/li>\n<li class=\"product-features__item-list__item\" role=\"listitem\"><span class=\"is--medium\">Fonction :<\/span> Pour laver \u00e0 la vapeur<\/li>\n<li class=\"product-features__item-list__item\" role=\"listitem\"><span class=\"is--medium\">Id\u00e9al pour nettoyer :<\/span> Sols, sanitaire, cuisine, tissus et vitres<\/li>\n<\/ul>\n<\/li>\n<li class=\"product-features__item\" role=\"listitem\">\n<h3 class=\"product-features__label\">Performances<\/h3>\n<ul role=\"list\">\n<li class=\"product-features__item-list__item\" role=\"listitem\"><span class=\"is--medium\">Puissance :<\/span> 1.900,0 W<\/li>\n<li class=\"product-features__item-list__item\" role=\"listitem\"><span class=\"is--medium\">Utilisation :<\/span> avec fil<\/li>\n<li class=\"product-features__item-list__item\" role=\"listitem\"><span class=\"is--medium\">D\u00e9bit de vapeur :<\/span> 100 g\/min<\/li>\n<li class=\"product-features__item-list__item\" role=\"listitem\"><span class=\"is--medium\">Pression max :<\/span> 3,5 bars<\/li>\n<li class=\"product-features__item-list__item\" role=\"listitem\"><span class=\"is--medium\">R\u00e9glage vapeur :<\/span> Oui<\/li>\n<li class=\"product-features__item-list__item\" role=\"listitem\"><span class=\"is--medium\">Capacit\u00e9 du r\u00e9servoir :<\/span> 1,00 L<\/li>\n<li class=\"product-features__item-list__item\" role=\"listitem\"><span class=\"is--medium\">Temps de chauffe :<\/span> 30 s<\/li>\n<\/ul>\n<\/li>\n<li class=\"product-features__item\" role=\"listitem\">\n<h3 class=\"product-features__label\">Confort d&rsquo;utilisation<\/h3>\n<ul role=\"list\">\n<li class=\"product-features__item-list__item\" role=\"listitem\"><span class=\"is--medium\">Indicateur de vapeur pr\u00eate :<\/span> Oui<\/li>\n<li class=\"product-features__item-list__item\" role=\"listitem\"><span class=\"is--medium\">Signal manque d&rsquo;eau :<\/span> Oui<\/li>\n<li class=\"product-features__item-list__item\" role=\"listitem\"><span class=\"is--medium\">Position parking :<\/span> oui, toujours \u00e0 port\u00e9e de main et pour un rangement facile<\/li>\n<li class=\"product-features__item-list__item\" role=\"listitem\"><span class=\"is--medium\">Commande \u00e0 la poign\u00e9e :<\/span> Non<\/li>\n<li class=\"product-features__item-list__item\" role=\"listitem\"><span class=\"is--medium\">Rayon d&rsquo;action :<\/span> 5 m<\/li>\n<li class=\"product-features__item-list__item\" role=\"listitem\"><span class=\"is--medium\">T\u00eate pivotante :<\/span> Oui<\/li>\n<li class=\"product-features__item-list__item\" role=\"listitem\"><span class=\"is--medium\">Longueur du cordon :<\/span> 4,00 m<\/li>\n<\/ul>\n<\/li>\n<li class=\"product-features__item\" role=\"listitem\">\n<h3 class=\"product-features__label\">Entretien<\/h3>\n<ul role=\"list\">\n<li class=\"product-features__item-list__item\" role=\"listitem\"><span class=\"is--medium\">Filtre \u00e0 eau :<\/span> Non<\/li>\n<li class=\"product-features__item-list__item\" role=\"listitem\"><span class=\"is--medium\">Syst\u00e8me anti-calcaire :<\/span> Oui<\/li>\n<\/ul>\n<\/li>\n<li class=\"product-features__item\" role=\"listitem\">\n<h3 class=\"product-features__label\">Equipement<\/h3>\n<ul role=\"list\">\n<li class=\"product-features__item-list__item\" role=\"listitem\"><span class=\"is--medium\">Tube :<\/span> 2 tubes emboitables<\/li>\n<li class=\"product-features__item-list__item\" role=\"listitem\"><span class=\"is--medium\">Bonnettes :<\/span> Oui<\/li>\n<li class=\"product-features__item-list__item\" role=\"listitem\"><span class=\"is--medium\">T\u00eate rectangulaire :<\/span> oui, pour une grande surface de nettoyage<\/li>\n<li class=\"product-features__item-list__item\" role=\"listitem\"><span class=\"is--medium\">Buse \u00e0 main :<\/span> oui, id\u00e9ale pour la cuisine et la salle de bain<\/li>\n<li class=\"product-features__item-list__item\" role=\"listitem\"><span class=\"is--medium\">Petite brosse ronde :<\/span> oui, id\u00e9ale pour enlever les t\u00e2ches incrust\u00e9es et la graisse sur les surfaces d\u00e9licates<\/li>\n<li class=\"product-features__item-list__item\" role=\"listitem\"><span class=\"is--medium\">Brosse \u00e0 joints :<\/span> Oui<\/li>\n<li class=\"product-features__item-list__item\" role=\"listitem\"><span class=\"is--medium\">Cartouche anticalcaire :<\/span> Oui<\/li>\n<li class=\"product-features__item-list__item\" role=\"listitem\"><span class=\"is--medium\">Lingette microfibre :<\/span> Oui<\/li>\n<li class=\"product-features__item-list__item\" role=\"listitem\"><span class=\"is--medium\">Filtre anticalcaire :<\/span> oui, l&rsquo;eau filtr\u00e9e avant qu&rsquo;elle ne soit chauff\u00e9e permettant de r\u00e9duire l&rsquo;entartrage de votre appareil<\/li>\n<\/ul>\n<\/li>\n<li class=\"product-features__item\" role=\"listitem\">\n<h3 class=\"product-features__label\">Dimensions<\/h3>\n<ul role=\"list\">\n<li class=\"product-features__item-list__item\" role=\"listitem\"><span class=\"is--medium\">Dimensions l x h x p :<\/span> 29.3 x 30.4 x 49 cm<\/li>\n<li class=\"product-features__item-list__item\" role=\"listitem\"><span class=\"is--medium\">Poids net :<\/span> 3,3 kg<\/li>\n<\/ul>\n<\/li>\n<li class=\"product-features__item\" role=\"listitem\">\n<h3 class=\"product-features__label\">Informations et Services<\/h3>\n<ul role=\"list\">\n<li class=\"product-features__item-list__item\" role=\"listitem\"><span class=\"is--medium\">Garantie :<\/span> 2 ans<\/li>\n<li class=\"product-features__item-list__item\" role=\"listitem\"><span class=\"is--medium\">R\u00e9f\u00e9rence constructeur :<\/span> SC 3 Deluxe Easyfix white<\/li>\n<li class=\"product-features__item-list__item\" role=\"listitem\"><span class=\"is--medium\">Marque :<\/span> KARCHER<\/li>\n<li class=\"product-features__item-list__item\" role=\"listitem\"><span class=\"is--medium\">Disponibilit\u00e9 des pi\u00e8ces d\u00e9tach\u00e9es (donn\u00e9es fournisseur) :<\/span> Pendant 6 ans, \u00e0 compter de la date d&rsquo;achat<\/li>\n<li class=\"product-features__item-list__item\" role=\"listitem\"><span class=\"is--medium\">Fabriqu\u00e9 en :<\/span> Chine<\/li>\n<\/ul>\n<\/li>\n<\/ul>\n<\/div>\n<div class=\"product__disclosure-content\">\n<div class=\"js-read-more product-description__content read-more read-more--truncated\" style=\"max-height: 500px; overflow: hidden;\" data-read-more-name=\"description\">\n<p>Nettoyeur vapeur KARCHER SC 3 Deluxe EasyFix white : efficacit\u00e9 et rapidit\u00e9 \u00e0 port\u00e9e de main<\/p>\n<h3>Pr\u00eat en un clin d&rsquo;oeil : performance et praticit\u00e9<\/h3>\n<p>Le nettoyeur vapeur KARCHER SC 3 Deluxe EasyFix white se distingue par son incroyable rapidit\u00e9 de chauffe, atteignant sa temp\u00e9rature optimale en seulement 30 secondes. Cette prouesse technique permet une utilisation quasi imm\u00e9diate, id\u00e9ale pour les t\u00e2ches m\u00e9nag\u00e8res impr\u00e9vues ou les sessions de nettoyage express. De plus, son syst\u00e8me de rangement int\u00e9gr\u00e9 pour les accessoires assure une organisation exemplaire et un gain de place consid\u00e9rable. Les utilisateurs appr\u00e9cieront la facilit\u00e9 avec laquelle ils peuvent ranger et retrouver les diff\u00e9rents composants, tels que les tubes rallonges et le flexible vapeur, directement sur l&rsquo;appareil.<\/p>\n<h3>Accessoires et fonctionnalit\u00e9s avanc\u00e9es pour un nettoyage en profondeur<\/h3>\n<p>Le KARCHER SC 3 Deluxe EasyFix white est \u00e9quip\u00e9 d&rsquo;une panoplie d&rsquo;accessoires standards et optionnels, con\u00e7us pour r\u00e9pondre \u00e0 tous les besoins de nettoyage. Parmi ceux-ci, la buse de sol EasyFix avec sa lingette universelle et le suceur \u00e0 main sont particuli\u00e8rement efficaces pour \u00e9liminer jusqu&rsquo;\u00e0 99,999 % des virus et 99,99 % des bact\u00e9ries sur les surfaces dures. La pr\u00e9sence d&rsquo;une cartouche de d\u00e9tartrage int\u00e9gr\u00e9e prolonge la dur\u00e9e de vie de l&rsquo;appareil et garantit une vapeur de qualit\u00e9 constante. Avec une pression vapeur maximale de 3,5 bars et une capacit\u00e9 de r\u00e9servoir de 1 litre, ce nettoyeur vapeur est un alli\u00e9 de taille pour un int\u00e9rieur sain et impeccable.<\/p>\n<\/div>\n<\/div>\n<div class=\"product__disclosure-content\">\n<p>&nbsp;<\/p>\n<\/div>\n<p>&nbsp;<\/p>","protected":false},"excerpt":{"rendered":"<div class=\"keypoints\">\n<h3 class=\"keypoints__title\">Les points cl\u00e9s<\/h3>\n<ul role=\"list\">\n<li class=\"keypoints__item\" role=\"listitem\">Pour laver \u00e0 la vapeur<\/li>\n<li class=\"keypoints__item\" role=\"listitem\">D\u00e9bit de vapeur : 100 g\/min<\/li>\n<li class=\"keypoints__item\" role=\"listitem\">Pression max : 3,5 bars<\/li>\n<li class=\"keypoints__item\" role=\"listitem\">Temps de chauffe : 30 s<\/li>\n<li class=\"keypoints__item keypoints__item--advantage\" role=\"listitem\"><strong>Le + :<\/strong> SC3 Easy Fix avec en plus un rangement pratique des accessoires<\/li>\n<\/ul>\n<\/div>","protected":false},"featured_media":77227,"template":"","meta":{"_glsr_average":0,"_glsr_ranking":0,"_glsr_reviews":0},"product_cat":[343],"product_tag":[153,331,344],"class_list":{"0":"post-77228","1":"product","2":"type-product","3":"status-publish","4":"has-post-thumbnail","6":"product_cat-nettoyeur-vapeur","7":"product_tag-maison-entretien","8":"product_tag-nettoyeur","9":"product_tag-nettoyeur-vapeur","11":"first","12":"instock","13":"sale","14":"shipping-taxable","15":"purchasable","16":"product-type-simple"},"_links":{"self":[{"href":"https:\/\/electromenagerexpress.com\/en\/wp-json\/wp\/v2\/product\/77228","targetHints":{"allow":["GET"]}}],"collection":[{"href":"https:\/\/electromenagerexpress.com\/en\/wp-json\/wp\/v2\/product"}],"about":[{"href":"https:\/\/electromenagerexpress.com\/en\/wp-json\/wp\/v2\/types\/product"}],"wp:featuredmedia":[{"embeddable":true,"href":"https:\/\/electromenagerexpress.com\/en\/wp-json\/wp\/v2\/media\/77227"}],"wp:attachment":[{"href":"https:\/\/electromenagerexpress.com\/en\/wp-json\/wp\/v2\/media?parent=77228"}],"wp:term":[{"taxonomy":"product_cat","embeddable":true,"href":"https:\/\/electromenagerexpress.com\/en\/wp-json\/wp\/v2\/product_cat?post=77228"},{"taxonomy":"product_tag","embeddable":true,"href":"https:\/\/electromenagerexpress.com\/en\/wp-json\/wp\/v2\/product_tag?post=77228"}],"curies":[{"name":"wp","href":"https:\/\/api.w.org\/{rel}","templated":true}]}}