{"id":77217,"date":"2024-11-24T13:55:55","date_gmt":"2024-11-24T13:55:55","guid":{"rendered":"https:\/\/electromenagerexpress.com\/product\/desinfecteur-vapeurpoltisani-system-business\/"},"modified":"2024-11-24T19:50:56","modified_gmt":"2024-11-24T19:50:56","slug":"desinfecteur-vapeurpoltisani-system-business","status":"publish","type":"product","link":"https:\/\/electromenagerexpress.com\/en\/product\/desinfecteur-vapeurpoltisani-system-business\/","title":{"rendered":"D\u00e9sinfecteur vapeur POLTI\tSani System Business"},"content":{"rendered":"<div class=\"product-features__content\">\n<ul role=\"list\">\n<li class=\"product-features__item\" role=\"listitem\">\n<h3 class=\"product-features__label\">Choisir ce produit pour quels usages?<\/h3>\n<ul role=\"list\">\n<li class=\"product-features__item-list__item\" role=\"listitem\"><span class=\"is--medium\">Le saviez-vous ? :<\/span> Elimine les germes et les bact\u00e9ries pour assainir l&rsquo;int\u00e9rieur de l&rsquo;habitation, gr\u00e2ce \u00e0 la vapeur. Sans produit chimique pour un nettoyage sain et hygi\u00e9nique<\/li>\n<li class=\"product-features__item-list__item\" role=\"listitem\"><span class=\"is--medium\">Type de produit :<\/span> D\u00e9sinfecteur vapeur, permet de r\u00e9duire jusqu&rsquo;\u00e0 99,999% des bact\u00e9ries, virus et champignons et 100% des punaises de lit, acariens et poux<\/li>\n<li class=\"product-features__item-list__item\" role=\"listitem\"><span class=\"is--medium\">Fonction :<\/span> Pour d\u00e9sinfecter \u00e0 la vapeur<\/li>\n<li class=\"product-features__item-list__item\" role=\"listitem\"><span class=\"is--medium\">Id\u00e9al pour nettoyer :<\/span> Sols, sanitaire, cuisine, tissus<\/li>\n<li class=\"product-features__item-list__item\" role=\"listitem\"><span class=\"is--medium\">D\u00e9sinfecter et \u00e9liminer les punaises de lit :<\/span> oui, ce nettoyeur vapeur est efficace contre 100% des punaises de lit et acariens gr\u00e2ce \u00e0 la temp\u00e9rature tr\u00e8s \u00e9lev\u00e9e de sa vapeur<\/li>\n<\/ul>\n<\/li>\n<li class=\"product-features__item\" role=\"listitem\">\n<h3 class=\"product-features__label\">Performances<\/h3>\n<ul role=\"list\">\n<li class=\"product-features__item-list__item\" role=\"listitem\"><span class=\"is--medium\">Puissance :<\/span> 2.250,0 W<\/li>\n<li class=\"product-features__item-list__item\" role=\"listitem\"><span class=\"is--medium\">Utilisation :<\/span> avec fil<\/li>\n<li class=\"product-features__item-list__item\" role=\"listitem\"><span class=\"is--medium\">D\u00e9bit de vapeur :<\/span> 180 g\/min<\/li>\n<li class=\"product-features__item-list__item\" role=\"listitem\"><span class=\"is--medium\">Pression max :<\/span> 4,0 bars<\/li>\n<li class=\"product-features__item-list__item\" role=\"listitem\"><span class=\"is--medium\">R\u00e9glage vapeur :<\/span> Oui<\/li>\n<li class=\"product-features__item-list__item\" role=\"listitem\"><span class=\"is--medium\">Capacit\u00e9 du r\u00e9servoir :<\/span> 2,00 L<\/li>\n<li class=\"product-features__item-list__item\" role=\"listitem\"><span class=\"is--medium\">Temps de chauffe :<\/span> 360 s<\/li>\n<\/ul>\n<\/li>\n<li class=\"product-features__item\" role=\"listitem\">\n<h3 class=\"product-features__label\">Confort d&rsquo;utilisation<\/h3>\n<ul role=\"list\">\n<li class=\"product-features__item-list__item\" role=\"listitem\"><span class=\"is--medium\">Indicateur de vapeur pr\u00eate :<\/span> Oui<\/li>\n<li class=\"product-features__item-list__item\" role=\"listitem\"><span class=\"is--medium\">Signal manque d&rsquo;eau :<\/span> Oui<\/li>\n<li class=\"product-features__item-list__item\" role=\"listitem\"><span class=\"is--medium\">Position parking :<\/span> oui, toujours \u00e0 port\u00e9e de main et pour un rangement facile<\/li>\n<li class=\"product-features__item-list__item\" role=\"listitem\"><span class=\"is--medium\">Commande \u00e0 la poign\u00e9e :<\/span> Oui<\/li>\n<li class=\"product-features__item-list__item\" role=\"listitem\"><span class=\"is--medium\">Rayon d&rsquo;action :<\/span> 8 m<\/li>\n<li class=\"product-features__item-list__item\" role=\"listitem\"><span class=\"is--medium\">Longueur du cordon :<\/span> 6,00 m<\/li>\n<\/ul>\n<\/li>\n<li class=\"product-features__item\" role=\"listitem\">\n<h3 class=\"product-features__label\">Entretien<\/h3>\n<ul role=\"list\">\n<li class=\"product-features__item-list__item\" role=\"listitem\"><span class=\"is--medium\">Syst\u00e8me anti-calcaire :<\/span> Oui<\/li>\n<\/ul>\n<\/li>\n<li class=\"product-features__item\" role=\"listitem\">\n<h3 class=\"product-features__label\">Equipement<\/h3>\n<ul role=\"list\">\n<li class=\"product-features__item-list__item\" role=\"listitem\"><span class=\"is--medium\">Petite brosse ronde :<\/span> oui, id\u00e9ale pour enlever les t\u00e2ches incrust\u00e9es et la graisse sur les surfaces d\u00e9licates<\/li>\n<\/ul>\n<\/li>\n<li class=\"product-features__item\" role=\"listitem\">\n<h3 class=\"product-features__label\">Dimensions<\/h3>\n<ul role=\"list\">\n<li class=\"product-features__item-list__item\" role=\"listitem\"><span class=\"is--medium\">Dimensions l x h x p :<\/span> 32 x 34 x 30 cm<\/li>\n<li class=\"product-features__item-list__item\" role=\"listitem\"><span class=\"is--medium\">Poids net :<\/span> 4,9 kg<\/li>\n<\/ul>\n<\/li>\n<li class=\"product-features__item\" role=\"listitem\">\n<h3 class=\"product-features__label\">Informations et Services<\/h3>\n<ul role=\"list\">\n<li class=\"product-features__item-list__item\" role=\"listitem\"><span class=\"is--medium\">Garantie :<\/span> 2 ans<\/li>\n<li class=\"product-features__item-list__item\" role=\"listitem\"><span class=\"is--medium\">R\u00e9f\u00e9rence constructeur :<\/span> Sani System Business<\/li>\n<li class=\"product-features__item-list__item\" role=\"listitem\"><span class=\"is--medium\">Marque :<\/span> POLTI<\/li>\n<li class=\"product-features__item-list__item\" role=\"listitem\"><span class=\"is--medium\">Disponibilit\u00e9 des pi\u00e8ces d\u00e9tach\u00e9es (donn\u00e9es fournisseur) :<\/span> Pendant 5 ans, \u00e0 compter de la date d&rsquo;achat<\/li>\n<li class=\"product-features__item-list__item\" role=\"listitem\"><span class=\"is--medium\">Fabriqu\u00e9 en :<\/span> Italie<\/li>\n<\/ul>\n<\/li>\n<\/ul>\n<\/div>\n<div class=\"product__disclosure-content\">\n<div class=\"js-read-more product-description__content read-more read-more--truncated\" style=\"max-height: 500px; overflow: hidden;\" data-read-more-name=\"description\">\n<div class=\"description\">\n<h3 style=\"text-align: center !important;\">D\u00e9sinfection \u00e0 la vapeur &#8211; Polti Sani System Business<\/h3>\n<p>A l&rsquo;aide d&rsquo;un nuage de vapeur, il d\u00e9sinfecte en seulement quelques secondes toutes vos surfaces et m\u00eame les tissus ! Avec son action sans contact, il vous prot\u00e8ge de tous les risques infectieux et vous permettra d&rsquo;atteindre les coins les moins accessibles.<\/p>\n<h3>Le d\u00e9sinfecteur qui tue 99,999%* des germes, virus, champignons, spores et bact\u00e9ries.<\/h3>\n<p>Polti Sani System Business est un appareil de d\u00e9sinfection \u00e0 la vapeur, totalement naturel et \u00e9cologique. Dot\u00e9 d&rsquo;une technologie brevet\u00e9e \u00a0\u00bb SuperHeated Chamber \u00a0\u00bb (chambre de surchauffe), cet appareil de d\u00e9sinfection \u00e0 la vapeur est id\u00e9al pour d\u00e9sinfecter les petits environnements. Sa vapeur s\u00e8che satur\u00e9e et surchauff\u00e9e jusqu&rsquo;\u00e0 180\u00b0 degr\u00e9s \u00e0 l&rsquo;int\u00e9rieur du distributeur, permet de tuer jusqu&rsquo;\u00e0 99,999% * des virus, champignons, bact\u00e9ries, germes et spores. La vapeur de Polti Sani System a \u00e9t\u00e9 test\u00e9e et a fait l&rsquo;objet d&rsquo;\u00e9tudes en laboratoires, en Italie et \u00e0 l&rsquo;\u00e9tranger, ce qui permet de prouver son efficacit\u00e9.<\/p>\n<h3>La vapeur pour une d\u00e9sinfection naturelle et \u00e9cologique<\/h3>\n<\/div>\n<p>&nbsp;<\/p>\n<div class=\"description\">\n<p>La vapeur, \u00e9l\u00e9ment essentiel chez Polti, permet de d\u00e9sinfecter les surfaces naturellement, sans produits chimiques. Ajoutez seulement de l&rsquo;eau du robinet dans son r\u00e9servoir de 2 L pour d\u00e9sinfecter toutes vos surfaces. De ce fait, gr\u00e2ce \u00e0 l&rsquo;utilisation de l&rsquo;eau qui est un \u00e9l\u00e9ment naturel et \u00e9cologique, l&rsquo;appareil peut \u00eatre utilis\u00e9 en pr\u00e9sence de personnes ou d&rsquo;animaux. Ce qui n&rsquo;est pas possible lorsqu&rsquo;une d\u00e9sinfection est r\u00e9alis\u00e9e avec produits chimiques, car ils sont tr\u00e8s souvent toxiques<\/p>\n<hr \/>\n<h3>Id\u00e9ale pour une utilisation professionnelle <img fetchpriority=\"high\" decoding=\"async\" class=\"wy_tableau_gauche\" style=\"margin-top: 0px !important;\" src=\"https:\/\/boulanger.scene7.com\/is\/image\/Boulanger\/8007411012778_h_f_l_2?wid=476&amp;hei=270\" alt=\"D\u00e9froisseur Laurastar\" width=\"300\" height=\"216\" \/><\/h3>\n<p>Vous \u00eates un professionnel ? Ce d\u00e9sinfecteur \u00e0 la vapeur votre aidera \u00e0 \u00e9liminer toutes les bact\u00e9ries et virus dans vos environnements professionnels partag\u00e9s tels que les cabines, les studios, les bureaux&#8230;<br \/>\nDans quel secteur professionnel peut-on utiliser le Polti Sani System Business ? Ce d\u00e9sinfecteur \u00e0 la vapeur est con\u00e7u pour \u00eatre utilis\u00e9 dans les salons de beaut\u00e9, les voitures, les cliniques, les bureaux, les cr\u00e8ches et \u00e9coles, les salles de jeux, les salles de cin\u00e9mas, les cabinets m\u00e9dicaux, les campings, les h\u00f4tels, les magasins (v\u00eatements, joaillerie, sport, parfumerie&#8230;), les restaurants, les pharmacies, etc. De tr\u00e8s nombreuses applications dans pratiquement tous les secteurs d&rsquo;activit\u00e9 sont possibles. Ainsi, vous pouvez l&rsquo;utilisez pour d\u00e9sinfecter tout type de surfaces, plusieurs fois par jour, rapidement, sans devoir faire \u00e9vacuer les locaux !<\/p>\n<h3>Une utilisation, simple, rapide et sans contact<\/h3>\n<p>Comment utiliser le Polti Sani System Business ?<br \/>\nUne fois l&rsquo;appareil allum\u00e9 et la vapeur pr\u00eate, celui-ci sera pr\u00eat \u00e0 l&rsquo;utilisation. Appuyez sur le bouton vapeur du pistolet, la vapeur sortira sous forme de nuage et enveloppera les surfaces \u00e0 d\u00e9sinfecter. Polti Sani System Business est aussi capable de d\u00e9sinfecter les tissus, les moquettes, et tous les endroits \u00e0 g\u00e9om\u00e9trie complexe. Gr\u00e2ce \u00e0 la vapeur s\u00e8che, les surfaces s\u00e8cheront tr\u00e8s rapidement. La distribution de la vapeur s&rsquo;effectue sans contact ce qui permet d&rsquo;\u00e9viter les contaminations crois\u00e9es, car l&rsquo;appareil n&rsquo;est jamais en contact direct avec les zones infect\u00e9es. Le d\u00e9tergent HPMed inclus avec l&rsquo;appareil, a une fonction compl\u00e9mentaire \u00e0 celui de la d\u00e9sinfection. Ce d\u00e9tergent, respectueux de l&rsquo;environnement, agit comme un adjuvant tr\u00e8s efficace contre les mauvaises odeurs.<\/p>\n<p>*Des tests et\/ou des \u00e9tudes de laboratoires tiers ind\u00e9pendants attestent que Polti Sani System tue jusqu&rsquo;\u00e0 99,999% des virus, germes, bact\u00e9ries, champignons et spores.<\/p>\n<\/div>\n<\/div>\n<\/div>","protected":false},"excerpt":{"rendered":"<div class=\"keypoints\">\n<h3 class=\"keypoints__title\">Les points cl\u00e9s<\/h3>\n<ul role=\"list\">\n<li class=\"keypoints__item\" role=\"listitem\">Pour d\u00e9sinfecter \u00e0 la vapeur<\/li>\n<li class=\"keypoints__item\" role=\"listitem\">D\u00e9bit de vapeur : 180 g\/min<\/li>\n<li class=\"keypoints__item\" role=\"listitem\">Pression max : 4,0 bars<\/li>\n<li class=\"keypoints__item\" role=\"listitem\">Temps de chauffe : 360 s<\/li>\n<li class=\"keypoints__item keypoints__item--advantage\" role=\"listitem\"><strong>Le + :<\/strong> la vapeur s\u00e8che surchauff\u00e9e jusqu&rsquo;\u00e0 180\u00b0C pour \u00e9liminer jusqu&rsquo;\u00e0 99,999%* des virus et bact\u00e9ries<\/li>\n<\/ul>\n<\/div>","protected":false},"featured_media":77216,"template":"","meta":{"_glsr_average":0,"_glsr_ranking":0,"_glsr_reviews":0},"product_cat":[343],"product_tag":[153,331,344],"class_list":{"0":"post-77217","1":"product","2":"type-product","3":"status-publish","4":"has-post-thumbnail","6":"product_cat-nettoyeur-vapeur","7":"product_tag-maison-entretien","8":"product_tag-nettoyeur","9":"product_tag-nettoyeur-vapeur","11":"first","12":"instock","13":"sale","14":"shipping-taxable","15":"purchasable","16":"product-type-simple"},"_links":{"self":[{"href":"https:\/\/electromenagerexpress.com\/en\/wp-json\/wp\/v2\/product\/77217","targetHints":{"allow":["GET"]}}],"collection":[{"href":"https:\/\/electromenagerexpress.com\/en\/wp-json\/wp\/v2\/product"}],"about":[{"href":"https:\/\/electromenagerexpress.com\/en\/wp-json\/wp\/v2\/types\/product"}],"wp:featuredmedia":[{"embeddable":true,"href":"https:\/\/electromenagerexpress.com\/en\/wp-json\/wp\/v2\/media\/77216"}],"wp:attachment":[{"href":"https:\/\/electromenagerexpress.com\/en\/wp-json\/wp\/v2\/media?parent=77217"}],"wp:term":[{"taxonomy":"product_cat","embeddable":true,"href":"https:\/\/electromenagerexpress.com\/en\/wp-json\/wp\/v2\/product_cat?post=77217"},{"taxonomy":"product_tag","embeddable":true,"href":"https:\/\/electromenagerexpress.com\/en\/wp-json\/wp\/v2\/product_tag?post=77217"}],"curies":[{"name":"wp","href":"https:\/\/api.w.org\/{rel}","templated":true}]}}