{"id":77192,"date":"2024-11-24T13:55:35","date_gmt":"2024-11-24T13:55:35","guid":{"rendered":"https:\/\/electromenagerexpress.com\/product\/nettoyeur-vapeurpoltivaporetto-smart-100_b\/"},"modified":"2024-11-24T19:46:03","modified_gmt":"2024-11-24T19:46:03","slug":"nettoyeur-vapeurpoltivaporetto-smart-100_b","status":"publish","type":"product","link":"https:\/\/electromenagerexpress.com\/en\/product\/nettoyeur-vapeurpoltivaporetto-smart-100_b\/","title":{"rendered":"Nettoyeur vapeur\tPOLTI  Vaporetto Smart 100_B"},"content":{"rendered":"<div class=\"product-features__content\">\n<ul role=\"list\">\n<li class=\"product-features__item\" role=\"listitem\">\n<h3 class=\"product-features__label\">Choisir ce produit pour quels usages?<\/h3>\n<ul role=\"list\">\n<li class=\"product-features__item-list__item\" role=\"listitem\"><span class=\"is--medium\">Le saviez-vous ? :<\/span> Elimine les germes et les bact\u00e9ries pour assainir l&rsquo;int\u00e9rieur de l&rsquo;habitation, gr\u00e2ce \u00e0 la vapeur. Sans produit chimique pour un nettoyage sain et hygi\u00e9nique<\/li>\n<li class=\"product-features__item-list__item\" role=\"listitem\"><span class=\"is--medium\">Type de produit :<\/span> Nettoyeur vapeur tra\u00eeneau, permet de laver et de d\u00e9sinfecter vos sols et autres surfaces avec plus de puissance qu&rsquo;avec un balai vapeur<\/li>\n<li class=\"product-features__item-list__item\" role=\"listitem\"><span class=\"is--medium\">Fonction :<\/span> Pour laver \u00e0 la vapeur<\/li>\n<li class=\"product-features__item-list__item\" role=\"listitem\"><span class=\"is--medium\">Id\u00e9al pour nettoyer :<\/span> Sols, sanitaire, cuisine, tissus et vitres<\/li>\n<\/ul>\n<\/li>\n<li class=\"product-features__item\" role=\"listitem\">\n<h3 class=\"product-features__label\">Performances<\/h3>\n<ul role=\"list\">\n<li class=\"product-features__item-list__item\" role=\"listitem\"><span class=\"is--medium\">Puissance :<\/span> 1.500,0 W<\/li>\n<li class=\"product-features__item-list__item\" role=\"listitem\"><span class=\"is--medium\">Utilisation :<\/span> avec fil<\/li>\n<li class=\"product-features__item-list__item\" role=\"listitem\"><span class=\"is--medium\">D\u00e9bit de vapeur :<\/span> 110 g\/min<\/li>\n<li class=\"product-features__item-list__item\" role=\"listitem\"><span class=\"is--medium\">Pression max :<\/span> 4,0 bars<\/li>\n<li class=\"product-features__item-list__item\" role=\"listitem\"><span class=\"is--medium\">R\u00e9glage vapeur :<\/span> Oui<\/li>\n<li class=\"product-features__item-list__item\" role=\"listitem\"><span class=\"is--medium\">R\u00e9glage aspiration :<\/span> Pas d&rsquo;aspiration<\/li>\n<li class=\"product-features__item-list__item\" role=\"listitem\"><span class=\"is--medium\">Capacit\u00e9 du r\u00e9servoir :<\/span> 2,00 L<\/li>\n<li class=\"product-features__item-list__item\" role=\"listitem\"><span class=\"is--medium\">Temps de chauffe :<\/span> 2 s<\/li>\n<\/ul>\n<\/li>\n<li class=\"product-features__item\" role=\"listitem\">\n<h3 class=\"product-features__label\">Confort d&rsquo;utilisation<\/h3>\n<ul role=\"list\">\n<li class=\"product-features__item-list__item\" role=\"listitem\"><span class=\"is--medium\">Indicateur de vapeur pr\u00eate :<\/span> Oui<\/li>\n<li class=\"product-features__item-list__item\" role=\"listitem\"><span class=\"is--medium\">Signal manque d&rsquo;eau :<\/span> Oui<\/li>\n<li class=\"product-features__item-list__item\" role=\"listitem\"><span class=\"is--medium\">Commande \u00e0 la poign\u00e9e :<\/span> Oui<\/li>\n<li class=\"product-features__item-list__item\" role=\"listitem\"><span class=\"is--medium\">Rayon d&rsquo;action :<\/span> 8 m<\/li>\n<li class=\"product-features__item-list__item\" role=\"listitem\"><span class=\"is--medium\">T\u00eate pivotante :<\/span> Oui<\/li>\n<li class=\"product-features__item-list__item\" role=\"listitem\"><span class=\"is--medium\">R\u00e9servoir amovible :<\/span> oui, permet de remplir facilement le r\u00e9servoir d&rsquo;eau<\/li>\n<li class=\"product-features__item-list__item\" role=\"listitem\"><span class=\"is--medium\">Longueur du cordon :<\/span> 6,00 m<\/li>\n<\/ul>\n<\/li>\n<li class=\"product-features__item\" role=\"listitem\">\n<h3 class=\"product-features__label\">Entretien<\/h3>\n<ul role=\"list\">\n<li class=\"product-features__item-list__item\" role=\"listitem\"><span class=\"is--medium\">Filtre \u00e0 eau :<\/span> Non<\/li>\n<li class=\"product-features__item-list__item\" role=\"listitem\"><span class=\"is--medium\">Syst\u00e8me anti-calcaire :<\/span> Oui<\/li>\n<\/ul>\n<\/li>\n<li class=\"product-features__item\" role=\"listitem\">\n<h3 class=\"product-features__label\">Equipement<\/h3>\n<ul role=\"list\">\n<li class=\"product-features__item-list__item\" role=\"listitem\"><span class=\"is--medium\">Flexible :<\/span> oui, permet d&rsquo;atteindre des endroits difficiles<\/li>\n<li class=\"product-features__item-list__item\" role=\"listitem\"><span class=\"is--medium\">Brosses :<\/span> Oui<\/li>\n<li class=\"product-features__item-list__item\" role=\"listitem\"><span class=\"is--medium\">Brosse douce :<\/span> Oui<\/li>\n<li class=\"product-features__item-list__item\" role=\"listitem\"><span class=\"is--medium\">Tube :<\/span> Non<\/li>\n<li class=\"product-features__item-list__item\" role=\"listitem\"><span class=\"is--medium\">Embout :<\/span> Oui<\/li>\n<li class=\"product-features__item-list__item\" role=\"listitem\"><span class=\"is--medium\">Buse :<\/span> Oui<\/li>\n<li class=\"product-features__item-list__item\" role=\"listitem\"><span class=\"is--medium\">Lance :<\/span> Oui<\/li>\n<li class=\"product-features__item-list__item\" role=\"listitem\"><span class=\"is--medium\">Bonnettes :<\/span> Oui<\/li>\n<li class=\"product-features__item-list__item\" role=\"listitem\"><span class=\"is--medium\">Serpilli\u00e8re :<\/span> Oui<\/li>\n<li class=\"product-features__item-list__item\" role=\"listitem\"><span class=\"is--medium\">Coude de raccord :<\/span> Non<\/li>\n<li class=\"product-features__item-list__item\" role=\"listitem\"><span class=\"is--medium\">Accessoire vitre :<\/span> oui, pour un nettoyage rapide et sans trace<\/li>\n<li class=\"product-features__item-list__item\" role=\"listitem\"><span class=\"is--medium\">Adaptateur pour tapis \/ moquette :<\/span> oui, permet de nettoyer sur les tapis et les moquettes<\/li>\n<li class=\"product-features__item-list__item\" role=\"listitem\"><span class=\"is--medium\">T\u00eate triangulaire :<\/span> oui, pour le nettoyage d&rsquo;espaces r\u00e9duits<\/li>\n<li class=\"product-features__item-list__item\" role=\"listitem\"><span class=\"is--medium\">Petite brosse ronde :<\/span> oui, id\u00e9ale pour enlever les t\u00e2ches incrust\u00e9es et la graisse sur les surfaces d\u00e9licates<\/li>\n<li class=\"product-features__item-list__item\" role=\"listitem\"><span class=\"is--medium\">Grosse brossette :<\/span> Non<\/li>\n<li class=\"product-features__item-list__item\" role=\"listitem\"><span class=\"is--medium\">Brosse \u00e0 joints :<\/span> Oui<\/li>\n<li class=\"product-features__item-list__item\" role=\"listitem\"><span class=\"is--medium\">Brosse chaussettes microfibre pour textile :<\/span> Non<\/li>\n<li class=\"product-features__item-list__item\" role=\"listitem\"><span class=\"is--medium\">Accessoire d\u00e9froissage :<\/span> oui, permet de transformer votre balai vapeur en d\u00e9froisseur<\/li>\n<li class=\"product-features__item-list__item\" role=\"listitem\"><span class=\"is--medium\">Capsule parfum\u00e9e :<\/span> Non<\/li>\n<li class=\"product-features__item-list__item\" role=\"listitem\"><span class=\"is--medium\">Lingette microfibre :<\/span> Oui<\/li>\n<li class=\"product-features__item-list__item\" role=\"listitem\"><span class=\"is--medium\">Diffuseur d&rsquo;huiles essentielles :<\/span> Oui<\/li>\n<li class=\"product-features__item-list__item\" role=\"listitem\"><span class=\"is--medium\">Bandoulliere :<\/span> Non<\/li>\n<li class=\"product-features__item-list__item\" role=\"listitem\"><span class=\"is--medium\">Fixation de la serpilli\u00e8re avec scratch :<\/span> Oui<\/li>\n<\/ul>\n<\/li>\n<li class=\"product-features__item\" role=\"listitem\">\n<h3 class=\"product-features__label\">Dimensions<\/h3>\n<ul role=\"list\">\n<li class=\"product-features__item-list__item\" role=\"listitem\"><span class=\"is--medium\">Dimensions l x h x p :<\/span> 27 x 40 x 29 cm<\/li>\n<li class=\"product-features__item-list__item\" role=\"listitem\"><span class=\"is--medium\">Poids net :<\/span> 5,0 kg<\/li>\n<\/ul>\n<\/li>\n<li class=\"product-features__item\" role=\"listitem\">\n<h3 class=\"product-features__label\">Informations et Services<\/h3>\n<ul role=\"list\">\n<li class=\"product-features__item-list__item\" role=\"listitem\"><span class=\"is--medium\">Garantie :<\/span> 2 ans<\/li>\n<li class=\"product-features__item-list__item\" role=\"listitem\"><span class=\"is--medium\">R\u00e9f\u00e9rence constructeur :<\/span> Vaporetto Smart 100_B<\/li>\n<li class=\"product-features__item-list__item\" role=\"listitem\"><span class=\"is--medium\">Marque :<\/span> POLTI<\/li>\n<li class=\"product-features__item-list__item\" role=\"listitem\"><span class=\"is--medium\">Disponibilit\u00e9 des pi\u00e8ces d\u00e9tach\u00e9es (donn\u00e9es fournisseur) :<\/span> Pendant 2 ans, \u00e0 compter de la date d&rsquo;achat<\/li>\n<li class=\"product-features__item-list__item\" role=\"listitem\"><span class=\"is--medium\">Fabriqu\u00e9 en :<\/span> Chine<\/li>\n<\/ul>\n<\/li>\n<\/ul>\n<\/div>\n<div class=\"product__disclosure-content\">\n<div class=\"js-read-more product-description__content read-more read-more--truncated\" style=\"max-height: 500px; overflow: hidden;\" data-read-more-name=\"description\">\n<p>Pratique et efficace, le nettoyeur VAPORETTO SMART 100 B vient \u00e0 bout des salet\u00e9s sur tout type de surface. Gr\u00e2ce aux effets de la vapeur, il d\u00e9barrasse vos moquettes, parquets ou carrelages des allerg\u00e8nes et des poussi\u00e8res.<\/p>\n<h3>Un nettoyage efficace sur toutes les surfaces<\/h3>\n<p>Oubliez tous les autres appareils de lavage gr\u00e2ce au nettoyeur VAPORETTO SMART 100 B ! En effet, ce dernier vous permet de <b>nettoyer tous les types de surfaces<\/b>. Il est fourni avec de nombreux accessoires qui vous permettent de venir \u00e0 bout des salet\u00e9s dans toute votre maison. Gr\u00e2ce \u00e0 <b>sa petite brosse avec raclette en caoutchouc<\/b>, il peut notamment nettoyer les vitres et les laisser \u00e9tincelantes et propres.<\/p>\n<p>La vapeur utilis\u00e9e par l&rsquo;appareil peut \u00eatre ajust\u00e9e, lui permettant ainsi d&rsquo;\u00eatre aussi efficace <b>sur des sols en bois, en marbre ou encore des moquettes et des tapis<\/b>. Ce mod\u00e8le polyvalent s&rsquo;adapte \u00e0 vos rev\u00eatements pour un r\u00e9sultat impeccable.<\/p>\n<h3>Un appareil pratique et un entretien simplifi\u00e9<\/h3>\n<p>Si vous souffrez d&rsquo;allergies, le nettoyeur VAPORETTO SMART 100 B est l&rsquo;appareil qu&rsquo;il vous faut ! En effet, gr\u00e2ce \u00e0 la vapeur qu&rsquo;il utilise, il <b>\u00e9limine efficacement les acariens et les allerg\u00e8nes<\/b>, vous<\/p>\n<p>&nbsp;<\/p>\n<p>&nbsp;<\/p>\n<p>permettant de profiter d&rsquo;une maison saine. Gr\u00e2ce \u00e0 son <b>syst\u00e8me d&rsquo;auto-remplissage<\/b>, il peut \u00eatre utilis\u00e9 non-stop pendant un temps illimit\u00e9.<\/p>\n<p><b>Pr\u00eat en seulement 2 minutes<\/b>, ce mod\u00e8le est fonctionnel tr\u00e8s rapidement. Il vous indique d\u00e8s qu&rsquo;il peut \u00eatre employ\u00e9 au moyen d&rsquo;un signal lumineux. Et pour un entretien ais\u00e9, cet appareil poss\u00e8de un bouchon d&rsquo;acc\u00e8s rapide \u00e0 la chaudi\u00e8re qui simplifie les op\u00e9rations de nettoyage.<\/p>\n<p><video class=\"s7Video\" src=\"https:\/\/boulanger.scene7.com\/is\/content\/Boulanger\/8007411011566_v_0\" poster=\"https:\/\/boulanger.scene7.com\/is\/image\/Boulanger\/8007411011566_v_0?scl=1\" preload=\"metadata\" controls=\"controls\" width=\"100%\" height=\"150\"><\/video><\/p>\n<\/div>\n<p>&nbsp;<\/p>\n<\/div>","protected":false},"excerpt":{"rendered":"<div class=\"keypoints\">\n<h3 class=\"keypoints__title\">Les points cl\u00e9s<\/h3>\n<ul role=\"list\">\n<li class=\"keypoints__item\" role=\"listitem\">Pour laver \u00e0 la vapeur<\/li>\n<li class=\"keypoints__item\" role=\"listitem\">D\u00e9bit de vapeur : 110 g\/min<\/li>\n<li class=\"keypoints__item\" role=\"listitem\">Pression max : 4,0 bars<\/li>\n<li class=\"keypoints__item\" role=\"listitem\">Temps de chauffe : 2 s<\/li>\n<li class=\"keypoints__item keypoints__item--advantage\" role=\"listitem\"><strong>Le + :<\/strong> pr\u00eat en seulement 2 minutes, un vrai gain de temps.<\/li>\n<\/ul>\n<p>&nbsp;<\/p>\n<\/div>","protected":false},"featured_media":77191,"template":"","meta":{"_glsr_average":0,"_glsr_ranking":0,"_glsr_reviews":0},"product_cat":[343],"product_tag":[153,331,344],"class_list":{"0":"post-77192","1":"product","2":"type-product","3":"status-publish","4":"has-post-thumbnail","6":"product_cat-nettoyeur-vapeur","7":"product_tag-maison-entretien","8":"product_tag-nettoyeur","9":"product_tag-nettoyeur-vapeur","11":"first","12":"instock","13":"sale","14":"shipping-taxable","15":"purchasable","16":"product-type-simple"},"_links":{"self":[{"href":"https:\/\/electromenagerexpress.com\/en\/wp-json\/wp\/v2\/product\/77192","targetHints":{"allow":["GET"]}}],"collection":[{"href":"https:\/\/electromenagerexpress.com\/en\/wp-json\/wp\/v2\/product"}],"about":[{"href":"https:\/\/electromenagerexpress.com\/en\/wp-json\/wp\/v2\/types\/product"}],"wp:featuredmedia":[{"embeddable":true,"href":"https:\/\/electromenagerexpress.com\/en\/wp-json\/wp\/v2\/media\/77191"}],"wp:attachment":[{"href":"https:\/\/electromenagerexpress.com\/en\/wp-json\/wp\/v2\/media?parent=77192"}],"wp:term":[{"taxonomy":"product_cat","embeddable":true,"href":"https:\/\/electromenagerexpress.com\/en\/wp-json\/wp\/v2\/product_cat?post=77192"},{"taxonomy":"product_tag","embeddable":true,"href":"https:\/\/electromenagerexpress.com\/en\/wp-json\/wp\/v2\/product_tag?post=77192"}],"curies":[{"name":"wp","href":"https:\/\/api.w.org\/{rel}","templated":true}]}}