{"id":77172,"date":"2024-11-24T13:55:18","date_gmt":"2024-11-24T13:55:18","guid":{"rendered":"https:\/\/electromenagerexpress.com\/product\/nettoyeur-vapeurlaurastarizzi\/"},"modified":"2024-11-24T19:44:15","modified_gmt":"2024-11-24T19:44:15","slug":"nettoyeur-vapeurlaurastarizzi","status":"publish","type":"product","link":"https:\/\/electromenagerexpress.com\/en\/product\/nettoyeur-vapeurlaurastarizzi\/","title":{"rendered":"Nettoyeur vapeur\tLAURASTAR izzi"},"content":{"rendered":"<div class=\"product-features__content\">\n<ul role=\"list\">\n<li class=\"product-features__item\" role=\"listitem\">\n<h3 class=\"product-features__label\">Choisir ce produit pour quels usages?<\/h3>\n<ul role=\"list\">\n<li class=\"product-features__item-list__item\" role=\"listitem\"><span class=\"is--medium\">Le saviez-vous ? :<\/span> Elimine les germes et les bact\u00e9ries pour assainir l&rsquo;int\u00e9rieur de l&rsquo;habitation, gr\u00e2ce \u00e0 la vapeur. Sans produit chimique pour un nettoyage sain et hygi\u00e9nique<\/li>\n<li class=\"product-features__item-list__item\" role=\"listitem\"><span class=\"is--medium\">Type de produit :<\/span> D\u00e9sinfecteur vapeur, permet de r\u00e9duire jusqu&rsquo;\u00e0 99,999% des bact\u00e9ries, virus et champignons et 100% des punaises de lit, acariens et poux<\/li>\n<li class=\"product-features__item-list__item\" role=\"listitem\"><span class=\"is--medium\">Fonction :<\/span> Pour d\u00e9sinfecter \u00e0 la vapeur<\/li>\n<li class=\"product-features__item-list__item\" role=\"listitem\"><span class=\"is--medium\">Id\u00e9al pour nettoyer :<\/span> Sols, sanitaire, cuisine, tissus et vitres<\/li>\n<li class=\"product-features__item-list__item\" role=\"listitem\"><span class=\"is--medium\">D\u00e9sinfecter et \u00e9liminer les punaises de lit :<\/span> oui, ce nettoyeur vapeur est efficace contre 100% des punaises de lit et acariens gr\u00e2ce \u00e0 la temp\u00e9rature tr\u00e8s \u00e9lev\u00e9e de sa vapeur<\/li>\n<\/ul>\n<\/li>\n<li class=\"product-features__item\" role=\"listitem\">\n<h3 class=\"product-features__label\">Performances<\/h3>\n<ul role=\"list\">\n<li class=\"product-features__item-list__item\" role=\"listitem\"><span class=\"is--medium\">Puissance :<\/span> 2.000,0 W<\/li>\n<li class=\"product-features__item-list__item\" role=\"listitem\"><span class=\"is--medium\">Utilisation :<\/span> avec fil<\/li>\n<li class=\"product-features__item-list__item\" role=\"listitem\"><span class=\"is--medium\">D\u00e9bit de vapeur :<\/span> 80 g\/min<\/li>\n<li class=\"product-features__item-list__item\" role=\"listitem\"><span class=\"is--medium\">En sa sur la vapeur :<\/span> Laurastar utilise la vapeur DMS (Dry Microfine Steam). C&rsquo;est une vapeur s\u00e8che surchauff\u00e9e (jusqu&rsquo;\u00e0 150\u00b0) afin de la rendre plus rapide, puissante et expansive. Elle p\u00e9n\u00e8tre en profondeur dans les tissus et ameublement pour \u00eatre encore plus efficace.<\/li>\n<li class=\"product-features__item-list__item\" role=\"listitem\"><span class=\"is--medium\">Pression max :<\/span> 3,5 bars<\/li>\n<li class=\"product-features__item-list__item\" role=\"listitem\"><span class=\"is--medium\">R\u00e9glage vapeur :<\/span> Non<\/li>\n<li class=\"product-features__item-list__item\" role=\"listitem\"><span class=\"is--medium\">Capacit\u00e9 du r\u00e9servoir :<\/span> 1,10 L<\/li>\n<li class=\"product-features__item-list__item\" role=\"listitem\"><span class=\"is--medium\">Temps de chauffe :<\/span> 180 s<\/li>\n<\/ul>\n<\/li>\n<li class=\"product-features__item\" role=\"listitem\">\n<h3 class=\"product-features__label\">Confort d&rsquo;utilisation<\/h3>\n<ul role=\"list\">\n<li class=\"product-features__item-list__item\" role=\"listitem\"><span class=\"is--medium\">Indicateur de vapeur pr\u00eate :<\/span> Oui<\/li>\n<li class=\"product-features__item-list__item\" role=\"listitem\"><span class=\"is--medium\">Signal manque d&rsquo;eau :<\/span> Oui<\/li>\n<li class=\"product-features__item-list__item\" role=\"listitem\"><span class=\"is--medium\">Position parking :<\/span> oui, toujours \u00e0 port\u00e9e de main et pour un rangement facile<\/li>\n<li class=\"product-features__item-list__item\" role=\"listitem\"><span class=\"is--medium\">Commande \u00e0 la poign\u00e9e :<\/span> Oui<\/li>\n<li class=\"product-features__item-list__item\" role=\"listitem\"><span class=\"is--medium\">Rayon d&rsquo;action :<\/span> 2 m<\/li>\n<li class=\"product-features__item-list__item\" role=\"listitem\"><span class=\"is--medium\">T\u00eate pivotante :<\/span> Non<\/li>\n<li class=\"product-features__item-list__item\" role=\"listitem\"><span class=\"is--medium\">R\u00e9servoir amovible :<\/span> oui, permet de remplir facilement le r\u00e9servoir d&rsquo;eau<\/li>\n<li class=\"product-features__item-list__item\" role=\"listitem\"><span class=\"is--medium\">Longueur du cordon :<\/span> 2,00 m<\/li>\n<\/ul>\n<\/li>\n<li class=\"product-features__item\" role=\"listitem\">\n<h3 class=\"product-features__label\">Entretien<\/h3>\n<ul role=\"list\">\n<li class=\"product-features__item-list__item\" role=\"listitem\"><span class=\"is--medium\">Filtre \u00e0 eau :<\/span> Oui<\/li>\n<li class=\"product-features__item-list__item\" role=\"listitem\"><span class=\"is--medium\">Syst\u00e8me anti-calcaire :<\/span> Oui<\/li>\n<\/ul>\n<\/li>\n<li class=\"product-features__item\" role=\"listitem\">\n<h3 class=\"product-features__label\">Equipement<\/h3>\n<ul role=\"list\">\n<li class=\"product-features__item-list__item\" role=\"listitem\"><span class=\"is--medium\">Cartouche anticalcaire :<\/span> Oui<\/li>\n<li class=\"product-features__item-list__item\" role=\"listitem\"><span class=\"is--medium\">Gant thermoprotecteur : :<\/span> permet de d\u00e9froisser et d\u00e9sinfecter votre linge en toute s\u00e9curit\u00e9 sans risque de br\u00fblure<\/li>\n<li class=\"product-features__item-list__item\" role=\"listitem\"><span class=\"is--medium\">Semelle Textile-Guard : :<\/span> semelle de protection qui permet de d\u00e9sinfecter les textiles sans risquer de les endommager<\/li>\n<li class=\"product-features__item-list__item\" role=\"listitem\"><span class=\"is--medium\">Filtre anticalcaire :<\/span> oui, l&rsquo;eau filtr\u00e9e avant qu&rsquo;elle ne soit chauff\u00e9e permettant de r\u00e9duire l&rsquo;entartrage de votre appareil<\/li>\n<li class=\"product-features__item-list__item\" role=\"listitem\"><span class=\"is--medium\">Semelle Surface-Guard : :<\/span> semelle de protection qui permet d&rsquo;assainir les surfaces (plaque de cuisson, plan de travail, &#8230;) sans risquer de les endommager ou les griffer<\/li>\n<\/ul>\n<\/li>\n<li class=\"product-features__item\" role=\"listitem\">\n<h3 class=\"product-features__label\">Dimensions<\/h3>\n<ul role=\"list\">\n<li class=\"product-features__item-list__item\" role=\"listitem\"><span class=\"is--medium\">Dimensions l x h x p :<\/span> 28 x 45 x 28 cm<\/li>\n<li class=\"product-features__item-list__item\" role=\"listitem\"><span class=\"is--medium\">Poids net :<\/span> 4,9 kg<\/li>\n<\/ul>\n<\/li>\n<li class=\"product-features__item\" role=\"listitem\">\n<h3 class=\"product-features__label\">Informations et Services<\/h3>\n<ul role=\"list\">\n<li class=\"product-features__item-list__item\" role=\"listitem\"><span class=\"is--medium\">Garantie :<\/span> 2 ans<\/li>\n<li class=\"product-features__item-list__item\" role=\"listitem\"><span class=\"is--medium\">R\u00e9f\u00e9rence constructeur :<\/span> IZZI<\/li>\n<li class=\"product-features__item-list__item\" role=\"listitem\"><span class=\"is--medium\">Marque :<\/span> LAURASTAR<\/li>\n<li class=\"product-features__item-list__item\" role=\"listitem\"><span class=\"is--medium\">Disponibilit\u00e9 des pi\u00e8ces d\u00e9tach\u00e9es (donn\u00e9es fournisseur) :<\/span> Pendant 10 ans, \u00e0 compter de la date d&rsquo;achat<\/li>\n<li class=\"product-features__item-list__item\" role=\"listitem\"><span class=\"is--medium\">Fabriqu\u00e9 en :<\/span> Hongrie<\/li>\n<\/ul>\n<\/li>\n<\/ul>\n<\/div>\n<div class=\"product__disclosure-content\">\n<div class=\"js-read-more product-description__content read-more read-more--truncated\" style=\"max-height: 500px; overflow: hidden;\" data-read-more-name=\"description\">\n<p>D\u00e9sinfectez les objets et surfaces du quotidien sans produits chimiques avec le purificateur vapeur LAURASTAR IZZI.<\/p>\n<p><center><b>Eliminer les bact\u00e9ries naturellement<\/b><\/center>Le purificateur vapeur LAURASTAR IZZI r\u00e9volutionne votre fa\u00e7on de prendre soin de vos affaires tout en pr\u00e9servant l&rsquo;environnement. Il utilise la vapeur d&rsquo;eau pour \u00e9liminer jusqu&rsquo;\u00e0 99.999% des bact\u00e9ries, virus, allerg\u00e8nes et champignons et diminue les\u00a0mauvaises odeurs.<\/p>\n<p>La vapeur DMS Laurastar tue 100% des acariens, punaises de lit, mites de v\u00eatements, poux et lentes.<\/p>\n<p>Votre fauteuil, votre matelas et m\u00eame vos chaussures n&rsquo;auront jamais \u00e9t\u00e9 aussi sains.\u00a0IZZI s&rsquo;utilise \u00e9galement pour hygi\u00e9niser toutes vos surfaces (plans de travail en cuisine, tables \u00e0 langer, tapis, rideaux, canap\u00e9s&#8230;)<\/p>\n<p>Si vous avez des enfants, alors cet appareil est un excellent choix pour d\u00e9sinfecter leurs peluches, leur tapis de jeu et leur poussette. Son action naturelle sans produits nocifs pour la sant\u00e9 convient donc aux affaires des tout-petits.<\/p>\n<p>Les personnes souffrant d&rsquo;allergies (pollens, gramin\u00e9es, poils de chat&#8230;) appr\u00e9cieront \u00e9galement ce produit.<\/p>\n<\/div>\n<div class=\"js-read-more product-description__content read-more read-more--truncated\" style=\"max-height: 500px; overflow: hidden;\" data-read-more-name=\"description\"><center><b>Une utilisation facilit\u00e9e<\/b><\/center>En \u00e9mettant de la vapeur dont la temp\u00e9rature peut atteindre 160\u00b0c et en int\u00e9grant une rapidit\u00e9 de diffusion jusqu&rsquo;\u00e0 129Km\/h, le purificateur vapeur LAURASTAR IZZI vous assure un r\u00e9sultat parfait sur les textiles, objets et surfaces. Afin de limiter les risques de blessure, il comporte un gant thermoprotecteur.<\/p>\n<p><center><\/center>Utilisez l&rsquo;eau du robinet pour remplir le r\u00e9servoir d&rsquo;IZZI. Grace \u00e0 sa cartouche anticalcaire, il garantit un fonctionnement longue dur\u00e9e. Il est vendu avec deux semelles de protection, une destin\u00e9e \u00e0 la d\u00e9sinfection des textiles, et une autre pour assainir les surfaces.<\/p>\n<p>LAURASTAR IZZI peur \u00eatre utilis\u00e9 avec le IZZI CART. Son compagnon \u00e0 roulettes vous permettra de d\u00e9placer IZZI facilement et vous garantira une simplicit\u00e9 d&rsquo;utilisation.<\/p>\n<p>&nbsp;<\/p>\n<\/div>\n<p>&nbsp;<\/p>\n<\/div>","protected":false},"excerpt":{"rendered":"<div class=\"keypoints\">\n<h3 class=\"keypoints__title\">Les points cl\u00e9s<\/h3>\n<ul role=\"list\">\n<li class=\"keypoints__item\" role=\"listitem\">Pour d\u00e9sinfecter \u00e0 la vapeur<\/li>\n<li class=\"keypoints__item\" role=\"listitem\">D\u00e9bit de vapeur : 80 g\/min<\/li>\n<li class=\"keypoints__item\" role=\"listitem\">Pression max : 3,5 bars<\/li>\n<li class=\"keypoints__item\" role=\"listitem\">Temps de chauffe : 180 s<\/li>\n<li class=\"keypoints__item keypoints__item--advantage\" role=\"listitem\"><strong>Le + :<\/strong> Elimine 99,999% des bact\u00e9ries, virus et champignons et 100% des punaises de lit, acariens et poux<\/li>\n<\/ul>\n<\/div>","protected":false},"featured_media":77171,"template":"","meta":{"_glsr_average":0,"_glsr_ranking":0,"_glsr_reviews":0},"product_cat":[343],"product_tag":[153,331,344],"class_list":{"0":"post-77172","1":"product","2":"type-product","3":"status-publish","4":"has-post-thumbnail","6":"product_cat-nettoyeur-vapeur","7":"product_tag-maison-entretien","8":"product_tag-nettoyeur","9":"product_tag-nettoyeur-vapeur","11":"first","12":"instock","13":"sale","14":"shipping-taxable","15":"purchasable","16":"product-type-simple"},"_links":{"self":[{"href":"https:\/\/electromenagerexpress.com\/en\/wp-json\/wp\/v2\/product\/77172","targetHints":{"allow":["GET"]}}],"collection":[{"href":"https:\/\/electromenagerexpress.com\/en\/wp-json\/wp\/v2\/product"}],"about":[{"href":"https:\/\/electromenagerexpress.com\/en\/wp-json\/wp\/v2\/types\/product"}],"wp:featuredmedia":[{"embeddable":true,"href":"https:\/\/electromenagerexpress.com\/en\/wp-json\/wp\/v2\/media\/77171"}],"wp:attachment":[{"href":"https:\/\/electromenagerexpress.com\/en\/wp-json\/wp\/v2\/media?parent=77172"}],"wp:term":[{"taxonomy":"product_cat","embeddable":true,"href":"https:\/\/electromenagerexpress.com\/en\/wp-json\/wp\/v2\/product_cat?post=77172"},{"taxonomy":"product_tag","embeddable":true,"href":"https:\/\/electromenagerexpress.com\/en\/wp-json\/wp\/v2\/product_tag?post=77172"}],"curies":[{"name":"wp","href":"https:\/\/api.w.org\/{rel}","templated":true}]}}